{"id":159,"date":"2019-07-23T08:39:55","date_gmt":"2019-07-23T08:39:55","guid":{"rendered":"https:\/\/web-sme-csp.com\/serbia\/?page_id=159"},"modified":"2020-09-29T13:49:20","modified_gmt":"2020-09-29T13:49:20","slug":"prioritetne-eu-direktive","status":"publish","type":"page","link":"https:\/\/web-sme-csp.com\/serbia\/sr\/prioritetne-eu-direktive\/","title":{"rendered":"Prioritetne EU direktive"},"content":{"rendered":"\t\t<div data-elementor-type=\"wp-post\" data-elementor-id=\"159\" class=\"elementor elementor-159\" data-elementor-post-type=\"page\">\n\t\t\t\t\t\t<section class=\"elementor-section elementor-top-section elementor-element elementor-element-da2804e elementor-section-full_width elementor-section-height-default elementor-section-height-default\" data-id=\"da2804e\" data-element_type=\"section\" data-e-type=\"section\">\n\t\t\t\t\t\t<div class=\"elementor-container elementor-column-gap-no\">\n\t\t\t\t\t<div class=\"elementor-column elementor-col-100 elementor-top-column elementor-element elementor-element-c7a7cad\" data-id=\"c7a7cad\" data-element_type=\"column\" data-e-type=\"column\">\n\t\t\t<div class=\"elementor-widget-wrap elementor-element-populated\">\n\t\t\t\t\t\t<div class=\"elementor-element elementor-element-1e94920 elementor-skin-carousel elementor-widget elementor-widget-media-carousel\" data-id=\"1e94920\" data-element_type=\"widget\" data-e-type=\"widget\" data-settings=\"{&quot;space_between&quot;:{&quot;unit&quot;:&quot;px&quot;,&quot;size&quot;:0,&quot;sizes&quot;:[]},&quot;skin&quot;:&quot;carousel&quot;,&quot;effect&quot;:&quot;slide&quot;,&quot;speed&quot;:500,&quot;autoplay&quot;:&quot;yes&quot;,&quot;autoplay_speed&quot;:5000,&quot;loop&quot;:&quot;yes&quot;,&quot;pause_on_hover&quot;:&quot;yes&quot;,&quot;pause_on_interaction&quot;:&quot;yes&quot;,&quot;space_between_tablet&quot;:{&quot;unit&quot;:&quot;px&quot;,&quot;size&quot;:10,&quot;sizes&quot;:[]},&quot;space_between_mobile&quot;:{&quot;unit&quot;:&quot;px&quot;,&quot;size&quot;:10,&quot;sizes&quot;:[]}}\" data-widget_type=\"media-carousel.default\">\n\t\t\t\t<div class=\"elementor-widget-container\">\n\t\t\t\t\t\t\t\t\t<div class=\"elementor-swiper\">\n\t\t\t\t\t<div class=\"elementor-main-swiper swiper\" role=\"region\" aria-roledescription=\"carousel\" aria-label=\"Slides\">\n\t\t\t\t<div class=\"swiper-wrapper\">\n\t\t\t\t\t\t\t\t\t\t\t<div class=\"swiper-slide\" role=\"group\" aria-roledescription=\"slide\">\n\t\t\t\t\t\t\t\t\t<div class=\"elementor-carousel-image\" role=\"img\" aria-label=\"395129-PCH2M7-589-e1552605691578.jpg\" style=\"background-image: url(&#039;https:\/\/web-sme-csp.com\/serbia\/wp-content\/uploads\/sites\/8\/2019\/07\/395129-PCH2M7-589-e1552605691578.jpg&#039;)\">\n\n\t\t\t\n\t\t\t\t\t<\/div>\n\t\t\t\t\t\t\t\t<\/div>\n\t\t\t\t\t\t\t\t\t<\/div>\n\t\t\t\t\t\t\t<\/div>\n\t\t\t\t<\/div>\n\t\t\t\t\t\t\t\t<\/div>\n\t\t\t\t<\/div>\n\t\t\t\t\t<\/div>\n\t\t<\/div>\n\t\t\t\t\t<\/div>\n\t\t<\/section>\n\t\t\t\t<section class=\"elementor-section elementor-top-section elementor-element elementor-element-6cede73 elementor-section-content-middle elementor-section-boxed elementor-section-height-default elementor-section-height-default\" data-id=\"6cede73\" data-element_type=\"section\" data-e-type=\"section\" data-settings=\"{&quot;background_background&quot;:&quot;classic&quot;}\">\n\t\t\t\t\t\t<div class=\"elementor-container elementor-column-gap-default\">\n\t\t\t\t\t<div class=\"elementor-column elementor-col-100 elementor-top-column elementor-element elementor-element-cb91d89\" data-id=\"cb91d89\" data-element_type=\"column\" data-e-type=\"column\" data-settings=\"{&quot;background_background&quot;:&quot;classic&quot;}\">\n\t\t\t<div class=\"elementor-widget-wrap elementor-element-populated\">\n\t\t\t\t\t\t<div class=\"elementor-element elementor-element-21eaad0 elementor-widget elementor-widget-heading\" data-id=\"21eaad0\" data-element_type=\"widget\" data-e-type=\"widget\" data-widget_type=\"heading.default\">\n\t\t\t\t<div class=\"elementor-widget-container\">\n\t\t\t\t\t<h1 class=\"elementor-heading-title elementor-size-default\">PRIORITETNE EU DIREKTIVE<\/h1>\t\t\t\t<\/div>\n\t\t\t\t<\/div>\n\t\t\t\t<div class=\"elementor-element elementor-element-eb76800 elementor-widget elementor-widget-text-editor\" data-id=\"eb76800\" data-element_type=\"widget\" data-e-type=\"widget\" data-widget_type=\"text-editor.default\">\n\t\t\t\t<div class=\"elementor-widget-container\">\n\t\t\t\t\t\t\t\t\t<p>PROPISI<\/p>\t\t\t\t\t\t\t\t<\/div>\n\t\t\t\t<\/div>\n\t\t\t\t\t<\/div>\n\t\t<\/div>\n\t\t\t\t\t<\/div>\n\t\t<\/section>\n\t\t\t\t<section class=\"elementor-section elementor-top-section elementor-element elementor-element-deab5cf elementor-section-boxed elementor-section-height-default elementor-section-height-default\" data-id=\"deab5cf\" data-element_type=\"section\" data-e-type=\"section\">\n\t\t\t\t\t\t<div class=\"elementor-container elementor-column-gap-default\">\n\t\t\t\t\t<div class=\"elementor-column elementor-col-100 elementor-top-column elementor-element elementor-element-4ec747b\" data-id=\"4ec747b\" data-element_type=\"column\" data-e-type=\"column\">\n\t\t\t<div class=\"elementor-widget-wrap elementor-element-populated\">\n\t\t\t\t\t\t<div class=\"elementor-element elementor-element-3b573d5 elementor-widget elementor-widget-text-editor\" data-id=\"3b573d5\" data-element_type=\"widget\" data-e-type=\"widget\" data-widget_type=\"text-editor.default\">\n\t\t\t\t<div class=\"elementor-widget-container\">\n\t\t\t\t\t\t\t\t\t<p>Slede\u0107e EU direktive su od klju\u010dnog zna\u010daja i va\u017enosti za implementaciju od strane podzajmoprimaca u Srbiji. Lista je indikativna, ali ne i iscrpna, budu\u0107i da neke dodatne EU direktive mogu biti vi\u0161e primenjive na specifi\u010dne podzajmoprimce, \u0161to zavisi o sektoru poslovanja.<\/p>\t\t\t\t\t\t\t\t<\/div>\n\t\t\t\t<\/div>\n\t\t\t\t<div class=\"elementor-element elementor-element-31d5968 elementor-widget elementor-widget-toggle\" data-id=\"31d5968\" data-element_type=\"widget\" data-e-type=\"widget\" data-widget_type=\"toggle.default\">\n\t\t\t\t<div class=\"elementor-widget-container\">\n\t\t\t\t\t\t\t<div class=\"elementor-toggle\">\n\t\t\t\t\t\t\t<div class=\"elementor-toggle-item\">\n\t\t\t\t\t<div id=\"elementor-tab-title-5221\" class=\"elementor-tab-title\" data-tab=\"1\" role=\"button\" aria-controls=\"elementor-tab-content-5221\" aria-expanded=\"false\">\n\t\t\t\t\t\t\t\t\t\t\t\t<span class=\"elementor-toggle-icon elementor-toggle-icon-left\" aria-hidden=\"true\">\n\t\t\t\t\t\t\t\t\t\t\t\t\t\t\t<span class=\"elementor-toggle-icon-closed\"><i class=\"fas fa-caret-right\"><\/i><\/span>\n\t\t\t\t\t\t\t\t<span class=\"elementor-toggle-icon-opened\"><i class=\"elementor-toggle-icon-opened fas fa-caret-up\"><\/i><\/span>\n\t\t\t\t\t\t\t\t\t\t\t\t\t<\/span>\n\t\t\t\t\t\t\t\t\t\t\t\t<a class=\"elementor-toggle-title\" tabindex=\"0\">Direktive zajedni\u010dke za sve vrste industrija<\/a>\n\t\t\t\t\t<\/div>\n\n\t\t\t\t\t<div id=\"elementor-tab-content-5221\" class=\"elementor-tab-content elementor-clearfix\" data-tab=\"1\" role=\"region\" aria-labelledby=\"elementor-tab-title-5221\"><p>2001\/95\/EZ \u2013 Direktiva o op\u0161toj sigurnosti proizvoda<\/p><p>1993\/465\/EEZ Odluka Odobora \u2013 Moduli razli\u010ditih faza postupaka procene uskla\u0111enosti i pravila stavljanja i upotrebe znaka uskla\u0111enosti CE, namenjeni za primenu u direktivama o tehni\u010dkom uskla\u0111ivanju \u2013 podsticaj za implementaciju sistema upravljanja kvalitetom ISO9000<\/p><\/div>\n\t\t\t\t<\/div>\n\t\t\t\t\t\t\t<div class=\"elementor-toggle-item\">\n\t\t\t\t\t<div id=\"elementor-tab-title-5222\" class=\"elementor-tab-title\" data-tab=\"2\" role=\"button\" aria-controls=\"elementor-tab-content-5222\" aria-expanded=\"false\">\n\t\t\t\t\t\t\t\t\t\t\t\t<span class=\"elementor-toggle-icon elementor-toggle-icon-left\" aria-hidden=\"true\">\n\t\t\t\t\t\t\t\t\t\t\t\t\t\t\t<span class=\"elementor-toggle-icon-closed\"><i class=\"fas fa-caret-right\"><\/i><\/span>\n\t\t\t\t\t\t\t\t<span class=\"elementor-toggle-icon-opened\"><i class=\"elementor-toggle-icon-opened fas fa-caret-up\"><\/i><\/span>\n\t\t\t\t\t\t\t\t\t\t\t\t\t<\/span>\n\t\t\t\t\t\t\t\t\t\t\t\t<a class=\"elementor-toggle-title\" tabindex=\"0\">Proizvod i kvalitet<\/a>\n\t\t\t\t\t<\/div>\n\n\t\t\t\t\t<div id=\"elementor-tab-content-5222\" class=\"elementor-tab-content elementor-clearfix\" data-tab=\"2\" role=\"region\" aria-labelledby=\"elementor-tab-title-5222\"><p>Uredba (EZ) br. 1935\/2004 \u2013 materijali i predmeti koji dolaze u dodir s hranom i ukidanje direktiva 80\/590\/EEZ i 89\/109\/EEZ<\/p><p>Uredba EU 2023\/2006 \u2013 dobra proizvodna praksa za materijale i predmete koji dolaze u dodir s hranom<\/p><p>EN 1672-2 (2009) Strojevi za preradu hrane \u2013 Osnovni pojmovi \u2013 2. deo: Higijenski zahtevi<\/p><p>Uredba (EZ) br. 178\/2002 \u2013 utvr\u0111ivanje op\u0161tih principa i zahteva zakona o hrani, osnivanje Evropske agencije za sigurnost hrane te utvr\u0111ivanje postupaka u podru\u010djima sigurnosti hrane i dalje modifikacije<\/p><p>Uredba (EU) br. 305\/2011 \u2013 utvr\u0111ivanje uskla\u0111enih uslova za stavljanje na tr\u017ei\u0161te gra\u0111evinskih proizvoda i ukidanje Direktive Odbora 89\/106\/EEZ<\/p><\/div>\n\t\t\t\t<\/div>\n\t\t\t\t\t\t\t<div class=\"elementor-toggle-item\">\n\t\t\t\t\t<div id=\"elementor-tab-title-5223\" class=\"elementor-tab-title\" data-tab=\"3\" role=\"button\" aria-controls=\"elementor-tab-content-5223\" aria-expanded=\"false\">\n\t\t\t\t\t\t\t\t\t\t\t\t<span class=\"elementor-toggle-icon elementor-toggle-icon-left\" aria-hidden=\"true\">\n\t\t\t\t\t\t\t\t\t\t\t\t\t\t\t<span class=\"elementor-toggle-icon-closed\"><i class=\"fas fa-caret-right\"><\/i><\/span>\n\t\t\t\t\t\t\t\t<span class=\"elementor-toggle-icon-opened\"><i class=\"elementor-toggle-icon-opened fas fa-caret-up\"><\/i><\/span>\n\t\t\t\t\t\t\t\t\t\t\t\t\t<\/span>\n\t\t\t\t\t\t\t\t\t\t\t\t<a class=\"elementor-toggle-title\" tabindex=\"0\">Zdravlje i sigurnost<\/a>\n\t\t\t\t\t<\/div>\n\n\t\t\t\t\t<div id=\"elementor-tab-content-5223\" class=\"elementor-tab-content elementor-clearfix\" data-tab=\"3\" role=\"region\" aria-labelledby=\"elementor-tab-title-5223\"><p>1989\/391\/EEZ \u2013 Uvo\u0111enje mera za podsticanje pobolj\u0161anja sigurnosti i zdravlja radnika na radu &#8211; podsticaj za implementaciju sistema upravljanja sigurno\u0161\u0107u i za\u0161titom zdravlja ISO18000<\/p><p>1989\/654\/EEZ: Minimalni sigurnosni i zdravstveni zahtevi na radnom mestu<\/p><p>2009\/104\/EZ \u2013 Upotreba radne opreme u skladu sa minimalnim sigurnosnim i zdravstvenim zahtevima za sigurnost i zdravlje radnika pri upotrebi radne opreme na radu (druga pojedina\u010dna direktiva u smislu \u010dlana 16. stava 1. Direktive 89\/391\/EEZ)<\/p><p>1989\/656\/EEZ \u2013 Minimalni zdravstveni i sigurnosni zahtevi za upotrebu li\u010dne za\u0161titne opreme na radnom mjestu<\/p><p>1992\/58\/EEZ \u2013 Minimalni zahtevi za postavljanje sigurnosnih znakova i\/ili znakova za za\u0161titu zdravlja na radu<\/p><p>1990\/269\/EEZ \u2013 Minimalni zdravstveni i sigurnosni uslovi pri ru\u010dnom preno\u0161enju tereta u slu\u010dajevima kad postoji opasnost posebno od povreda le\u0111a radnika<\/p><p>2003\/10\/EZ \u2013 Minimalni zdravstveni i sigurnosni zahtevi u odnosu na izlo\u017eenost radnika rizicima koji mogu biti prouzrokovani fizi\u010dkim \u010diniocima (buka)<\/p><p>2002\/44\/EC \u2013 Minimalni zdravstveni i sigurnosni zahtevi u odnosu na izlo\u017eenost radnika rizicima prouzrokovani fizi\u010dkim \u010diniocima (vibracije)<\/p><p>2009\/161\/EU \u2013 Indikativne grani\u010dne vrednosti profesionalne izlo\u017eenosti \u2013 utvr\u0111ivanje tre\u0107eg popisa indikativnih grani\u010dnih vrednosti profesionalne izlo\u017eenosti u primeni Direktive Odbora 98\/24\/EZ i izmena Direktive Komisije 2000\/39\/EZ<\/p><p>1999\/13\/EZ \u2013 Ograni\u010denje emisija isparljivih organskih jedinjenja koji nastaju pri upotrebi organskih rastvara\u010da u odre\u0111enim aktivnostima i postrojenjima<\/p><p>1999\/92\/EZ &#8211; Minimalni zahtevi za pobolj\u0161anje sigurnosti i za\u0161tite zdravlja radnika potencijalno izlo\u017eenih riziku od eksplozivnih atmosfera<\/p><p>1992\/85\/EEZ \u2013 Uvo\u0111enje mera za podsticanje pobolj\u0161anja sigurnosti i zdravlja na radu trudnica i radnica koje su nedavno rodile ili doje<\/p><p>Direktiva 2014\/35\/EU o uskla\u0111ivanju zakonodavstava dr\u017eava \u010dlanica u odnosu na stavljanje na raspolaganje na tr\u017ei\u0161tu elektri\u010dne opreme namenjene za upotrebu unutar odre\u0111enih naponskih granica<\/p><p>Direktiva 2006\/42\/EZ o strojevima i o izmeni Direktive 95\/16\/EZ (preina\u010dena), Direktiva 2014\/30\/EU o uskla\u0111ivanju zakonodavstava dr\u017eava \u010dlanica u odnosu na elektromagnetsku kompatibilnost (preina\u010dena)<\/p><p>Uredba (EZ) br. 661\/2009 o zahtevima za homologaciju tipa za op\u0161tu sigurnost motornih vozila, njihovih prikolica i sistema, sastavnih delova i posebnih tehni\u010dkih jedinica namenjenih za takva vozila<\/p><p>Uredba (EU) br. 167\/2013 o homologaciji i nadzoru tr\u017ei\u0161ta traktora za poljoprivredu i \u0161umarstvo<\/p><p>Direktiva 2014\/68\/EU o uskla\u0111ivanju zakonodavstava dr\u017eava \u010dlanica o stavljanju na raspolaganje na tr\u017ei\u0161te tla\u010dne opreme<\/p><p>Direktiva 93\/42\/EEZ o medicinskim proizvodima<\/p><\/div>\n\t\t\t\t<\/div>\n\t\t\t\t\t\t\t<div class=\"elementor-toggle-item\">\n\t\t\t\t\t<div id=\"elementor-tab-title-5224\" class=\"elementor-tab-title\" data-tab=\"4\" role=\"button\" aria-controls=\"elementor-tab-content-5224\" aria-expanded=\"false\">\n\t\t\t\t\t\t\t\t\t\t\t\t<span class=\"elementor-toggle-icon elementor-toggle-icon-left\" aria-hidden=\"true\">\n\t\t\t\t\t\t\t\t\t\t\t\t\t\t\t<span class=\"elementor-toggle-icon-closed\"><i class=\"fas fa-caret-right\"><\/i><\/span>\n\t\t\t\t\t\t\t\t<span class=\"elementor-toggle-icon-opened\"><i class=\"elementor-toggle-icon-opened fas fa-caret-up\"><\/i><\/span>\n\t\t\t\t\t\t\t\t\t\t\t\t\t<\/span>\n\t\t\t\t\t\t\t\t\t\t\t\t<a class=\"elementor-toggle-title\" tabindex=\"0\">\u017divotna sredina<\/a>\n\t\t\t\t\t<\/div>\n\n\t\t\t\t\t<div id=\"elementor-tab-content-5224\" class=\"elementor-tab-content elementor-clearfix\" data-tab=\"4\" role=\"region\" aria-labelledby=\"elementor-tab-title-5224\"><p>761\/2001\/EC Uredba \u2013 Dobrovoljno u\u010de\u0161\u0107e organizacija u sistemu upravljanja \u017eivotnom sredinom i nezavisnom revizijom (EMAS) \u2013 podsticaj za implementaciju sistema upravljanja \u017eivotnom sredinom ISO14000<\/p><p>2008\/1\/EZ \u2013 Integrisano spre\u010davanje i kontrola zaga\u0111enja<\/p><p>2006\/11\/EZ \u2013 Zaga\u0111enje uzrokovano ispu\u0161tanjem odre\u0111enih opasnih materija u vodenu sredinu Zajednice<\/p><p>1994\/62\/EZ \u2013 Ambala\u017ea i ambala\u017eni otpad<\/p><p>1991\/689\/EZ \u2013 Opasni otpad<\/p><p>1999\/31\/EZ \u2013 Odlaganje otpada<\/p><p>2000\/76\/EZ \u2013 Spaljivanje otpada<\/p><p>Direktiva 2012\/27\/EU Evropskog parlamenta i Odbora od 25. oktobra 2012. o energetskoj efikasnosti, izmeni direktiva 2009\/125\/EZ i 2010\/30\/EU i stavljanju van snage direktiva 2004\/8\/EZ i 2006\/32\/EZ<\/p><p>Direktiva 2010\/31\/EU o energetskoj efikasnosti zgrada (preina\u010deno)<\/p><p>Direktiva 2009\/28\/EZ o promociji upotrebe energije iz obnovljivih izvora te o izmeni i kasnijem stavljanju izvan snage direktiva 2001\/77\/EZ i 2003\/30\/EZ<\/p><p>Uredba (EZ) br. 1005\/2009 Evropskog parlamenta i Odbora od 16. septembra 2009. o materijama koje o\u0161te\u0107uju ozonski sloj (Tekst zna\u010dajan za EGP)<\/p><p>Direktiva 2010\/75\/EU u industrijskim emisijama (integrisano spre\u010davanje i kontrola zaga\u0111enja), preina\u010deno, tekst zna\u010dajan za EGP<\/p><p>Direktiva 2006\/12\/EZ o otpadu<\/p><p>Direktiva 91\/689\/EEZ o opasnom otpadu<\/p><p>Direktiva 2000\/60\/EZ o uspostavi okvira za delovanje Zajednice u podru\u010dju politike vodene sredine (Direktiva o vodama)<\/p><\/div>\n\t\t\t\t<\/div>\n\t\t\t\t\t\t\t<div class=\"elementor-toggle-item\">\n\t\t\t\t\t<div id=\"elementor-tab-title-5225\" class=\"elementor-tab-title\" data-tab=\"5\" role=\"button\" aria-controls=\"elementor-tab-content-5225\" aria-expanded=\"false\">\n\t\t\t\t\t\t\t\t\t\t\t\t<span class=\"elementor-toggle-icon elementor-toggle-icon-left\" aria-hidden=\"true\">\n\t\t\t\t\t\t\t\t\t\t\t\t\t\t\t<span class=\"elementor-toggle-icon-closed\"><i class=\"fas fa-caret-right\"><\/i><\/span>\n\t\t\t\t\t\t\t\t<span class=\"elementor-toggle-icon-opened\"><i class=\"elementor-toggle-icon-opened fas fa-caret-up\"><\/i><\/span>\n\t\t\t\t\t\t\t\t\t\t\t\t\t<\/span>\n\t\t\t\t\t\t\t\t\t\t\t\t<a class=\"elementor-toggle-title\" tabindex=\"0\">Elektronika\/Elektrotehnika<\/a>\n\t\t\t\t\t<\/div>\n\n\t\t\t\t\t<div id=\"elementor-tab-content-5225\" class=\"elementor-tab-content elementor-clearfix\" data-tab=\"5\" role=\"region\" aria-labelledby=\"elementor-tab-title-5225\"><p>2012\/19\/EU o otpadnoj elektri\u010dnoj i elektronskoj opremi<\/p><p>2002\/96\/EZ \u2013 Otpadna elektri\u010dna i elektronska oprema<\/p><\/div>\n\t\t\t\t<\/div>\n\t\t\t\t\t\t\t\t<\/div>\n\t\t\t\t\t\t<\/div>\n\t\t\t\t<\/div>\n\t\t\t\t\t<\/div>\n\t\t<\/div>\n\t\t\t\t\t<\/div>\n\t\t<\/section>\n\t\t\t\t<\/div>\n\t\t","protected":false},"excerpt":{"rendered":"<p>PRIORITETNE EU DIREKTIVE PROPISI Slede\u0107e EU direktive su od klju\u010dnog zna\u010daja i va\u017enosti za implementaciju od strane podzajmoprimaca u Srbiji. Lista je indikativna, ali ne i iscrpna, budu\u0107i da neke dodatne EU direktive mogu biti vi\u0161e primenjive na specifi\u010dne podzajmoprimce, \u0161to zavisi o sektoru poslovanja. Direktive zajedni\u010dke za sve vrste industrija 2001\/95\/EZ \u2013 Direktiva o [&hellip;]<\/p>\n","protected":false},"author":1,"featured_media":0,"parent":0,"menu_order":0,"comment_status":"closed","ping_status":"closed","template":"elementor_header_footer","meta":{"footnotes":""},"class_list":["post-159","page","type-page","status-publish","hentry"],"yoast_head":"<!-- This site is optimized with the Yoast SEO plugin v27.5 - https:\/\/yoast.com\/product\/yoast-seo-wordpress\/ -->\n<title>Prioritetne EU direktive - web-sme-csp.com Serbia<\/title>\n<meta name=\"robots\" content=\"index, follow, max-snippet:-1, max-image-preview:large, max-video-preview:-1\" \/>\n<link rel=\"canonical\" href=\"https:\/\/web-sme-csp.com\/serbia\/prioritetne-eu-direktive\/?lang=sr\" \/>\n<meta property=\"og:locale\" content=\"sr_RS\" \/>\n<meta property=\"og:type\" content=\"article\" \/>\n<meta property=\"og:title\" content=\"Prioritetne EU direktive - web-sme-csp.com Serbia\" \/>\n<meta property=\"og:description\" content=\"PRIORITETNE EU DIREKTIVE PROPISI Slede\u0107e EU direktive su od klju\u010dnog zna\u010daja i va\u017enosti za implementaciju od strane podzajmoprimaca u Srbiji. Lista je indikativna, ali ne i iscrpna, budu\u0107i da neke dodatne EU direktive mogu biti vi\u0161e primenjive na specifi\u010dne podzajmoprimce, \u0161to zavisi o sektoru poslovanja. Direktive zajedni\u010dke za sve vrste industrija 2001\/95\/EZ \u2013 Direktiva o [&hellip;]\" \/>\n<meta property=\"og:url\" content=\"https:\/\/web-sme-csp.com\/serbia\/prioritetne-eu-direktive\/?lang=sr\" \/>\n<meta property=\"og:site_name\" content=\"web-sme-csp.com Serbia\" \/>\n<meta property=\"article:publisher\" content=\"https:\/\/www.facebook.com\/Program-Za-Poveanje-Konkurentnosti-MSP-117944216282301\/?modal=admin_todo_tour\" \/>\n<meta property=\"article:modified_time\" content=\"2020-09-29T13:49:20+00:00\" \/>\n<meta name=\"twitter:card\" content=\"summary_large_image\" \/>\n<meta name=\"twitter:label1\" content=\"\u041f\u0440\u043e\u0446\u0435\u045a\u0435\u043d\u043e \u0432\u0440\u0435\u043c\u0435 \u0447\u0438\u0442\u0430\u045a\u0430\" \/>\n\t<meta name=\"twitter:data1\" content=\"4 \u043c\u0438\u043d\u0443\u0442\u0430\" \/>\n<script type=\"application\/ld+json\" class=\"yoast-schema-graph\">{\"@context\":\"https:\\\/\\\/schema.org\",\"@graph\":[{\"@type\":\"WebPage\",\"@id\":\"https:\\\/\\\/web-sme-csp.com\\\/serbia\\\/prioritetne-eu-direktive\\\/?lang=sr\",\"url\":\"https:\\\/\\\/web-sme-csp.com\\\/serbia\\\/prioritetne-eu-direktive\\\/?lang=sr\",\"name\":\"Prioritetne EU direktive - web-sme-csp.com Serbia\",\"isPartOf\":{\"@id\":\"https:\\\/\\\/web-sme-csp.com\\\/serbia\\\/#website\"},\"datePublished\":\"2019-07-23T08:39:55+00:00\",\"dateModified\":\"2020-09-29T13:49:20+00:00\",\"breadcrumb\":{\"@id\":\"https:\\\/\\\/web-sme-csp.com\\\/serbia\\\/prioritetne-eu-direktive\\\/?lang=sr#breadcrumb\"},\"inLanguage\":\"sr-RS\",\"potentialAction\":[{\"@type\":\"ReadAction\",\"target\":[\"https:\\\/\\\/web-sme-csp.com\\\/serbia\\\/prioritetne-eu-direktive\\\/?lang=sr\"]}]},{\"@type\":\"BreadcrumbList\",\"@id\":\"https:\\\/\\\/web-sme-csp.com\\\/serbia\\\/prioritetne-eu-direktive\\\/?lang=sr#breadcrumb\",\"itemListElement\":[{\"@type\":\"ListItem\",\"position\":1,\"name\":\"Home\",\"item\":\"https:\\\/\\\/web-sme-csp.com\\\/serbia\\\/?lang=sr\"},{\"@type\":\"ListItem\",\"position\":2,\"name\":\"Prioritetne EU direktive\"}]},{\"@type\":\"WebSite\",\"@id\":\"https:\\\/\\\/web-sme-csp.com\\\/serbia\\\/#website\",\"url\":\"https:\\\/\\\/web-sme-csp.com\\\/serbia\\\/\",\"name\":\"web-sme-csp.com Serbia\",\"description\":\"Serbia\",\"potentialAction\":[{\"@type\":\"SearchAction\",\"target\":{\"@type\":\"EntryPoint\",\"urlTemplate\":\"https:\\\/\\\/web-sme-csp.com\\\/serbia\\\/?s={search_term_string}\"},\"query-input\":{\"@type\":\"PropertyValueSpecification\",\"valueRequired\":true,\"valueName\":\"search_term_string\"}}],\"inLanguage\":\"sr-RS\"}]}<\/script>\n<!-- \/ Yoast SEO plugin. -->","yoast_head_json":{"title":"Prioritetne EU direktive - web-sme-csp.com Serbia","robots":{"index":"index","follow":"follow","max-snippet":"max-snippet:-1","max-image-preview":"max-image-preview:large","max-video-preview":"max-video-preview:-1"},"canonical":"https:\/\/web-sme-csp.com\/serbia\/prioritetne-eu-direktive\/?lang=sr","og_locale":"sr_RS","og_type":"article","og_title":"Prioritetne EU direktive - web-sme-csp.com Serbia","og_description":"PRIORITETNE EU DIREKTIVE PROPISI Slede\u0107e EU direktive su od klju\u010dnog zna\u010daja i va\u017enosti za implementaciju od strane podzajmoprimaca u Srbiji. Lista je indikativna, ali ne i iscrpna, budu\u0107i da neke dodatne EU direktive mogu biti vi\u0161e primenjive na specifi\u010dne podzajmoprimce, \u0161to zavisi o sektoru poslovanja. Direktive zajedni\u010dke za sve vrste industrija 2001\/95\/EZ \u2013 Direktiva o [&hellip;]","og_url":"https:\/\/web-sme-csp.com\/serbia\/prioritetne-eu-direktive\/?lang=sr","og_site_name":"web-sme-csp.com Serbia","article_publisher":"https:\/\/www.facebook.com\/Program-Za-Poveanje-Konkurentnosti-MSP-117944216282301\/?modal=admin_todo_tour","article_modified_time":"2020-09-29T13:49:20+00:00","twitter_card":"summary_large_image","twitter_misc":{"\u041f\u0440\u043e\u0446\u0435\u045a\u0435\u043d\u043e \u0432\u0440\u0435\u043c\u0435 \u0447\u0438\u0442\u0430\u045a\u0430":"4 \u043c\u0438\u043d\u0443\u0442\u0430"},"schema":{"@context":"https:\/\/schema.org","@graph":[{"@type":"WebPage","@id":"https:\/\/web-sme-csp.com\/serbia\/prioritetne-eu-direktive\/?lang=sr","url":"https:\/\/web-sme-csp.com\/serbia\/prioritetne-eu-direktive\/?lang=sr","name":"Prioritetne EU direktive - web-sme-csp.com Serbia","isPartOf":{"@id":"https:\/\/web-sme-csp.com\/serbia\/#website"},"datePublished":"2019-07-23T08:39:55+00:00","dateModified":"2020-09-29T13:49:20+00:00","breadcrumb":{"@id":"https:\/\/web-sme-csp.com\/serbia\/prioritetne-eu-direktive\/?lang=sr#breadcrumb"},"inLanguage":"sr-RS","potentialAction":[{"@type":"ReadAction","target":["https:\/\/web-sme-csp.com\/serbia\/prioritetne-eu-direktive\/?lang=sr"]}]},{"@type":"BreadcrumbList","@id":"https:\/\/web-sme-csp.com\/serbia\/prioritetne-eu-direktive\/?lang=sr#breadcrumb","itemListElement":[{"@type":"ListItem","position":1,"name":"Home","item":"https:\/\/web-sme-csp.com\/serbia\/?lang=sr"},{"@type":"ListItem","position":2,"name":"Prioritetne EU direktive"}]},{"@type":"WebSite","@id":"https:\/\/web-sme-csp.com\/serbia\/#website","url":"https:\/\/web-sme-csp.com\/serbia\/","name":"web-sme-csp.com Serbia","description":"Serbia","potentialAction":[{"@type":"SearchAction","target":{"@type":"EntryPoint","urlTemplate":"https:\/\/web-sme-csp.com\/serbia\/?s={search_term_string}"},"query-input":{"@type":"PropertyValueSpecification","valueRequired":true,"valueName":"search_term_string"}}],"inLanguage":"sr-RS"}]}},"_links":{"self":[{"href":"https:\/\/web-sme-csp.com\/serbia\/sr\/wp-json\/wp\/v2\/pages\/159","targetHints":{"allow":["GET"]}}],"collection":[{"href":"https:\/\/web-sme-csp.com\/serbia\/sr\/wp-json\/wp\/v2\/pages"}],"about":[{"href":"https:\/\/web-sme-csp.com\/serbia\/sr\/wp-json\/wp\/v2\/types\/page"}],"author":[{"embeddable":true,"href":"https:\/\/web-sme-csp.com\/serbia\/sr\/wp-json\/wp\/v2\/users\/1"}],"replies":[{"embeddable":true,"href":"https:\/\/web-sme-csp.com\/serbia\/sr\/wp-json\/wp\/v2\/comments?post=159"}],"version-history":[{"count":3,"href":"https:\/\/web-sme-csp.com\/serbia\/sr\/wp-json\/wp\/v2\/pages\/159\/revisions"}],"predecessor-version":[{"id":506,"href":"https:\/\/web-sme-csp.com\/serbia\/sr\/wp-json\/wp\/v2\/pages\/159\/revisions\/506"}],"wp:attachment":[{"href":"https:\/\/web-sme-csp.com\/serbia\/sr\/wp-json\/wp\/v2\/media?parent=159"}],"curies":[{"name":"wp","href":"https:\/\/api.w.org\/{rel}","templated":true}]}}