{"id":153,"date":"2019-07-23T08:36:19","date_gmt":"2019-07-23T08:36:19","guid":{"rendered":"https:\/\/web-sme-csp.com\/serbia\/?page_id=153"},"modified":"2020-08-06T09:34:38","modified_gmt":"2020-08-06T09:34:38","slug":"vijesti","status":"publish","type":"page","link":"https:\/\/web-sme-csp.com\/serbia\/sr\/vijesti\/","title":{"rendered":"VIJESTI"},"content":{"rendered":"\t\t<div data-elementor-type=\"wp-post\" data-elementor-id=\"153\" class=\"elementor elementor-153\" data-elementor-post-type=\"page\">\n\t\t\t\t\t\t<section class=\"elementor-section elementor-top-section elementor-element elementor-element-4ef669f elementor-section-full_width elementor-section-height-default elementor-section-height-default\" data-id=\"4ef669f\" data-element_type=\"section\" data-e-type=\"section\">\n\t\t\t\t\t\t<div class=\"elementor-container elementor-column-gap-no\">\n\t\t\t\t\t<div class=\"elementor-column elementor-col-100 elementor-top-column elementor-element elementor-element-615b4a7\" data-id=\"615b4a7\" data-element_type=\"column\" data-e-type=\"column\">\n\t\t\t<div class=\"elementor-widget-wrap elementor-element-populated\">\n\t\t\t\t\t\t<div class=\"elementor-element elementor-element-d1809ff elementor-skin-carousel elementor-widget elementor-widget-media-carousel\" data-id=\"d1809ff\" data-element_type=\"widget\" data-e-type=\"widget\" data-settings=\"{&quot;space_between&quot;:{&quot;unit&quot;:&quot;px&quot;,&quot;size&quot;:0,&quot;sizes&quot;:[]},&quot;skin&quot;:&quot;carousel&quot;,&quot;effect&quot;:&quot;slide&quot;,&quot;speed&quot;:500,&quot;autoplay&quot;:&quot;yes&quot;,&quot;autoplay_speed&quot;:5000,&quot;loop&quot;:&quot;yes&quot;,&quot;pause_on_hover&quot;:&quot;yes&quot;,&quot;pause_on_interaction&quot;:&quot;yes&quot;,&quot;space_between_tablet&quot;:{&quot;unit&quot;:&quot;px&quot;,&quot;size&quot;:10,&quot;sizes&quot;:[]},&quot;space_between_mobile&quot;:{&quot;unit&quot;:&quot;px&quot;,&quot;size&quot;:10,&quot;sizes&quot;:[]}}\" data-widget_type=\"media-carousel.default\">\n\t\t\t\t<div class=\"elementor-widget-container\">\n\t\t\t\t\t\t\t\t\t<div class=\"elementor-swiper\">\n\t\t\t\t\t<div class=\"elementor-main-swiper swiper\" role=\"region\" aria-roledescription=\"carousel\" aria-label=\"Slides\">\n\t\t\t\t<div class=\"swiper-wrapper\">\n\t\t\t\t\t\t\t\t\t\t\t<div class=\"swiper-slide\" role=\"group\" aria-roledescription=\"slide\">\n\t\t\t\t\t\t\t\t\t<div class=\"elementor-carousel-image\" role=\"img\" aria-label=\"395129-PCH2M7-589-e1552605691578.jpg\" style=\"background-image: url(&#039;https:\/\/web-sme-csp.com\/serbia\/wp-content\/uploads\/sites\/8\/2019\/07\/395129-PCH2M7-589-e1552605691578.jpg&#039;)\">\n\n\t\t\t\n\t\t\t\t\t<\/div>\n\t\t\t\t\t\t\t\t<\/div>\n\t\t\t\t\t\t\t\t\t<\/div>\n\t\t\t\t\t\t\t<\/div>\n\t\t\t\t<\/div>\n\t\t\t\t\t\t\t\t<\/div>\n\t\t\t\t<\/div>\n\t\t\t\t\t<\/div>\n\t\t<\/div>\n\t\t\t\t\t<\/div>\n\t\t<\/section>\n\t\t\t\t<section class=\"elementor-section elementor-top-section elementor-element elementor-element-14e1119 elementor-section-content-middle elementor-section-boxed elementor-section-height-default elementor-section-height-default\" data-id=\"14e1119\" data-element_type=\"section\" data-e-type=\"section\" data-settings=\"{&quot;background_background&quot;:&quot;classic&quot;}\">\n\t\t\t\t\t\t<div class=\"elementor-container elementor-column-gap-default\">\n\t\t\t\t\t<div class=\"elementor-column elementor-col-100 elementor-top-column elementor-element elementor-element-52ab4e9\" data-id=\"52ab4e9\" data-element_type=\"column\" data-e-type=\"column\" data-settings=\"{&quot;background_background&quot;:&quot;classic&quot;}\">\n\t\t\t<div class=\"elementor-widget-wrap elementor-element-populated\">\n\t\t\t\t\t\t<div class=\"elementor-element elementor-element-a4b06bc elementor-widget elementor-widget-heading\" data-id=\"a4b06bc\" data-element_type=\"widget\" data-e-type=\"widget\" data-widget_type=\"heading.default\">\n\t\t\t\t<div class=\"elementor-widget-container\">\n\t\t\t\t\t<h1 class=\"elementor-heading-title elementor-size-default\">VIJESTI<\/h1>\t\t\t\t<\/div>\n\t\t\t\t<\/div>\n\t\t\t\t<div class=\"elementor-element elementor-element-30f0958 elementor-widget elementor-widget-text-editor\" data-id=\"30f0958\" data-element_type=\"widget\" data-e-type=\"widget\" data-widget_type=\"text-editor.default\">\n\t\t\t\t<div class=\"elementor-widget-container\">\n\t\t\t\t\t\t\t\t\t<p>OSTANITE INFORMISANI<\/p>\t\t\t\t\t\t\t\t<\/div>\n\t\t\t\t<\/div>\n\t\t\t\t\t<\/div>\n\t\t<\/div>\n\t\t\t\t\t<\/div>\n\t\t<\/section>\n\t\t\t\t<section class=\"elementor-section elementor-top-section elementor-element elementor-element-8f74539 elementor-section-boxed elementor-section-height-default elementor-section-height-default\" data-id=\"8f74539\" data-element_type=\"section\" data-e-type=\"section\">\n\t\t\t\t\t\t<div class=\"elementor-container elementor-column-gap-default\">\n\t\t\t\t\t<div class=\"elementor-column elementor-col-100 elementor-top-column elementor-element elementor-element-2aaee1a\" data-id=\"2aaee1a\" data-element_type=\"column\" data-e-type=\"column\">\n\t\t\t<div class=\"elementor-widget-wrap elementor-element-populated\">\n\t\t\t\t\t\t<div class=\"elementor-element elementor-element-53f7e3e elementor-grid-4 elementor-grid-tablet-2 elementor-grid-mobile-1 elementor-posts--thumbnail-top elementor-card-shadow-yes elementor-posts__hover-gradient elementor-widget elementor-widget-posts\" data-id=\"53f7e3e\" data-element_type=\"widget\" data-e-type=\"widget\" data-settings=\"{&quot;cards_columns&quot;:&quot;4&quot;,&quot;cards_columns_tablet&quot;:&quot;2&quot;,&quot;cards_columns_mobile&quot;:&quot;1&quot;,&quot;cards_row_gap&quot;:{&quot;unit&quot;:&quot;px&quot;,&quot;size&quot;:35,&quot;sizes&quot;:[]},&quot;cards_row_gap_tablet&quot;:{&quot;unit&quot;:&quot;px&quot;,&quot;size&quot;:&quot;&quot;,&quot;sizes&quot;:[]},&quot;cards_row_gap_mobile&quot;:{&quot;unit&quot;:&quot;px&quot;,&quot;size&quot;:&quot;&quot;,&quot;sizes&quot;:[]}}\" data-widget_type=\"posts.cards\">\n\t\t\t\t<div class=\"elementor-widget-container\">\n\t\t\t\t\t\t\t<div class=\"elementor-posts-container elementor-posts elementor-posts--skin-cards elementor-grid\" role=\"list\">\n\t\t\t\t<article class=\"elementor-post elementor-grid-item post-1522 post type-post status-publish format-standard has-post-thumbnail hentry category-success-storys\" role=\"listitem\">\n\t\t\t<div class=\"elementor-post__card\">\n\t\t\t\t<a class=\"elementor-post__thumbnail__link\" href=\"https:\/\/web-sme-csp.com\/serbia\/sr\/bringing-fresh-and-healthy-seafood-to-consumers-tables\/\" tabindex=\"-1\" ><div class=\"elementor-post__thumbnail\"><img fetchpriority=\"high\" decoding=\"async\" width=\"300\" height=\"198\" src=\"https:\/\/web-sme-csp.com\/serbia\/wp-content\/uploads\/sites\/8\/2022\/12\/Bild5-300x198.png\" class=\"attachment-medium size-medium wp-image-1533\" alt=\"\" srcset=\"https:\/\/web-sme-csp.com\/serbia\/wp-content\/uploads\/sites\/8\/2022\/12\/Bild5-300x198.png 300w, https:\/\/web-sme-csp.com\/serbia\/wp-content\/uploads\/sites\/8\/2022\/12\/Bild5.png 366w\" sizes=\"(max-width: 300px) 100vw, 300px\" \/><\/div><\/a>\n\t\t\t\t<div class=\"elementor-post__text\">\n\t\t\t\t<h3 class=\"elementor-post__title\">\n\t\t\t<a href=\"https:\/\/web-sme-csp.com\/serbia\/sr\/bringing-fresh-and-healthy-seafood-to-consumers-tables\/\" >\n\t\t\t\tDONOSIMO SVE\u017dU RIBU I MORSKE POLODOVE NA VA\u0160 STO\t\t\t<\/a>\n\t\t<\/h3>\n\t\t\t\t<div class=\"elementor-post__excerpt\">\n\t\t\t<p>Vasovic\u0301 d.o.o. je distributer visokokvalitetnih morskih proizvoda iz najboljih ribolovnih podru\u010dja<br \/>\n<br \/>\n<a href=\"\/serbia\/bringing-fresh-and-healthy-seafood-to-consumers-tables\/?lang=sr\" class=\"elementor-button cust-button\" role=\"button\">\u041e\u043f\u0448\u0438\u0440\u043d\u0438\u0458\u0435<\/a><a href=\"\/serbia\/wp-content\/uploads\/sites\/8\/2022\/12\/WEB-Serbia-SUCCESS-Vasovic-srb.pdf\" class=\"elementor-button cust-button\" role=\"button\">Preuzimanja<\/a><\/p>\n\t\t<\/div>\n\t\t\t\t<\/div>\n\t\t\t\t<div class=\"elementor-post__meta-data\">\n\t\t\t\t\t<span class=\"elementor-post-date\">\n\t\t\t\u0434\u0435\u0446\u0435\u043c\u0431\u0430\u0440 12, 2022\t\t<\/span>\n\t\t\t\t<\/div>\n\t\t\t\t\t<\/div>\n\t\t<\/article>\n\t\t\t\t<article class=\"elementor-post elementor-grid-item post-1507 post type-post status-publish format-standard has-post-thumbnail hentry category-success-storys\" role=\"listitem\">\n\t\t\t<div class=\"elementor-post__card\">\n\t\t\t\t<a class=\"elementor-post__thumbnail__link\" href=\"https:\/\/web-sme-csp.com\/serbia\/sr\/poboljsanje-kvaliteta-proizvodnje-furnira\/\" tabindex=\"-1\" ><div class=\"elementor-post__thumbnail\"><img decoding=\"async\" width=\"244\" height=\"163\" src=\"https:\/\/web-sme-csp.com\/serbia\/wp-content\/uploads\/sites\/8\/2022\/12\/Bild3.jpg\" class=\"attachment-medium size-medium wp-image-1494\" alt=\"\" \/><\/div><\/a>\n\t\t\t\t<div class=\"elementor-post__text\">\n\t\t\t\t<h3 class=\"elementor-post__title\">\n\t\t\t<a href=\"https:\/\/web-sme-csp.com\/serbia\/sr\/poboljsanje-kvaliteta-proizvodnje-furnira\/\" >\n\t\t\t\tPobolj\u0161anje kvaliteta proizvodnje furnira\t\t\t<\/a>\n\t\t<\/h3>\n\t\t\t\t<div class=\"elementor-post__excerpt\">\n\t\t\t<p>Pinoles d.o.o. osnovana je 1998. godine.<br \/>\n<br \/>\n<a href=\"\/serbia\/poboljsanje-kvaliteta-proizvodnje-furnira\/?lang=sr\" class=\"elementor-button cust-button\" role=\"button\">\u041e\u043f\u0448\u0438\u0440\u043d\u0438\u0458\u0435<\/a><a href=\"\/serbia\/wp-content\/uploads\/sites\/8\/2022\/12\/WEB-Serbia-SUCCESS-Pinoles-SRB.pdf\" class=\"elementor-button cust-button\" role=\"button\">Preuzimanja<\/a><\/p>\n\t\t<\/div>\n\t\t\t\t<\/div>\n\t\t\t\t<div class=\"elementor-post__meta-data\">\n\t\t\t\t\t<span class=\"elementor-post-date\">\n\t\t\t\u0434\u0435\u0446\u0435\u043c\u0431\u0430\u0440 12, 2022\t\t<\/span>\n\t\t\t\t<\/div>\n\t\t\t\t\t<\/div>\n\t\t<\/article>\n\t\t\t\t<article class=\"elementor-post elementor-grid-item post-1442 post type-post status-publish format-standard has-post-thumbnail hentry category-news category-news-sr\" role=\"listitem\">\n\t\t\t<div class=\"elementor-post__card\">\n\t\t\t\t<a class=\"elementor-post__thumbnail__link\" href=\"https:\/\/web-sme-csp.com\/serbia\/sr\/aleksandra-vukosavljevic-ebrd-director-financial-institutions-western-balkans-and-eastern-europe-obtaining-funds-to-improve-the-competitiveness-of-local-smes\/\" tabindex=\"-1\" ><div class=\"elementor-post__thumbnail\"><img decoding=\"async\" width=\"300\" height=\"56\" src=\"https:\/\/web-sme-csp.com\/serbia\/wp-content\/uploads\/sites\/8\/2022\/07\/blue-300x56.png\" class=\"attachment-medium size-medium wp-image-1455\" alt=\"\" srcset=\"https:\/\/web-sme-csp.com\/serbia\/wp-content\/uploads\/sites\/8\/2022\/07\/blue-300x56.png 300w, https:\/\/web-sme-csp.com\/serbia\/wp-content\/uploads\/sites\/8\/2022\/07\/blue.png 418w\" sizes=\"(max-width: 300px) 100vw, 300px\" \/><\/div><\/a>\n\t\t\t\t<div class=\"elementor-post__text\">\n\t\t\t\t<h3 class=\"elementor-post__title\">\n\t\t\t<a href=\"https:\/\/web-sme-csp.com\/serbia\/sr\/aleksandra-vukosavljevic-ebrd-director-financial-institutions-western-balkans-and-eastern-europe-obtaining-funds-to-improve-the-competitiveness-of-local-smes\/\" >\n\t\t\t\tAleksandra Vukosavljevi\u0107, EBRD Director, Financial Institutions, Western Balkans and Eastern Europe: Obtaining Funds to Improve the Competitiveness of Local SMEs\t\t\t<\/a>\n\t\t<\/h3>\n\t\t\t\t<div class=\"elementor-post__excerpt\">\n\t\t\t<p>Comex unapre\u0111uje opremu kojom se posti\u017ee u\u0161teda energije kao i zadovoljavaju najvi\u0161i globalni standardi<\/p>\n<p>Pakovanje je zna\u010dajan segment uspe\u0161nog marketinga proizvoda i u velikoj meri uti\u010de na rast poslovanja i prodaje.<br \/>\n<br \/>\n<a href=\"\/serbia\/aleksandra-vukosavljevic-ebrd-director-financial-institutions-western-balkans-and-eastern-europe-obtaining-funds-to-improve-the-competitiveness-of-local-smes\/?lang=sr\" class=\"elementor-button cust-button\" role=\"button\">\u041e\u043f\u0448\u0438\u0440\u043d\u0438\u0458\u0435<\/a><a href=\"\/serbia\/wp-content\/uploads\/sites\/8\/2022\/07\/EBRD-Article-Serbia-SRB.pdf\" class=\"elementor-button cust-button\" role=\"button\">Preuzimanja<\/a><\/p>\n\t\t<\/div>\n\t\t\t\t<\/div>\n\t\t\t\t<div class=\"elementor-post__meta-data\">\n\t\t\t\t\t<span class=\"elementor-post-date\">\n\t\t\t\u0458\u0443\u043b 4, 2022\t\t<\/span>\n\t\t\t\t<\/div>\n\t\t\t\t\t<\/div>\n\t\t<\/article>\n\t\t\t\t<article class=\"elementor-post elementor-grid-item post-1402 post type-post status-publish format-standard has-post-thumbnail hentry category-news-sr category-news\" role=\"listitem\">\n\t\t\t<div class=\"elementor-post__card\">\n\t\t\t\t<a class=\"elementor-post__thumbnail__link\" href=\"https:\/\/web-sme-csp.com\/serbia\/sr\/ebrd-and-eu-support-packaging-producer-in-serbia\/\" tabindex=\"-1\" ><div class=\"elementor-post__thumbnail\"><img loading=\"lazy\" decoding=\"async\" width=\"300\" height=\"199\" src=\"https:\/\/web-sme-csp.com\/serbia\/wp-content\/uploads\/sites\/8\/2022\/07\/tiles-news-300x199.jpg\" class=\"attachment-medium size-medium wp-image-1390\" alt=\"\" srcset=\"https:\/\/web-sme-csp.com\/serbia\/wp-content\/uploads\/sites\/8\/2022\/07\/tiles-news-300x199.jpg 300w, https:\/\/web-sme-csp.com\/serbia\/wp-content\/uploads\/sites\/8\/2022\/07\/tiles-news-1024x679.jpg 1024w, https:\/\/web-sme-csp.com\/serbia\/wp-content\/uploads\/sites\/8\/2022\/07\/tiles-news-768x509.jpg 768w, https:\/\/web-sme-csp.com\/serbia\/wp-content\/uploads\/sites\/8\/2022\/07\/tiles-news-1536x1018.jpg 1536w, https:\/\/web-sme-csp.com\/serbia\/wp-content\/uploads\/sites\/8\/2022\/07\/tiles-news-2048x1358.jpg 2048w\" sizes=\"(max-width: 300px) 100vw, 300px\" \/><\/div><\/a>\n\t\t\t\t<div class=\"elementor-post__text\">\n\t\t\t\t<h3 class=\"elementor-post__title\">\n\t\t\t<a href=\"https:\/\/web-sme-csp.com\/serbia\/sr\/ebrd-and-eu-support-packaging-producer-in-serbia\/\" >\n\t\t\t\tEBRD and EU support packaging producer in Serbia\t\t\t<\/a>\n\t\t<\/h3>\n\t\t\t\t<div class=\"elementor-post__excerpt\">\n\t\t\t<p>Comex unapre\u0111uje opremu kojom se posti\u017ee u\u0161teda energije kao i zadovoljavaju najvi\u0161i globalni standardi<\/p>\n<p>Pakovanje je zna\u010dajan segment uspe\u0161nog marketinga proizvoda i u velikoj meri uti\u010de na rast poslovanja i prodaje.<br \/>\n<br \/>\n<a href=\"\/serbia\/ebrd-and-eu-support-packaging-producer-in-serbia\/?lang=sr\" class=\"elementor-button cust-button\" role=\"button\">\u041e\u043f\u0448\u0438\u0440\u043d\u0438\u0458\u0435<\/a><a href=\"\/serbia\/wp-content\/uploads\/sites\/8\/2022\/07\/Comex-Article-SRB.pdf\" class=\"elementor-button cust-button\" role=\"button\">Preuzimanja<\/a><\/p>\n\t\t<\/div>\n\t\t\t\t<\/div>\n\t\t\t\t<div class=\"elementor-post__meta-data\">\n\t\t\t\t\t<span class=\"elementor-post-date\">\n\t\t\t\u0458\u0443\u043b 4, 2022\t\t<\/span>\n\t\t\t\t<\/div>\n\t\t\t\t\t<\/div>\n\t\t<\/article>\n\t\t\t\t<article class=\"elementor-post elementor-grid-item post-973 post type-post status-publish format-standard has-post-thumbnail hentry\" role=\"listitem\">\n\t\t\t<div class=\"elementor-post__card\">\n\t\t\t\t<a class=\"elementor-post__thumbnail__link\" href=\"https:\/\/web-sme-csp.com\/serbia\/sr\/vodeca-regionalna-kompanija-u-oblasti-filmske-industrije-unapredila-opremu\/\" tabindex=\"-1\" ><div class=\"elementor-post__thumbnail\"><img loading=\"lazy\" decoding=\"async\" width=\"200\" height=\"300\" src=\"https:\/\/web-sme-csp.com\/serbia\/wp-content\/uploads\/sites\/8\/2022\/03\/cam-200x300.jpg\" class=\"attachment-medium size-medium wp-image-959\" alt=\"\" srcset=\"https:\/\/web-sme-csp.com\/serbia\/wp-content\/uploads\/sites\/8\/2022\/03\/cam-200x300.jpg 200w, https:\/\/web-sme-csp.com\/serbia\/wp-content\/uploads\/sites\/8\/2022\/03\/cam-684x1024.jpg 684w, https:\/\/web-sme-csp.com\/serbia\/wp-content\/uploads\/sites\/8\/2022\/03\/cam.jpg 745w\" sizes=\"(max-width: 200px) 100vw, 200px\" \/><\/div><\/a>\n\t\t\t\t<div class=\"elementor-post__text\">\n\t\t\t\t<h3 class=\"elementor-post__title\">\n\t\t\t<a href=\"https:\/\/web-sme-csp.com\/serbia\/sr\/vodeca-regionalna-kompanija-u-oblasti-filmske-industrije-unapredila-opremu\/\" >\n\t\t\t\tVODE\u0106A REGIONALNA KOMPANIJA U OBLASTI FILMSKE INDUSTRIJE UNAPREDILA OPREMU\t\t\t<\/a>\n\t\t<\/h3>\n\t\t\t\t<div class=\"elementor-post__excerpt\">\n\t\t\t<p>Vision Team\u201d doo je kompanija koja je osnovana 2004. Godine, a danas je lider u proizvodnji filmskih,<br \/>\n<br \/>\n<a href=\"\/serbia\/vodeca-regionalna-kompanija-u-oblasti-filmske-industrije-unapredila-opremu\/?lang=sr\" class=\"elementor-button cust-button\" role=\"button\">\u041e\u043f\u0448\u0438\u0440\u043d\u0438\u0458\u0435<\/a><a href=\"\/serbia\/wp-content\/uploads\/sites\/8\/2022\/03\/WEB-Serbia-SUCCESS-Vision-Team-srb.pdf\" class=\"elementor-button cust-button\" role=\"button\">Preuzimanja<\/a><\/p>\n\t\t<\/div>\n\t\t\t\t<\/div>\n\t\t\t\t<div class=\"elementor-post__meta-data\">\n\t\t\t\t\t<span class=\"elementor-post-date\">\n\t\t\t\u043c\u0430\u0440\u0442 15, 2022\t\t<\/span>\n\t\t\t\t<\/div>\n\t\t\t\t\t<\/div>\n\t\t<\/article>\n\t\t\t\t<article class=\"elementor-post elementor-grid-item post-814 post type-post status-publish format-standard has-post-thumbnail hentry category-news-sr\" role=\"listitem\">\n\t\t\t<div class=\"elementor-post__card\">\n\t\t\t\t<a class=\"elementor-post__thumbnail__link\" href=\"https:\/\/web-sme-csp.com\/serbia\/sr\/ebrd-i-eu-podrzavaju-konkurentnost-malih-i-srednjih-preduzeca-u-srbiji\/\" tabindex=\"-1\" ><div class=\"elementor-post__thumbnail\"><img loading=\"lazy\" decoding=\"async\" width=\"300\" height=\"158\" src=\"https:\/\/web-sme-csp.com\/serbia\/wp-content\/uploads\/sites\/8\/2021\/10\/boost-competitiveness-300x158.png\" class=\"attachment-medium size-medium wp-image-810\" alt=\"\" srcset=\"https:\/\/web-sme-csp.com\/serbia\/wp-content\/uploads\/sites\/8\/2021\/10\/boost-competitiveness-300x158.png 300w, https:\/\/web-sme-csp.com\/serbia\/wp-content\/uploads\/sites\/8\/2021\/10\/boost-competitiveness.png 633w\" sizes=\"(max-width: 300px) 100vw, 300px\" \/><\/div><\/a>\n\t\t\t\t<div class=\"elementor-post__text\">\n\t\t\t\t<h3 class=\"elementor-post__title\">\n\t\t\t<a href=\"https:\/\/web-sme-csp.com\/serbia\/sr\/ebrd-i-eu-podrzavaju-konkurentnost-malih-i-srednjih-preduzeca-u-srbiji\/\" >\n\t\t\t\tEBRD and EU boost competitiveness of small and medium businesses in Serbia\t\t\t<\/a>\n\t\t<\/h3>\n\t\t\t\t<div class=\"elementor-post__excerpt\">\n\t\t\t<p>Evropska banka za obnovu i razvoj (EBRD) obezbedila je Erste Banci u Srbiji 5 miliona evra za podr\u0161ku konkurentnosti malih i srednjih preduzec\u0301a (MSP) u Srbiji.<br \/>\n<br \/>\n<a href=\"\/serbia\/ebrd-i-eu-podrzavaju-konkurentnost-malih-i-srednjih-preduzeca-u-srbiji\/?lang=sr\" class=\"elementor-button cust-button\" role=\"button\">\u041e\u043f\u0448\u0438\u0440\u043d\u0438\u0458\u0435<\/a><a href=\"#\" class=\"elementor-button cust-button\" role=\"button\">Preuzimanja<\/a><\/p>\n\t\t<\/div>\n\t\t\t\t<\/div>\n\t\t\t\t<div class=\"elementor-post__meta-data\">\n\t\t\t\t\t<span class=\"elementor-post-date\">\n\t\t\t\u043e\u043a\u0442\u043e\u0431\u0430\u0440 28, 2021\t\t<\/span>\n\t\t\t\t<\/div>\n\t\t\t\t\t<\/div>\n\t\t<\/article>\n\t\t\t\t<article class=\"elementor-post elementor-grid-item post-462 post type-post status-publish format-standard has-post-thumbnail hentry category-news category-news-sr\" role=\"listitem\">\n\t\t\t<div class=\"elementor-post__card\">\n\t\t\t\t<a class=\"elementor-post__thumbnail__link\" href=\"https:\/\/web-sme-csp.com\/serbia\/sr\/evropska-unija-i-ebrd-podrzavaju-konkurentnost-srpskih-firmi\/\" tabindex=\"-1\" ><div class=\"elementor-post__thumbnail\"><img loading=\"lazy\" decoding=\"async\" width=\"300\" height=\"141\" src=\"https:\/\/web-sme-csp.com\/serbia\/wp-content\/uploads\/sites\/8\/2019\/03\/serbien-300x141.png\" class=\"attachment-medium size-medium wp-image-478\" alt=\"\" srcset=\"https:\/\/web-sme-csp.com\/serbia\/wp-content\/uploads\/sites\/8\/2019\/03\/serbien-300x141.png 300w, https:\/\/web-sme-csp.com\/serbia\/wp-content\/uploads\/sites\/8\/2019\/03\/serbien.png 640w\" sizes=\"(max-width: 300px) 100vw, 300px\" \/><\/div><\/a>\n\t\t\t\t<div class=\"elementor-post__text\">\n\t\t\t\t<h3 class=\"elementor-post__title\">\n\t\t\t<a href=\"https:\/\/web-sme-csp.com\/serbia\/sr\/evropska-unija-i-ebrd-podrzavaju-konkurentnost-srpskih-firmi\/\" >\n\t\t\t\tEvropska unija i EBRD podr\u017eavaju konkurentnost srpskih firmi\t\t\t<\/a>\n\t\t<\/h3>\n\t\t\t\t<div class=\"elementor-post__excerpt\">\n\t\t\t<p>Program EBRD-a za pove\u0107anje konkurentnosti malih i srednjih preduzec\u0301a obuhvata kreditne linije vredne 40 miliona evra koje c\u0301e preduzec\u0301ima biti dostupne putem dve partnerske banke, Banca Intesa i UniCredit.<br \/>\n<br \/>\n<a href=\"https:\/\/web-sme-csp.com\/serbia\/evropska-unija-i-ebrd-podrzavaju-konkurentnost-srpskih-firmi\/?lang=sr\" class=\"elementor-button cust-button\" role=\"button\">\u041e\u043f\u0448\u0438\u0440\u043d\u0438\u0458\u0435<\/a><a href=\"#\" class=\"elementor-button cust-button\" role=\"button\">Preuzimanja<\/a><\/p>\n\t\t<\/div>\n\t\t\t\t<\/div>\n\t\t\t\t<div class=\"elementor-post__meta-data\">\n\t\t\t\t\t<span class=\"elementor-post-date\">\n\t\t\t\u043e\u043a\u0442\u043e\u0431\u0430\u0440 14, 2019\t\t<\/span>\n\t\t\t\t<\/div>\n\t\t\t\t\t<\/div>\n\t\t<\/article>\n\t\t\t\t<\/div>\n\t\t\n\t\t\t\t\t\t<\/div>\n\t\t\t\t<\/div>\n\t\t\t\t\t<\/div>\n\t\t<\/div>\n\t\t\t\t\t<\/div>\n\t\t<\/section>\n\t\t\t\t<\/div>\n\t\t","protected":false},"excerpt":{"rendered":"<p>VIJESTI OSTANITE INFORMISANI<\/p>\n","protected":false},"author":1,"featured_media":0,"parent":0,"menu_order":0,"comment_status":"closed","ping_status":"closed","template":"elementor_header_footer","meta":{"footnotes":""},"class_list":["post-153","page","type-page","status-publish","hentry"],"yoast_head":"<!-- This site is optimized with the Yoast SEO plugin v27.4 - https:\/\/yoast.com\/product\/yoast-seo-wordpress\/ -->\n<title>VIJESTI - web-sme-csp.com Serbia<\/title>\n<meta name=\"robots\" content=\"index, follow, max-snippet:-1, max-image-preview:large, max-video-preview:-1\" \/>\n<link rel=\"canonical\" href=\"https:\/\/web-sme-csp.com\/serbia\/vijesti\/?lang=sr\" \/>\n<meta property=\"og:locale\" content=\"sr_RS\" \/>\n<meta property=\"og:type\" content=\"article\" \/>\n<meta property=\"og:title\" content=\"VIJESTI - web-sme-csp.com Serbia\" \/>\n<meta property=\"og:description\" content=\"VIJESTI OSTANITE INFORMISANI\" \/>\n<meta property=\"og:url\" content=\"https:\/\/web-sme-csp.com\/serbia\/vijesti\/?lang=sr\" \/>\n<meta property=\"og:site_name\" content=\"web-sme-csp.com Serbia\" \/>\n<meta property=\"article:publisher\" content=\"https:\/\/www.facebook.com\/Program-Za-Poveanje-Konkurentnosti-MSP-117944216282301\/?modal=admin_todo_tour\" \/>\n<meta property=\"article:modified_time\" content=\"2020-08-06T09:34:38+00:00\" \/>\n<meta name=\"twitter:card\" content=\"summary_large_image\" \/>\n<script type=\"application\/ld+json\" class=\"yoast-schema-graph\">{\"@context\":\"https:\\\/\\\/schema.org\",\"@graph\":[{\"@type\":\"WebPage\",\"@id\":\"https:\\\/\\\/web-sme-csp.com\\\/serbia\\\/vijesti\\\/?lang=sr\",\"url\":\"https:\\\/\\\/web-sme-csp.com\\\/serbia\\\/vijesti\\\/?lang=sr\",\"name\":\"VIJESTI - web-sme-csp.com Serbia\",\"isPartOf\":{\"@id\":\"https:\\\/\\\/web-sme-csp.com\\\/serbia\\\/#website\"},\"datePublished\":\"2019-07-23T08:36:19+00:00\",\"dateModified\":\"2020-08-06T09:34:38+00:00\",\"breadcrumb\":{\"@id\":\"https:\\\/\\\/web-sme-csp.com\\\/serbia\\\/vijesti\\\/?lang=sr#breadcrumb\"},\"inLanguage\":\"sr-RS\",\"potentialAction\":[{\"@type\":\"ReadAction\",\"target\":[\"https:\\\/\\\/web-sme-csp.com\\\/serbia\\\/vijesti\\\/?lang=sr\"]}]},{\"@type\":\"BreadcrumbList\",\"@id\":\"https:\\\/\\\/web-sme-csp.com\\\/serbia\\\/vijesti\\\/?lang=sr#breadcrumb\",\"itemListElement\":[{\"@type\":\"ListItem\",\"position\":1,\"name\":\"Home\",\"item\":\"https:\\\/\\\/web-sme-csp.com\\\/serbia\\\/?lang=sr\"},{\"@type\":\"ListItem\",\"position\":2,\"name\":\"VIJESTI\"}]},{\"@type\":\"WebSite\",\"@id\":\"https:\\\/\\\/web-sme-csp.com\\\/serbia\\\/#website\",\"url\":\"https:\\\/\\\/web-sme-csp.com\\\/serbia\\\/\",\"name\":\"web-sme-csp.com Serbia\",\"description\":\"Serbia\",\"potentialAction\":[{\"@type\":\"SearchAction\",\"target\":{\"@type\":\"EntryPoint\",\"urlTemplate\":\"https:\\\/\\\/web-sme-csp.com\\\/serbia\\\/?s={search_term_string}\"},\"query-input\":{\"@type\":\"PropertyValueSpecification\",\"valueRequired\":true,\"valueName\":\"search_term_string\"}}],\"inLanguage\":\"sr-RS\"}]}<\/script>\n<!-- \/ Yoast SEO plugin. -->","yoast_head_json":{"title":"VIJESTI - web-sme-csp.com Serbia","robots":{"index":"index","follow":"follow","max-snippet":"max-snippet:-1","max-image-preview":"max-image-preview:large","max-video-preview":"max-video-preview:-1"},"canonical":"https:\/\/web-sme-csp.com\/serbia\/vijesti\/?lang=sr","og_locale":"sr_RS","og_type":"article","og_title":"VIJESTI - web-sme-csp.com Serbia","og_description":"VIJESTI OSTANITE INFORMISANI","og_url":"https:\/\/web-sme-csp.com\/serbia\/vijesti\/?lang=sr","og_site_name":"web-sme-csp.com Serbia","article_publisher":"https:\/\/www.facebook.com\/Program-Za-Poveanje-Konkurentnosti-MSP-117944216282301\/?modal=admin_todo_tour","article_modified_time":"2020-08-06T09:34:38+00:00","twitter_card":"summary_large_image","schema":{"@context":"https:\/\/schema.org","@graph":[{"@type":"WebPage","@id":"https:\/\/web-sme-csp.com\/serbia\/vijesti\/?lang=sr","url":"https:\/\/web-sme-csp.com\/serbia\/vijesti\/?lang=sr","name":"VIJESTI - web-sme-csp.com Serbia","isPartOf":{"@id":"https:\/\/web-sme-csp.com\/serbia\/#website"},"datePublished":"2019-07-23T08:36:19+00:00","dateModified":"2020-08-06T09:34:38+00:00","breadcrumb":{"@id":"https:\/\/web-sme-csp.com\/serbia\/vijesti\/?lang=sr#breadcrumb"},"inLanguage":"sr-RS","potentialAction":[{"@type":"ReadAction","target":["https:\/\/web-sme-csp.com\/serbia\/vijesti\/?lang=sr"]}]},{"@type":"BreadcrumbList","@id":"https:\/\/web-sme-csp.com\/serbia\/vijesti\/?lang=sr#breadcrumb","itemListElement":[{"@type":"ListItem","position":1,"name":"Home","item":"https:\/\/web-sme-csp.com\/serbia\/?lang=sr"},{"@type":"ListItem","position":2,"name":"VIJESTI"}]},{"@type":"WebSite","@id":"https:\/\/web-sme-csp.com\/serbia\/#website","url":"https:\/\/web-sme-csp.com\/serbia\/","name":"web-sme-csp.com Serbia","description":"Serbia","potentialAction":[{"@type":"SearchAction","target":{"@type":"EntryPoint","urlTemplate":"https:\/\/web-sme-csp.com\/serbia\/?s={search_term_string}"},"query-input":{"@type":"PropertyValueSpecification","valueRequired":true,"valueName":"search_term_string"}}],"inLanguage":"sr-RS"}]}},"_links":{"self":[{"href":"https:\/\/web-sme-csp.com\/serbia\/sr\/wp-json\/wp\/v2\/pages\/153","targetHints":{"allow":["GET"]}}],"collection":[{"href":"https:\/\/web-sme-csp.com\/serbia\/sr\/wp-json\/wp\/v2\/pages"}],"about":[{"href":"https:\/\/web-sme-csp.com\/serbia\/sr\/wp-json\/wp\/v2\/types\/page"}],"author":[{"embeddable":true,"href":"https:\/\/web-sme-csp.com\/serbia\/sr\/wp-json\/wp\/v2\/users\/1"}],"replies":[{"embeddable":true,"href":"https:\/\/web-sme-csp.com\/serbia\/sr\/wp-json\/wp\/v2\/comments?post=153"}],"version-history":[{"count":6,"href":"https:\/\/web-sme-csp.com\/serbia\/sr\/wp-json\/wp\/v2\/pages\/153\/revisions"}],"predecessor-version":[{"id":486,"href":"https:\/\/web-sme-csp.com\/serbia\/sr\/wp-json\/wp\/v2\/pages\/153\/revisions\/486"}],"wp:attachment":[{"href":"https:\/\/web-sme-csp.com\/serbia\/sr\/wp-json\/wp\/v2\/media?parent=153"}],"curies":[{"name":"wp","href":"https:\/\/api.w.org\/{rel}","templated":true}]}}