{"id":150,"date":"2019-07-23T08:33:51","date_gmt":"2019-07-23T08:33:51","guid":{"rendered":"https:\/\/web-sme-csp.com\/serbia\/?page_id=150"},"modified":"2020-12-04T10:08:40","modified_gmt":"2020-12-04T10:08:40","slug":"investicioni-grantovi","status":"publish","type":"page","link":"https:\/\/web-sme-csp.com\/serbia\/sr\/investicioni-grantovi\/","title":{"rendered":"INVESTICIONI GRANTOVI"},"content":{"rendered":"\t\t<div data-elementor-type=\"wp-post\" data-elementor-id=\"150\" class=\"elementor elementor-150\" data-elementor-post-type=\"page\">\n\t\t\t\t\t\t<section class=\"elementor-section elementor-top-section elementor-element elementor-element-6ef4bce elementor-section-full_width elementor-section-height-default elementor-section-height-default\" data-id=\"6ef4bce\" data-element_type=\"section\" data-e-type=\"section\">\n\t\t\t\t\t\t<div class=\"elementor-container elementor-column-gap-no\">\n\t\t\t\t\t<div class=\"elementor-column elementor-col-100 elementor-top-column elementor-element elementor-element-8dbdd39\" data-id=\"8dbdd39\" data-element_type=\"column\" data-e-type=\"column\">\n\t\t\t<div class=\"elementor-widget-wrap elementor-element-populated\">\n\t\t\t\t\t\t<div class=\"elementor-element elementor-element-48bb4d5 elementor-skin-carousel elementor-widget elementor-widget-media-carousel\" data-id=\"48bb4d5\" data-element_type=\"widget\" data-e-type=\"widget\" data-settings=\"{&quot;space_between&quot;:{&quot;unit&quot;:&quot;px&quot;,&quot;size&quot;:0,&quot;sizes&quot;:[]},&quot;skin&quot;:&quot;carousel&quot;,&quot;effect&quot;:&quot;slide&quot;,&quot;speed&quot;:500,&quot;autoplay&quot;:&quot;yes&quot;,&quot;autoplay_speed&quot;:5000,&quot;loop&quot;:&quot;yes&quot;,&quot;pause_on_hover&quot;:&quot;yes&quot;,&quot;pause_on_interaction&quot;:&quot;yes&quot;,&quot;space_between_tablet&quot;:{&quot;unit&quot;:&quot;px&quot;,&quot;size&quot;:10,&quot;sizes&quot;:[]},&quot;space_between_mobile&quot;:{&quot;unit&quot;:&quot;px&quot;,&quot;size&quot;:10,&quot;sizes&quot;:[]}}\" data-widget_type=\"media-carousel.default\">\n\t\t\t\t<div class=\"elementor-widget-container\">\n\t\t\t\t\t\t\t\t\t<div class=\"elementor-swiper\">\n\t\t\t\t\t<div class=\"elementor-main-swiper swiper\" role=\"region\" aria-roledescription=\"carousel\" aria-label=\"Slides\">\n\t\t\t\t<div class=\"swiper-wrapper\">\n\t\t\t\t\t\t\t\t\t\t\t<div class=\"swiper-slide\" role=\"group\" aria-roledescription=\"slide\">\n\t\t\t\t\t\t\t\t\t<div class=\"elementor-carousel-image\" role=\"img\" aria-label=\"395129-PCH2M7-589-e1552605691578.jpg\" style=\"background-image: url(&#039;https:\/\/web-sme-csp.com\/serbia\/wp-content\/uploads\/sites\/8\/2019\/07\/395129-PCH2M7-589-e1552605691578.jpg&#039;)\">\n\n\t\t\t\n\t\t\t\t\t<\/div>\n\t\t\t\t\t\t\t\t<\/div>\n\t\t\t\t\t\t\t\t\t<\/div>\n\t\t\t\t\t\t\t<\/div>\n\t\t\t\t<\/div>\n\t\t\t\t\t\t\t\t<\/div>\n\t\t\t\t<\/div>\n\t\t\t\t\t<\/div>\n\t\t<\/div>\n\t\t\t\t\t<\/div>\n\t\t<\/section>\n\t\t\t\t<section class=\"elementor-section elementor-top-section elementor-element elementor-element-d13f5ad elementor-section-content-middle elementor-section-boxed elementor-section-height-default elementor-section-height-default\" data-id=\"d13f5ad\" data-element_type=\"section\" data-e-type=\"section\" data-settings=\"{&quot;background_background&quot;:&quot;classic&quot;}\">\n\t\t\t\t\t\t<div class=\"elementor-container elementor-column-gap-default\">\n\t\t\t\t\t<div class=\"elementor-column elementor-col-100 elementor-top-column elementor-element elementor-element-522b78e\" data-id=\"522b78e\" data-element_type=\"column\" data-e-type=\"column\" data-settings=\"{&quot;background_background&quot;:&quot;classic&quot;}\">\n\t\t\t<div class=\"elementor-widget-wrap elementor-element-populated\">\n\t\t\t\t\t\t<div class=\"elementor-element elementor-element-10b65f2 elementor-widget elementor-widget-heading\" data-id=\"10b65f2\" data-element_type=\"widget\" data-e-type=\"widget\" data-widget_type=\"heading.default\">\n\t\t\t\t<div class=\"elementor-widget-container\">\n\t\t\t\t\t<h1 class=\"elementor-heading-title elementor-size-default\">INVESTICIONI GRANTOVI<\/h1>\t\t\t\t<\/div>\n\t\t\t\t<\/div>\n\t\t\t\t<div class=\"elementor-element elementor-element-b15d1fe elementor-widget elementor-widget-text-editor\" data-id=\"b15d1fe\" data-element_type=\"widget\" data-e-type=\"widget\" data-widget_type=\"text-editor.default\">\n\t\t\t\t<div class=\"elementor-widget-container\">\n\t\t\t\t\t\t\t\t\t<p>PODSTICAJI<\/p>\t\t\t\t\t\t\t\t<\/div>\n\t\t\t\t<\/div>\n\t\t\t\t\t<\/div>\n\t\t<\/div>\n\t\t\t\t\t<\/div>\n\t\t<\/section>\n\t\t\t\t<section class=\"elementor-section elementor-top-section elementor-element elementor-element-0451b46 elementor-section-boxed elementor-section-height-default elementor-section-height-default\" data-id=\"0451b46\" data-element_type=\"section\" data-e-type=\"section\">\n\t\t\t\t\t\t<div class=\"elementor-container elementor-column-gap-default\">\n\t\t\t\t\t<div class=\"elementor-column elementor-col-100 elementor-top-column elementor-element elementor-element-1ad1a13\" data-id=\"1ad1a13\" data-element_type=\"column\" data-e-type=\"column\">\n\t\t\t<div class=\"elementor-widget-wrap elementor-element-populated\">\n\t\t\t\t\t\t<section class=\"elementor-section elementor-inner-section elementor-element elementor-element-09f64e2 elementor-section-boxed elementor-section-height-default elementor-section-height-default\" data-id=\"09f64e2\" data-element_type=\"section\" data-e-type=\"section\">\n\t\t\t\t\t\t<div class=\"elementor-container elementor-column-gap-default\">\n\t\t\t\t\t<div class=\"elementor-column elementor-col-50 elementor-inner-column elementor-element elementor-element-7d945cd\" data-id=\"7d945cd\" data-element_type=\"column\" data-e-type=\"column\">\n\t\t\t<div class=\"elementor-widget-wrap elementor-element-populated\">\n\t\t\t\t\t\t<div class=\"elementor-element elementor-element-5eac7a5 elementor-widget elementor-widget-text-editor\" data-id=\"5eac7a5\" data-element_type=\"widget\" data-e-type=\"widget\" data-widget_type=\"text-editor.default\">\n\t\t\t\t<div class=\"elementor-widget-container\">\n\t\t\t\t\t\t\t\t\t<p>Svaki projekat \u0107e dobiti investicioni podsticaj (grant) u iznosu do 15% nakon uspe\u0161ne implementacije i verifikacije projekta:<\/p><ul><li style=\"list-style-type: none;\"><ul><li>Iznos investicionog podsticaja koji se dodeljuje projektu i\/ili zajmoprimcu utvrdit \u0107e konsultant za verifikaciju (\u201cVC\u201d) i isti \u0107e biti predstavljen u izve\u0161taju o verifikaciji.<\/li><li>Iznos za uplatu investicionog podsticaja utvr\u0111uje se kao iznos od 15% jednog (ni\u017eeg) iznosa:<\/li><li>prihvatljivi, utro\u0161eni iznos kredita ili<\/li><\/ul><\/li><\/ul><p>prihvatljivi tro\u0161ak investicije projekta, isklju\u010duju\u0107i bilo koji iznos PDV-a koji se pla\u0107a u vezi sa investicijom.<\/p>\t\t\t\t\t\t\t\t<\/div>\n\t\t\t\t<\/div>\n\t\t\t\t\t<\/div>\n\t\t<\/div>\n\t\t\t\t<div class=\"elementor-column elementor-col-50 elementor-inner-column elementor-element elementor-element-0389504\" data-id=\"0389504\" data-element_type=\"column\" data-e-type=\"column\">\n\t\t\t<div class=\"elementor-widget-wrap elementor-element-populated\">\n\t\t\t\t\t\t<div class=\"elementor-element elementor-element-2c947ae elementor-widget elementor-widget-image\" data-id=\"2c947ae\" data-element_type=\"widget\" data-e-type=\"widget\" data-widget_type=\"image.default\">\n\t\t\t\t<div class=\"elementor-widget-container\">\n\t\t\t\t\t\t\t\t\t\t\t\t\t\t\t<img fetchpriority=\"high\" decoding=\"async\" width=\"518\" height=\"332\" src=\"https:\/\/web-sme-csp.com\/serbia\/wp-content\/uploads\/sites\/8\/2019\/07\/Untitled-3-1.png\" class=\"attachment-full size-full wp-image-20\" alt=\"\" srcset=\"https:\/\/web-sme-csp.com\/serbia\/wp-content\/uploads\/sites\/8\/2019\/07\/Untitled-3-1.png 518w, https:\/\/web-sme-csp.com\/serbia\/wp-content\/uploads\/sites\/8\/2019\/07\/Untitled-3-1-300x192.png 300w\" sizes=\"(max-width: 518px) 100vw, 518px\" \/>\t\t\t\t\t\t\t\t\t\t\t\t\t\t\t<\/div>\n\t\t\t\t<\/div>\n\t\t\t\t\t<\/div>\n\t\t<\/div>\n\t\t\t\t\t<\/div>\n\t\t<\/section>\n\t\t\t\t\t<\/div>\n\t\t<\/div>\n\t\t\t\t\t<\/div>\n\t\t<\/section>\n\t\t\t\t<\/div>\n\t\t","protected":false},"excerpt":{"rendered":"<p>INVESTICIONI GRANTOVI PODSTICAJI Svaki projekat \u0107e dobiti investicioni podsticaj (grant) u iznosu do 15% nakon uspe\u0161ne implementacije i verifikacije projekta: Iznos investicionog podsticaja koji se dodeljuje projektu i\/ili zajmoprimcu utvrdit \u0107e konsultant za verifikaciju (\u201cVC\u201d) i isti \u0107e biti predstavljen u izve\u0161taju o verifikaciji. Iznos za uplatu investicionog podsticaja utvr\u0111uje se kao iznos od 15% [&hellip;]<\/p>\n","protected":false},"author":1,"featured_media":0,"parent":0,"menu_order":0,"comment_status":"closed","ping_status":"closed","template":"elementor_header_footer","meta":{"footnotes":""},"class_list":["post-150","page","type-page","status-publish","hentry"],"yoast_head":"<!-- This site is optimized with the Yoast SEO plugin v27.5 - https:\/\/yoast.com\/product\/yoast-seo-wordpress\/ -->\n<title>INVESTICIONI GRANTOVI - web-sme-csp.com Serbia<\/title>\n<meta name=\"robots\" content=\"index, follow, max-snippet:-1, max-image-preview:large, max-video-preview:-1\" \/>\n<link rel=\"canonical\" href=\"https:\/\/web-sme-csp.com\/serbia\/investicioni-grantovi\/?lang=sr\" \/>\n<meta property=\"og:locale\" content=\"sr_RS\" \/>\n<meta property=\"og:type\" content=\"article\" \/>\n<meta property=\"og:title\" content=\"INVESTICIONI GRANTOVI - web-sme-csp.com Serbia\" \/>\n<meta property=\"og:description\" content=\"INVESTICIONI GRANTOVI PODSTICAJI Svaki projekat \u0107e dobiti investicioni podsticaj (grant) u iznosu do 15% nakon uspe\u0161ne implementacije i verifikacije projekta: Iznos investicionog podsticaja koji se dodeljuje projektu i\/ili zajmoprimcu utvrdit \u0107e konsultant za verifikaciju (\u201cVC\u201d) i isti \u0107e biti predstavljen u izve\u0161taju o verifikaciji. Iznos za uplatu investicionog podsticaja utvr\u0111uje se kao iznos od 15% [&hellip;]\" \/>\n<meta property=\"og:url\" content=\"https:\/\/web-sme-csp.com\/serbia\/investicioni-grantovi\/?lang=sr\" \/>\n<meta property=\"og:site_name\" content=\"web-sme-csp.com Serbia\" \/>\n<meta property=\"article:publisher\" content=\"https:\/\/www.facebook.com\/Program-Za-Poveanje-Konkurentnosti-MSP-117944216282301\/?modal=admin_todo_tour\" \/>\n<meta property=\"article:modified_time\" content=\"2020-12-04T10:08:40+00:00\" \/>\n<meta property=\"og:image\" content=\"https:\/\/web-sme-csp.com\/serbia\/wp-content\/uploads\/sites\/8\/2019\/07\/Untitled-3-1.png\" \/>\n<meta name=\"twitter:card\" content=\"summary_large_image\" \/>\n<script type=\"application\/ld+json\" class=\"yoast-schema-graph\">{\"@context\":\"https:\\\/\\\/schema.org\",\"@graph\":[{\"@type\":\"WebPage\",\"@id\":\"https:\\\/\\\/web-sme-csp.com\\\/serbia\\\/investicioni-grantovi\\\/?lang=sr\",\"url\":\"https:\\\/\\\/web-sme-csp.com\\\/serbia\\\/investicioni-grantovi\\\/?lang=sr\",\"name\":\"INVESTICIONI GRANTOVI - web-sme-csp.com Serbia\",\"isPartOf\":{\"@id\":\"https:\\\/\\\/web-sme-csp.com\\\/serbia\\\/#website\"},\"primaryImageOfPage\":{\"@id\":\"https:\\\/\\\/web-sme-csp.com\\\/serbia\\\/investicioni-grantovi\\\/?lang=sr#primaryimage\"},\"image\":{\"@id\":\"https:\\\/\\\/web-sme-csp.com\\\/serbia\\\/investicioni-grantovi\\\/?lang=sr#primaryimage\"},\"thumbnailUrl\":\"https:\\\/\\\/web-sme-csp.com\\\/serbia\\\/wp-content\\\/uploads\\\/sites\\\/8\\\/2019\\\/07\\\/Untitled-3-1.png\",\"datePublished\":\"2019-07-23T08:33:51+00:00\",\"dateModified\":\"2020-12-04T10:08:40+00:00\",\"breadcrumb\":{\"@id\":\"https:\\\/\\\/web-sme-csp.com\\\/serbia\\\/investicioni-grantovi\\\/?lang=sr#breadcrumb\"},\"inLanguage\":\"sr-RS\",\"potentialAction\":[{\"@type\":\"ReadAction\",\"target\":[\"https:\\\/\\\/web-sme-csp.com\\\/serbia\\\/investicioni-grantovi\\\/?lang=sr\"]}]},{\"@type\":\"ImageObject\",\"inLanguage\":\"sr-RS\",\"@id\":\"https:\\\/\\\/web-sme-csp.com\\\/serbia\\\/investicioni-grantovi\\\/?lang=sr#primaryimage\",\"url\":\"https:\\\/\\\/web-sme-csp.com\\\/serbia\\\/wp-content\\\/uploads\\\/sites\\\/8\\\/2019\\\/07\\\/Untitled-3-1.png\",\"contentUrl\":\"https:\\\/\\\/web-sme-csp.com\\\/serbia\\\/wp-content\\\/uploads\\\/sites\\\/8\\\/2019\\\/07\\\/Untitled-3-1.png\"},{\"@type\":\"BreadcrumbList\",\"@id\":\"https:\\\/\\\/web-sme-csp.com\\\/serbia\\\/investicioni-grantovi\\\/?lang=sr#breadcrumb\",\"itemListElement\":[{\"@type\":\"ListItem\",\"position\":1,\"name\":\"Home\",\"item\":\"https:\\\/\\\/web-sme-csp.com\\\/serbia\\\/?lang=sr\"},{\"@type\":\"ListItem\",\"position\":2,\"name\":\"INVESTICIONI GRANTOVI\"}]},{\"@type\":\"WebSite\",\"@id\":\"https:\\\/\\\/web-sme-csp.com\\\/serbia\\\/#website\",\"url\":\"https:\\\/\\\/web-sme-csp.com\\\/serbia\\\/\",\"name\":\"web-sme-csp.com Serbia\",\"description\":\"Serbia\",\"potentialAction\":[{\"@type\":\"SearchAction\",\"target\":{\"@type\":\"EntryPoint\",\"urlTemplate\":\"https:\\\/\\\/web-sme-csp.com\\\/serbia\\\/?s={search_term_string}\"},\"query-input\":{\"@type\":\"PropertyValueSpecification\",\"valueRequired\":true,\"valueName\":\"search_term_string\"}}],\"inLanguage\":\"sr-RS\"}]}<\/script>\n<!-- \/ Yoast SEO plugin. -->","yoast_head_json":{"title":"INVESTICIONI GRANTOVI - web-sme-csp.com Serbia","robots":{"index":"index","follow":"follow","max-snippet":"max-snippet:-1","max-image-preview":"max-image-preview:large","max-video-preview":"max-video-preview:-1"},"canonical":"https:\/\/web-sme-csp.com\/serbia\/investicioni-grantovi\/?lang=sr","og_locale":"sr_RS","og_type":"article","og_title":"INVESTICIONI GRANTOVI - web-sme-csp.com Serbia","og_description":"INVESTICIONI GRANTOVI PODSTICAJI Svaki projekat \u0107e dobiti investicioni podsticaj (grant) u iznosu do 15% nakon uspe\u0161ne implementacije i verifikacije projekta: Iznos investicionog podsticaja koji se dodeljuje projektu i\/ili zajmoprimcu utvrdit \u0107e konsultant za verifikaciju (\u201cVC\u201d) i isti \u0107e biti predstavljen u izve\u0161taju o verifikaciji. Iznos za uplatu investicionog podsticaja utvr\u0111uje se kao iznos od 15% [&hellip;]","og_url":"https:\/\/web-sme-csp.com\/serbia\/investicioni-grantovi\/?lang=sr","og_site_name":"web-sme-csp.com Serbia","article_publisher":"https:\/\/www.facebook.com\/Program-Za-Poveanje-Konkurentnosti-MSP-117944216282301\/?modal=admin_todo_tour","article_modified_time":"2020-12-04T10:08:40+00:00","og_image":[{"url":"https:\/\/web-sme-csp.com\/serbia\/wp-content\/uploads\/sites\/8\/2019\/07\/Untitled-3-1.png","type":"","width":"","height":""}],"twitter_card":"summary_large_image","schema":{"@context":"https:\/\/schema.org","@graph":[{"@type":"WebPage","@id":"https:\/\/web-sme-csp.com\/serbia\/investicioni-grantovi\/?lang=sr","url":"https:\/\/web-sme-csp.com\/serbia\/investicioni-grantovi\/?lang=sr","name":"INVESTICIONI GRANTOVI - web-sme-csp.com Serbia","isPartOf":{"@id":"https:\/\/web-sme-csp.com\/serbia\/#website"},"primaryImageOfPage":{"@id":"https:\/\/web-sme-csp.com\/serbia\/investicioni-grantovi\/?lang=sr#primaryimage"},"image":{"@id":"https:\/\/web-sme-csp.com\/serbia\/investicioni-grantovi\/?lang=sr#primaryimage"},"thumbnailUrl":"https:\/\/web-sme-csp.com\/serbia\/wp-content\/uploads\/sites\/8\/2019\/07\/Untitled-3-1.png","datePublished":"2019-07-23T08:33:51+00:00","dateModified":"2020-12-04T10:08:40+00:00","breadcrumb":{"@id":"https:\/\/web-sme-csp.com\/serbia\/investicioni-grantovi\/?lang=sr#breadcrumb"},"inLanguage":"sr-RS","potentialAction":[{"@type":"ReadAction","target":["https:\/\/web-sme-csp.com\/serbia\/investicioni-grantovi\/?lang=sr"]}]},{"@type":"ImageObject","inLanguage":"sr-RS","@id":"https:\/\/web-sme-csp.com\/serbia\/investicioni-grantovi\/?lang=sr#primaryimage","url":"https:\/\/web-sme-csp.com\/serbia\/wp-content\/uploads\/sites\/8\/2019\/07\/Untitled-3-1.png","contentUrl":"https:\/\/web-sme-csp.com\/serbia\/wp-content\/uploads\/sites\/8\/2019\/07\/Untitled-3-1.png"},{"@type":"BreadcrumbList","@id":"https:\/\/web-sme-csp.com\/serbia\/investicioni-grantovi\/?lang=sr#breadcrumb","itemListElement":[{"@type":"ListItem","position":1,"name":"Home","item":"https:\/\/web-sme-csp.com\/serbia\/?lang=sr"},{"@type":"ListItem","position":2,"name":"INVESTICIONI GRANTOVI"}]},{"@type":"WebSite","@id":"https:\/\/web-sme-csp.com\/serbia\/#website","url":"https:\/\/web-sme-csp.com\/serbia\/","name":"web-sme-csp.com Serbia","description":"Serbia","potentialAction":[{"@type":"SearchAction","target":{"@type":"EntryPoint","urlTemplate":"https:\/\/web-sme-csp.com\/serbia\/?s={search_term_string}"},"query-input":{"@type":"PropertyValueSpecification","valueRequired":true,"valueName":"search_term_string"}}],"inLanguage":"sr-RS"}]}},"_links":{"self":[{"href":"https:\/\/web-sme-csp.com\/serbia\/sr\/wp-json\/wp\/v2\/pages\/150","targetHints":{"allow":["GET"]}}],"collection":[{"href":"https:\/\/web-sme-csp.com\/serbia\/sr\/wp-json\/wp\/v2\/pages"}],"about":[{"href":"https:\/\/web-sme-csp.com\/serbia\/sr\/wp-json\/wp\/v2\/types\/page"}],"author":[{"embeddable":true,"href":"https:\/\/web-sme-csp.com\/serbia\/sr\/wp-json\/wp\/v2\/users\/1"}],"replies":[{"embeddable":true,"href":"https:\/\/web-sme-csp.com\/serbia\/sr\/wp-json\/wp\/v2\/comments?post=150"}],"version-history":[{"count":5,"href":"https:\/\/web-sme-csp.com\/serbia\/sr\/wp-json\/wp\/v2\/pages\/150\/revisions"}],"predecessor-version":[{"id":555,"href":"https:\/\/web-sme-csp.com\/serbia\/sr\/wp-json\/wp\/v2\/pages\/150\/revisions\/555"}],"wp:attachment":[{"href":"https:\/\/web-sme-csp.com\/serbia\/sr\/wp-json\/wp\/v2\/media?parent=150"}],"curies":[{"name":"wp","href":"https:\/\/api.w.org\/{rel}","templated":true}]}}