{"id":132,"date":"2019-07-23T08:05:55","date_gmt":"2019-07-23T08:05:55","guid":{"rendered":"https:\/\/web-sme-csp.com\/serbia\/?page_id=132"},"modified":"2019-07-23T08:13:28","modified_gmt":"2019-07-23T08:13:28","slug":"proces-prijavljivanja","status":"publish","type":"page","link":"https:\/\/web-sme-csp.com\/serbia\/sr\/proces-prijavljivanja\/","title":{"rendered":"Proces prijavljivanja"},"content":{"rendered":"\t\t<div data-elementor-type=\"wp-post\" data-elementor-id=\"132\" class=\"elementor elementor-132\" data-elementor-post-type=\"page\">\n\t\t\t\t\t\t<section class=\"elementor-section elementor-top-section elementor-element elementor-element-865b1b3 elementor-section-full_width elementor-section-height-default elementor-section-height-default\" data-id=\"865b1b3\" data-element_type=\"section\" data-e-type=\"section\">\n\t\t\t\t\t\t<div class=\"elementor-container elementor-column-gap-no\">\n\t\t\t\t\t<div class=\"elementor-column elementor-col-100 elementor-top-column elementor-element elementor-element-2316513\" data-id=\"2316513\" data-element_type=\"column\" data-e-type=\"column\">\n\t\t\t<div class=\"elementor-widget-wrap elementor-element-populated\">\n\t\t\t\t\t\t<div class=\"elementor-element elementor-element-8f61205 elementor-skin-carousel elementor-widget elementor-widget-media-carousel\" data-id=\"8f61205\" data-element_type=\"widget\" data-e-type=\"widget\" data-settings=\"{&quot;space_between&quot;:{&quot;unit&quot;:&quot;px&quot;,&quot;size&quot;:0,&quot;sizes&quot;:[]},&quot;space_between_tablet&quot;:{&quot;unit&quot;:&quot;px&quot;,&quot;size&quot;:10,&quot;sizes&quot;:[]},&quot;space_between_mobile&quot;:{&quot;unit&quot;:&quot;px&quot;,&quot;size&quot;:10,&quot;sizes&quot;:[]},&quot;skin&quot;:&quot;carousel&quot;,&quot;effect&quot;:&quot;slide&quot;,&quot;speed&quot;:500,&quot;autoplay&quot;:&quot;yes&quot;,&quot;autoplay_speed&quot;:5000,&quot;loop&quot;:&quot;yes&quot;,&quot;pause_on_hover&quot;:&quot;yes&quot;,&quot;pause_on_interaction&quot;:&quot;yes&quot;}\" data-widget_type=\"media-carousel.default\">\n\t\t\t\t<div class=\"elementor-widget-container\">\n\t\t\t\t\t\t\t\t\t<div class=\"elementor-swiper\">\n\t\t\t\t\t<div class=\"elementor-main-swiper swiper\" role=\"region\" aria-roledescription=\"carousel\" aria-label=\"Slides\">\n\t\t\t\t<div class=\"swiper-wrapper\">\n\t\t\t\t\t\t\t\t\t\t\t<div class=\"swiper-slide\" role=\"group\" aria-roledescription=\"slide\">\n\t\t\t\t\t\t\t\t\t<div class=\"elementor-carousel-image\" role=\"img\" aria-label=\"395129-PCH2M7-589-e1552605691578.jpg\" style=\"background-image: url(&#039;https:\/\/web-sme-csp.com\/serbia\/wp-content\/uploads\/sites\/8\/2019\/07\/395129-PCH2M7-589-e1552605691578.jpg&#039;)\">\n\n\t\t\t\n\t\t\t\t\t<\/div>\n\t\t\t\t\t\t\t\t<\/div>\n\t\t\t\t\t\t\t\t\t<\/div>\n\t\t\t\t\t\t\t<\/div>\n\t\t\t\t<\/div>\n\t\t\t\t\t\t\t\t<\/div>\n\t\t\t\t<\/div>\n\t\t\t\t\t<\/div>\n\t\t<\/div>\n\t\t\t\t\t<\/div>\n\t\t<\/section>\n\t\t\t\t<section class=\"elementor-section elementor-top-section elementor-element elementor-element-1be4d4a elementor-section-content-middle elementor-section-boxed elementor-section-height-default elementor-section-height-default\" data-id=\"1be4d4a\" data-element_type=\"section\" data-e-type=\"section\" data-settings=\"{&quot;background_background&quot;:&quot;classic&quot;}\">\n\t\t\t\t\t\t<div class=\"elementor-container elementor-column-gap-default\">\n\t\t\t\t\t<div class=\"elementor-column elementor-col-100 elementor-top-column elementor-element elementor-element-c120e03\" data-id=\"c120e03\" data-element_type=\"column\" data-e-type=\"column\" data-settings=\"{&quot;background_background&quot;:&quot;classic&quot;}\">\n\t\t\t<div class=\"elementor-widget-wrap elementor-element-populated\">\n\t\t\t\t\t\t<div class=\"elementor-element elementor-element-e93ebc6 elementor-widget elementor-widget-heading\" data-id=\"e93ebc6\" data-element_type=\"widget\" data-e-type=\"widget\" data-widget_type=\"heading.default\">\n\t\t\t\t<div class=\"elementor-widget-container\">\n\t\t\t\t\t<h1 class=\"elementor-heading-title elementor-size-default\">Proces prijavljivanja<\/h1>\t\t\t\t<\/div>\n\t\t\t\t<\/div>\n\t\t\t\t<div class=\"elementor-element elementor-element-33db963 elementor-widget elementor-widget-text-editor\" data-id=\"33db963\" data-element_type=\"widget\" data-e-type=\"widget\" data-widget_type=\"text-editor.default\">\n\t\t\t\t<div class=\"elementor-widget-container\">\n\t\t\t\t\t\t\t\t\t<p>Kako se prijaviti<\/p>\t\t\t\t\t\t\t\t<\/div>\n\t\t\t\t<\/div>\n\t\t\t\t\t<\/div>\n\t\t<\/div>\n\t\t\t\t\t<\/div>\n\t\t<\/section>\n\t\t\t\t<section class=\"elementor-section elementor-top-section elementor-element elementor-element-a6044b0 elementor-section-boxed elementor-section-height-default elementor-section-height-default\" data-id=\"a6044b0\" data-element_type=\"section\" data-e-type=\"section\">\n\t\t\t\t\t\t<div class=\"elementor-container elementor-column-gap-default\">\n\t\t\t\t\t<div class=\"elementor-column elementor-col-100 elementor-top-column elementor-element elementor-element-524365c\" data-id=\"524365c\" data-element_type=\"column\" data-e-type=\"column\">\n\t\t\t<div class=\"elementor-widget-wrap elementor-element-populated\">\n\t\t\t\t\t\t<div class=\"elementor-element elementor-element-cbeb7c7 elementor-widget elementor-widget-text-editor\" data-id=\"cbeb7c7\" data-element_type=\"widget\" data-e-type=\"widget\" data-widget_type=\"text-editor.default\">\n\t\t\t\t<div class=\"elementor-widget-container\">\n\t\t\t\t\t\t\t\t\t<p>Proces prijavljivanja se sastoji od nekoliko koraka. Molimo da se ne ustru\u010davajte da zatra\u017eite pomo\u0107 od na\u0161eg tehni\u010dkog tima u bilo kom trenutku za vreme prijave:<\/p><ul><li style=\"list-style-type: none;\"><ul><li>podneti popunjen obrazac za prijavu u jednoj od na\u0161ih partnerskih banaka.<\/li><li>Partnerska banka \u0107e odgovaraju\u0107u dokumentaciju proslediti na evaluaciju na\u0161em timu tehni\u010dkih stru\u010dnjaka. Tehni\u010dki stru\u010dnjaci \u0107e izvr\u0161iti po\u010detnu proveru pogodnosti projekta, a partnerska banka \u0107e proveriti va\u0161 kreditni bonitet.<\/li><li>Ukoliko tehni\u010dke i finansijske provere budu pozitivne, od vas \u0107e biti zatra\u017eeno da potpi\u0161ete \u201cPismo o anga\u017eovanju\u201d.<\/li><li>Na\u0161 tehni\u010dki tim \u0107e zapo\u010deti pripremu investicionog plana (IP) zajedno sa vama i utvrdit \u0107e konkretne potrebe za investicijom kako bi se postigla uskla\u0111enost sa EU direktivama. Na\u0161 tehni\u010dki tim \u0107e razviti IP i raspored aktivnosti (ABS) za va\u0161 projekat, i potvrditi prihvatljivost va\u0161eg projekta i utvrditi iznos grant podsticaja i parametre\/uslove za postizanje uskla\u0111enosti nakon zavr\u0161etka projekta. IP izve\u0161taj \u0107e biti poslat va\u0161oj odabranoj partnerskoj banci koja \u0107e sa vama pregovarati o ponudi kredita.<ul><li>Fakture<\/li><li>Dokaz o uplati<\/li><li>Potvrde o prihvatanju (ukoliko je primenljivo)<\/li><li>Ispunjen \u201cZahtev za podsticaj\u201d<\/li><li>Programski konsultant za verifikaciju \u0107e proveriti da li je projekat zavr\u0161en u skladu sa parametrima nazna\u010denim u IP, procenjuju\u0107i zavr\u0161etak i pu\u0161tanje u rad va\u0161eg investicionog projekta, te va\u0161oj partnerskoj finansijskoj instituciji potvrditi da je isti u skladu sa po\u010detnim elementima Investicionog plana.Nakon \u0161to ste u potpunosti implementirali va\u0161 projekat, partnerskoj banci dostavite slede\u0107u dokumentaciju:<\/li><li><em style=\"font-size: 1rem;\">Partnerska finansijska institucija \u0107e grant podsticaj uplatiti<\/em><\/li><\/ul><\/li><\/ul><\/li><\/ul><ul><li style=\"list-style-type: none;\"><ul><li style=\"list-style-type: none;\">\u00a0<\/li><\/ul><\/li><\/ul>\t\t\t\t\t\t\t\t<\/div>\n\t\t\t\t<\/div>\n\t\t\t\t\t<\/div>\n\t\t<\/div>\n\t\t\t\t\t<\/div>\n\t\t<\/section>\n\t\t\t\t<\/div>\n\t\t","protected":false},"excerpt":{"rendered":"<p>Proces prijavljivanja Kako se prijaviti Proces prijavljivanja se sastoji od nekoliko koraka. Molimo da se ne ustru\u010davajte da zatra\u017eite pomo\u0107 od na\u0161eg tehni\u010dkog tima u bilo kom trenutku za vreme prijave: podneti popunjen obrazac za prijavu u jednoj od na\u0161ih partnerskih banaka. Partnerska banka \u0107e odgovaraju\u0107u dokumentaciju proslediti na evaluaciju na\u0161em timu tehni\u010dkih stru\u010dnjaka. Tehni\u010dki [&hellip;]<\/p>\n","protected":false},"author":1,"featured_media":0,"parent":0,"menu_order":0,"comment_status":"closed","ping_status":"closed","template":"elementor_header_footer","meta":{"footnotes":""},"class_list":["post-132","page","type-page","status-publish","hentry"],"yoast_head":"<!-- This site is optimized with the Yoast SEO plugin v27.5 - https:\/\/yoast.com\/product\/yoast-seo-wordpress\/ -->\n<title>Proces prijavljivanja - web-sme-csp.com Serbia<\/title>\n<meta name=\"robots\" content=\"index, follow, max-snippet:-1, max-image-preview:large, max-video-preview:-1\" \/>\n<link rel=\"canonical\" href=\"https:\/\/web-sme-csp.com\/serbia\/proces-prijavljivanja\/?lang=sr\" \/>\n<meta property=\"og:locale\" content=\"sr_RS\" \/>\n<meta property=\"og:type\" content=\"article\" \/>\n<meta property=\"og:title\" content=\"Proces prijavljivanja - web-sme-csp.com Serbia\" \/>\n<meta property=\"og:description\" content=\"Proces prijavljivanja Kako se prijaviti Proces prijavljivanja se sastoji od nekoliko koraka. Molimo da se ne ustru\u010davajte da zatra\u017eite pomo\u0107 od na\u0161eg tehni\u010dkog tima u bilo kom trenutku za vreme prijave: podneti popunjen obrazac za prijavu u jednoj od na\u0161ih partnerskih banaka. Partnerska banka \u0107e odgovaraju\u0107u dokumentaciju proslediti na evaluaciju na\u0161em timu tehni\u010dkih stru\u010dnjaka. Tehni\u010dki [&hellip;]\" \/>\n<meta property=\"og:url\" content=\"https:\/\/web-sme-csp.com\/serbia\/proces-prijavljivanja\/?lang=sr\" \/>\n<meta property=\"og:site_name\" content=\"web-sme-csp.com Serbia\" \/>\n<meta property=\"article:publisher\" content=\"https:\/\/www.facebook.com\/Program-Za-Poveanje-Konkurentnosti-MSP-117944216282301\/?modal=admin_todo_tour\" \/>\n<meta property=\"article:modified_time\" content=\"2019-07-23T08:13:28+00:00\" \/>\n<meta name=\"twitter:card\" content=\"summary_large_image\" \/>\n<meta name=\"twitter:label1\" content=\"\u041f\u0440\u043e\u0446\u0435\u045a\u0435\u043d\u043e \u0432\u0440\u0435\u043c\u0435 \u0447\u0438\u0442\u0430\u045a\u0430\" \/>\n\t<meta name=\"twitter:data1\" content=\"1 \u043c\u0438\u043d\u0443\u0442\" \/>\n<script type=\"application\/ld+json\" class=\"yoast-schema-graph\">{\"@context\":\"https:\\\/\\\/schema.org\",\"@graph\":[{\"@type\":\"WebPage\",\"@id\":\"https:\\\/\\\/web-sme-csp.com\\\/serbia\\\/proces-prijavljivanja\\\/?lang=sr\",\"url\":\"https:\\\/\\\/web-sme-csp.com\\\/serbia\\\/proces-prijavljivanja\\\/?lang=sr\",\"name\":\"Proces prijavljivanja - web-sme-csp.com Serbia\",\"isPartOf\":{\"@id\":\"https:\\\/\\\/web-sme-csp.com\\\/serbia\\\/#website\"},\"datePublished\":\"2019-07-23T08:05:55+00:00\",\"dateModified\":\"2019-07-23T08:13:28+00:00\",\"breadcrumb\":{\"@id\":\"https:\\\/\\\/web-sme-csp.com\\\/serbia\\\/proces-prijavljivanja\\\/?lang=sr#breadcrumb\"},\"inLanguage\":\"sr-RS\",\"potentialAction\":[{\"@type\":\"ReadAction\",\"target\":[\"https:\\\/\\\/web-sme-csp.com\\\/serbia\\\/proces-prijavljivanja\\\/?lang=sr\"]}]},{\"@type\":\"BreadcrumbList\",\"@id\":\"https:\\\/\\\/web-sme-csp.com\\\/serbia\\\/proces-prijavljivanja\\\/?lang=sr#breadcrumb\",\"itemListElement\":[{\"@type\":\"ListItem\",\"position\":1,\"name\":\"Home\",\"item\":\"https:\\\/\\\/web-sme-csp.com\\\/serbia\\\/?lang=sr\"},{\"@type\":\"ListItem\",\"position\":2,\"name\":\"Proces prijavljivanja\"}]},{\"@type\":\"WebSite\",\"@id\":\"https:\\\/\\\/web-sme-csp.com\\\/serbia\\\/#website\",\"url\":\"https:\\\/\\\/web-sme-csp.com\\\/serbia\\\/\",\"name\":\"web-sme-csp.com Serbia\",\"description\":\"Serbia\",\"potentialAction\":[{\"@type\":\"SearchAction\",\"target\":{\"@type\":\"EntryPoint\",\"urlTemplate\":\"https:\\\/\\\/web-sme-csp.com\\\/serbia\\\/?s={search_term_string}\"},\"query-input\":{\"@type\":\"PropertyValueSpecification\",\"valueRequired\":true,\"valueName\":\"search_term_string\"}}],\"inLanguage\":\"sr-RS\"}]}<\/script>\n<!-- \/ Yoast SEO plugin. -->","yoast_head_json":{"title":"Proces prijavljivanja - web-sme-csp.com Serbia","robots":{"index":"index","follow":"follow","max-snippet":"max-snippet:-1","max-image-preview":"max-image-preview:large","max-video-preview":"max-video-preview:-1"},"canonical":"https:\/\/web-sme-csp.com\/serbia\/proces-prijavljivanja\/?lang=sr","og_locale":"sr_RS","og_type":"article","og_title":"Proces prijavljivanja - web-sme-csp.com Serbia","og_description":"Proces prijavljivanja Kako se prijaviti Proces prijavljivanja se sastoji od nekoliko koraka. Molimo da se ne ustru\u010davajte da zatra\u017eite pomo\u0107 od na\u0161eg tehni\u010dkog tima u bilo kom trenutku za vreme prijave: podneti popunjen obrazac za prijavu u jednoj od na\u0161ih partnerskih banaka. Partnerska banka \u0107e odgovaraju\u0107u dokumentaciju proslediti na evaluaciju na\u0161em timu tehni\u010dkih stru\u010dnjaka. Tehni\u010dki [&hellip;]","og_url":"https:\/\/web-sme-csp.com\/serbia\/proces-prijavljivanja\/?lang=sr","og_site_name":"web-sme-csp.com Serbia","article_publisher":"https:\/\/www.facebook.com\/Program-Za-Poveanje-Konkurentnosti-MSP-117944216282301\/?modal=admin_todo_tour","article_modified_time":"2019-07-23T08:13:28+00:00","twitter_card":"summary_large_image","twitter_misc":{"\u041f\u0440\u043e\u0446\u0435\u045a\u0435\u043d\u043e \u0432\u0440\u0435\u043c\u0435 \u0447\u0438\u0442\u0430\u045a\u0430":"1 \u043c\u0438\u043d\u0443\u0442"},"schema":{"@context":"https:\/\/schema.org","@graph":[{"@type":"WebPage","@id":"https:\/\/web-sme-csp.com\/serbia\/proces-prijavljivanja\/?lang=sr","url":"https:\/\/web-sme-csp.com\/serbia\/proces-prijavljivanja\/?lang=sr","name":"Proces prijavljivanja - web-sme-csp.com Serbia","isPartOf":{"@id":"https:\/\/web-sme-csp.com\/serbia\/#website"},"datePublished":"2019-07-23T08:05:55+00:00","dateModified":"2019-07-23T08:13:28+00:00","breadcrumb":{"@id":"https:\/\/web-sme-csp.com\/serbia\/proces-prijavljivanja\/?lang=sr#breadcrumb"},"inLanguage":"sr-RS","potentialAction":[{"@type":"ReadAction","target":["https:\/\/web-sme-csp.com\/serbia\/proces-prijavljivanja\/?lang=sr"]}]},{"@type":"BreadcrumbList","@id":"https:\/\/web-sme-csp.com\/serbia\/proces-prijavljivanja\/?lang=sr#breadcrumb","itemListElement":[{"@type":"ListItem","position":1,"name":"Home","item":"https:\/\/web-sme-csp.com\/serbia\/?lang=sr"},{"@type":"ListItem","position":2,"name":"Proces prijavljivanja"}]},{"@type":"WebSite","@id":"https:\/\/web-sme-csp.com\/serbia\/#website","url":"https:\/\/web-sme-csp.com\/serbia\/","name":"web-sme-csp.com Serbia","description":"Serbia","potentialAction":[{"@type":"SearchAction","target":{"@type":"EntryPoint","urlTemplate":"https:\/\/web-sme-csp.com\/serbia\/?s={search_term_string}"},"query-input":{"@type":"PropertyValueSpecification","valueRequired":true,"valueName":"search_term_string"}}],"inLanguage":"sr-RS"}]}},"_links":{"self":[{"href":"https:\/\/web-sme-csp.com\/serbia\/sr\/wp-json\/wp\/v2\/pages\/132","targetHints":{"allow":["GET"]}}],"collection":[{"href":"https:\/\/web-sme-csp.com\/serbia\/sr\/wp-json\/wp\/v2\/pages"}],"about":[{"href":"https:\/\/web-sme-csp.com\/serbia\/sr\/wp-json\/wp\/v2\/types\/page"}],"author":[{"embeddable":true,"href":"https:\/\/web-sme-csp.com\/serbia\/sr\/wp-json\/wp\/v2\/users\/1"}],"replies":[{"embeddable":true,"href":"https:\/\/web-sme-csp.com\/serbia\/sr\/wp-json\/wp\/v2\/comments?post=132"}],"version-history":[{"count":3,"href":"https:\/\/web-sme-csp.com\/serbia\/sr\/wp-json\/wp\/v2\/pages\/132\/revisions"}],"predecessor-version":[{"id":136,"href":"https:\/\/web-sme-csp.com\/serbia\/sr\/wp-json\/wp\/v2\/pages\/132\/revisions\/136"}],"wp:attachment":[{"href":"https:\/\/web-sme-csp.com\/serbia\/sr\/wp-json\/wp\/v2\/media?parent=132"}],"curies":[{"name":"wp","href":"https:\/\/api.w.org\/{rel}","templated":true}]}}