{"id":1971,"date":"2023-02-15T15:15:58","date_gmt":"2023-02-15T15:15:58","guid":{"rendered":"https:\/\/web-sme-csp.com\/montenegro\/?page_id=1971"},"modified":"2023-02-15T15:18:56","modified_gmt":"2023-02-15T15:18:56","slug":"priority-eu-directives","status":"publish","type":"page","link":"https:\/\/web-sme-csp.com\/montenegro\/me\/priority-eu-directives\/","title":{"rendered":"Prioritetne EU direktive"},"content":{"rendered":"\t\t<div data-elementor-type=\"wp-post\" data-elementor-id=\"1971\" class=\"elementor elementor-1971\" data-elementor-post-type=\"page\">\n\t\t\t\t\t\t<section class=\"elementor-section elementor-top-section elementor-element elementor-element-705ce4fe elementor-section-full_width elementor-section-height-default elementor-section-height-default\" data-id=\"705ce4fe\" data-element_type=\"section\" data-e-type=\"section\">\n\t\t\t\t\t\t<div class=\"elementor-container elementor-column-gap-no\">\n\t\t\t\t\t<div class=\"elementor-column elementor-col-100 elementor-top-column elementor-element elementor-element-6727689d\" data-id=\"6727689d\" data-element_type=\"column\" data-e-type=\"column\">\n\t\t\t<div class=\"elementor-widget-wrap elementor-element-populated\">\n\t\t\t\t\t\t<div class=\"elementor-element elementor-element-7bad60a0 elementor-skin-carousel elementor-widget elementor-widget-media-carousel\" data-id=\"7bad60a0\" data-element_type=\"widget\" data-e-type=\"widget\" data-settings=\"{&quot;space_between&quot;:{&quot;unit&quot;:&quot;px&quot;,&quot;size&quot;:0,&quot;sizes&quot;:[]},&quot;skin&quot;:&quot;carousel&quot;,&quot;effect&quot;:&quot;slide&quot;,&quot;speed&quot;:500,&quot;autoplay&quot;:&quot;yes&quot;,&quot;autoplay_speed&quot;:5000,&quot;loop&quot;:&quot;yes&quot;,&quot;pause_on_hover&quot;:&quot;yes&quot;,&quot;pause_on_interaction&quot;:&quot;yes&quot;,&quot;space_between_tablet&quot;:{&quot;unit&quot;:&quot;px&quot;,&quot;size&quot;:10,&quot;sizes&quot;:[]},&quot;space_between_mobile&quot;:{&quot;unit&quot;:&quot;px&quot;,&quot;size&quot;:10,&quot;sizes&quot;:[]}}\" data-widget_type=\"media-carousel.default\">\n\t\t\t\t<div class=\"elementor-widget-container\">\n\t\t\t\t\t\t\t\t\t<div class=\"elementor-swiper\">\n\t\t\t\t\t<div class=\"elementor-main-swiper swiper\" role=\"region\" aria-roledescription=\"carousel\" aria-label=\"Slides\">\n\t\t\t\t<div class=\"swiper-wrapper\">\n\t\t\t\t\t\t\t\t\t\t\t<div class=\"swiper-slide\" role=\"group\" aria-roledescription=\"slide\">\n\t\t\t\t\t\t\t\t\t<div class=\"elementor-carousel-image\" role=\"img\" aria-label=\"404\" style=\"background-image: url(&#039;https:\/\/web-sme-csp.com\/republic-north-macedonia\/wp-content\/uploads\/sites\/5\/2019\/03\/395129-PCH2M7-589-e1552605691578.jpg&#039;)\">\n\n\t\t\t\n\t\t\t\t\t<\/div>\n\t\t\t\t\t\t\t\t<\/div>\n\t\t\t\t\t\t\t\t\t<\/div>\n\t\t\t\t\t\t\t<\/div>\n\t\t\t\t<\/div>\n\t\t\t\t\t\t\t\t<\/div>\n\t\t\t\t<\/div>\n\t\t\t\t\t<\/div>\n\t\t<\/div>\n\t\t\t\t\t<\/div>\n\t\t<\/section>\n\t\t\t\t<section class=\"elementor-section elementor-top-section elementor-element elementor-element-6a55c5f9 elementor-section-content-middle elementor-section-boxed elementor-section-height-default elementor-section-height-default\" data-id=\"6a55c5f9\" data-element_type=\"section\" data-e-type=\"section\" data-settings=\"{&quot;background_background&quot;:&quot;classic&quot;}\">\n\t\t\t\t\t\t<div class=\"elementor-container elementor-column-gap-default\">\n\t\t\t\t\t<div class=\"elementor-column elementor-col-100 elementor-top-column elementor-element elementor-element-f5ed580\" data-id=\"f5ed580\" data-element_type=\"column\" data-e-type=\"column\" data-settings=\"{&quot;background_background&quot;:&quot;classic&quot;}\">\n\t\t\t<div class=\"elementor-widget-wrap elementor-element-populated\">\n\t\t\t\t\t\t<div class=\"elementor-element elementor-element-46764c95 elementor-widget elementor-widget-heading\" data-id=\"46764c95\" data-element_type=\"widget\" data-e-type=\"widget\" data-widget_type=\"heading.default\">\n\t\t\t\t<div class=\"elementor-widget-container\">\n\t\t\t\t\t<h1 class=\"elementor-heading-title elementor-size-default\">Prioritetne EU direktive<\/h1>\t\t\t\t<\/div>\n\t\t\t\t<\/div>\n\t\t\t\t<div class=\"elementor-element elementor-element-3d78bd99 elementor-widget elementor-widget-text-editor\" data-id=\"3d78bd99\" data-element_type=\"widget\" data-e-type=\"widget\" data-widget_type=\"text-editor.default\">\n\t\t\t\t<div class=\"elementor-widget-container\">\n\t\t\t\t\t\t\t\t\t<p style=\"margin-top: 0cm; text-align: center; background: white;\" align=\"center\"><span style=\"font-size: 15.0pt; font-family: 'Arial',sans-serif; color: black; text-transform: uppercase; letter-spacing: 7.5pt;\">PROPISI<\/span><\/p>\t\t\t\t\t\t\t\t<\/div>\n\t\t\t\t<\/div>\n\t\t\t\t\t<\/div>\n\t\t<\/div>\n\t\t\t\t\t<\/div>\n\t\t<\/section>\n\t\t\t\t<section class=\"elementor-section elementor-top-section elementor-element elementor-element-bc27e2b elementor-section-boxed elementor-section-height-default elementor-section-height-default\" data-id=\"bc27e2b\" data-element_type=\"section\" data-e-type=\"section\">\n\t\t\t\t\t\t<div class=\"elementor-container elementor-column-gap-default\">\n\t\t\t\t\t<div class=\"elementor-column elementor-col-100 elementor-top-column elementor-element elementor-element-2c10a9f2\" data-id=\"2c10a9f2\" data-element_type=\"column\" data-e-type=\"column\">\n\t\t\t<div class=\"elementor-widget-wrap elementor-element-populated\">\n\t\t\t\t\t\t<div class=\"elementor-element elementor-element-5eb4908 elementor-widget elementor-widget-text-editor\" data-id=\"5eb4908\" data-element_type=\"widget\" data-e-type=\"widget\" data-widget_type=\"text-editor.default\">\n\t\t\t\t<div class=\"elementor-widget-container\">\n\t\t\t\t\t\t\t\t\t<p>Sljede\u0107e EU direktive su od klju\u010dnog zna\u010daja i hitnosti implementacije od strane podzajmoprimaca u Crnoj Gori. Lista je indikativna, ali ne i iscrpna, budu\u0107i da neke dodatne EU direktive mogu biti primjenjivije na specifi\u010dne podzajmoprimce, \u0161to ovisi o sektoru poslovanja.<\/p>\t\t\t\t\t\t\t\t<\/div>\n\t\t\t\t<\/div>\n\t\t\t\t<div class=\"elementor-element elementor-element-13c97e8a elementor-widget elementor-widget-toggle\" data-id=\"13c97e8a\" data-element_type=\"widget\" data-e-type=\"widget\" data-widget_type=\"toggle.default\">\n\t\t\t\t<div class=\"elementor-widget-container\">\n\t\t\t\t\t\t\t<div class=\"elementor-toggle\">\n\t\t\t\t\t\t\t<div class=\"elementor-toggle-item\">\n\t\t\t\t\t<div id=\"elementor-tab-title-3311\" class=\"elementor-tab-title\" data-tab=\"1\" role=\"button\" aria-controls=\"elementor-tab-content-3311\" aria-expanded=\"false\">\n\t\t\t\t\t\t\t\t\t\t\t\t<span class=\"elementor-toggle-icon elementor-toggle-icon-left\" aria-hidden=\"true\">\n\t\t\t\t\t\t\t\t\t\t\t\t\t\t\t<i class=\"elementor-toggle-icon-closed fa fa-caret-right\"><\/i>\n\t\t\t\t\t\t\t\t<i class=\"elementor-toggle-icon-opened fa fa-caret-up\"><\/i>\n\t\t\t\t\t\t\t\t\t\t\t\t\t<\/span>\n\t\t\t\t\t\t\t\t\t\t\t\t<a class=\"elementor-toggle-title\" tabindex=\"0\">Direktive zajedni\u010dke za sve industrije<\/a>\n\t\t\t\t\t<\/div>\n\n\t\t\t\t\t<div id=\"elementor-tab-content-3311\" class=\"elementor-tab-content elementor-clearfix\" data-tab=\"1\" role=\"region\" aria-labelledby=\"elementor-tab-title-3311\"><p>Direktive zajedni\u010dke za sve industrije 2001\/95\/EZ \u2013 Direktiva o op\u0161toj sigurnosti proizvoda<\/p><p>1993\/465\/EEZ Odluka Vije\u0107a \u2013 Moduli razli\u010ditih faza postupaka<\/p><p>procjene uskla\u0111enosti i pravila stavljanja i upotrebe znaka uskla\u0111enosti CE, namijenjeni za primjenu u direktivama o tehni\u010dkom uskla\u0111ivanju \u2013 podsticaji za implementaciju sistema upravljanja kvalitetom ISO9000<\/p><\/div>\n\t\t\t\t<\/div>\n\t\t\t\t\t\t\t<div class=\"elementor-toggle-item\">\n\t\t\t\t\t<div id=\"elementor-tab-title-3312\" class=\"elementor-tab-title\" data-tab=\"2\" role=\"button\" aria-controls=\"elementor-tab-content-3312\" aria-expanded=\"false\">\n\t\t\t\t\t\t\t\t\t\t\t\t<span class=\"elementor-toggle-icon elementor-toggle-icon-left\" aria-hidden=\"true\">\n\t\t\t\t\t\t\t\t\t\t\t\t\t\t\t<i class=\"elementor-toggle-icon-closed fa fa-caret-right\"><\/i>\n\t\t\t\t\t\t\t\t<i class=\"elementor-toggle-icon-opened fa fa-caret-up\"><\/i>\n\t\t\t\t\t\t\t\t\t\t\t\t\t<\/span>\n\t\t\t\t\t\t\t\t\t\t\t\t<a class=\"elementor-toggle-title\" tabindex=\"0\">Proizvod i kvalitet<\/a>\n\t\t\t\t\t<\/div>\n\n\t\t\t\t\t<div id=\"elementor-tab-content-3312\" class=\"elementor-tab-content elementor-clearfix\" data-tab=\"2\" role=\"region\" aria-labelledby=\"elementor-tab-title-3312\"><p>Uredba (EZ) br. 1935\/2004 \u2013 materijali i predmeti koji dolaze u dodir s hranom i stavljanje van snage direktiva 80\/590\/EEZ i 89\/109\/EEZ<\/p><p>Uredba EU 2023\/2006 \u2013 dobra proizvodna praksa za materijale i predmete koji dolaze u dodir s hranom<\/p><p>EN 1672-2 (2009) Pogoni za preradu hrane \u2013 Osnovni pojmovi \u2013 2. dio: Higijenski zahtjevi<\/p><p>Uredba (EZ) br. 178\/2002 \u2013 utvr\u0111ivanje op\u0161tih na\u010dela i zahtjeva zakona o hrani, osnivanje Evropske agencije za sigurnost hrane te utvr\u0111ivanje postupaka u podru\u010djima sigurnosti hrane i dalje modifikacije<\/p><p>Uredba (EU) br. 305\/2011 \u2013 utvr\u0111ivanje uskla\u0111enih uslova za stavljanje na tr\u017ei\u0161te gra\u0111evinskih proizvoda i stavljanje van snage Direktive Vije\u0107a 89\/106\/EEZ<\/p><\/div>\n\t\t\t\t<\/div>\n\t\t\t\t\t\t\t<div class=\"elementor-toggle-item\">\n\t\t\t\t\t<div id=\"elementor-tab-title-3313\" class=\"elementor-tab-title\" data-tab=\"3\" role=\"button\" aria-controls=\"elementor-tab-content-3313\" aria-expanded=\"false\">\n\t\t\t\t\t\t\t\t\t\t\t\t<span class=\"elementor-toggle-icon elementor-toggle-icon-left\" aria-hidden=\"true\">\n\t\t\t\t\t\t\t\t\t\t\t\t\t\t\t<i class=\"elementor-toggle-icon-closed fa fa-caret-right\"><\/i>\n\t\t\t\t\t\t\t\t<i class=\"elementor-toggle-icon-opened fa fa-caret-up\"><\/i>\n\t\t\t\t\t\t\t\t\t\t\t\t\t<\/span>\n\t\t\t\t\t\t\t\t\t\t\t\t<a class=\"elementor-toggle-title\" tabindex=\"0\">Zdravlje i sigurnost<\/a>\n\t\t\t\t\t<\/div>\n\n\t\t\t\t\t<div id=\"elementor-tab-content-3313\" class=\"elementor-tab-content elementor-clearfix\" data-tab=\"3\" role=\"region\" aria-labelledby=\"elementor-tab-title-3313\"><p>1989\/391\/EEZ \u2013 Uvo\u0111enje mjera za podsticaj pobolj\u0161anja sigurnosti i zdravlja radnika na radu \u2013 podsticaj za implementaciju sistema upravljanja sigurno\u0161\u0107u i za\u0161titom zdravlja ISO18000<\/p><p>1989\/654\/EEZ: Minimalni sigurnosni i zdravstveni zahtjevi na radnom mjestu<\/p><p>2009\/104\/EZ \u2013 Upotreba radne opreme \u2013 o minimalnim sigurnosnim i zdravstvenim zahtjevima za sigurnost i zdravlje radnika pri upotrebi radne opreme na radu (druga pojedina\u010dna direktiva u smislu \u010dlana 16. stava 1. Direktive 89\/391\/EEZ)<\/p><p>1989\/656\/EEZ \u2013 Minimalni zdravstveni i sigurnosni zahtjevi za upotrebu li\u010dne za\u0161titne opreme na radnom mjestu<\/p><p>1992\/58\/EEZ \u2013 Minimalni zahtjevi za postavljanje sigurnosnih znakova i\/ili znakova za za\u0161titu zdravlja na radu<\/p><p>1990\/269\/EEZ \u2013 Minimalni zdravstveni i sigurnosni uslovi pri ru\u010dnom preno\u0161enju tereta u slu\u010dajevima kad postoji opasnost posebno od povreda le\u0111a radnika<\/p><p>2003\/10\/EZ \u2013 Minimalni zdravstveni i sigurnosni zahtjevima u odnosu na izlo\u017eenost radnika rizicima uzrokovanim fizikalnim \u010dimbenicima (buke)<\/p><p>2002\/44\/EC \u2013 Minimalni zdravstveni i sigurnosni zahtjevi u odnosu na izlo\u017eenost radnika rizicima uzrokovanim fizikalnim \u010dimbenicima (vibracije)<\/p><p>2009\/161\/EU \u2013 Indikativne grani\u010dne vrijednosti profesionalne izlo\u017eenosti \u2013 utvr\u0111ivanje tre\u0107eg popisa indikativnih grani\u010dnih vrijednosti profesionalne izlo\u017eenosti u provedbi Direktive Vije\u0107a 98\/24\/EZ i izmjena Direktive Komisije 2000\/39\/EZ<\/p><p>1999\/13\/EZ \u2013 Ograni\u010denje emisija isparljivih organskih spojeva koji nastaju pri upotrebi organskih rastvara\u010da u odre\u0111enim aktivnostima i postrojenjima<\/p><p>1999\/92\/EZ \u2013 Minimalni zahtjevi za pobolj\u0161anje sigurnosti i za\u0161tite zdravlja radnika potencijalno izlo\u017eenih riziku od eksplozivnih atmosfera<\/p><p>1992\/85\/EEZ \u2013 Uvo\u0111enje mjera za podsticaj pobolj\u0161anja sigurnosti i zdravlja na radu trudnih radnica te radnica koje su nedavno rodile ili doje<\/p><p>Direktiva 2014\/35\/EU o uskla\u0111ivanju zakonodavstava dr\u017eava \u010dlanica u odnosu na stavljanje na raspolaganje na tr\u017ei\u0161tu elektri\u010dne opreme namijenjene za upotrebu unutar odre\u0111enih naponskih granica<\/p><p>Direktiva 2006\/42\/EZ o strojevima i o izmjeni Direktive 95\/16\/EZ (preina\u010dena), Direktiva 2014\/30\/EU o uskla\u0111ivanju zakonodavstava dr\u017eava \u010dlanica u odnosu na elektromagnetsku kompatibilnost (preina\u010dena)<\/p><p>Uredba (EZ) br. 661\/2009 o zahtjevima za homologaciju tipa za op\u0107u sigurnost motornih vozila, njihovih prikolica i sistema, sastavnih dijelova i zasebnih tehni\u010dkih jedinica namijenjenih za takva vozila<\/p><p>Uredba (EU) br. 167\/2013 o homologaciji i nadzoru tr\u017ei\u0161ta traktora za poljoprivredu i \u0161umarstvo<\/p><p>Direktiva 2014\/68\/EU o uskla\u0111ivanju zakonodavstava dr\u017eava \u010dlanica o stavljanju na raspolaganje na tr\u017ei\u0161te opreme pod pritiskom<\/p><p>Direktiva 93\/42\/EEZ o medicinskim proizvodima<\/p><\/div>\n\t\t\t\t<\/div>\n\t\t\t\t\t\t\t<div class=\"elementor-toggle-item\">\n\t\t\t\t\t<div id=\"elementor-tab-title-3314\" class=\"elementor-tab-title\" data-tab=\"4\" role=\"button\" aria-controls=\"elementor-tab-content-3314\" aria-expanded=\"false\">\n\t\t\t\t\t\t\t\t\t\t\t\t<span class=\"elementor-toggle-icon elementor-toggle-icon-left\" aria-hidden=\"true\">\n\t\t\t\t\t\t\t\t\t\t\t\t\t\t\t<i class=\"elementor-toggle-icon-closed fa fa-caret-right\"><\/i>\n\t\t\t\t\t\t\t\t<i class=\"elementor-toggle-icon-opened fa fa-caret-up\"><\/i>\n\t\t\t\t\t\t\t\t\t\t\t\t\t<\/span>\n\t\t\t\t\t\t\t\t\t\t\t\t<a class=\"elementor-toggle-title\" tabindex=\"0\">\u017divotna sredina<\/a>\n\t\t\t\t\t<\/div>\n\n\t\t\t\t\t<div id=\"elementor-tab-content-3314\" class=\"elementor-tab-content elementor-clearfix\" data-tab=\"4\" role=\"region\" aria-labelledby=\"elementor-tab-title-3314\"><p>761\/2001\/EC Uredba \u2013 Dobrovoljno u\u010de\u0161\u0107e organizacija u sistemu upravljanja \u017eivotnom sredinom i neovisnog ocjenjivanja (EMAS) \u2013 podsticaj za implementaciju sistema upravljanja \u017eivotnom sredinom ISO14000<\/p><p>2008\/1\/EZ \u2013 Integrirano sprje\u010davanje i kontrola zaga\u0111enja<\/p><p>2006\/11\/EZ \u2013 Zaga\u0111enje uzrokovano ispu\u0161tanjem odre\u0111enih opasnih materija u vodnu sredinu Zajednice<\/p><p>1994\/62\/EZ \u2013 Ambala\u017ea i ambala\u017eni otpad<\/p><p>1991\/689\/EZ \u2013 Opasni otpad<\/p><p>1999\/31\/EZ \u2013 Odlagali\u0161ta otpada<\/p><p>2000\/76\/EZ \u2013 Spaljivanje otpada<\/p><p>Direktiva 2012\/27\/EU Evropskog parlamenta i Vije\u0107a od 25. oktobra 2012. o energetskoj efikasnosti, izmjeni direktiva 2009\/125\/EZ i 2010\/30\/EU i stavljanju van snage direktiva 2004\/8\/EZ i 2006\/32\/EZ<\/p><p>Direktiva 2010\/31\/EU o energetskoj efikasnosti zgrada (preina\u010deno)<\/p><p>Direktiva 2009\/28\/EZ o promociji upotrebe energije iz obnovljivih izvora te o izmjeni i kasnijem stavljanju van snage direktiva 2001\/77\/EZ i 2003\/30\/EZ Uredba (EZ) br. 1005\/2009 Europskog parlamenta i Vije\u0107a od 16. septembra 2009. o materijama koje o\u0161te\u0107uju ozonski sloj (Tekst zna\u010dajan za EGP)<\/p><p>Direktiva 2010\/75\/EU o industrijskim emisijama (integrirano sprje\u010davanje i kontrola zaga\u0111enja), preina\u010deno, tekst zna\u010dajan za EGP Direktiva 2006\/12\/EZ o otpadu<\/p><p>Direktiva 91\/689\/EEZ o opasnom otpadu<\/p><p>Direktiva 2000\/60\/EZ o uspostavljanju okvira za djelovanje Zajednice u podru\u010dju vodne politike (Direktiva o vodama)<\/p><\/div>\n\t\t\t\t<\/div>\n\t\t\t\t\t\t\t<div class=\"elementor-toggle-item\">\n\t\t\t\t\t<div id=\"elementor-tab-title-3315\" class=\"elementor-tab-title\" data-tab=\"5\" role=\"button\" aria-controls=\"elementor-tab-content-3315\" aria-expanded=\"false\">\n\t\t\t\t\t\t\t\t\t\t\t\t<span class=\"elementor-toggle-icon elementor-toggle-icon-left\" aria-hidden=\"true\">\n\t\t\t\t\t\t\t\t\t\t\t\t\t\t\t<i class=\"elementor-toggle-icon-closed fa fa-caret-right\"><\/i>\n\t\t\t\t\t\t\t\t<i class=\"elementor-toggle-icon-opened fa fa-caret-up\"><\/i>\n\t\t\t\t\t\t\t\t\t\t\t\t\t<\/span>\n\t\t\t\t\t\t\t\t\t\t\t\t<a class=\"elementor-toggle-title\" tabindex=\"0\">Elektronika\/Elektrotehnika<\/a>\n\t\t\t\t\t<\/div>\n\n\t\t\t\t\t<div id=\"elementor-tab-content-3315\" class=\"elementor-tab-content elementor-clearfix\" data-tab=\"5\" role=\"region\" aria-labelledby=\"elementor-tab-title-3315\"><p style=\"margin-top: 0cm; background: white;\"><span style=\"font-family: Roboto; color: black;\">2012\/19\/EU o otpadnoj elektri\u010dnoj i elektroni\u010dkoj opremi<\/span><\/p><p style=\"margin-top: 0cm; background: white;\"><span style=\"font-family: Roboto; color: black;\">2002\/96\/EZ \u2013 Otpadna elektri\u010dna i elektroni\u010dka oprema<\/span><\/p><\/div>\n\t\t\t\t<\/div>\n\t\t\t\t\t\t\t\t<\/div>\n\t\t\t\t\t\t<\/div>\n\t\t\t\t<\/div>\n\t\t\t\t\t<\/div>\n\t\t<\/div>\n\t\t\t\t\t<\/div>\n\t\t<\/section>\n\t\t\t\t<\/div>\n\t\t","protected":false},"excerpt":{"rendered":"<p>Prioritetne EU direktive PROPISI Sljede\u0107e EU direktive su od klju\u010dnog zna\u010daja i hitnosti implementacije od strane podzajmoprimaca u Crnoj Gori. Lista je indikativna, ali ne i iscrpna, budu\u0107i da neke dodatne EU direktive mogu biti primjenjivije na specifi\u010dne podzajmoprimce, \u0161to ovisi o sektoru poslovanja. Direktive zajedni\u010dke za sve industrije Direktive zajedni\u010dke za sve industrije 2001\/95\/EZ [&hellip;]<\/p>\n","protected":false},"author":1,"featured_media":0,"parent":0,"menu_order":0,"comment_status":"closed","ping_status":"closed","template":"elementor_header_footer","meta":{"footnotes":""},"class_list":["post-1971","page","type-page","status-publish","hentry"],"yoast_head":"<!-- This site is optimized with the Yoast SEO plugin v27.5 - https:\/\/yoast.com\/product\/yoast-seo-wordpress\/ -->\n<title>Prioritetne EU direktive - web-sme-csp.com Montenegro<\/title>\n<meta name=\"robots\" content=\"index, follow, max-snippet:-1, max-image-preview:large, max-video-preview:-1\" \/>\n<link rel=\"canonical\" href=\"https:\/\/web-sme-csp.com\/montenegro\/me\/priority-eu-directives\/\" \/>\n<meta property=\"og:locale\" content=\"en_US\" \/>\n<meta property=\"og:type\" content=\"article\" \/>\n<meta property=\"og:title\" content=\"Prioritetne EU direktive - web-sme-csp.com Montenegro\" \/>\n<meta property=\"og:description\" content=\"Prioritetne EU direktive PROPISI Sljede\u0107e EU direktive su od klju\u010dnog zna\u010daja i hitnosti implementacije od strane podzajmoprimaca u Crnoj Gori. Lista je indikativna, ali ne i iscrpna, budu\u0107i da neke dodatne EU direktive mogu biti primjenjivije na specifi\u010dne podzajmoprimce, \u0161to ovisi o sektoru poslovanja. Direktive zajedni\u010dke za sve industrije Direktive zajedni\u010dke za sve industrije 2001\/95\/EZ [&hellip;]\" \/>\n<meta property=\"og:url\" content=\"https:\/\/web-sme-csp.com\/montenegro\/me\/priority-eu-directives\/\" \/>\n<meta property=\"og:site_name\" content=\"web-sme-csp.com Montenegro\" \/>\n<meta property=\"article:modified_time\" content=\"2023-02-15T15:18:56+00:00\" \/>\n<meta name=\"twitter:card\" content=\"summary_large_image\" \/>\n<meta name=\"twitter:label1\" content=\"Est. reading time\" \/>\n\t<meta name=\"twitter:data1\" content=\"4 minutes\" \/>\n<script type=\"application\/ld+json\" class=\"yoast-schema-graph\">{\"@context\":\"https:\\\/\\\/schema.org\",\"@graph\":[{\"@type\":\"WebPage\",\"@id\":\"https:\\\/\\\/web-sme-csp.com\\\/montenegro\\\/me\\\/priority-eu-directives\\\/\",\"url\":\"https:\\\/\\\/web-sme-csp.com\\\/montenegro\\\/me\\\/priority-eu-directives\\\/\",\"name\":\"Prioritetne EU direktive - web-sme-csp.com Montenegro\",\"isPartOf\":{\"@id\":\"https:\\\/\\\/web-sme-csp.com\\\/montenegro\\\/#website\"},\"datePublished\":\"2023-02-15T15:15:58+00:00\",\"dateModified\":\"2023-02-15T15:18:56+00:00\",\"breadcrumb\":{\"@id\":\"https:\\\/\\\/web-sme-csp.com\\\/montenegro\\\/me\\\/priority-eu-directives\\\/#breadcrumb\"},\"inLanguage\":\"me-ME\",\"potentialAction\":[{\"@type\":\"ReadAction\",\"target\":[\"https:\\\/\\\/web-sme-csp.com\\\/montenegro\\\/me\\\/priority-eu-directives\\\/\"]}]},{\"@type\":\"BreadcrumbList\",\"@id\":\"https:\\\/\\\/web-sme-csp.com\\\/montenegro\\\/me\\\/priority-eu-directives\\\/#breadcrumb\",\"itemListElement\":[{\"@type\":\"ListItem\",\"position\":1,\"name\":\"Home\",\"item\":\"https:\\\/\\\/web-sme-csp.com\\\/montenegro\\\/me\\\/\"},{\"@type\":\"ListItem\",\"position\":2,\"name\":\"Prioritetne EU direktive\"}]},{\"@type\":\"WebSite\",\"@id\":\"https:\\\/\\\/web-sme-csp.com\\\/montenegro\\\/#website\",\"url\":\"https:\\\/\\\/web-sme-csp.com\\\/montenegro\\\/\",\"name\":\"web-sme-csp.com Montenegro\",\"description\":\"Montenegro\",\"potentialAction\":[{\"@type\":\"SearchAction\",\"target\":{\"@type\":\"EntryPoint\",\"urlTemplate\":\"https:\\\/\\\/web-sme-csp.com\\\/montenegro\\\/?s={search_term_string}\"},\"query-input\":{\"@type\":\"PropertyValueSpecification\",\"valueRequired\":true,\"valueName\":\"search_term_string\"}}],\"inLanguage\":\"me-ME\"}]}<\/script>\n<!-- \/ Yoast SEO plugin. -->","yoast_head_json":{"title":"Prioritetne EU direktive - web-sme-csp.com Montenegro","robots":{"index":"index","follow":"follow","max-snippet":"max-snippet:-1","max-image-preview":"max-image-preview:large","max-video-preview":"max-video-preview:-1"},"canonical":"https:\/\/web-sme-csp.com\/montenegro\/me\/priority-eu-directives\/","og_locale":"en_US","og_type":"article","og_title":"Prioritetne EU direktive - web-sme-csp.com Montenegro","og_description":"Prioritetne EU direktive PROPISI Sljede\u0107e EU direktive su od klju\u010dnog zna\u010daja i hitnosti implementacije od strane podzajmoprimaca u Crnoj Gori. Lista je indikativna, ali ne i iscrpna, budu\u0107i da neke dodatne EU direktive mogu biti primjenjivije na specifi\u010dne podzajmoprimce, \u0161to ovisi o sektoru poslovanja. Direktive zajedni\u010dke za sve industrije Direktive zajedni\u010dke za sve industrije 2001\/95\/EZ [&hellip;]","og_url":"https:\/\/web-sme-csp.com\/montenegro\/me\/priority-eu-directives\/","og_site_name":"web-sme-csp.com Montenegro","article_modified_time":"2023-02-15T15:18:56+00:00","twitter_card":"summary_large_image","twitter_misc":{"Est. reading time":"4 minutes"},"schema":{"@context":"https:\/\/schema.org","@graph":[{"@type":"WebPage","@id":"https:\/\/web-sme-csp.com\/montenegro\/me\/priority-eu-directives\/","url":"https:\/\/web-sme-csp.com\/montenegro\/me\/priority-eu-directives\/","name":"Prioritetne EU direktive - web-sme-csp.com Montenegro","isPartOf":{"@id":"https:\/\/web-sme-csp.com\/montenegro\/#website"},"datePublished":"2023-02-15T15:15:58+00:00","dateModified":"2023-02-15T15:18:56+00:00","breadcrumb":{"@id":"https:\/\/web-sme-csp.com\/montenegro\/me\/priority-eu-directives\/#breadcrumb"},"inLanguage":"me-ME","potentialAction":[{"@type":"ReadAction","target":["https:\/\/web-sme-csp.com\/montenegro\/me\/priority-eu-directives\/"]}]},{"@type":"BreadcrumbList","@id":"https:\/\/web-sme-csp.com\/montenegro\/me\/priority-eu-directives\/#breadcrumb","itemListElement":[{"@type":"ListItem","position":1,"name":"Home","item":"https:\/\/web-sme-csp.com\/montenegro\/me\/"},{"@type":"ListItem","position":2,"name":"Prioritetne EU direktive"}]},{"@type":"WebSite","@id":"https:\/\/web-sme-csp.com\/montenegro\/#website","url":"https:\/\/web-sme-csp.com\/montenegro\/","name":"web-sme-csp.com Montenegro","description":"Montenegro","potentialAction":[{"@type":"SearchAction","target":{"@type":"EntryPoint","urlTemplate":"https:\/\/web-sme-csp.com\/montenegro\/?s={search_term_string}"},"query-input":{"@type":"PropertyValueSpecification","valueRequired":true,"valueName":"search_term_string"}}],"inLanguage":"me-ME"}]}},"_links":{"self":[{"href":"https:\/\/web-sme-csp.com\/montenegro\/me\/wp-json\/wp\/v2\/pages\/1971","targetHints":{"allow":["GET"]}}],"collection":[{"href":"https:\/\/web-sme-csp.com\/montenegro\/me\/wp-json\/wp\/v2\/pages"}],"about":[{"href":"https:\/\/web-sme-csp.com\/montenegro\/me\/wp-json\/wp\/v2\/types\/page"}],"author":[{"embeddable":true,"href":"https:\/\/web-sme-csp.com\/montenegro\/me\/wp-json\/wp\/v2\/users\/1"}],"replies":[{"embeddable":true,"href":"https:\/\/web-sme-csp.com\/montenegro\/me\/wp-json\/wp\/v2\/comments?post=1971"}],"version-history":[{"count":4,"href":"https:\/\/web-sme-csp.com\/montenegro\/me\/wp-json\/wp\/v2\/pages\/1971\/revisions"}],"predecessor-version":[{"id":1975,"href":"https:\/\/web-sme-csp.com\/montenegro\/me\/wp-json\/wp\/v2\/pages\/1971\/revisions\/1975"}],"wp:attachment":[{"href":"https:\/\/web-sme-csp.com\/montenegro\/me\/wp-json\/wp\/v2\/media?parent=1971"}],"curies":[{"name":"wp","href":"https:\/\/api.w.org\/{rel}","templated":true}]}}