{"id":1961,"date":"2023-02-15T15:13:59","date_gmt":"2023-02-15T15:13:59","guid":{"rendered":"https:\/\/web-sme-csp.com\/montenegro\/?page_id=1961"},"modified":"2023-02-15T15:14:34","modified_gmt":"2023-02-15T15:14:34","slug":"technology-selector","status":"publish","type":"page","link":"https:\/\/web-sme-csp.com\/montenegro\/me\/technology-selector\/","title":{"rendered":"TEHNOLO\u0160KI SELEKTOR"},"content":{"rendered":"\t\t<div data-elementor-type=\"wp-post\" data-elementor-id=\"1961\" class=\"elementor elementor-1961\" data-elementor-post-type=\"page\">\n\t\t\t\t\t\t<section class=\"elementor-section elementor-top-section elementor-element elementor-element-6c83ffb0 elementor-section-full_width elementor-section-height-default elementor-section-height-default\" data-id=\"6c83ffb0\" data-element_type=\"section\" data-e-type=\"section\" data-settings=\"{&quot;background_background&quot;:&quot;classic&quot;}\">\n\t\t\t\t\t\t<div class=\"elementor-container elementor-column-gap-no\">\n\t\t\t\t\t<div class=\"elementor-column elementor-col-100 elementor-top-column elementor-element elementor-element-1af5f1cc\" data-id=\"1af5f1cc\" data-element_type=\"column\" data-e-type=\"column\">\n\t\t\t<div class=\"elementor-widget-wrap elementor-element-populated\">\n\t\t\t\t\t\t<div class=\"elementor-element elementor-element-1865ba12 elementor-skin-carousel elementor-widget elementor-widget-media-carousel\" data-id=\"1865ba12\" data-element_type=\"widget\" data-e-type=\"widget\" data-settings=\"{&quot;space_between&quot;:{&quot;unit&quot;:&quot;px&quot;,&quot;size&quot;:0,&quot;sizes&quot;:[]},&quot;skin&quot;:&quot;carousel&quot;,&quot;effect&quot;:&quot;slide&quot;,&quot;speed&quot;:500,&quot;autoplay&quot;:&quot;yes&quot;,&quot;autoplay_speed&quot;:5000,&quot;loop&quot;:&quot;yes&quot;,&quot;pause_on_hover&quot;:&quot;yes&quot;,&quot;pause_on_interaction&quot;:&quot;yes&quot;,&quot;space_between_tablet&quot;:{&quot;unit&quot;:&quot;px&quot;,&quot;size&quot;:10,&quot;sizes&quot;:[]},&quot;space_between_mobile&quot;:{&quot;unit&quot;:&quot;px&quot;,&quot;size&quot;:10,&quot;sizes&quot;:[]}}\" data-widget_type=\"media-carousel.default\">\n\t\t\t\t<div class=\"elementor-widget-container\">\n\t\t\t\t\t\t\t\t\t<div class=\"elementor-swiper\">\n\t\t\t\t\t<div class=\"elementor-main-swiper swiper\" role=\"region\" aria-roledescription=\"carousel\" aria-label=\"Slides\">\n\t\t\t\t<div class=\"swiper-wrapper\">\n\t\t\t\t\t\t\t\t\t\t\t<div class=\"swiper-slide\" role=\"group\" aria-roledescription=\"slide\">\n\t\t\t\t\t\t\t\t\t<div class=\"elementor-carousel-image\" role=\"img\" aria-label=\"\" style=\"background-image: url(&#039;https:\/\/web-sme-csp.com\/republic-north-macedonia\/wp-content\/uploads\/sites\/5\/2019\/03\/124-e1552606007913.jpg&#039;)\">\n\n\t\t\t\n\t\t\t\t\t<\/div>\n\t\t\t\t\t\t\t\t<\/div>\n\t\t\t\t\t\t\t\t\t<\/div>\n\t\t\t\t\t\t\t<\/div>\n\t\t\t\t<\/div>\n\t\t\t\t\t\t\t\t<\/div>\n\t\t\t\t<\/div>\n\t\t\t\t\t<\/div>\n\t\t<\/div>\n\t\t\t\t\t<\/div>\n\t\t<\/section>\n\t\t\t\t<section class=\"elementor-section elementor-top-section elementor-element elementor-element-6c4bc4df elementor-section-content-middle elementor-section-boxed elementor-section-height-default elementor-section-height-default\" data-id=\"6c4bc4df\" data-element_type=\"section\" data-e-type=\"section\" data-settings=\"{&quot;background_background&quot;:&quot;classic&quot;}\">\n\t\t\t\t\t\t<div class=\"elementor-container elementor-column-gap-default\">\n\t\t\t\t\t<div class=\"elementor-column elementor-col-100 elementor-top-column elementor-element elementor-element-92d8037\" data-id=\"92d8037\" data-element_type=\"column\" data-e-type=\"column\" data-settings=\"{&quot;background_background&quot;:&quot;classic&quot;}\">\n\t\t\t<div class=\"elementor-widget-wrap elementor-element-populated\">\n\t\t\t\t\t\t<div class=\"elementor-element elementor-element-72ae8138 elementor-widget elementor-widget-heading\" data-id=\"72ae8138\" data-element_type=\"widget\" data-e-type=\"widget\" data-widget_type=\"heading.default\">\n\t\t\t\t<div class=\"elementor-widget-container\">\n\t\t\t\t\t<h1 class=\"elementor-heading-title elementor-size-default\">TEHNOLO\u0160KI SELEKTOR<\/h1>\t\t\t\t<\/div>\n\t\t\t\t<\/div>\n\t\t\t\t<div class=\"elementor-element elementor-element-343c9ac4 elementor-widget elementor-widget-text-editor\" data-id=\"343c9ac4\" data-element_type=\"widget\" data-e-type=\"widget\" data-widget_type=\"text-editor.default\">\n\t\t\t\t<div class=\"elementor-widget-container\">\n\t\t\t\t\t\t\t\t\t<p>STANDARDne TEHNOLOGIje<\/p>\t\t\t\t\t\t\t\t<\/div>\n\t\t\t\t<\/div>\n\t\t\t\t\t<\/div>\n\t\t<\/div>\n\t\t\t\t\t<\/div>\n\t\t<\/section>\n\t\t\t\t<section class=\"elementor-section elementor-top-section elementor-element elementor-element-69a3cc7e elementor-section-boxed elementor-section-height-default elementor-section-height-default\" data-id=\"69a3cc7e\" data-element_type=\"section\" data-e-type=\"section\">\n\t\t\t\t\t\t<div class=\"elementor-container elementor-column-gap-default\">\n\t\t\t\t\t<div class=\"elementor-column elementor-col-100 elementor-top-column elementor-element elementor-element-247dcbde\" data-id=\"247dcbde\" data-element_type=\"column\" data-e-type=\"column\">\n\t\t\t<div class=\"elementor-widget-wrap elementor-element-populated\">\n\t\t\t\t\t\t<div class=\"elementor-element elementor-element-b676eb5 elementor-widget elementor-widget-text-editor\" data-id=\"b676eb5\" data-element_type=\"widget\" data-e-type=\"widget\" data-widget_type=\"text-editor.default\">\n\t\t\t\t<div class=\"elementor-widget-container\">\n\t\t\t\t\t\t\t\t\t<p>Tehnolo\u0161ki selektor je lista tehnologija i materijala visokih performansi, koje su procijenjene i prethodno odobrene kao pogodne za finansiranje u okviru Programa podr\u0161ke konkurentnosti MSP u Crnoj Gori.<\/p><p>Prethodno odobrena oprema i materijali udovoljavaju prioritetnim EU direktivama i, u mnogim slu\u010dajevima, udovoljavaju ili prevazilaze minimalne zahtjeve energetske efikasnosti i prema\u0161uju trenutne tr\u017ei\u0161ne prakse, \u0161to rezultira jasnim benefitima i pobolj\u0161anjima u smislu za\u0161tite \u017eivotne sredine.<\/p><p>Ova lista se redovno a\u017eurira kako bi obuhvatila najnovije tehnologije, materijale te nove dobavlja\u010de.<\/p><p>Va\u0161a \u017eeljena oprema nije uklju\u010dena u Tehnolo\u0161ki selektor? Nema problema! Kontaktirajte projektne konsultante i opi\u0161ite im opremu koju \u017eelite kupiti. Na\u0161 tim stru\u010dnjaka \u0107e procijeniti tehnologiju i, ukoliko je ona pogodna, bit \u0107e uklju\u010dena u Tehnolo\u0161ki selektor.<\/p>\t\t\t\t\t\t\t\t<\/div>\n\t\t\t\t<\/div>\n\t\t\t\t<div class=\"elementor-element elementor-element-38adaafe elementor-align-center elementor-widget elementor-widget-button\" data-id=\"38adaafe\" data-element_type=\"widget\" data-e-type=\"widget\" data-widget_type=\"button.default\">\n\t\t\t\t<div class=\"elementor-widget-container\">\n\t\t\t\t\t\t\t\t\t<div class=\"elementor-button-wrapper\">\n\t\t\t\t\t<a class=\"elementor-button elementor-button-link elementor-size-xl\" href=\"https:\/\/let.web-sme-csp.com\/north-macedonia-let\/%20\">\n\t\t\t\t\t\t<span class=\"elementor-button-content-wrapper\">\n\t\t\t\t\t\t\t\t\t<span class=\"elementor-button-text\">U\u0111ite u Tehnolo\u0161ki sektor<\/span>\n\t\t\t\t\t<\/span>\n\t\t\t\t\t<\/a>\n\t\t\t\t<\/div>\n\t\t\t\t\t\t\t\t<\/div>\n\t\t\t\t<\/div>\n\t\t\t\t\t<\/div>\n\t\t<\/div>\n\t\t\t\t\t<\/div>\n\t\t<\/section>\n\t\t\t\t<\/div>\n\t\t","protected":false},"excerpt":{"rendered":"<p>TEHNOLO\u0160KI SELEKTOR STANDARDne TEHNOLOGIje Tehnolo\u0161ki selektor je lista tehnologija i materijala visokih performansi, koje su procijenjene i prethodno odobrene kao pogodne za finansiranje u okviru Programa podr\u0161ke konkurentnosti MSP u Crnoj Gori. Prethodno odobrena oprema i materijali udovoljavaju prioritetnim EU direktivama i, u mnogim slu\u010dajevima, udovoljavaju ili prevazilaze minimalne zahtjeve energetske efikasnosti i prema\u0161uju trenutne [&hellip;]<\/p>\n","protected":false},"author":1,"featured_media":0,"parent":0,"menu_order":0,"comment_status":"closed","ping_status":"closed","template":"elementor_header_footer","meta":{"footnotes":""},"class_list":["post-1961","page","type-page","status-publish","hentry"],"yoast_head":"<!-- This site is optimized with the Yoast SEO plugin v27.5 - https:\/\/yoast.com\/product\/yoast-seo-wordpress\/ -->\n<title>TEHNOLO\u0160KI SELEKTOR - web-sme-csp.com Montenegro<\/title>\n<meta name=\"robots\" content=\"index, follow, max-snippet:-1, max-image-preview:large, max-video-preview:-1\" \/>\n<link rel=\"canonical\" href=\"https:\/\/web-sme-csp.com\/montenegro\/me\/technology-selector\/\" \/>\n<meta property=\"og:locale\" content=\"en_US\" \/>\n<meta property=\"og:type\" content=\"article\" \/>\n<meta property=\"og:title\" content=\"TEHNOLO\u0160KI SELEKTOR - web-sme-csp.com Montenegro\" \/>\n<meta property=\"og:description\" content=\"TEHNOLO\u0160KI SELEKTOR STANDARDne TEHNOLOGIje Tehnolo\u0161ki selektor je lista tehnologija i materijala visokih performansi, koje su procijenjene i prethodno odobrene kao pogodne za finansiranje u okviru Programa podr\u0161ke konkurentnosti MSP u Crnoj Gori. Prethodno odobrena oprema i materijali udovoljavaju prioritetnim EU direktivama i, u mnogim slu\u010dajevima, udovoljavaju ili prevazilaze minimalne zahtjeve energetske efikasnosti i prema\u0161uju trenutne [&hellip;]\" \/>\n<meta property=\"og:url\" content=\"https:\/\/web-sme-csp.com\/montenegro\/me\/technology-selector\/\" \/>\n<meta property=\"og:site_name\" content=\"web-sme-csp.com Montenegro\" \/>\n<meta property=\"article:modified_time\" content=\"2023-02-15T15:14:34+00:00\" \/>\n<meta name=\"twitter:card\" content=\"summary_large_image\" \/>\n<meta name=\"twitter:label1\" content=\"Est. reading time\" \/>\n\t<meta name=\"twitter:data1\" content=\"1 minute\" \/>\n<script type=\"application\/ld+json\" class=\"yoast-schema-graph\">{\"@context\":\"https:\\\/\\\/schema.org\",\"@graph\":[{\"@type\":\"WebPage\",\"@id\":\"https:\\\/\\\/web-sme-csp.com\\\/montenegro\\\/me\\\/technology-selector\\\/\",\"url\":\"https:\\\/\\\/web-sme-csp.com\\\/montenegro\\\/me\\\/technology-selector\\\/\",\"name\":\"TEHNOLO\u0160KI SELEKTOR - web-sme-csp.com Montenegro\",\"isPartOf\":{\"@id\":\"https:\\\/\\\/web-sme-csp.com\\\/montenegro\\\/#website\"},\"datePublished\":\"2023-02-15T15:13:59+00:00\",\"dateModified\":\"2023-02-15T15:14:34+00:00\",\"breadcrumb\":{\"@id\":\"https:\\\/\\\/web-sme-csp.com\\\/montenegro\\\/me\\\/technology-selector\\\/#breadcrumb\"},\"inLanguage\":\"me-ME\",\"potentialAction\":[{\"@type\":\"ReadAction\",\"target\":[\"https:\\\/\\\/web-sme-csp.com\\\/montenegro\\\/me\\\/technology-selector\\\/\"]}]},{\"@type\":\"BreadcrumbList\",\"@id\":\"https:\\\/\\\/web-sme-csp.com\\\/montenegro\\\/me\\\/technology-selector\\\/#breadcrumb\",\"itemListElement\":[{\"@type\":\"ListItem\",\"position\":1,\"name\":\"Home\",\"item\":\"https:\\\/\\\/web-sme-csp.com\\\/montenegro\\\/me\\\/\"},{\"@type\":\"ListItem\",\"position\":2,\"name\":\"TEHNOLO\u0160KI SELEKTOR\"}]},{\"@type\":\"WebSite\",\"@id\":\"https:\\\/\\\/web-sme-csp.com\\\/montenegro\\\/#website\",\"url\":\"https:\\\/\\\/web-sme-csp.com\\\/montenegro\\\/\",\"name\":\"web-sme-csp.com Montenegro\",\"description\":\"Montenegro\",\"potentialAction\":[{\"@type\":\"SearchAction\",\"target\":{\"@type\":\"EntryPoint\",\"urlTemplate\":\"https:\\\/\\\/web-sme-csp.com\\\/montenegro\\\/?s={search_term_string}\"},\"query-input\":{\"@type\":\"PropertyValueSpecification\",\"valueRequired\":true,\"valueName\":\"search_term_string\"}}],\"inLanguage\":\"me-ME\"}]}<\/script>\n<!-- \/ Yoast SEO plugin. -->","yoast_head_json":{"title":"TEHNOLO\u0160KI SELEKTOR - web-sme-csp.com Montenegro","robots":{"index":"index","follow":"follow","max-snippet":"max-snippet:-1","max-image-preview":"max-image-preview:large","max-video-preview":"max-video-preview:-1"},"canonical":"https:\/\/web-sme-csp.com\/montenegro\/me\/technology-selector\/","og_locale":"en_US","og_type":"article","og_title":"TEHNOLO\u0160KI SELEKTOR - web-sme-csp.com Montenegro","og_description":"TEHNOLO\u0160KI SELEKTOR STANDARDne TEHNOLOGIje Tehnolo\u0161ki selektor je lista tehnologija i materijala visokih performansi, koje su procijenjene i prethodno odobrene kao pogodne za finansiranje u okviru Programa podr\u0161ke konkurentnosti MSP u Crnoj Gori. Prethodno odobrena oprema i materijali udovoljavaju prioritetnim EU direktivama i, u mnogim slu\u010dajevima, udovoljavaju ili prevazilaze minimalne zahtjeve energetske efikasnosti i prema\u0161uju trenutne [&hellip;]","og_url":"https:\/\/web-sme-csp.com\/montenegro\/me\/technology-selector\/","og_site_name":"web-sme-csp.com Montenegro","article_modified_time":"2023-02-15T15:14:34+00:00","twitter_card":"summary_large_image","twitter_misc":{"Est. reading time":"1 minute"},"schema":{"@context":"https:\/\/schema.org","@graph":[{"@type":"WebPage","@id":"https:\/\/web-sme-csp.com\/montenegro\/me\/technology-selector\/","url":"https:\/\/web-sme-csp.com\/montenegro\/me\/technology-selector\/","name":"TEHNOLO\u0160KI SELEKTOR - web-sme-csp.com Montenegro","isPartOf":{"@id":"https:\/\/web-sme-csp.com\/montenegro\/#website"},"datePublished":"2023-02-15T15:13:59+00:00","dateModified":"2023-02-15T15:14:34+00:00","breadcrumb":{"@id":"https:\/\/web-sme-csp.com\/montenegro\/me\/technology-selector\/#breadcrumb"},"inLanguage":"me-ME","potentialAction":[{"@type":"ReadAction","target":["https:\/\/web-sme-csp.com\/montenegro\/me\/technology-selector\/"]}]},{"@type":"BreadcrumbList","@id":"https:\/\/web-sme-csp.com\/montenegro\/me\/technology-selector\/#breadcrumb","itemListElement":[{"@type":"ListItem","position":1,"name":"Home","item":"https:\/\/web-sme-csp.com\/montenegro\/me\/"},{"@type":"ListItem","position":2,"name":"TEHNOLO\u0160KI SELEKTOR"}]},{"@type":"WebSite","@id":"https:\/\/web-sme-csp.com\/montenegro\/#website","url":"https:\/\/web-sme-csp.com\/montenegro\/","name":"web-sme-csp.com Montenegro","description":"Montenegro","potentialAction":[{"@type":"SearchAction","target":{"@type":"EntryPoint","urlTemplate":"https:\/\/web-sme-csp.com\/montenegro\/?s={search_term_string}"},"query-input":{"@type":"PropertyValueSpecification","valueRequired":true,"valueName":"search_term_string"}}],"inLanguage":"me-ME"}]}},"_links":{"self":[{"href":"https:\/\/web-sme-csp.com\/montenegro\/me\/wp-json\/wp\/v2\/pages\/1961","targetHints":{"allow":["GET"]}}],"collection":[{"href":"https:\/\/web-sme-csp.com\/montenegro\/me\/wp-json\/wp\/v2\/pages"}],"about":[{"href":"https:\/\/web-sme-csp.com\/montenegro\/me\/wp-json\/wp\/v2\/types\/page"}],"author":[{"embeddable":true,"href":"https:\/\/web-sme-csp.com\/montenegro\/me\/wp-json\/wp\/v2\/users\/1"}],"replies":[{"embeddable":true,"href":"https:\/\/web-sme-csp.com\/montenegro\/me\/wp-json\/wp\/v2\/comments?post=1961"}],"version-history":[{"count":4,"href":"https:\/\/web-sme-csp.com\/montenegro\/me\/wp-json\/wp\/v2\/pages\/1961\/revisions"}],"predecessor-version":[{"id":1965,"href":"https:\/\/web-sme-csp.com\/montenegro\/me\/wp-json\/wp\/v2\/pages\/1961\/revisions\/1965"}],"wp:attachment":[{"href":"https:\/\/web-sme-csp.com\/montenegro\/me\/wp-json\/wp\/v2\/media?parent=1961"}],"curies":[{"name":"wp","href":"https:\/\/api.w.org\/{rel}","templated":true}]}}