{"id":1950,"date":"2023-02-15T15:11:57","date_gmt":"2023-02-15T15:11:57","guid":{"rendered":"https:\/\/web-sme-csp.com\/montenegro\/?page_id=1950"},"modified":"2023-02-15T15:13:34","modified_gmt":"2023-02-15T15:13:34","slug":"investment-grants","status":"publish","type":"page","link":"https:\/\/web-sme-csp.com\/montenegro\/me\/investment-grants\/","title":{"rendered":"Investicijski grantovi"},"content":{"rendered":"\t\t<div data-elementor-type=\"wp-post\" data-elementor-id=\"1950\" class=\"elementor elementor-1950\" data-elementor-post-type=\"page\">\n\t\t\t\t\t\t<section class=\"elementor-section elementor-top-section elementor-element elementor-element-6a1187c2 elementor-section-full_width elementor-section-height-default elementor-section-height-default\" data-id=\"6a1187c2\" data-element_type=\"section\" data-e-type=\"section\">\n\t\t\t\t\t\t<div class=\"elementor-container elementor-column-gap-no\">\n\t\t\t\t\t<div class=\"elementor-column elementor-col-100 elementor-top-column elementor-element elementor-element-620d46\" data-id=\"620d46\" data-element_type=\"column\" data-e-type=\"column\">\n\t\t\t<div class=\"elementor-widget-wrap elementor-element-populated\">\n\t\t\t\t\t\t<div class=\"elementor-element elementor-element-218a18ca elementor-skin-carousel elementor-widget elementor-widget-media-carousel\" data-id=\"218a18ca\" data-element_type=\"widget\" data-e-type=\"widget\" data-settings=\"{&quot;space_between&quot;:{&quot;unit&quot;:&quot;px&quot;,&quot;size&quot;:0,&quot;sizes&quot;:[]},&quot;skin&quot;:&quot;carousel&quot;,&quot;effect&quot;:&quot;slide&quot;,&quot;speed&quot;:500,&quot;autoplay&quot;:&quot;yes&quot;,&quot;autoplay_speed&quot;:5000,&quot;loop&quot;:&quot;yes&quot;,&quot;pause_on_hover&quot;:&quot;yes&quot;,&quot;pause_on_interaction&quot;:&quot;yes&quot;,&quot;space_between_tablet&quot;:{&quot;unit&quot;:&quot;px&quot;,&quot;size&quot;:10,&quot;sizes&quot;:[]},&quot;space_between_mobile&quot;:{&quot;unit&quot;:&quot;px&quot;,&quot;size&quot;:10,&quot;sizes&quot;:[]}}\" data-widget_type=\"media-carousel.default\">\n\t\t\t\t<div class=\"elementor-widget-container\">\n\t\t\t\t\t\t\t\t\t<div class=\"elementor-swiper\">\n\t\t\t\t\t<div class=\"elementor-main-swiper swiper\" role=\"region\" aria-roledescription=\"carousel\" aria-label=\"Slides\">\n\t\t\t\t<div class=\"swiper-wrapper\">\n\t\t\t\t\t\t\t\t\t\t\t<div class=\"swiper-slide\" role=\"group\" aria-roledescription=\"slide\">\n\t\t\t\t\t\t\t\t\t<div class=\"elementor-carousel-image\" role=\"img\" aria-label=\"404\" style=\"background-image: url(&#039;https:\/\/web-sme-csp.com\/republic-north-macedonia\/wp-content\/uploads\/sites\/5\/2019\/03\/395129-PCH2M7-589-e1552605691578.jpg&#039;)\">\n\n\t\t\t\n\t\t\t\t\t<\/div>\n\t\t\t\t\t\t\t\t<\/div>\n\t\t\t\t\t\t\t\t\t<\/div>\n\t\t\t\t\t\t\t<\/div>\n\t\t\t\t<\/div>\n\t\t\t\t\t\t\t\t<\/div>\n\t\t\t\t<\/div>\n\t\t\t\t\t<\/div>\n\t\t<\/div>\n\t\t\t\t\t<\/div>\n\t\t<\/section>\n\t\t\t\t<section class=\"elementor-section elementor-top-section elementor-element elementor-element-5f34de9c elementor-section-content-middle elementor-section-boxed elementor-section-height-default elementor-section-height-default\" data-id=\"5f34de9c\" data-element_type=\"section\" data-e-type=\"section\" data-settings=\"{&quot;background_background&quot;:&quot;classic&quot;}\">\n\t\t\t\t\t\t<div class=\"elementor-container elementor-column-gap-default\">\n\t\t\t\t\t<div class=\"elementor-column elementor-col-100 elementor-top-column elementor-element elementor-element-6d8bc66c\" data-id=\"6d8bc66c\" data-element_type=\"column\" data-e-type=\"column\" data-settings=\"{&quot;background_background&quot;:&quot;classic&quot;}\">\n\t\t\t<div class=\"elementor-widget-wrap elementor-element-populated\">\n\t\t\t\t\t\t<div class=\"elementor-element elementor-element-3bf63fd8 elementor-widget elementor-widget-heading\" data-id=\"3bf63fd8\" data-element_type=\"widget\" data-e-type=\"widget\" data-widget_type=\"heading.default\">\n\t\t\t\t<div class=\"elementor-widget-container\">\n\t\t\t\t\t<h1 class=\"elementor-heading-title elementor-size-default\">Investicijski grantovi<\/h1>\t\t\t\t<\/div>\n\t\t\t\t<\/div>\n\t\t\t\t<div class=\"elementor-element elementor-element-47b8da2f elementor-widget elementor-widget-text-editor\" data-id=\"47b8da2f\" data-element_type=\"widget\" data-e-type=\"widget\" data-widget_type=\"text-editor.default\">\n\t\t\t\t<div class=\"elementor-widget-container\">\n\t\t\t\t\t\t\t\t\t<p style=\"margin-top: 0cm; text-align: center; background: white;\" align=\"center\">PODSTICAJI<\/p>\t\t\t\t\t\t\t\t<\/div>\n\t\t\t\t<\/div>\n\t\t\t\t\t<\/div>\n\t\t<\/div>\n\t\t\t\t\t<\/div>\n\t\t<\/section>\n\t\t\t\t<section class=\"elementor-section elementor-top-section elementor-element elementor-element-25b89571 elementor-section-boxed elementor-section-height-default elementor-section-height-default\" data-id=\"25b89571\" data-element_type=\"section\" data-e-type=\"section\">\n\t\t\t\t\t\t<div class=\"elementor-container elementor-column-gap-default\">\n\t\t\t\t\t<div class=\"elementor-column elementor-col-100 elementor-top-column elementor-element elementor-element-265bf84\" data-id=\"265bf84\" data-element_type=\"column\" data-e-type=\"column\">\n\t\t\t<div class=\"elementor-widget-wrap elementor-element-populated\">\n\t\t\t\t\t\t<section class=\"elementor-section elementor-inner-section elementor-element elementor-element-55d139b6 elementor-section-boxed elementor-section-height-default elementor-section-height-default\" data-id=\"55d139b6\" data-element_type=\"section\" data-e-type=\"section\">\n\t\t\t\t\t\t<div class=\"elementor-container elementor-column-gap-default\">\n\t\t\t\t\t<div class=\"elementor-column elementor-col-50 elementor-inner-column elementor-element elementor-element-4910e945\" data-id=\"4910e945\" data-element_type=\"column\" data-e-type=\"column\">\n\t\t\t<div class=\"elementor-widget-wrap elementor-element-populated\">\n\t\t\t\t\t\t<div class=\"elementor-element elementor-element-58823d04 elementor-widget elementor-widget-text-editor\" data-id=\"58823d04\" data-element_type=\"widget\" data-e-type=\"widget\" data-widget_type=\"text-editor.default\">\n\t\t\t\t<div class=\"elementor-widget-container\">\n\t\t\t\t\t\t\t\t\t<p>Svaki projekat \u0107e dobiti investicijski podsticaj (grant) u iznosu do 15% nakon uspje\u0161ne implementacije i verifikacije projekta:<\/p><ul><li>Iznos investicijskoj podsticaja koji se dodjeljuje projektu i\/ili zajmoprimcu utvrdit \u0107e konsultant za verifikaciju (\u201cVC\u201d) i isti \u0107e biti predstavljen u izvje\u0161taju o verifikaciji.\u00a0<\/li><li>Iznos za uplatu investicijskog podsticaja utvr\u0111uje se kao iznos od 15% jednog (manjeg) od sljede\u0107ih iznosa:\u00a0<\/li><li>prihvatljivi, potro\u0161eni iznos kredita ili\u00a0<\/li><li>prihvatljivi tro\u0161ak investicije projekta, isklju\u010duju\u0107i bilo koji iznos PDV-a koji se pla\u0107a u vezi sa investicijom.<\/li><\/ul>\t\t\t\t\t\t\t\t<\/div>\n\t\t\t\t<\/div>\n\t\t\t\t\t<\/div>\n\t\t<\/div>\n\t\t\t\t<div class=\"elementor-column elementor-col-50 elementor-inner-column elementor-element elementor-element-68d9ade2\" data-id=\"68d9ade2\" data-element_type=\"column\" data-e-type=\"column\">\n\t\t\t<div class=\"elementor-widget-wrap elementor-element-populated\">\n\t\t\t\t\t\t<div class=\"elementor-element elementor-element-12c35dd elementor-widget elementor-widget-image\" data-id=\"12c35dd\" data-element_type=\"widget\" data-e-type=\"widget\" data-widget_type=\"image.default\">\n\t\t\t\t<div class=\"elementor-widget-container\">\n\t\t\t\t\t\t\t\t\t\t\t\t\t\t\t<img decoding=\"async\" src=\"https:\/\/web-sme-csp.com\/republic-north-macedonia\/wp-content\/uploads\/sites\/5\/2019\/03\/Untitled-3-1.png\" title=\"\" alt=\"\" loading=\"lazy\" \/>\t\t\t\t\t\t\t\t\t\t\t\t\t\t\t<\/div>\n\t\t\t\t<\/div>\n\t\t\t\t\t<\/div>\n\t\t<\/div>\n\t\t\t\t\t<\/div>\n\t\t<\/section>\n\t\t\t\t\t<\/div>\n\t\t<\/div>\n\t\t\t\t\t<\/div>\n\t\t<\/section>\n\t\t\t\t<\/div>\n\t\t","protected":false},"excerpt":{"rendered":"<p>Investicijski grantovi PODSTICAJI Svaki projekat \u0107e dobiti investicijski podsticaj (grant) u iznosu do 15% nakon uspje\u0161ne implementacije i verifikacije projekta: Iznos investicijskoj podsticaja koji se dodjeljuje projektu i\/ili zajmoprimcu utvrdit \u0107e konsultant za verifikaciju (\u201cVC\u201d) i isti \u0107e biti predstavljen u izvje\u0161taju o verifikaciji.\u00a0 Iznos za uplatu investicijskog podsticaja utvr\u0111uje se kao iznos od 15% [&hellip;]<\/p>\n","protected":false},"author":1,"featured_media":0,"parent":0,"menu_order":0,"comment_status":"closed","ping_status":"closed","template":"elementor_header_footer","meta":{"footnotes":""},"class_list":["post-1950","page","type-page","status-publish","hentry"],"yoast_head":"<!-- This site is optimized with the Yoast SEO plugin v27.5 - https:\/\/yoast.com\/product\/yoast-seo-wordpress\/ -->\n<title>Investicijski grantovi - web-sme-csp.com Montenegro<\/title>\n<meta name=\"robots\" content=\"index, follow, max-snippet:-1, max-image-preview:large, max-video-preview:-1\" \/>\n<link rel=\"canonical\" href=\"https:\/\/web-sme-csp.com\/montenegro\/me\/investment-grants\/\" \/>\n<meta property=\"og:locale\" content=\"en_US\" \/>\n<meta property=\"og:type\" content=\"article\" \/>\n<meta property=\"og:title\" content=\"Investicijski grantovi - web-sme-csp.com Montenegro\" \/>\n<meta property=\"og:description\" content=\"Investicijski grantovi PODSTICAJI Svaki projekat \u0107e dobiti investicijski podsticaj (grant) u iznosu do 15% nakon uspje\u0161ne implementacije i verifikacije projekta: Iznos investicijskoj podsticaja koji se dodjeljuje projektu i\/ili zajmoprimcu utvrdit \u0107e konsultant za verifikaciju (\u201cVC\u201d) i isti \u0107e biti predstavljen u izvje\u0161taju o verifikaciji.\u00a0 Iznos za uplatu investicijskog podsticaja utvr\u0111uje se kao iznos od 15% [&hellip;]\" \/>\n<meta property=\"og:url\" content=\"https:\/\/web-sme-csp.com\/montenegro\/me\/investment-grants\/\" \/>\n<meta property=\"og:site_name\" content=\"web-sme-csp.com Montenegro\" \/>\n<meta property=\"article:modified_time\" content=\"2023-02-15T15:13:34+00:00\" \/>\n<meta property=\"og:image\" content=\"https:\/\/web-sme-csp.com\/republic-north-macedonia\/wp-content\/uploads\/sites\/5\/2019\/03\/Untitled-3-1.png\" \/>\n<meta name=\"twitter:card\" content=\"summary_large_image\" \/>\n<meta name=\"twitter:label1\" content=\"Est. reading time\" \/>\n\t<meta name=\"twitter:data1\" content=\"1 minute\" \/>\n<script type=\"application\/ld+json\" class=\"yoast-schema-graph\">{\"@context\":\"https:\\\/\\\/schema.org\",\"@graph\":[{\"@type\":\"WebPage\",\"@id\":\"https:\\\/\\\/web-sme-csp.com\\\/montenegro\\\/me\\\/investment-grants\\\/\",\"url\":\"https:\\\/\\\/web-sme-csp.com\\\/montenegro\\\/me\\\/investment-grants\\\/\",\"name\":\"Investicijski grantovi - web-sme-csp.com Montenegro\",\"isPartOf\":{\"@id\":\"https:\\\/\\\/web-sme-csp.com\\\/montenegro\\\/#website\"},\"primaryImageOfPage\":{\"@id\":\"https:\\\/\\\/web-sme-csp.com\\\/montenegro\\\/me\\\/investment-grants\\\/#primaryimage\"},\"image\":{\"@id\":\"https:\\\/\\\/web-sme-csp.com\\\/montenegro\\\/me\\\/investment-grants\\\/#primaryimage\"},\"thumbnailUrl\":\"https:\\\/\\\/web-sme-csp.com\\\/republic-north-macedonia\\\/wp-content\\\/uploads\\\/sites\\\/5\\\/2019\\\/03\\\/Untitled-3-1.png\",\"datePublished\":\"2023-02-15T15:11:57+00:00\",\"dateModified\":\"2023-02-15T15:13:34+00:00\",\"breadcrumb\":{\"@id\":\"https:\\\/\\\/web-sme-csp.com\\\/montenegro\\\/me\\\/investment-grants\\\/#breadcrumb\"},\"inLanguage\":\"me-ME\",\"potentialAction\":[{\"@type\":\"ReadAction\",\"target\":[\"https:\\\/\\\/web-sme-csp.com\\\/montenegro\\\/me\\\/investment-grants\\\/\"]}]},{\"@type\":\"ImageObject\",\"inLanguage\":\"me-ME\",\"@id\":\"https:\\\/\\\/web-sme-csp.com\\\/montenegro\\\/me\\\/investment-grants\\\/#primaryimage\",\"url\":\"https:\\\/\\\/web-sme-csp.com\\\/republic-north-macedonia\\\/wp-content\\\/uploads\\\/sites\\\/5\\\/2019\\\/03\\\/Untitled-3-1.png\",\"contentUrl\":\"https:\\\/\\\/web-sme-csp.com\\\/republic-north-macedonia\\\/wp-content\\\/uploads\\\/sites\\\/5\\\/2019\\\/03\\\/Untitled-3-1.png\"},{\"@type\":\"BreadcrumbList\",\"@id\":\"https:\\\/\\\/web-sme-csp.com\\\/montenegro\\\/me\\\/investment-grants\\\/#breadcrumb\",\"itemListElement\":[{\"@type\":\"ListItem\",\"position\":1,\"name\":\"Home\",\"item\":\"https:\\\/\\\/web-sme-csp.com\\\/montenegro\\\/me\\\/\"},{\"@type\":\"ListItem\",\"position\":2,\"name\":\"Investicijski grantovi\"}]},{\"@type\":\"WebSite\",\"@id\":\"https:\\\/\\\/web-sme-csp.com\\\/montenegro\\\/#website\",\"url\":\"https:\\\/\\\/web-sme-csp.com\\\/montenegro\\\/\",\"name\":\"web-sme-csp.com Montenegro\",\"description\":\"Montenegro\",\"potentialAction\":[{\"@type\":\"SearchAction\",\"target\":{\"@type\":\"EntryPoint\",\"urlTemplate\":\"https:\\\/\\\/web-sme-csp.com\\\/montenegro\\\/?s={search_term_string}\"},\"query-input\":{\"@type\":\"PropertyValueSpecification\",\"valueRequired\":true,\"valueName\":\"search_term_string\"}}],\"inLanguage\":\"me-ME\"}]}<\/script>\n<!-- \/ Yoast SEO plugin. -->","yoast_head_json":{"title":"Investicijski grantovi - web-sme-csp.com Montenegro","robots":{"index":"index","follow":"follow","max-snippet":"max-snippet:-1","max-image-preview":"max-image-preview:large","max-video-preview":"max-video-preview:-1"},"canonical":"https:\/\/web-sme-csp.com\/montenegro\/me\/investment-grants\/","og_locale":"en_US","og_type":"article","og_title":"Investicijski grantovi - web-sme-csp.com Montenegro","og_description":"Investicijski grantovi PODSTICAJI Svaki projekat \u0107e dobiti investicijski podsticaj (grant) u iznosu do 15% nakon uspje\u0161ne implementacije i verifikacije projekta: Iznos investicijskoj podsticaja koji se dodjeljuje projektu i\/ili zajmoprimcu utvrdit \u0107e konsultant za verifikaciju (\u201cVC\u201d) i isti \u0107e biti predstavljen u izvje\u0161taju o verifikaciji.\u00a0 Iznos za uplatu investicijskog podsticaja utvr\u0111uje se kao iznos od 15% [&hellip;]","og_url":"https:\/\/web-sme-csp.com\/montenegro\/me\/investment-grants\/","og_site_name":"web-sme-csp.com Montenegro","article_modified_time":"2023-02-15T15:13:34+00:00","og_image":[{"url":"https:\/\/web-sme-csp.com\/republic-north-macedonia\/wp-content\/uploads\/sites\/5\/2019\/03\/Untitled-3-1.png","type":"","width":"","height":""}],"twitter_card":"summary_large_image","twitter_misc":{"Est. reading time":"1 minute"},"schema":{"@context":"https:\/\/schema.org","@graph":[{"@type":"WebPage","@id":"https:\/\/web-sme-csp.com\/montenegro\/me\/investment-grants\/","url":"https:\/\/web-sme-csp.com\/montenegro\/me\/investment-grants\/","name":"Investicijski grantovi - web-sme-csp.com Montenegro","isPartOf":{"@id":"https:\/\/web-sme-csp.com\/montenegro\/#website"},"primaryImageOfPage":{"@id":"https:\/\/web-sme-csp.com\/montenegro\/me\/investment-grants\/#primaryimage"},"image":{"@id":"https:\/\/web-sme-csp.com\/montenegro\/me\/investment-grants\/#primaryimage"},"thumbnailUrl":"https:\/\/web-sme-csp.com\/republic-north-macedonia\/wp-content\/uploads\/sites\/5\/2019\/03\/Untitled-3-1.png","datePublished":"2023-02-15T15:11:57+00:00","dateModified":"2023-02-15T15:13:34+00:00","breadcrumb":{"@id":"https:\/\/web-sme-csp.com\/montenegro\/me\/investment-grants\/#breadcrumb"},"inLanguage":"me-ME","potentialAction":[{"@type":"ReadAction","target":["https:\/\/web-sme-csp.com\/montenegro\/me\/investment-grants\/"]}]},{"@type":"ImageObject","inLanguage":"me-ME","@id":"https:\/\/web-sme-csp.com\/montenegro\/me\/investment-grants\/#primaryimage","url":"https:\/\/web-sme-csp.com\/republic-north-macedonia\/wp-content\/uploads\/sites\/5\/2019\/03\/Untitled-3-1.png","contentUrl":"https:\/\/web-sme-csp.com\/republic-north-macedonia\/wp-content\/uploads\/sites\/5\/2019\/03\/Untitled-3-1.png"},{"@type":"BreadcrumbList","@id":"https:\/\/web-sme-csp.com\/montenegro\/me\/investment-grants\/#breadcrumb","itemListElement":[{"@type":"ListItem","position":1,"name":"Home","item":"https:\/\/web-sme-csp.com\/montenegro\/me\/"},{"@type":"ListItem","position":2,"name":"Investicijski grantovi"}]},{"@type":"WebSite","@id":"https:\/\/web-sme-csp.com\/montenegro\/#website","url":"https:\/\/web-sme-csp.com\/montenegro\/","name":"web-sme-csp.com Montenegro","description":"Montenegro","potentialAction":[{"@type":"SearchAction","target":{"@type":"EntryPoint","urlTemplate":"https:\/\/web-sme-csp.com\/montenegro\/?s={search_term_string}"},"query-input":{"@type":"PropertyValueSpecification","valueRequired":true,"valueName":"search_term_string"}}],"inLanguage":"me-ME"}]}},"_links":{"self":[{"href":"https:\/\/web-sme-csp.com\/montenegro\/me\/wp-json\/wp\/v2\/pages\/1950","targetHints":{"allow":["GET"]}}],"collection":[{"href":"https:\/\/web-sme-csp.com\/montenegro\/me\/wp-json\/wp\/v2\/pages"}],"about":[{"href":"https:\/\/web-sme-csp.com\/montenegro\/me\/wp-json\/wp\/v2\/types\/page"}],"author":[{"embeddable":true,"href":"https:\/\/web-sme-csp.com\/montenegro\/me\/wp-json\/wp\/v2\/users\/1"}],"replies":[{"embeddable":true,"href":"https:\/\/web-sme-csp.com\/montenegro\/me\/wp-json\/wp\/v2\/comments?post=1950"}],"version-history":[{"count":10,"href":"https:\/\/web-sme-csp.com\/montenegro\/me\/wp-json\/wp\/v2\/pages\/1950\/revisions"}],"predecessor-version":[{"id":1960,"href":"https:\/\/web-sme-csp.com\/montenegro\/me\/wp-json\/wp\/v2\/pages\/1950\/revisions\/1960"}],"wp:attachment":[{"href":"https:\/\/web-sme-csp.com\/montenegro\/me\/wp-json\/wp\/v2\/media?parent=1950"}],"curies":[{"name":"wp","href":"https:\/\/api.w.org\/{rel}","templated":true}]}}