{"id":1937,"date":"2023-02-15T15:05:37","date_gmt":"2023-02-15T15:05:37","guid":{"rendered":"https:\/\/web-sme-csp.com\/montenegro\/?page_id=1937"},"modified":"2023-02-15T15:07:01","modified_gmt":"2023-02-15T15:07:01","slug":"proces-prijavljivanja","status":"publish","type":"page","link":"https:\/\/web-sme-csp.com\/montenegro\/me\/proces-prijavljivanja\/","title":{"rendered":"Proces prijavljivanja"},"content":{"rendered":"\t\t<div data-elementor-type=\"wp-post\" data-elementor-id=\"1937\" class=\"elementor elementor-1937\" data-elementor-post-type=\"page\">\n\t\t\t\t\t\t<section class=\"elementor-section elementor-top-section elementor-element elementor-element-35d374b5 elementor-section-full_width elementor-section-height-default elementor-section-height-default\" data-id=\"35d374b5\" data-element_type=\"section\" data-e-type=\"section\">\n\t\t\t\t\t\t<div class=\"elementor-container elementor-column-gap-no\">\n\t\t\t\t\t<div class=\"elementor-column elementor-col-100 elementor-top-column elementor-element elementor-element-33f2cbf7\" data-id=\"33f2cbf7\" data-element_type=\"column\" data-e-type=\"column\">\n\t\t\t<div class=\"elementor-widget-wrap elementor-element-populated\">\n\t\t\t\t\t\t<div class=\"elementor-element elementor-element-5e79c6eb elementor-skin-carousel elementor-widget elementor-widget-media-carousel\" data-id=\"5e79c6eb\" data-element_type=\"widget\" data-e-type=\"widget\" data-settings=\"{&quot;space_between&quot;:{&quot;unit&quot;:&quot;px&quot;,&quot;size&quot;:0,&quot;sizes&quot;:[]},&quot;skin&quot;:&quot;carousel&quot;,&quot;effect&quot;:&quot;slide&quot;,&quot;speed&quot;:500,&quot;autoplay&quot;:&quot;yes&quot;,&quot;autoplay_speed&quot;:5000,&quot;loop&quot;:&quot;yes&quot;,&quot;pause_on_hover&quot;:&quot;yes&quot;,&quot;pause_on_interaction&quot;:&quot;yes&quot;,&quot;space_between_tablet&quot;:{&quot;unit&quot;:&quot;px&quot;,&quot;size&quot;:10,&quot;sizes&quot;:[]},&quot;space_between_mobile&quot;:{&quot;unit&quot;:&quot;px&quot;,&quot;size&quot;:10,&quot;sizes&quot;:[]}}\" data-widget_type=\"media-carousel.default\">\n\t\t\t\t<div class=\"elementor-widget-container\">\n\t\t\t\t\t\t\t\t\t<div class=\"elementor-swiper\">\n\t\t\t\t\t<div class=\"elementor-main-swiper swiper\" role=\"region\" aria-roledescription=\"carousel\" aria-label=\"Slides\">\n\t\t\t\t<div class=\"swiper-wrapper\">\n\t\t\t\t\t\t\t\t\t\t\t<div class=\"swiper-slide\" role=\"group\" aria-roledescription=\"slide\">\n\t\t\t\t\t\t\t\t\t<div class=\"elementor-carousel-image\" role=\"img\" aria-label=\"404\" style=\"background-image: url(&#039;https:\/\/web-sme-csp.com\/republic-north-macedonia\/wp-content\/uploads\/sites\/5\/2019\/03\/395129-PCH2M7-589-e1552605691578.jpg&#039;)\">\n\n\t\t\t\n\t\t\t\t\t<\/div>\n\t\t\t\t\t\t\t\t<\/div>\n\t\t\t\t\t\t\t\t\t<\/div>\n\t\t\t\t\t\t\t<\/div>\n\t\t\t\t<\/div>\n\t\t\t\t\t\t\t\t<\/div>\n\t\t\t\t<\/div>\n\t\t\t\t\t<\/div>\n\t\t<\/div>\n\t\t\t\t\t<\/div>\n\t\t<\/section>\n\t\t\t\t<section class=\"elementor-section elementor-top-section elementor-element elementor-element-65da30e1 elementor-section-content-middle elementor-section-boxed elementor-section-height-default elementor-section-height-default\" data-id=\"65da30e1\" data-element_type=\"section\" data-e-type=\"section\" data-settings=\"{&quot;background_background&quot;:&quot;classic&quot;}\">\n\t\t\t\t\t\t<div class=\"elementor-container elementor-column-gap-default\">\n\t\t\t\t\t<div class=\"elementor-column elementor-col-100 elementor-top-column elementor-element elementor-element-3e99afda\" data-id=\"3e99afda\" data-element_type=\"column\" data-e-type=\"column\" data-settings=\"{&quot;background_background&quot;:&quot;classic&quot;}\">\n\t\t\t<div class=\"elementor-widget-wrap elementor-element-populated\">\n\t\t\t\t\t\t<div class=\"elementor-element elementor-element-1502ee6d elementor-widget elementor-widget-heading\" data-id=\"1502ee6d\" data-element_type=\"widget\" data-e-type=\"widget\" data-widget_type=\"heading.default\">\n\t\t\t\t<div class=\"elementor-widget-container\">\n\t\t\t\t\t<h1 class=\"elementor-heading-title elementor-size-default\">Proces prijavljivanja<\/h1>\t\t\t\t<\/div>\n\t\t\t\t<\/div>\n\t\t\t\t<div class=\"elementor-element elementor-element-7f8b450d elementor-widget elementor-widget-text-editor\" data-id=\"7f8b450d\" data-element_type=\"widget\" data-e-type=\"widget\" data-widget_type=\"text-editor.default\">\n\t\t\t\t<div class=\"elementor-widget-container\">\n\t\t\t\t\t\t\t\t\t<p style=\"margin-top: 0cm; text-align: center; background: white;\" align=\"center\"><span style=\"font-size: 15.0pt; font-family: 'Arial',sans-serif; color: black; text-transform: uppercase; letter-spacing: 7.5pt;\">KO I \u0160TA SE MO\u017dE FINANSIRATI<\/span><\/p>\t\t\t\t\t\t\t\t<\/div>\n\t\t\t\t<\/div>\n\t\t\t\t\t<\/div>\n\t\t<\/div>\n\t\t\t\t\t<\/div>\n\t\t<\/section>\n\t\t\t\t<section class=\"elementor-section elementor-top-section elementor-element elementor-element-85556c elementor-section-boxed elementor-section-height-default elementor-section-height-default\" data-id=\"85556c\" data-element_type=\"section\" data-e-type=\"section\">\n\t\t\t\t\t\t<div class=\"elementor-container elementor-column-gap-default\">\n\t\t\t\t\t<div class=\"elementor-column elementor-col-100 elementor-top-column elementor-element elementor-element-366712ac\" data-id=\"366712ac\" data-element_type=\"column\" data-e-type=\"column\">\n\t\t\t<div class=\"elementor-widget-wrap elementor-element-populated\">\n\t\t\t\t\t\t<div class=\"elementor-element elementor-element-42ee73d8 elementor-widget elementor-widget-text-editor\" data-id=\"42ee73d8\" data-element_type=\"widget\" data-e-type=\"widget\" data-widget_type=\"text-editor.default\">\n\t\t\t\t<div class=\"elementor-widget-container\">\n\t\t\t\t\t\t\t\t\t<p>Proces prijavljivanja se sastoji od dolje navedenih koraka. Molimo da se ne ustru\u010davajte zatra\u017eiti pomo\u0107 od na\u0161eg tehni\u010dkog tima u bilo kojem trenutku za vrijeme ovog procesa:<\/p><ul><li>Podnesite ispunjen obrazac za prijavu jednoj od na\u0161ih partnerskih banaka.\u00a0<\/li><li>Partnerska banka \u0107e sve odgovaraju\u0107e dokumente proslijediti na procjenu na\u0161em timu tehni\u010dkih stru\u010dnjaka. Tehni\u010dki stru\u010dnjaci \u0107e izvr\u0161iti po\u010detnu provjeru pogodnosti projekta, a partnerska banka \u0107e provjeriti va\u0161 kreditni bonitet.\u00a0<\/li><li>Ukoliko tehni\u010dke i finansijske provjere budu pozitivne, od vas \u0107e biti zatra\u017eeno da potpi\u0161ete \u201cPismo o anga\u017eovanju\u201d.<\/li><li>Na\u0161 tehni\u010dki tim \u0107e zapo\u010deti pripremu investicijskog plana (IP) zajedno sa vama i utvrdi\u0107e konkretne potrebe za investicijom kako bi se postigla uskla\u0111enost sa EU direktivama. Na\u0161 tehni\u010dki tim \u0107e razviti IP i raspored aktivnosti (ABS) za va\u0161 projekat, potvr\u0111uju\u0107i pogodnost va\u0161eg projekta i utvr\u0111uju\u0107i iznos grant podsticaja te parametre\/uslove za postizanje uskla\u0111enosti po zavr\u0161etku projekta. IP izvje\u0161taj \u0107e biti poslat va\u0161oj odabranoj partnerskoj banci koja \u0107e sa vama pregovarati o ponudi kredita.<\/li><li>Nakon \u0161to ste u potpunosti implementirali va\u0161 projekat, partnerskoj banci dostavite sljede\u0107e dokumente:<\/li><li>Ispunjena kontrolna lista pregleda validacije zavr\u0161etka projekta CVR (\u0161to je bilo dijelom va\u0161eg investicijskog plana).<ul><li>Fakture\u00a0<\/li><li>Dokaz o uplati\u00a0 Potvrde o prihvatanju (ukoliko je to primjenjivo)\u00a0<\/li><li>Ispunjen \u201cZahtjev za podsticaj\u201d\u00a0<\/li><li>Programski konsultant za verifikaciju \u0107e provjeriti da li je projekat zavr\u0161en u skladu sa parametrima nazna\u010denim u IP, procjenjuju\u0107i zavr\u0161etak i pu\u0161tanje u rad va\u0161eg investicijskog projekta, te va\u0161oj partnerskoj finansijskoj instituciji potvrditi da je isti u skladu sa po\u010detnim stavkama investicijskog plana.<\/li><li>Partnerska finansijska institucija \u0107e grant podsticaj prebaciti na va\u0161 bankovni ra\u010dun.<\/li><\/ul><\/li><\/ul>\t\t\t\t\t\t\t\t<\/div>\n\t\t\t\t<\/div>\n\t\t\t\t\t<\/div>\n\t\t<\/div>\n\t\t\t\t\t<\/div>\n\t\t<\/section>\n\t\t\t\t<\/div>\n\t\t","protected":false},"excerpt":{"rendered":"<p>Proces prijavljivanja KO I \u0160TA SE MO\u017dE FINANSIRATI Proces prijavljivanja se sastoji od dolje navedenih koraka. Molimo da se ne ustru\u010davajte zatra\u017eiti pomo\u0107 od na\u0161eg tehni\u010dkog tima u bilo kojem trenutku za vrijeme ovog procesa: Podnesite ispunjen obrazac za prijavu jednoj od na\u0161ih partnerskih banaka.\u00a0 Partnerska banka \u0107e sve odgovaraju\u0107e dokumente proslijediti na procjenu na\u0161em [&hellip;]<\/p>\n","protected":false},"author":1,"featured_media":0,"parent":0,"menu_order":0,"comment_status":"closed","ping_status":"closed","template":"elementor_header_footer","meta":{"footnotes":""},"class_list":["post-1937","page","type-page","status-publish","hentry"],"yoast_head":"<!-- This site is optimized with the Yoast SEO plugin v27.5 - https:\/\/yoast.com\/product\/yoast-seo-wordpress\/ -->\n<title>Proces prijavljivanja - web-sme-csp.com Montenegro<\/title>\n<meta name=\"robots\" content=\"index, follow, max-snippet:-1, max-image-preview:large, max-video-preview:-1\" \/>\n<link rel=\"canonical\" href=\"https:\/\/web-sme-csp.com\/montenegro\/me\/proces-prijavljivanja\/\" \/>\n<meta property=\"og:locale\" content=\"en_US\" \/>\n<meta property=\"og:type\" content=\"article\" \/>\n<meta property=\"og:title\" content=\"Proces prijavljivanja - web-sme-csp.com Montenegro\" \/>\n<meta property=\"og:description\" content=\"Proces prijavljivanja KO I \u0160TA SE MO\u017dE FINANSIRATI Proces prijavljivanja se sastoji od dolje navedenih koraka. Molimo da se ne ustru\u010davajte zatra\u017eiti pomo\u0107 od na\u0161eg tehni\u010dkog tima u bilo kojem trenutku za vrijeme ovog procesa: Podnesite ispunjen obrazac za prijavu jednoj od na\u0161ih partnerskih banaka.\u00a0 Partnerska banka \u0107e sve odgovaraju\u0107e dokumente proslijediti na procjenu na\u0161em [&hellip;]\" \/>\n<meta property=\"og:url\" content=\"https:\/\/web-sme-csp.com\/montenegro\/me\/proces-prijavljivanja\/\" \/>\n<meta property=\"og:site_name\" content=\"web-sme-csp.com Montenegro\" \/>\n<meta property=\"article:modified_time\" content=\"2023-02-15T15:07:01+00:00\" \/>\n<meta name=\"twitter:card\" content=\"summary_large_image\" \/>\n<meta name=\"twitter:label1\" content=\"Est. reading time\" \/>\n\t<meta name=\"twitter:data1\" content=\"2 minutes\" \/>\n<script type=\"application\/ld+json\" class=\"yoast-schema-graph\">{\"@context\":\"https:\\\/\\\/schema.org\",\"@graph\":[{\"@type\":\"WebPage\",\"@id\":\"https:\\\/\\\/web-sme-csp.com\\\/montenegro\\\/me\\\/proces-prijavljivanja\\\/\",\"url\":\"https:\\\/\\\/web-sme-csp.com\\\/montenegro\\\/me\\\/proces-prijavljivanja\\\/\",\"name\":\"Proces prijavljivanja - web-sme-csp.com Montenegro\",\"isPartOf\":{\"@id\":\"https:\\\/\\\/web-sme-csp.com\\\/montenegro\\\/#website\"},\"datePublished\":\"2023-02-15T15:05:37+00:00\",\"dateModified\":\"2023-02-15T15:07:01+00:00\",\"breadcrumb\":{\"@id\":\"https:\\\/\\\/web-sme-csp.com\\\/montenegro\\\/me\\\/proces-prijavljivanja\\\/#breadcrumb\"},\"inLanguage\":\"me-ME\",\"potentialAction\":[{\"@type\":\"ReadAction\",\"target\":[\"https:\\\/\\\/web-sme-csp.com\\\/montenegro\\\/me\\\/proces-prijavljivanja\\\/\"]}]},{\"@type\":\"BreadcrumbList\",\"@id\":\"https:\\\/\\\/web-sme-csp.com\\\/montenegro\\\/me\\\/proces-prijavljivanja\\\/#breadcrumb\",\"itemListElement\":[{\"@type\":\"ListItem\",\"position\":1,\"name\":\"Home\",\"item\":\"https:\\\/\\\/web-sme-csp.com\\\/montenegro\\\/me\\\/\"},{\"@type\":\"ListItem\",\"position\":2,\"name\":\"Proces prijavljivanja\"}]},{\"@type\":\"WebSite\",\"@id\":\"https:\\\/\\\/web-sme-csp.com\\\/montenegro\\\/#website\",\"url\":\"https:\\\/\\\/web-sme-csp.com\\\/montenegro\\\/\",\"name\":\"web-sme-csp.com Montenegro\",\"description\":\"Montenegro\",\"potentialAction\":[{\"@type\":\"SearchAction\",\"target\":{\"@type\":\"EntryPoint\",\"urlTemplate\":\"https:\\\/\\\/web-sme-csp.com\\\/montenegro\\\/?s={search_term_string}\"},\"query-input\":{\"@type\":\"PropertyValueSpecification\",\"valueRequired\":true,\"valueName\":\"search_term_string\"}}],\"inLanguage\":\"me-ME\"}]}<\/script>\n<!-- \/ Yoast SEO plugin. -->","yoast_head_json":{"title":"Proces prijavljivanja - web-sme-csp.com Montenegro","robots":{"index":"index","follow":"follow","max-snippet":"max-snippet:-1","max-image-preview":"max-image-preview:large","max-video-preview":"max-video-preview:-1"},"canonical":"https:\/\/web-sme-csp.com\/montenegro\/me\/proces-prijavljivanja\/","og_locale":"en_US","og_type":"article","og_title":"Proces prijavljivanja - web-sme-csp.com Montenegro","og_description":"Proces prijavljivanja KO I \u0160TA SE MO\u017dE FINANSIRATI Proces prijavljivanja se sastoji od dolje navedenih koraka. Molimo da se ne ustru\u010davajte zatra\u017eiti pomo\u0107 od na\u0161eg tehni\u010dkog tima u bilo kojem trenutku za vrijeme ovog procesa: Podnesite ispunjen obrazac za prijavu jednoj od na\u0161ih partnerskih banaka.\u00a0 Partnerska banka \u0107e sve odgovaraju\u0107e dokumente proslijediti na procjenu na\u0161em [&hellip;]","og_url":"https:\/\/web-sme-csp.com\/montenegro\/me\/proces-prijavljivanja\/","og_site_name":"web-sme-csp.com Montenegro","article_modified_time":"2023-02-15T15:07:01+00:00","twitter_card":"summary_large_image","twitter_misc":{"Est. reading time":"2 minutes"},"schema":{"@context":"https:\/\/schema.org","@graph":[{"@type":"WebPage","@id":"https:\/\/web-sme-csp.com\/montenegro\/me\/proces-prijavljivanja\/","url":"https:\/\/web-sme-csp.com\/montenegro\/me\/proces-prijavljivanja\/","name":"Proces prijavljivanja - web-sme-csp.com Montenegro","isPartOf":{"@id":"https:\/\/web-sme-csp.com\/montenegro\/#website"},"datePublished":"2023-02-15T15:05:37+00:00","dateModified":"2023-02-15T15:07:01+00:00","breadcrumb":{"@id":"https:\/\/web-sme-csp.com\/montenegro\/me\/proces-prijavljivanja\/#breadcrumb"},"inLanguage":"me-ME","potentialAction":[{"@type":"ReadAction","target":["https:\/\/web-sme-csp.com\/montenegro\/me\/proces-prijavljivanja\/"]}]},{"@type":"BreadcrumbList","@id":"https:\/\/web-sme-csp.com\/montenegro\/me\/proces-prijavljivanja\/#breadcrumb","itemListElement":[{"@type":"ListItem","position":1,"name":"Home","item":"https:\/\/web-sme-csp.com\/montenegro\/me\/"},{"@type":"ListItem","position":2,"name":"Proces prijavljivanja"}]},{"@type":"WebSite","@id":"https:\/\/web-sme-csp.com\/montenegro\/#website","url":"https:\/\/web-sme-csp.com\/montenegro\/","name":"web-sme-csp.com Montenegro","description":"Montenegro","potentialAction":[{"@type":"SearchAction","target":{"@type":"EntryPoint","urlTemplate":"https:\/\/web-sme-csp.com\/montenegro\/?s={search_term_string}"},"query-input":{"@type":"PropertyValueSpecification","valueRequired":true,"valueName":"search_term_string"}}],"inLanguage":"me-ME"}]}},"_links":{"self":[{"href":"https:\/\/web-sme-csp.com\/montenegro\/me\/wp-json\/wp\/v2\/pages\/1937","targetHints":{"allow":["GET"]}}],"collection":[{"href":"https:\/\/web-sme-csp.com\/montenegro\/me\/wp-json\/wp\/v2\/pages"}],"about":[{"href":"https:\/\/web-sme-csp.com\/montenegro\/me\/wp-json\/wp\/v2\/types\/page"}],"author":[{"embeddable":true,"href":"https:\/\/web-sme-csp.com\/montenegro\/me\/wp-json\/wp\/v2\/users\/1"}],"replies":[{"embeddable":true,"href":"https:\/\/web-sme-csp.com\/montenegro\/me\/wp-json\/wp\/v2\/comments?post=1937"}],"version-history":[{"count":4,"href":"https:\/\/web-sme-csp.com\/montenegro\/me\/wp-json\/wp\/v2\/pages\/1937\/revisions"}],"predecessor-version":[{"id":1941,"href":"https:\/\/web-sme-csp.com\/montenegro\/me\/wp-json\/wp\/v2\/pages\/1937\/revisions\/1941"}],"wp:attachment":[{"href":"https:\/\/web-sme-csp.com\/montenegro\/me\/wp-json\/wp\/v2\/media?parent=1937"}],"curies":[{"name":"wp","href":"https:\/\/api.w.org\/{rel}","templated":true}]}}