{"id":394,"date":"2019-03-19T17:42:45","date_gmt":"2019-03-19T17:42:45","guid":{"rendered":"https:\/\/web-sme-csp.com\/kosovo\/?page_id=394"},"modified":"2019-07-03T14:44:42","modified_gmt":"2019-07-03T14:44:42","slug":"technology-selector","status":"publish","type":"page","link":"https:\/\/web-sme-csp.com\/kosovo\/xk\/technology-selector\/","title":{"rendered":"Technology Selector"},"content":{"rendered":"\t\t<div data-elementor-type=\"wp-post\" data-elementor-id=\"394\" class=\"elementor elementor-394\" data-elementor-post-type=\"page\">\n\t\t\t\t\t\t<section class=\"elementor-section elementor-top-section elementor-element elementor-element-a61c309 elementor-section-full_width elementor-section-height-default elementor-section-height-default\" data-id=\"a61c309\" data-element_type=\"section\" data-e-type=\"section\" data-settings=\"{&quot;background_background&quot;:&quot;classic&quot;}\">\n\t\t\t\t\t\t<div class=\"elementor-container elementor-column-gap-no\">\n\t\t\t\t\t<div class=\"elementor-column elementor-col-100 elementor-top-column elementor-element elementor-element-45c19098\" data-id=\"45c19098\" data-element_type=\"column\" data-e-type=\"column\">\n\t\t\t<div class=\"elementor-widget-wrap elementor-element-populated\">\n\t\t\t\t\t\t<div class=\"elementor-element elementor-element-e3bff63 elementor-skin-carousel elementor-widget elementor-widget-media-carousel\" data-id=\"e3bff63\" data-element_type=\"widget\" data-e-type=\"widget\" data-settings=\"{&quot;space_between&quot;:{&quot;unit&quot;:&quot;px&quot;,&quot;size&quot;:0,&quot;sizes&quot;:[]},&quot;space_between_tablet&quot;:{&quot;unit&quot;:&quot;px&quot;,&quot;size&quot;:10,&quot;sizes&quot;:[]},&quot;space_between_mobile&quot;:{&quot;unit&quot;:&quot;px&quot;,&quot;size&quot;:10,&quot;sizes&quot;:[]},&quot;skin&quot;:&quot;carousel&quot;,&quot;effect&quot;:&quot;slide&quot;,&quot;speed&quot;:500,&quot;autoplay&quot;:&quot;yes&quot;,&quot;autoplay_speed&quot;:5000,&quot;loop&quot;:&quot;yes&quot;,&quot;pause_on_hover&quot;:&quot;yes&quot;,&quot;pause_on_interaction&quot;:&quot;yes&quot;}\" data-widget_type=\"media-carousel.default\">\n\t\t\t\t<div class=\"elementor-widget-container\">\n\t\t\t\t\t\t\t\t\t<div class=\"elementor-swiper\">\n\t\t\t\t\t<div class=\"elementor-main-swiper swiper\" role=\"region\" aria-roledescription=\"carousel\" aria-label=\"Slides\">\n\t\t\t\t<div class=\"swiper-wrapper\">\n\t\t\t\t\t\t\t\t\t\t\t<div class=\"swiper-slide\" role=\"group\" aria-roledescription=\"slide\">\n\t\t\t\t\t\t\t\t\t<div class=\"elementor-carousel-image\" role=\"img\" aria-label=\"The professional officer check the robot moving  to the glass on the jig base.\" style=\"background-image: url(&#039;https:\/\/web-sme-csp.com\/kosovo\/wp-content\/uploads\/sites\/3\/2019\/03\/124-e1552606007913.jpg&#039;)\">\n\n\t\t\t\n\t\t\t\t\t<\/div>\n\t\t\t\t\t\t\t\t<\/div>\n\t\t\t\t\t\t\t\t\t<\/div>\n\t\t\t\t\t\t\t<\/div>\n\t\t\t\t<\/div>\n\t\t\t\t\t\t\t\t<\/div>\n\t\t\t\t<\/div>\n\t\t\t\t\t<\/div>\n\t\t<\/div>\n\t\t\t\t\t<\/div>\n\t\t<\/section>\n\t\t\t\t<section class=\"elementor-section elementor-top-section elementor-element elementor-element-62aa3b44 elementor-section-content-middle elementor-section-boxed elementor-section-height-default elementor-section-height-default\" data-id=\"62aa3b44\" data-element_type=\"section\" data-e-type=\"section\" data-settings=\"{&quot;background_background&quot;:&quot;classic&quot;}\">\n\t\t\t\t\t\t<div class=\"elementor-container elementor-column-gap-default\">\n\t\t\t\t\t<div class=\"elementor-column elementor-col-100 elementor-top-column elementor-element elementor-element-4ad9163a\" data-id=\"4ad9163a\" data-element_type=\"column\" data-e-type=\"column\" data-settings=\"{&quot;background_background&quot;:&quot;classic&quot;}\">\n\t\t\t<div class=\"elementor-widget-wrap elementor-element-populated\">\n\t\t\t\t\t\t<div class=\"elementor-element elementor-element-1e3b65c2 elementor-widget elementor-widget-heading\" data-id=\"1e3b65c2\" data-element_type=\"widget\" data-e-type=\"widget\" data-widget_type=\"heading.default\">\n\t\t\t\t<div class=\"elementor-widget-container\">\n\t\t\t\t\t<h1 class=\"elementor-heading-title elementor-size-default\">P\u00ebrzgjedhja e teknologjis\u00eb<\/h1>\t\t\t\t<\/div>\n\t\t\t\t<\/div>\n\t\t\t\t<div class=\"elementor-element elementor-element-4e4c5127 elementor-widget elementor-widget-text-editor\" data-id=\"4e4c5127\" data-element_type=\"widget\" data-e-type=\"widget\" data-widget_type=\"text-editor.default\">\n\t\t\t\t<div class=\"elementor-widget-container\">\n\t\t\t\t\t\t\t\t\t<p>Qasja standarde<\/p>\t\t\t\t\t\t\t\t<\/div>\n\t\t\t\t<\/div>\n\t\t\t\t\t<\/div>\n\t\t<\/div>\n\t\t\t\t\t<\/div>\n\t\t<\/section>\n\t\t\t\t<section class=\"elementor-section elementor-top-section elementor-element elementor-element-2de122df elementor-section-boxed elementor-section-height-default elementor-section-height-default\" data-id=\"2de122df\" data-element_type=\"section\" data-e-type=\"section\">\n\t\t\t\t\t\t<div class=\"elementor-container elementor-column-gap-default\">\n\t\t\t\t\t<div class=\"elementor-column elementor-col-100 elementor-top-column elementor-element elementor-element-779394bf\" data-id=\"779394bf\" data-element_type=\"column\" data-e-type=\"column\">\n\t\t\t<div class=\"elementor-widget-wrap elementor-element-populated\">\n\t\t\t\t\t\t<div class=\"elementor-element elementor-element-2867b4c8 elementor-widget elementor-widget-text-editor\" data-id=\"2867b4c8\" data-element_type=\"widget\" data-e-type=\"widget\" data-widget_type=\"text-editor.default\">\n\t\t\t\t<div class=\"elementor-widget-container\">\n\t\t\t\t\t\t\t\t\t<p>Selektori i Teknologjis\u00eb \u00ebsht\u00eb nj\u00eb list\u00eb e teknologjive dhe materialeve me performanc\u00eb t\u00eb lart\u00eb q\u00eb jan\u00eb vler\u00ebsuar dhe para-miratuar si t\u00eb pranueshme p\u00ebr financim n\u00eb kuad\u00ebr t\u00eb Programit p\u00ebr Mb\u00ebshtetjen e Konkurrueshm\u00ebris\u00eb s\u00eb NVM-ve n\u00eb Kosov\u00eb.<\/p><p>Pajisjet dhe materialet e para-miratuara p\u00ebrmbushin Direktivat Prioritare t\u00eb BE-s\u00eb dhe n\u00eb shum\u00eb raste p\u00ebrmbushin ose tejkalojn\u00eb k\u00ebrkesat minimale t\u00eb performanc\u00ebs s\u00eb energjis\u00eb dhe performojn\u00eb m\u00eb shum\u00eb se praktikat aktuale t\u00eb tregut q\u00eb rezultojn\u00eb me p\u00ebrfitime t\u00eb qarta dhe p\u00ebrmir\u00ebsime mjedisore.<\/p><p>Lista p\u00ebrdit\u00ebsohet rregullisht p\u00ebr t\u00eb p\u00ebrfshir\u00eb teknologjit\u00eb, materialet dhe furnizues t\u00eb ri.<\/p><p>Pajisjet tuaja t\u00eb preferuara nuk jan\u00eb t\u00eb p\u00ebrfshira n\u00eb Selektorin e Teknologjis\u00eb? Nuk ka problem! Kontaktoni Konsulent\u00ebt e Projektit me detajet e pajisjeve q\u00eb d\u00ebshironi t\u2019i blini. Ekipi yn\u00eb i ekspert\u00ebve do t\u00eb vler\u00ebsoj\u00eb teknologjin\u00eb dhe, n\u00ebse i p\u00ebrmbush kriteret, do t\u00eb p\u00ebrfshihet n\u00eb Selektorin e Teknologjis\u00eb.<\/p>\t\t\t\t\t\t\t\t<\/div>\n\t\t\t\t<\/div>\n\t\t\t\t<div class=\"elementor-element elementor-element-180ec7dc elementor-align-center elementor-widget elementor-widget-button\" data-id=\"180ec7dc\" data-element_type=\"widget\" data-e-type=\"widget\" data-widget_type=\"button.default\">\n\t\t\t\t<div class=\"elementor-widget-container\">\n\t\t\t\t\t\t\t\t\t<div class=\"elementor-button-wrapper\">\n\t\t\t\t\t<a class=\"elementor-button elementor-button-link elementor-size-xl\" href=\"https:\/\/let.web-sme-csp.com\/kosovo-let\/%20\">\n\t\t\t\t\t\t<span class=\"elementor-button-content-wrapper\">\n\t\t\t\t\t\t\t\t\t<span class=\"elementor-button-text\">Hyni n\u00eb Selektorin e Teknologjis\u00eb<\/span>\n\t\t\t\t\t<\/span>\n\t\t\t\t\t<\/a>\n\t\t\t\t<\/div>\n\t\t\t\t\t\t\t\t<\/div>\n\t\t\t\t<\/div>\n\t\t\t\t\t<\/div>\n\t\t<\/div>\n\t\t\t\t\t<\/div>\n\t\t<\/section>\n\t\t\t\t<\/div>\n\t\t","protected":false},"excerpt":{"rendered":"<p>P\u00ebrzgjedhja e teknologjis\u00eb Qasja standarde Selektori i Teknologjis\u00eb \u00ebsht\u00eb nj\u00eb list\u00eb e teknologjive dhe materialeve me performanc\u00eb t\u00eb lart\u00eb q\u00eb jan\u00eb vler\u00ebsuar dhe para-miratuar si t\u00eb pranueshme p\u00ebr financim n\u00eb kuad\u00ebr t\u00eb Programit p\u00ebr Mb\u00ebshtetjen e Konkurrueshm\u00ebris\u00eb s\u00eb NVM-ve n\u00eb Kosov\u00eb. Pajisjet dhe materialet e para-miratuara p\u00ebrmbushin Direktivat Prioritare t\u00eb BE-s\u00eb dhe n\u00eb shum\u00eb raste [&hellip;]<\/p>\n","protected":false},"author":1,"featured_media":0,"parent":0,"menu_order":0,"comment_status":"closed","ping_status":"closed","template":"elementor_header_footer","meta":{"footnotes":""},"class_list":["post-394","page","type-page","status-publish","hentry"],"yoast_head":"<!-- This site is optimized with the Yoast SEO plugin v27.5 - https:\/\/yoast.com\/product\/yoast-seo-wordpress\/ -->\n<title>Technology Selector - Web-sme-csp Kosovo<\/title>\n<meta name=\"robots\" content=\"index, follow, max-snippet:-1, max-image-preview:large, max-video-preview:-1\" \/>\n<link rel=\"canonical\" href=\"https:\/\/web-sme-csp.com\/kosovo\/xk\/technology-selector\/\" \/>\n<meta property=\"og:locale\" content=\"en_US\" \/>\n<meta property=\"og:type\" content=\"article\" \/>\n<meta property=\"og:title\" content=\"Technology Selector - Web-sme-csp Kosovo\" \/>\n<meta property=\"og:description\" content=\"P\u00ebrzgjedhja e teknologjis\u00eb Qasja standarde Selektori i Teknologjis\u00eb \u00ebsht\u00eb nj\u00eb list\u00eb e teknologjive dhe materialeve me performanc\u00eb t\u00eb lart\u00eb q\u00eb jan\u00eb vler\u00ebsuar dhe para-miratuar si t\u00eb pranueshme p\u00ebr financim n\u00eb kuad\u00ebr t\u00eb Programit p\u00ebr Mb\u00ebshtetjen e Konkurrueshm\u00ebris\u00eb s\u00eb NVM-ve n\u00eb Kosov\u00eb. Pajisjet dhe materialet e para-miratuara p\u00ebrmbushin Direktivat Prioritare t\u00eb BE-s\u00eb dhe n\u00eb shum\u00eb raste [&hellip;]\" \/>\n<meta property=\"og:url\" content=\"https:\/\/web-sme-csp.com\/kosovo\/xk\/technology-selector\/\" \/>\n<meta property=\"og:site_name\" content=\"Web-sme-csp Kosovo\" \/>\n<meta property=\"article:publisher\" content=\"https:\/\/www.facebook.com\/Programi-pr-Mbshtetjen-e-Konkurrueshmris-s-NVM-ve-n-Kosov-371685197017851\" \/>\n<meta property=\"article:modified_time\" content=\"2019-07-03T14:44:42+00:00\" \/>\n<meta name=\"twitter:card\" content=\"summary_large_image\" \/>\n<meta name=\"twitter:label1\" content=\"Est. reading time\" \/>\n\t<meta name=\"twitter:data1\" content=\"1 minute\" \/>\n<script type=\"application\/ld+json\" class=\"yoast-schema-graph\">{\"@context\":\"https:\\\/\\\/schema.org\",\"@graph\":[{\"@type\":\"WebPage\",\"@id\":\"https:\\\/\\\/web-sme-csp.com\\\/kosovo\\\/xk\\\/technology-selector\\\/\",\"url\":\"https:\\\/\\\/web-sme-csp.com\\\/kosovo\\\/xk\\\/technology-selector\\\/\",\"name\":\"Technology Selector - Web-sme-csp Kosovo\",\"isPartOf\":{\"@id\":\"https:\\\/\\\/web-sme-csp.com\\\/kosovo\\\/en\\\/#website\"},\"datePublished\":\"2019-03-19T17:42:45+00:00\",\"dateModified\":\"2019-07-03T14:44:42+00:00\",\"breadcrumb\":{\"@id\":\"https:\\\/\\\/web-sme-csp.com\\\/kosovo\\\/xk\\\/technology-selector\\\/#breadcrumb\"},\"inLanguage\":\"xk-XK\",\"potentialAction\":[{\"@type\":\"ReadAction\",\"target\":[\"https:\\\/\\\/web-sme-csp.com\\\/kosovo\\\/xk\\\/technology-selector\\\/\"]}]},{\"@type\":\"BreadcrumbList\",\"@id\":\"https:\\\/\\\/web-sme-csp.com\\\/kosovo\\\/xk\\\/technology-selector\\\/#breadcrumb\",\"itemListElement\":[{\"@type\":\"ListItem\",\"position\":1,\"name\":\"Home\",\"item\":\"https:\\\/\\\/web-sme-csp.com\\\/kosovo\\\/en\\\/\"},{\"@type\":\"ListItem\",\"position\":2,\"name\":\"Technology Selector\"}]},{\"@type\":\"WebSite\",\"@id\":\"https:\\\/\\\/web-sme-csp.com\\\/kosovo\\\/en\\\/#website\",\"url\":\"https:\\\/\\\/web-sme-csp.com\\\/kosovo\\\/en\\\/\",\"name\":\"Web-sme-csp Kosovo\",\"description\":\"Kosovo\",\"potentialAction\":[{\"@type\":\"SearchAction\",\"target\":{\"@type\":\"EntryPoint\",\"urlTemplate\":\"https:\\\/\\\/web-sme-csp.com\\\/kosovo\\\/en\\\/?s={search_term_string}\"},\"query-input\":{\"@type\":\"PropertyValueSpecification\",\"valueRequired\":true,\"valueName\":\"search_term_string\"}}],\"inLanguage\":\"xk-XK\"}]}<\/script>\n<!-- \/ Yoast SEO plugin. -->","yoast_head_json":{"title":"Technology Selector - Web-sme-csp Kosovo","robots":{"index":"index","follow":"follow","max-snippet":"max-snippet:-1","max-image-preview":"max-image-preview:large","max-video-preview":"max-video-preview:-1"},"canonical":"https:\/\/web-sme-csp.com\/kosovo\/xk\/technology-selector\/","og_locale":"en_US","og_type":"article","og_title":"Technology Selector - Web-sme-csp Kosovo","og_description":"P\u00ebrzgjedhja e teknologjis\u00eb Qasja standarde Selektori i Teknologjis\u00eb \u00ebsht\u00eb nj\u00eb list\u00eb e teknologjive dhe materialeve me performanc\u00eb t\u00eb lart\u00eb q\u00eb jan\u00eb vler\u00ebsuar dhe para-miratuar si t\u00eb pranueshme p\u00ebr financim n\u00eb kuad\u00ebr t\u00eb Programit p\u00ebr Mb\u00ebshtetjen e Konkurrueshm\u00ebris\u00eb s\u00eb NVM-ve n\u00eb Kosov\u00eb. Pajisjet dhe materialet e para-miratuara p\u00ebrmbushin Direktivat Prioritare t\u00eb BE-s\u00eb dhe n\u00eb shum\u00eb raste [&hellip;]","og_url":"https:\/\/web-sme-csp.com\/kosovo\/xk\/technology-selector\/","og_site_name":"Web-sme-csp Kosovo","article_publisher":"https:\/\/www.facebook.com\/Programi-pr-Mbshtetjen-e-Konkurrueshmris-s-NVM-ve-n-Kosov-371685197017851","article_modified_time":"2019-07-03T14:44:42+00:00","twitter_card":"summary_large_image","twitter_misc":{"Est. reading time":"1 minute"},"schema":{"@context":"https:\/\/schema.org","@graph":[{"@type":"WebPage","@id":"https:\/\/web-sme-csp.com\/kosovo\/xk\/technology-selector\/","url":"https:\/\/web-sme-csp.com\/kosovo\/xk\/technology-selector\/","name":"Technology Selector - Web-sme-csp Kosovo","isPartOf":{"@id":"https:\/\/web-sme-csp.com\/kosovo\/en\/#website"},"datePublished":"2019-03-19T17:42:45+00:00","dateModified":"2019-07-03T14:44:42+00:00","breadcrumb":{"@id":"https:\/\/web-sme-csp.com\/kosovo\/xk\/technology-selector\/#breadcrumb"},"inLanguage":"xk-XK","potentialAction":[{"@type":"ReadAction","target":["https:\/\/web-sme-csp.com\/kosovo\/xk\/technology-selector\/"]}]},{"@type":"BreadcrumbList","@id":"https:\/\/web-sme-csp.com\/kosovo\/xk\/technology-selector\/#breadcrumb","itemListElement":[{"@type":"ListItem","position":1,"name":"Home","item":"https:\/\/web-sme-csp.com\/kosovo\/en\/"},{"@type":"ListItem","position":2,"name":"Technology Selector"}]},{"@type":"WebSite","@id":"https:\/\/web-sme-csp.com\/kosovo\/en\/#website","url":"https:\/\/web-sme-csp.com\/kosovo\/en\/","name":"Web-sme-csp Kosovo","description":"Kosovo","potentialAction":[{"@type":"SearchAction","target":{"@type":"EntryPoint","urlTemplate":"https:\/\/web-sme-csp.com\/kosovo\/en\/?s={search_term_string}"},"query-input":{"@type":"PropertyValueSpecification","valueRequired":true,"valueName":"search_term_string"}}],"inLanguage":"xk-XK"}]}},"_links":{"self":[{"href":"https:\/\/web-sme-csp.com\/kosovo\/xk\/wp-json\/wp\/v2\/pages\/394","targetHints":{"allow":["GET"]}}],"collection":[{"href":"https:\/\/web-sme-csp.com\/kosovo\/xk\/wp-json\/wp\/v2\/pages"}],"about":[{"href":"https:\/\/web-sme-csp.com\/kosovo\/xk\/wp-json\/wp\/v2\/types\/page"}],"author":[{"embeddable":true,"href":"https:\/\/web-sme-csp.com\/kosovo\/xk\/wp-json\/wp\/v2\/users\/1"}],"replies":[{"embeddable":true,"href":"https:\/\/web-sme-csp.com\/kosovo\/xk\/wp-json\/wp\/v2\/comments?post=394"}],"version-history":[{"count":6,"href":"https:\/\/web-sme-csp.com\/kosovo\/xk\/wp-json\/wp\/v2\/pages\/394\/revisions"}],"predecessor-version":[{"id":517,"href":"https:\/\/web-sme-csp.com\/kosovo\/xk\/wp-json\/wp\/v2\/pages\/394\/revisions\/517"}],"wp:attachment":[{"href":"https:\/\/web-sme-csp.com\/kosovo\/xk\/wp-json\/wp\/v2\/media?parent=394"}],"curies":[{"name":"wp","href":"https:\/\/api.w.org\/{rel}","templated":true}]}}