{"id":392,"date":"2019-03-19T17:41:33","date_gmt":"2019-03-19T17:41:33","guid":{"rendered":"https:\/\/web-sme-csp.com\/kosovo\/?page_id=392"},"modified":"2021-04-26T14:00:10","modified_gmt":"2021-04-26T14:00:10","slug":"priority-eu-directives","status":"publish","type":"page","link":"https:\/\/web-sme-csp.com\/kosovo\/xk\/priority-eu-directives\/","title":{"rendered":"PRIORITY EU DIRECTIVES"},"content":{"rendered":"\t\t<div data-elementor-type=\"wp-post\" data-elementor-id=\"392\" class=\"elementor elementor-392\" data-elementor-post-type=\"page\">\n\t\t\t\t\t\t<section class=\"elementor-section elementor-top-section elementor-element elementor-element-955f087 elementor-section-full_width elementor-section-height-default elementor-section-height-default\" data-id=\"955f087\" data-element_type=\"section\" data-e-type=\"section\">\n\t\t\t\t\t\t<div class=\"elementor-container elementor-column-gap-no\">\n\t\t\t\t\t<div class=\"elementor-column elementor-col-100 elementor-top-column elementor-element elementor-element-506da354\" data-id=\"506da354\" data-element_type=\"column\" data-e-type=\"column\">\n\t\t\t<div class=\"elementor-widget-wrap elementor-element-populated\">\n\t\t\t\t\t\t<div class=\"elementor-element elementor-element-6260352a elementor-skin-carousel elementor-widget elementor-widget-media-carousel\" data-id=\"6260352a\" data-element_type=\"widget\" data-e-type=\"widget\" data-settings=\"{&quot;space_between&quot;:{&quot;unit&quot;:&quot;px&quot;,&quot;size&quot;:0,&quot;sizes&quot;:[]},&quot;skin&quot;:&quot;carousel&quot;,&quot;effect&quot;:&quot;slide&quot;,&quot;speed&quot;:500,&quot;autoplay&quot;:&quot;yes&quot;,&quot;autoplay_speed&quot;:5000,&quot;loop&quot;:&quot;yes&quot;,&quot;pause_on_hover&quot;:&quot;yes&quot;,&quot;pause_on_interaction&quot;:&quot;yes&quot;,&quot;space_between_tablet&quot;:{&quot;unit&quot;:&quot;px&quot;,&quot;size&quot;:10,&quot;sizes&quot;:[]},&quot;space_between_mobile&quot;:{&quot;unit&quot;:&quot;px&quot;,&quot;size&quot;:10,&quot;sizes&quot;:[]}}\" data-widget_type=\"media-carousel.default\">\n\t\t\t\t<div class=\"elementor-widget-container\">\n\t\t\t\t\t\t\t\t\t<div class=\"elementor-swiper\">\n\t\t\t\t\t<div class=\"elementor-main-swiper swiper\" role=\"region\" aria-roledescription=\"carousel\" aria-label=\"Slides\">\n\t\t\t\t<div class=\"swiper-wrapper\">\n\t\t\t\t\t\t\t\t\t\t\t<div class=\"swiper-slide\" role=\"group\" aria-roledescription=\"slide\">\n\t\t\t\t\t\t\t\t\t<div class=\"elementor-carousel-image\" role=\"img\" aria-label=\"395129-PCH2M7-589\" style=\"background-image: url(&#039;https:\/\/web-sme-csp.com\/kosovo\/wp-content\/uploads\/sites\/3\/2019\/03\/395129-PCH2M7-589-e1552605691578.jpg&#039;)\">\n\n\t\t\t\n\t\t\t\t\t<\/div>\n\t\t\t\t\t\t\t\t<\/div>\n\t\t\t\t\t\t\t\t\t<\/div>\n\t\t\t\t\t\t\t<\/div>\n\t\t\t\t<\/div>\n\t\t\t\t\t\t\t\t<\/div>\n\t\t\t\t<\/div>\n\t\t\t\t\t<\/div>\n\t\t<\/div>\n\t\t\t\t\t<\/div>\n\t\t<\/section>\n\t\t\t\t<section class=\"elementor-section elementor-top-section elementor-element elementor-element-36101c9 elementor-section-content-middle elementor-section-boxed elementor-section-height-default elementor-section-height-default\" data-id=\"36101c9\" data-element_type=\"section\" data-e-type=\"section\" data-settings=\"{&quot;background_background&quot;:&quot;classic&quot;}\">\n\t\t\t\t\t\t<div class=\"elementor-container elementor-column-gap-default\">\n\t\t\t\t\t<div class=\"elementor-column elementor-col-100 elementor-top-column elementor-element elementor-element-3e1dcc14\" data-id=\"3e1dcc14\" data-element_type=\"column\" data-e-type=\"column\" data-settings=\"{&quot;background_background&quot;:&quot;classic&quot;}\">\n\t\t\t<div class=\"elementor-widget-wrap elementor-element-populated\">\n\t\t\t\t\t\t<div class=\"elementor-element elementor-element-66d27f01 elementor-widget elementor-widget-heading\" data-id=\"66d27f01\" data-element_type=\"widget\" data-e-type=\"widget\" data-widget_type=\"heading.default\">\n\t\t\t\t<div class=\"elementor-widget-container\">\n\t\t\t\t\t<h1 class=\"elementor-heading-title elementor-size-default\">DIREKTIVAT PRIORITARE T\u00cb BE-s\u00eb<\/h1>\t\t\t\t<\/div>\n\t\t\t\t<\/div>\n\t\t\t\t<div class=\"elementor-element elementor-element-1e1a37dd elementor-widget elementor-widget-text-editor\" data-id=\"1e1a37dd\" data-element_type=\"widget\" data-e-type=\"widget\" data-widget_type=\"text-editor.default\">\n\t\t\t\t<div class=\"elementor-widget-container\">\n\t\t\t\t\t\t\t\t\t<p>RREGULLORET<\/p>\t\t\t\t\t\t\t\t<\/div>\n\t\t\t\t<\/div>\n\t\t\t\t\t<\/div>\n\t\t<\/div>\n\t\t\t\t\t<\/div>\n\t\t<\/section>\n\t\t\t\t<section class=\"elementor-section elementor-top-section elementor-element elementor-element-7b40d8bf elementor-section-boxed elementor-section-height-default elementor-section-height-default\" data-id=\"7b40d8bf\" data-element_type=\"section\" data-e-type=\"section\">\n\t\t\t\t\t\t<div class=\"elementor-container elementor-column-gap-default\">\n\t\t\t\t\t<div class=\"elementor-column elementor-col-100 elementor-top-column elementor-element elementor-element-998a78b\" data-id=\"998a78b\" data-element_type=\"column\" data-e-type=\"column\">\n\t\t\t<div class=\"elementor-widget-wrap elementor-element-populated\">\n\t\t\t\t\t\t<div class=\"elementor-element elementor-element-3148075c elementor-widget elementor-widget-text-editor\" data-id=\"3148075c\" data-element_type=\"widget\" data-e-type=\"widget\" data-widget_type=\"text-editor.default\">\n\t\t\t\t<div class=\"elementor-widget-container\">\n\t\t\t\t\t\t\t\t\t<p>Direktivat e m\u00ebposhtme t\u00eb BE-s\u00eb kan\u00eb r\u00ebnd\u00ebsi kritike dhe urgjenc\u00eb t\u00eb implementimit nga kredi-marr\u00ebsit n\u00eb Republik\u00ebn e Kosov\u00ebs. Lista \u00ebsht\u00eb indikative dhe nuk \u00ebsht\u00eb p\u00ebrfundimtare pasi q\u00eb Direktivat shtes\u00eb t\u00eb BE-s\u00eb mund t\u00eb jen\u00eb m\u00eb t\u00eb aplikueshme p\u00ebr kredimarr\u00ebs t\u00eb ve\u00e7ant\u00eb, var\u00ebsisht nga sektori i operacioneve t\u00eb biznesit.<\/p>\t\t\t\t\t\t\t\t<\/div>\n\t\t\t\t<\/div>\n\t\t\t\t<div class=\"elementor-element elementor-element-19831d9d elementor-widget elementor-widget-toggle\" data-id=\"19831d9d\" data-element_type=\"widget\" data-e-type=\"widget\" data-widget_type=\"toggle.default\">\n\t\t\t\t<div class=\"elementor-widget-container\">\n\t\t\t\t\t\t\t<div class=\"elementor-toggle\">\n\t\t\t\t\t\t\t<div class=\"elementor-toggle-item\">\n\t\t\t\t\t<div id=\"elementor-tab-title-4281\" class=\"elementor-tab-title\" data-tab=\"1\" role=\"button\" aria-controls=\"elementor-tab-content-4281\" aria-expanded=\"false\">\n\t\t\t\t\t\t\t\t\t\t\t\t<span class=\"elementor-toggle-icon elementor-toggle-icon-left\" aria-hidden=\"true\">\n\t\t\t\t\t\t\t\t\t\t\t\t\t\t\t<span class=\"elementor-toggle-icon-closed\"><i class=\"fas fa-caret-right\"><\/i><\/span>\n\t\t\t\t\t\t\t\t<span class=\"elementor-toggle-icon-opened\"><i class=\"elementor-toggle-icon-opened fas fa-caret-up\"><\/i><\/span>\n\t\t\t\t\t\t\t\t\t\t\t\t\t<\/span>\n\t\t\t\t\t\t\t\t\t\t\t\t<a class=\"elementor-toggle-title\" tabindex=\"0\">Direktivat e p\u00ebrbashk\u00ebta tek t\u00eb gjitha llojet e industrive<\/a>\n\t\t\t\t\t<\/div>\n\n\t\t\t\t\t<div id=\"elementor-tab-content-4281\" class=\"elementor-tab-content elementor-clearfix\" data-tab=\"1\" role=\"region\" aria-labelledby=\"elementor-tab-title-4281\"><p>2001\/95 \/ EC &#8211; Direktiva p\u00ebr sigurin\u00eb e p\u00ebrgjithshme t\u00eb produkteve<\/p><p>Vendimi i K\u00ebshillit 1993\/465 \/ EEC &#8211; Modulet p\u00ebr fazat e ndryshme t\u00eb procedurave t\u00eb vler\u00ebsimit t\u00eb konformitetit dhe rregullat p\u00ebr vendosjen dhe p\u00ebrdorimin e mark\u00ebs CE t\u00eb konformitetit, t\u00eb cilat synojn\u00eb t\u00eb p\u00ebrdoren n\u00eb Direktivat e harmonizimit teknik &#8211; inkurajimi p\u00ebr zbatimin e ISO9000 Sistemit t\u00eb Menaxhimit t\u00eb Kualitetit<\/p><\/div>\n\t\t\t\t<\/div>\n\t\t\t\t\t\t\t<div class=\"elementor-toggle-item\">\n\t\t\t\t\t<div id=\"elementor-tab-title-4282\" class=\"elementor-tab-title\" data-tab=\"2\" role=\"button\" aria-controls=\"elementor-tab-content-4282\" aria-expanded=\"false\">\n\t\t\t\t\t\t\t\t\t\t\t\t<span class=\"elementor-toggle-icon elementor-toggle-icon-left\" aria-hidden=\"true\">\n\t\t\t\t\t\t\t\t\t\t\t\t\t\t\t<span class=\"elementor-toggle-icon-closed\"><i class=\"fas fa-caret-right\"><\/i><\/span>\n\t\t\t\t\t\t\t\t<span class=\"elementor-toggle-icon-opened\"><i class=\"elementor-toggle-icon-opened fas fa-caret-up\"><\/i><\/span>\n\t\t\t\t\t\t\t\t\t\t\t\t\t<\/span>\n\t\t\t\t\t\t\t\t\t\t\t\t<a class=\"elementor-toggle-title\" tabindex=\"0\">Produkti dhe kualiteti <\/a>\n\t\t\t\t\t<\/div>\n\n\t\t\t\t\t<div id=\"elementor-tab-content-4282\" class=\"elementor-tab-content elementor-clearfix\" data-tab=\"2\" role=\"region\" aria-labelledby=\"elementor-tab-title-4282\"><p>Rregullorja (EC) Nr 1935\/2004 &#8211; materialet dhe artikujt q\u00eb kan\u00eb p\u00ebr q\u00ebllim t\u00eb vijn\u00eb n\u00eb kontakt me ushqimin dhe duke anuluar Direktivat 80\/590 \/ EEC<\/p><p>Rregullorja e BE 2023\/2006 &#8211; Praktika e mir\u00eb e prodhimit p\u00ebr materialet dhe artikujt q\u00eb kan\u00eb p\u00ebr q\u00ebllim t\u00eb vijn\u00eb n\u00eb kontakt me ushqimin<\/p><p>EN 1672-2 (2009) Makineri p\u00ebr p\u00ebrpunimin e ushqimit &#8211; Konceptet themelore &#8211; Pjesa 2: k\u00ebrkesat e higjien\u00ebs<\/p><p>Rregullorja (CE) 178\/2002 &#8211; P\u00ebrcaktimi i parimeve dhe k\u00ebrkesave t\u00eb p\u00ebrgjithshme t\u00eb ligjit t\u00eb ushqimit, vendosja e Autoritetit Evropian t\u00eb Siguris\u00eb Ushqimore dhe p\u00ebrcaktimi i procedurave p\u00ebr \u00e7\u00ebshtjet e siguris\u00eb ushqimore dhe modifikimet e m\u00ebtejshme<\/p><p>Rregullorja (BE) Nr 305\/2011 &#8211; p\u00ebrcaktimi i kushteve t\u00eb harmonizuara p\u00ebr tregtimin e produkteve nd\u00ebrtimore dhe anulimi i Direktiv\u00ebs s\u00eb K\u00ebshillit 89\/106 \/EEC<\/p><\/div>\n\t\t\t\t<\/div>\n\t\t\t\t\t\t\t<div class=\"elementor-toggle-item\">\n\t\t\t\t\t<div id=\"elementor-tab-title-4283\" class=\"elementor-tab-title\" data-tab=\"3\" role=\"button\" aria-controls=\"elementor-tab-content-4283\" aria-expanded=\"false\">\n\t\t\t\t\t\t\t\t\t\t\t\t<span class=\"elementor-toggle-icon elementor-toggle-icon-left\" aria-hidden=\"true\">\n\t\t\t\t\t\t\t\t\t\t\t\t\t\t\t<span class=\"elementor-toggle-icon-closed\"><i class=\"fas fa-caret-right\"><\/i><\/span>\n\t\t\t\t\t\t\t\t<span class=\"elementor-toggle-icon-opened\"><i class=\"elementor-toggle-icon-opened fas fa-caret-up\"><\/i><\/span>\n\t\t\t\t\t\t\t\t\t\t\t\t\t<\/span>\n\t\t\t\t\t\t\t\t\t\t\t\t<a class=\"elementor-toggle-title\" tabindex=\"0\">Sh\u00ebndeti dhe siguria <\/a>\n\t\t\t\t\t<\/div>\n\n\t\t\t\t\t<div id=\"elementor-tab-content-4283\" class=\"elementor-tab-content elementor-clearfix\" data-tab=\"3\" role=\"region\" aria-labelledby=\"elementor-tab-title-4283\"><p>1989\/0391\/EEC &#8211; Futja e masave p\u00ebr nxitjen e p\u00ebrmir\u00ebsimeve n\u00eb sigurin\u00eb dhe sh\u00ebndetin e pun\u00ebtor\u00ebve n\u00eb pun\u00eb &#8211; inkurajimi p\u00ebr zbatimin e sistemit t\u00eb menaxhimit t\u00eb sh\u00ebndetit dhe sistemit t\u00eb menaxhimit t\u00eb siguris\u00eb ISO18000<\/p><p>1989\/654\/EEC &#8211; K\u00ebrkesat minimale t\u00eb siguris\u00eb dhe sh\u00ebndetit p\u00ebr vendin e pun\u00ebs<\/p><p>2009\/104\/EC &#8211; P\u00ebrdorimi i pajisjeve t\u00eb pun\u00ebs n\u00eb lidhje me k\u00ebrkesat minimale t\u00eb siguris\u00eb dhe sh\u00ebndetit p\u00ebr p\u00ebrdorimin e pajisjeve t\u00eb pun\u00ebs nga pun\u00ebtor\u00ebt n\u00eb pun\u00eb (Direktiva e dyt\u00eb individuale n\u00eb kuptim t\u00eb Nenit 16 (1) t\u00eb Direktiv\u00ebs 89\/391 \/ EEC)<\/p><p>1989\/656\/EEC &#8211; K\u00ebrkesat minimale t\u00eb sh\u00ebndetit dhe siguris\u00eb p\u00ebr p\u00ebrdorim nga pun\u00ebtor\u00ebt e pajisjeve mbrojt\u00ebse personale n\u00eb vendin e pun\u00ebs<\/p><p>1992\/58\/EEC &#8211; K\u00ebrkesat minimale p\u00ebr sigurimin e shenjave sh\u00ebndet\u00ebsore dhe \/ ose t\u00eb siguris\u00eb n\u00eb pun\u00eb<\/p><p>1990\/269\/EEC &#8211; K\u00ebrkesat minimale t\u00eb sh\u00ebndetit dhe siguris\u00eb p\u00ebr trajtimin manual t\u00eb ngarkesave ku ekziston nj\u00eb rrezik \u00a0i ve\u00e7ant\u00eb i d\u00ebmtimit t\u00eb shpin\u00ebs s\u00eb pun\u00ebtor\u00ebve<\/p><p>2003\/10 \/EC &#8211; K\u00ebrkesat minimale t\u00eb sh\u00ebndetit dhe siguris\u00eb lidhur me ekspozimin e pun\u00ebtor\u00ebve ndaj rreziqeve q\u00eb vijn\u00eb nga agjent\u00ebt fizik\u00eb (zhurma)<\/p><p>2002\/44 \/EC &#8211; K\u00ebrkesat minimale t\u00eb sh\u00ebndetit dhe siguris\u00eb lidhur me ekspozimin e pun\u00ebtor\u00ebve ndaj rreziqeve q\u00eb vijn\u00eb nga agjent\u00ebt fizik\u00eb (vibrimi)<\/p><p>2009\/161\/BE &#8211; Vlerat limite t\u00eb ekspozimit indikues profesional &#8211; p\u00ebrcaktimi i nj\u00eb liste t\u00eb tret\u00eb t\u00eb vlerave limite t\u00eb ekspozimit profesional n\u00eb zbatimin e Direktiv\u00ebs s\u00eb K\u00ebshillit 98\/24 \/ EC dhe p\u00ebrshtatjen e Direktiv\u00ebs s\u00eb Komisionit 2000\/39 \/EC<\/p><p>1999\/13\/EC &#8211; Kufizimi i rrezatimit t\u00eb p\u00ebrb\u00ebrjeve organike t\u00eb paq\u00ebndrueshme p\u00ebr shkak t\u00eb p\u00ebrdorimit t\u00eb tret\u00ebsve organik\u00eb n\u00eb aktivitete dhe instalime t\u00eb caktuara<\/p><p>1999\/92\/EC &#8211; K\u00ebrkesat minimale p\u00ebr p\u00ebrmir\u00ebsimin e siguris\u00eb dhe mbrojtjes s\u00eb sh\u00ebndetit t\u00eb pun\u00ebtor\u00ebve potencialisht n\u00eb rrezik nga atmosfera shp\u00ebrthyese<\/p><p>1992\/85\/EEC &#8211; Futja e masave p\u00ebr t\u00eb inkurajuar p\u00ebrmir\u00ebsime n\u00eb sigurin\u00eb dhe sh\u00ebndetin n\u00eb pun\u00eb t\u00eb pun\u00ebtoreve shtatzan\u00eb dhe pun\u00ebtor\u00ebve q\u00eb kan\u00eb lindur s\u00eb fundi ose jan\u00eb duke ushqyer me gji<\/p><p>Direktiva 2014\/35\/BE mbi Harmonizimin e Ligjeve t\u00eb Shteteve An\u00ebtare n\u00eb lidhje me Pajisjet Elektrike t\u00eb Dizajnuara p\u00ebr P\u00ebrdorim brenda Limiteve t\u00eb Caktuara t\u00eb Tensionit<\/p><p>Direktiva 2006\/42\/EC p\u00ebr makinerit\u00eb dhe ndryshimin e Direktiv\u00ebs 95\/16 \/ EC (riformulim), Direktiva 2014\/30\/ BE p\u00ebr harmonizimin e ligjeve t\u00eb Shteteve An\u00ebtare n\u00eb lidhje me pajtueshm\u00ebrin\u00eb elektromagnetike (riformulim)<\/p><p>Rregullorja (EC) Nr. 661\/2009 lidhur me k\u00ebrkesat e miratimit t\u00eb tekstin p\u00ebr sigurin\u00eb e p\u00ebrgjithshme t\u00eb automjeteve, rimorkiove dhe sistemeve t\u00eb tyre, komponent\u00ebve dhe nj\u00ebsive teknike t\u00eb ve\u00e7anta<\/p><p>Rregullorja (BE) Nr. 167\/2013 p\u00ebr miratimin dhe mbik\u00ebqyrjen e tregut t\u00eb automjeteve bujq\u00ebsore dhe pyjore Tekst me r\u00ebnd\u00ebsi p\u00ebr EEA<\/p><p>Direktiva 2014\/68\/BE p\u00ebr harmonizimin e ligjeve t\u00eb Shteteve An\u00ebtare n\u00eb lidhje me v\u00ebnien n\u00eb dispozicion t\u00eb tregut t\u00eb pajisjeve n\u00ebn presion<\/p><p>Direktiva 93\/42\/EEC n\u00eb lidhje me pajisjet mjek\u00ebsore<\/p><\/div>\n\t\t\t\t<\/div>\n\t\t\t\t\t\t\t<div class=\"elementor-toggle-item\">\n\t\t\t\t\t<div id=\"elementor-tab-title-4284\" class=\"elementor-tab-title\" data-tab=\"4\" role=\"button\" aria-controls=\"elementor-tab-content-4284\" aria-expanded=\"false\">\n\t\t\t\t\t\t\t\t\t\t\t\t<span class=\"elementor-toggle-icon elementor-toggle-icon-left\" aria-hidden=\"true\">\n\t\t\t\t\t\t\t\t\t\t\t\t\t\t\t<span class=\"elementor-toggle-icon-closed\"><i class=\"fas fa-caret-right\"><\/i><\/span>\n\t\t\t\t\t\t\t\t<span class=\"elementor-toggle-icon-opened\"><i class=\"elementor-toggle-icon-opened fas fa-caret-up\"><\/i><\/span>\n\t\t\t\t\t\t\t\t\t\t\t\t\t<\/span>\n\t\t\t\t\t\t\t\t\t\t\t\t<a class=\"elementor-toggle-title\" tabindex=\"0\">Mjedisi<\/a>\n\t\t\t\t\t<\/div>\n\n\t\t\t\t\t<div id=\"elementor-tab-content-4284\" class=\"elementor-tab-content elementor-clearfix\" data-tab=\"4\" role=\"region\" aria-labelledby=\"elementor-tab-title-4284\"><p>Rregullorja 761\/2001 \/ EC &#8211; Pjes\u00ebmarrja vullnetare e organizatave n\u00eb nj\u00eb skem\u00eb t\u00eb eko-menaxhimit dhe auditimit t\u00eb Komunitetit (EMAS) &#8211; inkurajim p\u00ebr zbatimin e Sistemit t\u00eb Menaxhimit Mjedisor ISO14000<\/p><p>2008\/1\/EC &#8211; Parandalimi dhe kontrolli i integruar i ndotjes<\/p><p>2006\/11\/EC &#8211; Ndotja e shkaktuar nga disa substanca t\u00eb rrezikshme t\u00eb derdhura n\u00eb mjedisin ujor t\u00eb Komunitetit<\/p><p>1994\/62\/EC &#8211; Paketimi dhe paketimi i mbeturinave<\/p><p>1991\/689\/EC &#8211; Mbeturinat e rrezikshme<\/p><p>1999\/31\/EC &#8211; Deponia e mbeturinave<\/p><p>2000\/76 \/ EC &#8211; Djegja e mbeturinave<\/p><p>Direktiva 2012\/27\/BE e Parlamentit Evropian dhe e K\u00ebshillit e 25 tetorit 2012 mbi efikasitetin e energjis\u00eb, duke ndryshuar Direktivat 2009\/125\/EC dhe 2010\/30\/BE dhe duke shfuqizuar Direktivat 2004\/8\/EC dhe 2006\/32\/EC<\/p><p>Direktiva 2010\/31\/BE mbi performanc\u00ebn energjetike t\u00eb nd\u00ebrtesave (rishikim)<\/p><p>Direktiva 2009\/28\/EC p\u00ebr nxitjen e p\u00ebrdorimit t\u00eb energjis\u00eb nga burimet e rip\u00ebrtrishme dhe ndryshimin dhe shfuqizimin e Direktiv\u00ebs 2001\/77\/EC dhe 2003\/30\/EC<\/p><p>Rregullorja (EC) Nr 1005\/2009 e Parlamentit Evropian dhe e K\u00ebshillit e 16 shtatorit 2009 mbi substancat q\u00eb e zvog\u00eblojn\u00eb shtres\u00ebn e ozonit (tekst me r\u00ebnd\u00ebsi p\u00ebr EEA)<\/p><p>Direktiva 2010\/75\/BE mbi Emetimet Industriale (parandalimi dhe kontrolli i ndotjes s\u00eb integruar), rishikim, Tekst me r\u00ebnd\u00ebsi t\u00eb EEA<\/p><p>Direktiva 2006\/12\/EC p\u00ebr mbeturinat<\/p><p>Direktiva 91\/689\/EEC p\u00ebr mbetjet e rrezikshme<\/p><p>Direktiva 2000\/60 \/ EC p\u00ebr krijimin e nj\u00eb kornize p\u00ebr veprim t\u00eb Komunitetit n\u00eb fush\u00ebn e politik\u00ebs s\u00eb ujit (Direktiva e Ujit)<\/p><p>Rregullorja (BE) nr. 517\/2014 e Parlamentit dhe K\u00ebshillit Evropian e dat\u00ebs 16 prill 2014 mbi gazrat me efekt serr\u00eb dheshfuqizimin e Rregullores (KE) Nr. 842\/2006.<\/p><\/div>\n\t\t\t\t<\/div>\n\t\t\t\t\t\t\t<div class=\"elementor-toggle-item\">\n\t\t\t\t\t<div id=\"elementor-tab-title-4285\" class=\"elementor-tab-title\" data-tab=\"5\" role=\"button\" aria-controls=\"elementor-tab-content-4285\" aria-expanded=\"false\">\n\t\t\t\t\t\t\t\t\t\t\t\t<span class=\"elementor-toggle-icon elementor-toggle-icon-left\" aria-hidden=\"true\">\n\t\t\t\t\t\t\t\t\t\t\t\t\t\t\t<span class=\"elementor-toggle-icon-closed\"><i class=\"fas fa-caret-right\"><\/i><\/span>\n\t\t\t\t\t\t\t\t<span class=\"elementor-toggle-icon-opened\"><i class=\"elementor-toggle-icon-opened fas fa-caret-up\"><\/i><\/span>\n\t\t\t\t\t\t\t\t\t\t\t\t\t<\/span>\n\t\t\t\t\t\t\t\t\t\t\t\t<a class=\"elementor-toggle-title\" tabindex=\"0\">ELEKTRONIKA\/ELEKTROTEKNIKA<\/a>\n\t\t\t\t\t<\/div>\n\n\t\t\t\t\t<div id=\"elementor-tab-content-4285\" class=\"elementor-tab-content elementor-clearfix\" data-tab=\"5\" role=\"region\" aria-labelledby=\"elementor-tab-title-4285\"><p>2012\/19\/BE p\u00ebr mbeturinat e pajisjeve elektrike dhe elektronike<\/p><p>2002\/96\/EC &#8211; Mbeturinat e pajisjeve elektrike dhe elektronike<\/p><\/div>\n\t\t\t\t<\/div>\n\t\t\t\t\t\t\t\t<\/div>\n\t\t\t\t\t\t<\/div>\n\t\t\t\t<\/div>\n\t\t\t\t\t<\/div>\n\t\t<\/div>\n\t\t\t\t\t<\/div>\n\t\t<\/section>\n\t\t\t\t<\/div>\n\t\t","protected":false},"excerpt":{"rendered":"<p>DIREKTIVAT PRIORITARE T\u00cb BE-s\u00eb RREGULLORET Direktivat e m\u00ebposhtme t\u00eb BE-s\u00eb kan\u00eb r\u00ebnd\u00ebsi kritike dhe urgjenc\u00eb t\u00eb implementimit nga kredi-marr\u00ebsit n\u00eb Republik\u00ebn e Kosov\u00ebs. Lista \u00ebsht\u00eb indikative dhe nuk \u00ebsht\u00eb p\u00ebrfundimtare pasi q\u00eb Direktivat shtes\u00eb t\u00eb BE-s\u00eb mund t\u00eb jen\u00eb m\u00eb t\u00eb aplikueshme p\u00ebr kredimarr\u00ebs t\u00eb ve\u00e7ant\u00eb, var\u00ebsisht nga sektori i operacioneve t\u00eb biznesit. Direktivat e [&hellip;]<\/p>\n","protected":false},"author":1,"featured_media":0,"parent":0,"menu_order":0,"comment_status":"closed","ping_status":"closed","template":"elementor_header_footer","meta":{"footnotes":""},"class_list":["post-392","page","type-page","status-publish","hentry"],"yoast_head":"<!-- This site is optimized with the Yoast SEO plugin v27.5 - https:\/\/yoast.com\/product\/yoast-seo-wordpress\/ -->\n<title>PRIORITY EU DIRECTIVES - Web-sme-csp Kosovo<\/title>\n<meta name=\"robots\" content=\"index, follow, max-snippet:-1, max-image-preview:large, max-video-preview:-1\" \/>\n<link rel=\"canonical\" href=\"https:\/\/web-sme-csp.com\/kosovo\/xk\/priority-eu-directives\/\" \/>\n<meta property=\"og:locale\" content=\"en_US\" \/>\n<meta property=\"og:type\" content=\"article\" \/>\n<meta property=\"og:title\" content=\"PRIORITY EU DIRECTIVES - Web-sme-csp Kosovo\" \/>\n<meta property=\"og:description\" content=\"DIREKTIVAT PRIORITARE T\u00cb BE-s\u00eb RREGULLORET Direktivat e m\u00ebposhtme t\u00eb BE-s\u00eb kan\u00eb r\u00ebnd\u00ebsi kritike dhe urgjenc\u00eb t\u00eb implementimit nga kredi-marr\u00ebsit n\u00eb Republik\u00ebn e Kosov\u00ebs. Lista \u00ebsht\u00eb indikative dhe nuk \u00ebsht\u00eb p\u00ebrfundimtare pasi q\u00eb Direktivat shtes\u00eb t\u00eb BE-s\u00eb mund t\u00eb jen\u00eb m\u00eb t\u00eb aplikueshme p\u00ebr kredimarr\u00ebs t\u00eb ve\u00e7ant\u00eb, var\u00ebsisht nga sektori i operacioneve t\u00eb biznesit. Direktivat e [&hellip;]\" \/>\n<meta property=\"og:url\" content=\"https:\/\/web-sme-csp.com\/kosovo\/xk\/priority-eu-directives\/\" \/>\n<meta property=\"og:site_name\" content=\"Web-sme-csp Kosovo\" \/>\n<meta property=\"article:publisher\" content=\"https:\/\/www.facebook.com\/Programi-pr-Mbshtetjen-e-Konkurrueshmris-s-NVM-ve-n-Kosov-371685197017851\" \/>\n<meta property=\"article:modified_time\" content=\"2021-04-26T14:00:10+00:00\" \/>\n<meta name=\"twitter:card\" content=\"summary_large_image\" \/>\n<meta name=\"twitter:label1\" content=\"Est. reading time\" \/>\n\t<meta name=\"twitter:data1\" content=\"5 minutes\" \/>\n<script type=\"application\/ld+json\" class=\"yoast-schema-graph\">{\"@context\":\"https:\\\/\\\/schema.org\",\"@graph\":[{\"@type\":\"WebPage\",\"@id\":\"https:\\\/\\\/web-sme-csp.com\\\/kosovo\\\/xk\\\/priority-eu-directives\\\/\",\"url\":\"https:\\\/\\\/web-sme-csp.com\\\/kosovo\\\/xk\\\/priority-eu-directives\\\/\",\"name\":\"PRIORITY EU DIRECTIVES - Web-sme-csp Kosovo\",\"isPartOf\":{\"@id\":\"https:\\\/\\\/web-sme-csp.com\\\/kosovo\\\/en\\\/#website\"},\"datePublished\":\"2019-03-19T17:41:33+00:00\",\"dateModified\":\"2021-04-26T14:00:10+00:00\",\"breadcrumb\":{\"@id\":\"https:\\\/\\\/web-sme-csp.com\\\/kosovo\\\/xk\\\/priority-eu-directives\\\/#breadcrumb\"},\"inLanguage\":\"xk-XK\",\"potentialAction\":[{\"@type\":\"ReadAction\",\"target\":[\"https:\\\/\\\/web-sme-csp.com\\\/kosovo\\\/xk\\\/priority-eu-directives\\\/\"]}]},{\"@type\":\"BreadcrumbList\",\"@id\":\"https:\\\/\\\/web-sme-csp.com\\\/kosovo\\\/xk\\\/priority-eu-directives\\\/#breadcrumb\",\"itemListElement\":[{\"@type\":\"ListItem\",\"position\":1,\"name\":\"Home\",\"item\":\"https:\\\/\\\/web-sme-csp.com\\\/kosovo\\\/en\\\/\"},{\"@type\":\"ListItem\",\"position\":2,\"name\":\"PRIORITY EU DIRECTIVES\"}]},{\"@type\":\"WebSite\",\"@id\":\"https:\\\/\\\/web-sme-csp.com\\\/kosovo\\\/en\\\/#website\",\"url\":\"https:\\\/\\\/web-sme-csp.com\\\/kosovo\\\/en\\\/\",\"name\":\"Web-sme-csp Kosovo\",\"description\":\"Kosovo\",\"potentialAction\":[{\"@type\":\"SearchAction\",\"target\":{\"@type\":\"EntryPoint\",\"urlTemplate\":\"https:\\\/\\\/web-sme-csp.com\\\/kosovo\\\/en\\\/?s={search_term_string}\"},\"query-input\":{\"@type\":\"PropertyValueSpecification\",\"valueRequired\":true,\"valueName\":\"search_term_string\"}}],\"inLanguage\":\"xk-XK\"}]}<\/script>\n<!-- \/ Yoast SEO plugin. -->","yoast_head_json":{"title":"PRIORITY EU DIRECTIVES - Web-sme-csp Kosovo","robots":{"index":"index","follow":"follow","max-snippet":"max-snippet:-1","max-image-preview":"max-image-preview:large","max-video-preview":"max-video-preview:-1"},"canonical":"https:\/\/web-sme-csp.com\/kosovo\/xk\/priority-eu-directives\/","og_locale":"en_US","og_type":"article","og_title":"PRIORITY EU DIRECTIVES - Web-sme-csp Kosovo","og_description":"DIREKTIVAT PRIORITARE T\u00cb BE-s\u00eb RREGULLORET Direktivat e m\u00ebposhtme t\u00eb BE-s\u00eb kan\u00eb r\u00ebnd\u00ebsi kritike dhe urgjenc\u00eb t\u00eb implementimit nga kredi-marr\u00ebsit n\u00eb Republik\u00ebn e Kosov\u00ebs. Lista \u00ebsht\u00eb indikative dhe nuk \u00ebsht\u00eb p\u00ebrfundimtare pasi q\u00eb Direktivat shtes\u00eb t\u00eb BE-s\u00eb mund t\u00eb jen\u00eb m\u00eb t\u00eb aplikueshme p\u00ebr kredimarr\u00ebs t\u00eb ve\u00e7ant\u00eb, var\u00ebsisht nga sektori i operacioneve t\u00eb biznesit. Direktivat e [&hellip;]","og_url":"https:\/\/web-sme-csp.com\/kosovo\/xk\/priority-eu-directives\/","og_site_name":"Web-sme-csp Kosovo","article_publisher":"https:\/\/www.facebook.com\/Programi-pr-Mbshtetjen-e-Konkurrueshmris-s-NVM-ve-n-Kosov-371685197017851","article_modified_time":"2021-04-26T14:00:10+00:00","twitter_card":"summary_large_image","twitter_misc":{"Est. reading time":"5 minutes"},"schema":{"@context":"https:\/\/schema.org","@graph":[{"@type":"WebPage","@id":"https:\/\/web-sme-csp.com\/kosovo\/xk\/priority-eu-directives\/","url":"https:\/\/web-sme-csp.com\/kosovo\/xk\/priority-eu-directives\/","name":"PRIORITY EU DIRECTIVES - Web-sme-csp Kosovo","isPartOf":{"@id":"https:\/\/web-sme-csp.com\/kosovo\/en\/#website"},"datePublished":"2019-03-19T17:41:33+00:00","dateModified":"2021-04-26T14:00:10+00:00","breadcrumb":{"@id":"https:\/\/web-sme-csp.com\/kosovo\/xk\/priority-eu-directives\/#breadcrumb"},"inLanguage":"xk-XK","potentialAction":[{"@type":"ReadAction","target":["https:\/\/web-sme-csp.com\/kosovo\/xk\/priority-eu-directives\/"]}]},{"@type":"BreadcrumbList","@id":"https:\/\/web-sme-csp.com\/kosovo\/xk\/priority-eu-directives\/#breadcrumb","itemListElement":[{"@type":"ListItem","position":1,"name":"Home","item":"https:\/\/web-sme-csp.com\/kosovo\/en\/"},{"@type":"ListItem","position":2,"name":"PRIORITY EU DIRECTIVES"}]},{"@type":"WebSite","@id":"https:\/\/web-sme-csp.com\/kosovo\/en\/#website","url":"https:\/\/web-sme-csp.com\/kosovo\/en\/","name":"Web-sme-csp Kosovo","description":"Kosovo","potentialAction":[{"@type":"SearchAction","target":{"@type":"EntryPoint","urlTemplate":"https:\/\/web-sme-csp.com\/kosovo\/en\/?s={search_term_string}"},"query-input":{"@type":"PropertyValueSpecification","valueRequired":true,"valueName":"search_term_string"}}],"inLanguage":"xk-XK"}]}},"_links":{"self":[{"href":"https:\/\/web-sme-csp.com\/kosovo\/xk\/wp-json\/wp\/v2\/pages\/392","targetHints":{"allow":["GET"]}}],"collection":[{"href":"https:\/\/web-sme-csp.com\/kosovo\/xk\/wp-json\/wp\/v2\/pages"}],"about":[{"href":"https:\/\/web-sme-csp.com\/kosovo\/xk\/wp-json\/wp\/v2\/types\/page"}],"author":[{"embeddable":true,"href":"https:\/\/web-sme-csp.com\/kosovo\/xk\/wp-json\/wp\/v2\/users\/1"}],"replies":[{"embeddable":true,"href":"https:\/\/web-sme-csp.com\/kosovo\/xk\/wp-json\/wp\/v2\/comments?post=392"}],"version-history":[{"count":9,"href":"https:\/\/web-sme-csp.com\/kosovo\/xk\/wp-json\/wp\/v2\/pages\/392\/revisions"}],"predecessor-version":[{"id":1202,"href":"https:\/\/web-sme-csp.com\/kosovo\/xk\/wp-json\/wp\/v2\/pages\/392\/revisions\/1202"}],"wp:attachment":[{"href":"https:\/\/web-sme-csp.com\/kosovo\/xk\/wp-json\/wp\/v2\/media?parent=392"}],"curies":[{"name":"wp","href":"https:\/\/api.w.org\/{rel}","templated":true}]}}