{"id":390,"date":"2019-03-19T17:40:30","date_gmt":"2019-03-19T17:40:30","guid":{"rendered":"https:\/\/web-sme-csp.com\/kosovo\/?page_id=390"},"modified":"2020-07-17T16:33:41","modified_gmt":"2020-07-17T16:33:41","slug":"news","status":"publish","type":"page","link":"https:\/\/web-sme-csp.com\/kosovo\/xk\/news\/","title":{"rendered":"News"},"content":{"rendered":"\t\t<div data-elementor-type=\"wp-post\" data-elementor-id=\"390\" class=\"elementor elementor-390\" data-elementor-post-type=\"page\">\n\t\t\t\t\t\t<section class=\"elementor-section elementor-top-section elementor-element elementor-element-58c755e0 elementor-section-full_width elementor-section-height-default elementor-section-height-default\" data-id=\"58c755e0\" data-element_type=\"section\" data-e-type=\"section\">\n\t\t\t\t\t\t<div class=\"elementor-container elementor-column-gap-no\">\n\t\t\t\t\t<div class=\"elementor-column elementor-col-100 elementor-top-column elementor-element elementor-element-3eb76163\" data-id=\"3eb76163\" data-element_type=\"column\" data-e-type=\"column\">\n\t\t\t<div class=\"elementor-widget-wrap elementor-element-populated\">\n\t\t\t\t\t\t<div class=\"elementor-element elementor-element-fa583a9 elementor-skin-carousel elementor-widget elementor-widget-media-carousel\" data-id=\"fa583a9\" data-element_type=\"widget\" data-e-type=\"widget\" data-settings=\"{&quot;space_between&quot;:{&quot;unit&quot;:&quot;px&quot;,&quot;size&quot;:0,&quot;sizes&quot;:[]},&quot;skin&quot;:&quot;carousel&quot;,&quot;effect&quot;:&quot;slide&quot;,&quot;speed&quot;:500,&quot;autoplay&quot;:&quot;yes&quot;,&quot;autoplay_speed&quot;:5000,&quot;loop&quot;:&quot;yes&quot;,&quot;pause_on_hover&quot;:&quot;yes&quot;,&quot;pause_on_interaction&quot;:&quot;yes&quot;,&quot;space_between_tablet&quot;:{&quot;unit&quot;:&quot;px&quot;,&quot;size&quot;:10,&quot;sizes&quot;:[]},&quot;space_between_mobile&quot;:{&quot;unit&quot;:&quot;px&quot;,&quot;size&quot;:10,&quot;sizes&quot;:[]}}\" data-widget_type=\"media-carousel.default\">\n\t\t\t\t<div class=\"elementor-widget-container\">\n\t\t\t\t\t\t\t\t\t<div class=\"elementor-swiper\">\n\t\t\t\t\t<div class=\"elementor-main-swiper swiper\" role=\"region\" aria-roledescription=\"carousel\" aria-label=\"Slides\">\n\t\t\t\t<div class=\"swiper-wrapper\">\n\t\t\t\t\t\t\t\t\t\t\t<div class=\"swiper-slide\" role=\"group\" aria-roledescription=\"slide\">\n\t\t\t\t\t\t\t\t\t<div class=\"elementor-carousel-image\" role=\"img\" aria-label=\"395129-PCH2M7-589\" style=\"background-image: url(&#039;https:\/\/web-sme-csp.com\/kosovo\/wp-content\/uploads\/sites\/3\/2019\/03\/395129-PCH2M7-589-e1552605691578.jpg&#039;)\">\n\n\t\t\t\n\t\t\t\t\t<\/div>\n\t\t\t\t\t\t\t\t<\/div>\n\t\t\t\t\t\t\t\t\t<\/div>\n\t\t\t\t\t\t\t<\/div>\n\t\t\t\t<\/div>\n\t\t\t\t\t\t\t\t<\/div>\n\t\t\t\t<\/div>\n\t\t\t\t\t<\/div>\n\t\t<\/div>\n\t\t\t\t\t<\/div>\n\t\t<\/section>\n\t\t\t\t<section class=\"elementor-section elementor-top-section elementor-element elementor-element-2bd8da69 elementor-section-content-middle elementor-section-boxed elementor-section-height-default elementor-section-height-default\" data-id=\"2bd8da69\" data-element_type=\"section\" data-e-type=\"section\" data-settings=\"{&quot;background_background&quot;:&quot;classic&quot;}\">\n\t\t\t\t\t\t<div class=\"elementor-container elementor-column-gap-default\">\n\t\t\t\t\t<div class=\"elementor-column elementor-col-100 elementor-top-column elementor-element elementor-element-46becf08\" data-id=\"46becf08\" data-element_type=\"column\" data-e-type=\"column\" data-settings=\"{&quot;background_background&quot;:&quot;classic&quot;}\">\n\t\t\t<div class=\"elementor-widget-wrap elementor-element-populated\">\n\t\t\t\t\t\t<div class=\"elementor-element elementor-element-4a1650e elementor-widget elementor-widget-heading\" data-id=\"4a1650e\" data-element_type=\"widget\" data-e-type=\"widget\" data-widget_type=\"heading.default\">\n\t\t\t\t<div class=\"elementor-widget-container\">\n\t\t\t\t\t<h1 class=\"elementor-heading-title elementor-size-default\">LAJMET<\/h1>\t\t\t\t<\/div>\n\t\t\t\t<\/div>\n\t\t\t\t<div class=\"elementor-element elementor-element-7cad00f elementor-widget elementor-widget-text-editor\" data-id=\"7cad00f\" data-element_type=\"widget\" data-e-type=\"widget\" data-widget_type=\"text-editor.default\">\n\t\t\t\t<div class=\"elementor-widget-container\">\n\t\t\t\t\t\t\t\t\t<p>Q\u00cbNDRONI T\u00cb INFORMUAR<\/p>\t\t\t\t\t\t\t\t<\/div>\n\t\t\t\t<\/div>\n\t\t\t\t\t<\/div>\n\t\t<\/div>\n\t\t\t\t\t<\/div>\n\t\t<\/section>\n\t\t\t\t<section class=\"elementor-section elementor-top-section elementor-element elementor-element-6439779 elementor-section-boxed elementor-section-height-default elementor-section-height-default\" data-id=\"6439779\" data-element_type=\"section\" data-e-type=\"section\">\n\t\t\t\t\t\t<div class=\"elementor-container elementor-column-gap-default\">\n\t\t\t\t\t<div class=\"elementor-column elementor-col-100 elementor-top-column elementor-element elementor-element-2f1354a\" data-id=\"2f1354a\" data-element_type=\"column\" data-e-type=\"column\">\n\t\t\t<div class=\"elementor-widget-wrap elementor-element-populated\">\n\t\t\t\t\t\t<div class=\"elementor-element elementor-element-1e3ba8a elementor-grid-3 elementor-grid-tablet-2 elementor-grid-mobile-1 elementor-posts--thumbnail-top elementor-widget elementor-widget-posts\" data-id=\"1e3ba8a\" data-element_type=\"widget\" data-e-type=\"widget\" data-settings=\"{&quot;classic_columns&quot;:&quot;3&quot;,&quot;classic_columns_tablet&quot;:&quot;2&quot;,&quot;classic_columns_mobile&quot;:&quot;1&quot;,&quot;classic_row_gap&quot;:{&quot;unit&quot;:&quot;px&quot;,&quot;size&quot;:35,&quot;sizes&quot;:[]},&quot;classic_row_gap_tablet&quot;:{&quot;unit&quot;:&quot;px&quot;,&quot;size&quot;:&quot;&quot;,&quot;sizes&quot;:[]},&quot;classic_row_gap_mobile&quot;:{&quot;unit&quot;:&quot;px&quot;,&quot;size&quot;:&quot;&quot;,&quot;sizes&quot;:[]}}\" data-widget_type=\"posts.classic\">\n\t\t\t\t<div class=\"elementor-widget-container\">\n\t\t\t\t\t\t\t<div class=\"elementor-posts-container elementor-posts elementor-posts--skin-classic elementor-grid\" role=\"list\">\n\t\t\t\t<article class=\"elementor-post elementor-grid-item post-1416 post type-post status-publish format-standard has-post-thumbnail hentry category-news-xk\" role=\"listitem\">\n\t\t\t\t<a class=\"elementor-post__thumbnail__link\" href=\"https:\/\/web-sme-csp.com\/kosovo\/xk\/2021\/12\/17\/ebrd-extends-e5-million-to-banka-per-biznes-in-kosovo\/\" tabindex=\"-1\" >\n\t\t\t<div class=\"elementor-post__thumbnail\"><img decoding=\"async\" width=\"300\" height=\"141\" src=\"https:\/\/web-sme-csp.com\/kosovo\/wp-content\/uploads\/sites\/3\/2021\/12\/Bild3-300x141.jpg\" class=\"attachment-medium size-medium wp-image-1408\" alt=\"\" srcset=\"https:\/\/web-sme-csp.com\/kosovo\/wp-content\/uploads\/sites\/3\/2021\/12\/Bild3-300x141.jpg 300w, https:\/\/web-sme-csp.com\/kosovo\/wp-content\/uploads\/sites\/3\/2021\/12\/Bild3.jpg 626w\" sizes=\"(max-width: 300px) 100vw, 300px\" \/><\/div>\n\t\t<\/a>\n\t\t\t\t<div class=\"elementor-post__text\">\n\t\t\t\t<h3 class=\"elementor-post__title\">\n\t\t\t<a href=\"https:\/\/web-sme-csp.com\/kosovo\/xk\/2021\/12\/17\/ebrd-extends-e5-million-to-banka-per-biznes-in-kosovo\/\" >\n\t\t\t\tEBRD extends \u20ac5 million to Banka p\u00ebr Biznes in Kosovo\t\t\t<\/a>\n\t\t<\/h3>\n\t\t\t\t<div class=\"elementor-post__meta-data\">\n\t\t\t\t\t<span class=\"elementor-post-date\">\n\t\t\tDecember 17, 2021\t\t<\/span>\n\t\t\t\t<span class=\"elementor-post-avatar\">\n\t\t\tNo Comments\t\t<\/span>\n\t\t\t\t<\/div>\n\t\t\t\t<div class=\"elementor-post__excerpt\">\n\t\t\t<p>Programi i p\u00ebrkrahur nga BE p\u00ebr ta rritur konkurrueshm\u00ebrin\u00eb e bizneseve t\u00eb vogla n\u00eb vend 5 milion\u00eb euro hua p\u00ebr Bank\u00ebn p\u00ebr Biznes p\u00ebr kredidh\u00ebnie<\/p>\n\t\t<\/div>\n\t\t\n\t\t<a class=\"elementor-post__read-more\" href=\"https:\/\/web-sme-csp.com\/kosovo\/xk\/2021\/12\/17\/ebrd-extends-e5-million-to-banka-per-biznes-in-kosovo\/\" aria-label=\"Read more about EBRD extends \u20ac5 million to Banka p\u00ebr Biznes in Kosovo\" tabindex=\"-1\" >\n\t\t\tRead More \u00bb\t\t<\/a>\n\n\t\t\t\t<\/div>\n\t\t\t\t<\/article>\n\t\t\t\t<article class=\"elementor-post elementor-grid-item post-1347 post type-post status-publish format-standard has-post-thumbnail hentry category-news-xk\" role=\"listitem\">\n\t\t\t\t<a class=\"elementor-post__thumbnail__link\" href=\"https:\/\/web-sme-csp.com\/kosovo\/xk\/2021\/05\/18\/berzh-dhe-be-zgjerojne-mbeshtetjen-e-tyre-per-konkurrueshmerine-e-nvm-ve-ne-kosove\/\" tabindex=\"-1\" >\n\t\t\t<div class=\"elementor-post__thumbnail\"><img fetchpriority=\"high\" decoding=\"async\" width=\"300\" height=\"215\" src=\"https:\/\/web-sme-csp.com\/kosovo\/wp-content\/uploads\/sites\/3\/2021\/05\/Bild1-300x215.png\" class=\"attachment-medium size-medium wp-image-1339\" alt=\"\" srcset=\"https:\/\/web-sme-csp.com\/kosovo\/wp-content\/uploads\/sites\/3\/2021\/05\/Bild1-300x215.png 300w, https:\/\/web-sme-csp.com\/kosovo\/wp-content\/uploads\/sites\/3\/2021\/05\/Bild1-768x550.png 768w, https:\/\/web-sme-csp.com\/kosovo\/wp-content\/uploads\/sites\/3\/2021\/05\/Bild1.png 913w\" sizes=\"(max-width: 300px) 100vw, 300px\" \/><\/div>\n\t\t<\/a>\n\t\t\t\t<div class=\"elementor-post__text\">\n\t\t\t\t<h3 class=\"elementor-post__title\">\n\t\t\t<a href=\"https:\/\/web-sme-csp.com\/kosovo\/xk\/2021\/05\/18\/berzh-dhe-be-zgjerojne-mbeshtetjen-e-tyre-per-konkurrueshmerine-e-nvm-ve-ne-kosove\/\" >\n\t\t\t\tBERZH dhe BE zgjerojn\u00eb mb\u00ebshtetjen e tyre p\u00ebr konkurrueshm\u00ebrin\u00eb e NVM-ve n\u00eb Kosov\u00eb\t\t\t<\/a>\n\t\t<\/h3>\n\t\t\t\t<div class=\"elementor-post__meta-data\">\n\t\t\t\t\t<span class=\"elementor-post-date\">\n\t\t\tMay 18, 2021\t\t<\/span>\n\t\t\t\t<span class=\"elementor-post-avatar\">\n\t\t\tNo Comments\t\t<\/span>\n\t\t\t\t<\/div>\n\t\t\t\t<div class=\"elementor-post__excerpt\">\n\t\t\t<p>BERZH dhe BE zgjerojn\u00eb mb\u00ebshtetjen e tyre p\u00ebr konkurrueshm\u00ebrin\u00eb e NVM-ve n\u00eb Kosov\u00eb Mbi 130 p\u00ebrfaq\u00ebsues t\u00eb bizneseve n\u00eb Kosov\u00eb u informuan rreth mund\u00ebsive t\u00eb<\/p>\n\t\t<\/div>\n\t\t\n\t\t<a class=\"elementor-post__read-more\" href=\"https:\/\/web-sme-csp.com\/kosovo\/xk\/2021\/05\/18\/berzh-dhe-be-zgjerojne-mbeshtetjen-e-tyre-per-konkurrueshmerine-e-nvm-ve-ne-kosove\/\" aria-label=\"Read more about BERZH dhe BE zgjerojn\u00eb mb\u00ebshtetjen e tyre p\u00ebr konkurrueshm\u00ebrin\u00eb e NVM-ve n\u00eb Kosov\u00eb\" tabindex=\"-1\" >\n\t\t\tRead More \u00bb\t\t<\/a>\n\n\t\t\t\t<\/div>\n\t\t\t\t<\/article>\n\t\t\t\t<\/div>\n\t\t\n\t\t\t\t\t\t<\/div>\n\t\t\t\t<\/div>\n\t\t\t\t\t<\/div>\n\t\t<\/div>\n\t\t\t\t\t<\/div>\n\t\t<\/section>\n\t\t\t\t<\/div>\n\t\t","protected":false},"excerpt":{"rendered":"<p>LAJMET Q\u00cbNDRONI T\u00cb INFORMUAR<\/p>\n","protected":false},"author":1,"featured_media":0,"parent":0,"menu_order":0,"comment_status":"closed","ping_status":"closed","template":"elementor_header_footer","meta":{"footnotes":""},"class_list":["post-390","page","type-page","status-publish","hentry"],"yoast_head":"<!-- This site is optimized with the Yoast SEO plugin v27.5 - https:\/\/yoast.com\/product\/yoast-seo-wordpress\/ -->\n<title>News - Web-sme-csp Kosovo<\/title>\n<meta name=\"robots\" content=\"index, follow, max-snippet:-1, max-image-preview:large, max-video-preview:-1\" \/>\n<link rel=\"canonical\" href=\"https:\/\/web-sme-csp.com\/kosovo\/xk\/news\/\" \/>\n<meta property=\"og:locale\" content=\"en_US\" \/>\n<meta property=\"og:type\" content=\"article\" \/>\n<meta property=\"og:title\" content=\"News - Web-sme-csp Kosovo\" \/>\n<meta property=\"og:description\" content=\"LAJMET Q\u00cbNDRONI T\u00cb INFORMUAR\" \/>\n<meta property=\"og:url\" content=\"https:\/\/web-sme-csp.com\/kosovo\/xk\/news\/\" \/>\n<meta property=\"og:site_name\" content=\"Web-sme-csp Kosovo\" \/>\n<meta property=\"article:publisher\" content=\"https:\/\/www.facebook.com\/Programi-pr-Mbshtetjen-e-Konkurrueshmris-s-NVM-ve-n-Kosov-371685197017851\" \/>\n<meta property=\"article:modified_time\" content=\"2020-07-17T16:33:41+00:00\" \/>\n<meta name=\"twitter:card\" content=\"summary_large_image\" \/>\n<script type=\"application\/ld+json\" class=\"yoast-schema-graph\">{\"@context\":\"https:\\\/\\\/schema.org\",\"@graph\":[{\"@type\":\"WebPage\",\"@id\":\"https:\\\/\\\/web-sme-csp.com\\\/kosovo\\\/xk\\\/news\\\/\",\"url\":\"https:\\\/\\\/web-sme-csp.com\\\/kosovo\\\/xk\\\/news\\\/\",\"name\":\"News - Web-sme-csp Kosovo\",\"isPartOf\":{\"@id\":\"https:\\\/\\\/web-sme-csp.com\\\/kosovo\\\/en\\\/#website\"},\"datePublished\":\"2019-03-19T17:40:30+00:00\",\"dateModified\":\"2020-07-17T16:33:41+00:00\",\"breadcrumb\":{\"@id\":\"https:\\\/\\\/web-sme-csp.com\\\/kosovo\\\/xk\\\/news\\\/#breadcrumb\"},\"inLanguage\":\"xk-XK\",\"potentialAction\":[{\"@type\":\"ReadAction\",\"target\":[\"https:\\\/\\\/web-sme-csp.com\\\/kosovo\\\/xk\\\/news\\\/\"]}]},{\"@type\":\"BreadcrumbList\",\"@id\":\"https:\\\/\\\/web-sme-csp.com\\\/kosovo\\\/xk\\\/news\\\/#breadcrumb\",\"itemListElement\":[{\"@type\":\"ListItem\",\"position\":1,\"name\":\"Home\",\"item\":\"https:\\\/\\\/web-sme-csp.com\\\/kosovo\\\/en\\\/\"},{\"@type\":\"ListItem\",\"position\":2,\"name\":\"News\"}]},{\"@type\":\"WebSite\",\"@id\":\"https:\\\/\\\/web-sme-csp.com\\\/kosovo\\\/en\\\/#website\",\"url\":\"https:\\\/\\\/web-sme-csp.com\\\/kosovo\\\/en\\\/\",\"name\":\"Web-sme-csp Kosovo\",\"description\":\"Kosovo\",\"potentialAction\":[{\"@type\":\"SearchAction\",\"target\":{\"@type\":\"EntryPoint\",\"urlTemplate\":\"https:\\\/\\\/web-sme-csp.com\\\/kosovo\\\/en\\\/?s={search_term_string}\"},\"query-input\":{\"@type\":\"PropertyValueSpecification\",\"valueRequired\":true,\"valueName\":\"search_term_string\"}}],\"inLanguage\":\"xk-XK\"}]}<\/script>\n<!-- \/ Yoast SEO plugin. -->","yoast_head_json":{"title":"News - Web-sme-csp Kosovo","robots":{"index":"index","follow":"follow","max-snippet":"max-snippet:-1","max-image-preview":"max-image-preview:large","max-video-preview":"max-video-preview:-1"},"canonical":"https:\/\/web-sme-csp.com\/kosovo\/xk\/news\/","og_locale":"en_US","og_type":"article","og_title":"News - Web-sme-csp Kosovo","og_description":"LAJMET Q\u00cbNDRONI T\u00cb INFORMUAR","og_url":"https:\/\/web-sme-csp.com\/kosovo\/xk\/news\/","og_site_name":"Web-sme-csp Kosovo","article_publisher":"https:\/\/www.facebook.com\/Programi-pr-Mbshtetjen-e-Konkurrueshmris-s-NVM-ve-n-Kosov-371685197017851","article_modified_time":"2020-07-17T16:33:41+00:00","twitter_card":"summary_large_image","schema":{"@context":"https:\/\/schema.org","@graph":[{"@type":"WebPage","@id":"https:\/\/web-sme-csp.com\/kosovo\/xk\/news\/","url":"https:\/\/web-sme-csp.com\/kosovo\/xk\/news\/","name":"News - Web-sme-csp Kosovo","isPartOf":{"@id":"https:\/\/web-sme-csp.com\/kosovo\/en\/#website"},"datePublished":"2019-03-19T17:40:30+00:00","dateModified":"2020-07-17T16:33:41+00:00","breadcrumb":{"@id":"https:\/\/web-sme-csp.com\/kosovo\/xk\/news\/#breadcrumb"},"inLanguage":"xk-XK","potentialAction":[{"@type":"ReadAction","target":["https:\/\/web-sme-csp.com\/kosovo\/xk\/news\/"]}]},{"@type":"BreadcrumbList","@id":"https:\/\/web-sme-csp.com\/kosovo\/xk\/news\/#breadcrumb","itemListElement":[{"@type":"ListItem","position":1,"name":"Home","item":"https:\/\/web-sme-csp.com\/kosovo\/en\/"},{"@type":"ListItem","position":2,"name":"News"}]},{"@type":"WebSite","@id":"https:\/\/web-sme-csp.com\/kosovo\/en\/#website","url":"https:\/\/web-sme-csp.com\/kosovo\/en\/","name":"Web-sme-csp Kosovo","description":"Kosovo","potentialAction":[{"@type":"SearchAction","target":{"@type":"EntryPoint","urlTemplate":"https:\/\/web-sme-csp.com\/kosovo\/en\/?s={search_term_string}"},"query-input":{"@type":"PropertyValueSpecification","valueRequired":true,"valueName":"search_term_string"}}],"inLanguage":"xk-XK"}]}},"_links":{"self":[{"href":"https:\/\/web-sme-csp.com\/kosovo\/xk\/wp-json\/wp\/v2\/pages\/390","targetHints":{"allow":["GET"]}}],"collection":[{"href":"https:\/\/web-sme-csp.com\/kosovo\/xk\/wp-json\/wp\/v2\/pages"}],"about":[{"href":"https:\/\/web-sme-csp.com\/kosovo\/xk\/wp-json\/wp\/v2\/types\/page"}],"author":[{"embeddable":true,"href":"https:\/\/web-sme-csp.com\/kosovo\/xk\/wp-json\/wp\/v2\/users\/1"}],"replies":[{"embeddable":true,"href":"https:\/\/web-sme-csp.com\/kosovo\/xk\/wp-json\/wp\/v2\/comments?post=390"}],"version-history":[{"count":8,"href":"https:\/\/web-sme-csp.com\/kosovo\/xk\/wp-json\/wp\/v2\/pages\/390\/revisions"}],"predecessor-version":[{"id":1425,"href":"https:\/\/web-sme-csp.com\/kosovo\/xk\/wp-json\/wp\/v2\/pages\/390\/revisions\/1425"}],"wp:attachment":[{"href":"https:\/\/web-sme-csp.com\/kosovo\/xk\/wp-json\/wp\/v2\/media?parent=390"}],"curies":[{"name":"wp","href":"https:\/\/api.w.org\/{rel}","templated":true}]}}