{"id":389,"date":"2019-03-19T17:40:04","date_gmt":"2019-03-19T17:40:04","guid":{"rendered":"https:\/\/web-sme-csp.com\/kosovo\/?page_id=389"},"modified":"2020-12-04T10:06:15","modified_gmt":"2020-12-04T10:06:15","slug":"investment-grants","status":"publish","type":"page","link":"https:\/\/web-sme-csp.com\/kosovo\/xk\/investment-grants\/","title":{"rendered":"Investment grants"},"content":{"rendered":"\t\t<div data-elementor-type=\"wp-post\" data-elementor-id=\"389\" class=\"elementor elementor-389\" data-elementor-post-type=\"page\">\n\t\t\t\t\t\t<section class=\"elementor-section elementor-top-section elementor-element elementor-element-62e8612d elementor-section-full_width elementor-section-height-default elementor-section-height-default\" data-id=\"62e8612d\" data-element_type=\"section\" data-e-type=\"section\">\n\t\t\t\t\t\t<div class=\"elementor-container elementor-column-gap-no\">\n\t\t\t\t\t<div class=\"elementor-column elementor-col-100 elementor-top-column elementor-element elementor-element-39b8607f\" data-id=\"39b8607f\" data-element_type=\"column\" data-e-type=\"column\">\n\t\t\t<div class=\"elementor-widget-wrap elementor-element-populated\">\n\t\t\t\t\t\t<div class=\"elementor-element elementor-element-f1cf425 elementor-skin-carousel elementor-widget elementor-widget-media-carousel\" data-id=\"f1cf425\" data-element_type=\"widget\" data-e-type=\"widget\" data-settings=\"{&quot;space_between&quot;:{&quot;unit&quot;:&quot;px&quot;,&quot;size&quot;:0,&quot;sizes&quot;:[]},&quot;skin&quot;:&quot;carousel&quot;,&quot;effect&quot;:&quot;slide&quot;,&quot;speed&quot;:500,&quot;autoplay&quot;:&quot;yes&quot;,&quot;autoplay_speed&quot;:5000,&quot;loop&quot;:&quot;yes&quot;,&quot;pause_on_hover&quot;:&quot;yes&quot;,&quot;pause_on_interaction&quot;:&quot;yes&quot;,&quot;space_between_tablet&quot;:{&quot;unit&quot;:&quot;px&quot;,&quot;size&quot;:10,&quot;sizes&quot;:[]},&quot;space_between_mobile&quot;:{&quot;unit&quot;:&quot;px&quot;,&quot;size&quot;:10,&quot;sizes&quot;:[]}}\" data-widget_type=\"media-carousel.default\">\n\t\t\t\t<div class=\"elementor-widget-container\">\n\t\t\t\t\t\t\t\t\t<div class=\"elementor-swiper\">\n\t\t\t\t\t<div class=\"elementor-main-swiper swiper\" role=\"region\" aria-roledescription=\"carousel\" aria-label=\"Slides\">\n\t\t\t\t<div class=\"swiper-wrapper\">\n\t\t\t\t\t\t\t\t\t\t\t<div class=\"swiper-slide\" role=\"group\" aria-roledescription=\"slide\">\n\t\t\t\t\t\t\t\t\t<div class=\"elementor-carousel-image\" role=\"img\" aria-label=\"395129-PCH2M7-589\" style=\"background-image: url(&#039;https:\/\/web-sme-csp.com\/kosovo\/wp-content\/uploads\/sites\/3\/2019\/03\/395129-PCH2M7-589-e1552605691578.jpg&#039;)\">\n\n\t\t\t\n\t\t\t\t\t<\/div>\n\t\t\t\t\t\t\t\t<\/div>\n\t\t\t\t\t\t\t\t\t<\/div>\n\t\t\t\t\t\t\t<\/div>\n\t\t\t\t<\/div>\n\t\t\t\t\t\t\t\t<\/div>\n\t\t\t\t<\/div>\n\t\t\t\t\t<\/div>\n\t\t<\/div>\n\t\t\t\t\t<\/div>\n\t\t<\/section>\n\t\t\t\t<section class=\"elementor-section elementor-top-section elementor-element elementor-element-668d7a1c elementor-section-content-middle elementor-section-boxed elementor-section-height-default elementor-section-height-default\" data-id=\"668d7a1c\" data-element_type=\"section\" data-e-type=\"section\" data-settings=\"{&quot;background_background&quot;:&quot;classic&quot;}\">\n\t\t\t\t\t\t<div class=\"elementor-container elementor-column-gap-default\">\n\t\t\t\t\t<div class=\"elementor-column elementor-col-100 elementor-top-column elementor-element elementor-element-2e2a67e1\" data-id=\"2e2a67e1\" data-element_type=\"column\" data-e-type=\"column\" data-settings=\"{&quot;background_background&quot;:&quot;classic&quot;}\">\n\t\t\t<div class=\"elementor-widget-wrap elementor-element-populated\">\n\t\t\t\t\t\t<div class=\"elementor-element elementor-element-3375691d elementor-widget elementor-widget-heading\" data-id=\"3375691d\" data-element_type=\"widget\" data-e-type=\"widget\" data-widget_type=\"heading.default\">\n\t\t\t\t<div class=\"elementor-widget-container\">\n\t\t\t\t\t<h1 class=\"elementor-heading-title elementor-size-default\">GRANTET INVESTUESE<\/h1>\t\t\t\t<\/div>\n\t\t\t\t<\/div>\n\t\t\t\t<div class=\"elementor-element elementor-element-ef827e3 elementor-widget elementor-widget-text-editor\" data-id=\"ef827e3\" data-element_type=\"widget\" data-e-type=\"widget\" data-widget_type=\"text-editor.default\">\n\t\t\t\t<div class=\"elementor-widget-container\">\n\t\t\t\t\t\t\t\t\t<p>GRANTET<\/p>\t\t\t\t\t\t\t\t<\/div>\n\t\t\t\t<\/div>\n\t\t\t\t\t<\/div>\n\t\t<\/div>\n\t\t\t\t\t<\/div>\n\t\t<\/section>\n\t\t\t\t<section class=\"elementor-section elementor-top-section elementor-element elementor-element-35c36f99 elementor-section-boxed elementor-section-height-default elementor-section-height-default\" data-id=\"35c36f99\" data-element_type=\"section\" data-e-type=\"section\">\n\t\t\t\t\t\t<div class=\"elementor-container elementor-column-gap-default\">\n\t\t\t\t\t<div class=\"elementor-column elementor-col-100 elementor-top-column elementor-element elementor-element-2eb473d9\" data-id=\"2eb473d9\" data-element_type=\"column\" data-e-type=\"column\">\n\t\t\t<div class=\"elementor-widget-wrap elementor-element-populated\">\n\t\t\t\t\t\t<section class=\"elementor-section elementor-inner-section elementor-element elementor-element-145c9bd8 elementor-section-boxed elementor-section-height-default elementor-section-height-default\" data-id=\"145c9bd8\" data-element_type=\"section\" data-e-type=\"section\">\n\t\t\t\t\t\t<div class=\"elementor-container elementor-column-gap-default\">\n\t\t\t\t\t<div class=\"elementor-column elementor-col-50 elementor-inner-column elementor-element elementor-element-3bc12f8b\" data-id=\"3bc12f8b\" data-element_type=\"column\" data-e-type=\"column\">\n\t\t\t<div class=\"elementor-widget-wrap elementor-element-populated\">\n\t\t\t\t\t\t<div class=\"elementor-element elementor-element-ddce061 elementor-widget elementor-widget-text-editor\" data-id=\"ddce061\" data-element_type=\"widget\" data-e-type=\"widget\" data-widget_type=\"text-editor.default\">\n\t\t\t\t<div class=\"elementor-widget-container\">\n\t\t\t\t\t\t\t\t\t<p>\u00c7do projekt do t\u00eb marr\u00eb grant investimi deri n\u00eb 15% n\u00eb rastin e implementimit t\u00eb suksessh\u00ebm dhe verifikimit t\u00eb projektit:<\/p><ul><li style=\"list-style-type: none;\"><ul><li>Kalkulimi i vler\u00ebs s\u00eb grantit t\u00eb investimit i paguesh\u00ebm p\u00ebr projektin dhe\/ose huamarr\u00ebsin do t\u00eb b\u00ebhet nga Konsulenti Verifikues (\u201cKV\u201d) dhe do t\u00eb prezentohet n\u00eb Raportin e Verifikimit.<\/li><li>Pagesa e Grantit Investues llogaritet si ekuivalenca m\u00eb e ul\u00ebt 15% e:<\/li><li>Vler\u00ebs s\u00eb pranueshme t\u00eb kredis\u00eb s\u00eb dh\u00ebn\u00eb, ose,<\/li><li>Vler\u00ebs s\u00eb pranueshme t\u00eb Shpenzimit Investues t\u00eb projektit, duke mos p\u00ebrfshir\u00eb \u00e7far\u00ebdo TVSH t\u00eb pagueshme n\u00eb lidhje me investimin.<\/li><\/ul><\/li><\/ul>\t\t\t\t\t\t\t\t<\/div>\n\t\t\t\t<\/div>\n\t\t\t\t\t<\/div>\n\t\t<\/div>\n\t\t\t\t<div class=\"elementor-column elementor-col-50 elementor-inner-column elementor-element elementor-element-394f1242\" data-id=\"394f1242\" data-element_type=\"column\" data-e-type=\"column\">\n\t\t\t<div class=\"elementor-widget-wrap elementor-element-populated\">\n\t\t\t\t\t\t<div class=\"elementor-element elementor-element-2d684c55 elementor-widget elementor-widget-image\" data-id=\"2d684c55\" data-element_type=\"widget\" data-e-type=\"widget\" data-widget_type=\"image.default\">\n\t\t\t\t<div class=\"elementor-widget-container\">\n\t\t\t\t\t\t\t\t\t\t\t\t\t\t\t<img fetchpriority=\"high\" decoding=\"async\" width=\"518\" height=\"332\" src=\"https:\/\/web-sme-csp.com\/kosovo\/wp-content\/uploads\/sites\/3\/2019\/03\/Untitled-3-1.png\" class=\"attachment-full size-full wp-image-252\" alt=\"\" srcset=\"https:\/\/web-sme-csp.com\/kosovo\/wp-content\/uploads\/sites\/3\/2019\/03\/Untitled-3-1.png 518w, https:\/\/web-sme-csp.com\/kosovo\/wp-content\/uploads\/sites\/3\/2019\/03\/Untitled-3-1-300x192.png 300w\" sizes=\"(max-width: 518px) 100vw, 518px\" \/>\t\t\t\t\t\t\t\t\t\t\t\t\t\t\t<\/div>\n\t\t\t\t<\/div>\n\t\t\t\t\t<\/div>\n\t\t<\/div>\n\t\t\t\t\t<\/div>\n\t\t<\/section>\n\t\t\t\t\t<\/div>\n\t\t<\/div>\n\t\t\t\t\t<\/div>\n\t\t<\/section>\n\t\t\t\t<\/div>\n\t\t","protected":false},"excerpt":{"rendered":"<p>GRANTET INVESTUESE GRANTET \u00c7do projekt do t\u00eb marr\u00eb grant investimi deri n\u00eb 15% n\u00eb rastin e implementimit t\u00eb suksessh\u00ebm dhe verifikimit t\u00eb projektit: Kalkulimi i vler\u00ebs s\u00eb grantit t\u00eb investimit i paguesh\u00ebm p\u00ebr projektin dhe\/ose huamarr\u00ebsin do t\u00eb b\u00ebhet nga Konsulenti Verifikues (\u201cKV\u201d) dhe do t\u00eb prezentohet n\u00eb Raportin e Verifikimit. Pagesa e Grantit Investues [&hellip;]<\/p>\n","protected":false},"author":1,"featured_media":0,"parent":0,"menu_order":0,"comment_status":"closed","ping_status":"closed","template":"elementor_header_footer","meta":{"footnotes":""},"class_list":["post-389","page","type-page","status-publish","hentry"],"yoast_head":"<!-- This site is optimized with the Yoast SEO plugin v27.5 - https:\/\/yoast.com\/product\/yoast-seo-wordpress\/ -->\n<title>Investment grants - Web-sme-csp Kosovo<\/title>\n<meta name=\"robots\" content=\"index, follow, max-snippet:-1, max-image-preview:large, max-video-preview:-1\" \/>\n<link rel=\"canonical\" href=\"https:\/\/web-sme-csp.com\/kosovo\/xk\/investment-grants\/\" \/>\n<meta property=\"og:locale\" content=\"en_US\" \/>\n<meta property=\"og:type\" content=\"article\" \/>\n<meta property=\"og:title\" content=\"Investment grants - Web-sme-csp Kosovo\" \/>\n<meta property=\"og:description\" content=\"GRANTET INVESTUESE GRANTET \u00c7do projekt do t\u00eb marr\u00eb grant investimi deri n\u00eb 15% n\u00eb rastin e implementimit t\u00eb suksessh\u00ebm dhe verifikimit t\u00eb projektit: Kalkulimi i vler\u00ebs s\u00eb grantit t\u00eb investimit i paguesh\u00ebm p\u00ebr projektin dhe\/ose huamarr\u00ebsin do t\u00eb b\u00ebhet nga Konsulenti Verifikues (\u201cKV\u201d) dhe do t\u00eb prezentohet n\u00eb Raportin e Verifikimit. Pagesa e Grantit Investues [&hellip;]\" \/>\n<meta property=\"og:url\" content=\"https:\/\/web-sme-csp.com\/kosovo\/xk\/investment-grants\/\" \/>\n<meta property=\"og:site_name\" content=\"Web-sme-csp Kosovo\" \/>\n<meta property=\"article:publisher\" content=\"https:\/\/www.facebook.com\/Programi-pr-Mbshtetjen-e-Konkurrueshmris-s-NVM-ve-n-Kosov-371685197017851\" \/>\n<meta property=\"article:modified_time\" content=\"2020-12-04T10:06:15+00:00\" \/>\n<meta property=\"og:image\" content=\"https:\/\/web-sme-csp.com\/kosovo\/wp-content\/uploads\/sites\/3\/2019\/03\/Untitled-3-1.png\" \/>\n<meta name=\"twitter:card\" content=\"summary_large_image\" \/>\n<meta name=\"twitter:label1\" content=\"Est. reading time\" \/>\n\t<meta name=\"twitter:data1\" content=\"1 minute\" \/>\n<script type=\"application\/ld+json\" class=\"yoast-schema-graph\">{\"@context\":\"https:\\\/\\\/schema.org\",\"@graph\":[{\"@type\":\"WebPage\",\"@id\":\"https:\\\/\\\/web-sme-csp.com\\\/kosovo\\\/xk\\\/investment-grants\\\/\",\"url\":\"https:\\\/\\\/web-sme-csp.com\\\/kosovo\\\/xk\\\/investment-grants\\\/\",\"name\":\"Investment grants - Web-sme-csp Kosovo\",\"isPartOf\":{\"@id\":\"https:\\\/\\\/web-sme-csp.com\\\/kosovo\\\/en\\\/#website\"},\"primaryImageOfPage\":{\"@id\":\"https:\\\/\\\/web-sme-csp.com\\\/kosovo\\\/xk\\\/investment-grants\\\/#primaryimage\"},\"image\":{\"@id\":\"https:\\\/\\\/web-sme-csp.com\\\/kosovo\\\/xk\\\/investment-grants\\\/#primaryimage\"},\"thumbnailUrl\":\"https:\\\/\\\/web-sme-csp.com\\\/kosovo\\\/wp-content\\\/uploads\\\/sites\\\/3\\\/2019\\\/03\\\/Untitled-3-1.png\",\"datePublished\":\"2019-03-19T17:40:04+00:00\",\"dateModified\":\"2020-12-04T10:06:15+00:00\",\"breadcrumb\":{\"@id\":\"https:\\\/\\\/web-sme-csp.com\\\/kosovo\\\/xk\\\/investment-grants\\\/#breadcrumb\"},\"inLanguage\":\"xk-XK\",\"potentialAction\":[{\"@type\":\"ReadAction\",\"target\":[\"https:\\\/\\\/web-sme-csp.com\\\/kosovo\\\/xk\\\/investment-grants\\\/\"]}]},{\"@type\":\"ImageObject\",\"inLanguage\":\"xk-XK\",\"@id\":\"https:\\\/\\\/web-sme-csp.com\\\/kosovo\\\/xk\\\/investment-grants\\\/#primaryimage\",\"url\":\"https:\\\/\\\/web-sme-csp.com\\\/kosovo\\\/wp-content\\\/uploads\\\/sites\\\/3\\\/2019\\\/03\\\/Untitled-3-1.png\",\"contentUrl\":\"https:\\\/\\\/web-sme-csp.com\\\/kosovo\\\/wp-content\\\/uploads\\\/sites\\\/3\\\/2019\\\/03\\\/Untitled-3-1.png\"},{\"@type\":\"BreadcrumbList\",\"@id\":\"https:\\\/\\\/web-sme-csp.com\\\/kosovo\\\/xk\\\/investment-grants\\\/#breadcrumb\",\"itemListElement\":[{\"@type\":\"ListItem\",\"position\":1,\"name\":\"Home\",\"item\":\"https:\\\/\\\/web-sme-csp.com\\\/kosovo\\\/en\\\/\"},{\"@type\":\"ListItem\",\"position\":2,\"name\":\"Investment grants\"}]},{\"@type\":\"WebSite\",\"@id\":\"https:\\\/\\\/web-sme-csp.com\\\/kosovo\\\/en\\\/#website\",\"url\":\"https:\\\/\\\/web-sme-csp.com\\\/kosovo\\\/en\\\/\",\"name\":\"Web-sme-csp Kosovo\",\"description\":\"Kosovo\",\"potentialAction\":[{\"@type\":\"SearchAction\",\"target\":{\"@type\":\"EntryPoint\",\"urlTemplate\":\"https:\\\/\\\/web-sme-csp.com\\\/kosovo\\\/en\\\/?s={search_term_string}\"},\"query-input\":{\"@type\":\"PropertyValueSpecification\",\"valueRequired\":true,\"valueName\":\"search_term_string\"}}],\"inLanguage\":\"xk-XK\"}]}<\/script>\n<!-- \/ Yoast SEO plugin. -->","yoast_head_json":{"title":"Investment grants - Web-sme-csp Kosovo","robots":{"index":"index","follow":"follow","max-snippet":"max-snippet:-1","max-image-preview":"max-image-preview:large","max-video-preview":"max-video-preview:-1"},"canonical":"https:\/\/web-sme-csp.com\/kosovo\/xk\/investment-grants\/","og_locale":"en_US","og_type":"article","og_title":"Investment grants - Web-sme-csp Kosovo","og_description":"GRANTET INVESTUESE GRANTET \u00c7do projekt do t\u00eb marr\u00eb grant investimi deri n\u00eb 15% n\u00eb rastin e implementimit t\u00eb suksessh\u00ebm dhe verifikimit t\u00eb projektit: Kalkulimi i vler\u00ebs s\u00eb grantit t\u00eb investimit i paguesh\u00ebm p\u00ebr projektin dhe\/ose huamarr\u00ebsin do t\u00eb b\u00ebhet nga Konsulenti Verifikues (\u201cKV\u201d) dhe do t\u00eb prezentohet n\u00eb Raportin e Verifikimit. Pagesa e Grantit Investues [&hellip;]","og_url":"https:\/\/web-sme-csp.com\/kosovo\/xk\/investment-grants\/","og_site_name":"Web-sme-csp Kosovo","article_publisher":"https:\/\/www.facebook.com\/Programi-pr-Mbshtetjen-e-Konkurrueshmris-s-NVM-ve-n-Kosov-371685197017851","article_modified_time":"2020-12-04T10:06:15+00:00","og_image":[{"url":"https:\/\/web-sme-csp.com\/kosovo\/wp-content\/uploads\/sites\/3\/2019\/03\/Untitled-3-1.png","type":"","width":"","height":""}],"twitter_card":"summary_large_image","twitter_misc":{"Est. reading time":"1 minute"},"schema":{"@context":"https:\/\/schema.org","@graph":[{"@type":"WebPage","@id":"https:\/\/web-sme-csp.com\/kosovo\/xk\/investment-grants\/","url":"https:\/\/web-sme-csp.com\/kosovo\/xk\/investment-grants\/","name":"Investment grants - Web-sme-csp Kosovo","isPartOf":{"@id":"https:\/\/web-sme-csp.com\/kosovo\/en\/#website"},"primaryImageOfPage":{"@id":"https:\/\/web-sme-csp.com\/kosovo\/xk\/investment-grants\/#primaryimage"},"image":{"@id":"https:\/\/web-sme-csp.com\/kosovo\/xk\/investment-grants\/#primaryimage"},"thumbnailUrl":"https:\/\/web-sme-csp.com\/kosovo\/wp-content\/uploads\/sites\/3\/2019\/03\/Untitled-3-1.png","datePublished":"2019-03-19T17:40:04+00:00","dateModified":"2020-12-04T10:06:15+00:00","breadcrumb":{"@id":"https:\/\/web-sme-csp.com\/kosovo\/xk\/investment-grants\/#breadcrumb"},"inLanguage":"xk-XK","potentialAction":[{"@type":"ReadAction","target":["https:\/\/web-sme-csp.com\/kosovo\/xk\/investment-grants\/"]}]},{"@type":"ImageObject","inLanguage":"xk-XK","@id":"https:\/\/web-sme-csp.com\/kosovo\/xk\/investment-grants\/#primaryimage","url":"https:\/\/web-sme-csp.com\/kosovo\/wp-content\/uploads\/sites\/3\/2019\/03\/Untitled-3-1.png","contentUrl":"https:\/\/web-sme-csp.com\/kosovo\/wp-content\/uploads\/sites\/3\/2019\/03\/Untitled-3-1.png"},{"@type":"BreadcrumbList","@id":"https:\/\/web-sme-csp.com\/kosovo\/xk\/investment-grants\/#breadcrumb","itemListElement":[{"@type":"ListItem","position":1,"name":"Home","item":"https:\/\/web-sme-csp.com\/kosovo\/en\/"},{"@type":"ListItem","position":2,"name":"Investment grants"}]},{"@type":"WebSite","@id":"https:\/\/web-sme-csp.com\/kosovo\/en\/#website","url":"https:\/\/web-sme-csp.com\/kosovo\/en\/","name":"Web-sme-csp Kosovo","description":"Kosovo","potentialAction":[{"@type":"SearchAction","target":{"@type":"EntryPoint","urlTemplate":"https:\/\/web-sme-csp.com\/kosovo\/en\/?s={search_term_string}"},"query-input":{"@type":"PropertyValueSpecification","valueRequired":true,"valueName":"search_term_string"}}],"inLanguage":"xk-XK"}]}},"_links":{"self":[{"href":"https:\/\/web-sme-csp.com\/kosovo\/xk\/wp-json\/wp\/v2\/pages\/389","targetHints":{"allow":["GET"]}}],"collection":[{"href":"https:\/\/web-sme-csp.com\/kosovo\/xk\/wp-json\/wp\/v2\/pages"}],"about":[{"href":"https:\/\/web-sme-csp.com\/kosovo\/xk\/wp-json\/wp\/v2\/types\/page"}],"author":[{"embeddable":true,"href":"https:\/\/web-sme-csp.com\/kosovo\/xk\/wp-json\/wp\/v2\/users\/1"}],"replies":[{"embeddable":true,"href":"https:\/\/web-sme-csp.com\/kosovo\/xk\/wp-json\/wp\/v2\/comments?post=389"}],"version-history":[{"count":7,"href":"https:\/\/web-sme-csp.com\/kosovo\/xk\/wp-json\/wp\/v2\/pages\/389\/revisions"}],"predecessor-version":[{"id":1147,"href":"https:\/\/web-sme-csp.com\/kosovo\/xk\/wp-json\/wp\/v2\/pages\/389\/revisions\/1147"}],"wp:attachment":[{"href":"https:\/\/web-sme-csp.com\/kosovo\/xk\/wp-json\/wp\/v2\/media?parent=389"}],"curies":[{"name":"wp","href":"https:\/\/api.w.org\/{rel}","templated":true}]}}