{"id":369,"date":"2019-03-19T17:34:34","date_gmt":"2019-03-19T17:34:34","guid":{"rendered":"https:\/\/web-sme-csp.com\/kosovo\/?page_id=369"},"modified":"2019-05-22T09:31:22","modified_gmt":"2019-05-22T09:31:22","slug":"application-process","status":"publish","type":"page","link":"https:\/\/web-sme-csp.com\/kosovo\/xk\/application-process\/","title":{"rendered":"Application Process"},"content":{"rendered":"\t\t<div data-elementor-type=\"wp-post\" data-elementor-id=\"369\" class=\"elementor elementor-369\" data-elementor-post-type=\"page\">\n\t\t\t\t\t\t<section class=\"elementor-section elementor-top-section elementor-element elementor-element-79dec507 elementor-section-full_width elementor-section-height-default elementor-section-height-default\" data-id=\"79dec507\" data-element_type=\"section\" data-e-type=\"section\">\n\t\t\t\t\t\t<div class=\"elementor-container elementor-column-gap-no\">\n\t\t\t\t\t<div class=\"elementor-column elementor-col-100 elementor-top-column elementor-element elementor-element-1eee20eb\" data-id=\"1eee20eb\" data-element_type=\"column\" data-e-type=\"column\">\n\t\t\t<div class=\"elementor-widget-wrap elementor-element-populated\">\n\t\t\t\t\t\t<div class=\"elementor-element elementor-element-18137780 elementor-skin-carousel elementor-widget elementor-widget-media-carousel\" data-id=\"18137780\" data-element_type=\"widget\" data-e-type=\"widget\" data-settings=\"{&quot;space_between&quot;:{&quot;unit&quot;:&quot;px&quot;,&quot;size&quot;:0,&quot;sizes&quot;:[]},&quot;space_between_tablet&quot;:{&quot;unit&quot;:&quot;px&quot;,&quot;size&quot;:10,&quot;sizes&quot;:[]},&quot;space_between_mobile&quot;:{&quot;unit&quot;:&quot;px&quot;,&quot;size&quot;:10,&quot;sizes&quot;:[]},&quot;skin&quot;:&quot;carousel&quot;,&quot;effect&quot;:&quot;slide&quot;,&quot;speed&quot;:500,&quot;autoplay&quot;:&quot;yes&quot;,&quot;autoplay_speed&quot;:5000,&quot;loop&quot;:&quot;yes&quot;,&quot;pause_on_hover&quot;:&quot;yes&quot;,&quot;pause_on_interaction&quot;:&quot;yes&quot;}\" data-widget_type=\"media-carousel.default\">\n\t\t\t\t<div class=\"elementor-widget-container\">\n\t\t\t\t\t\t\t\t\t<div class=\"elementor-swiper\">\n\t\t\t\t\t<div class=\"elementor-main-swiper swiper\" role=\"region\" aria-roledescription=\"carousel\" aria-label=\"Slides\">\n\t\t\t\t<div class=\"swiper-wrapper\">\n\t\t\t\t\t\t\t\t\t\t\t<div class=\"swiper-slide\" role=\"group\" aria-roledescription=\"slide\">\n\t\t\t\t\t\t\t\t\t<div class=\"elementor-carousel-image\" role=\"img\" aria-label=\"395129-PCH2M7-589\" style=\"background-image: url(&#039;https:\/\/web-sme-csp.com\/kosovo\/wp-content\/uploads\/sites\/3\/2019\/03\/395129-PCH2M7-589-e1552605691578.jpg&#039;)\">\n\n\t\t\t\n\t\t\t\t\t<\/div>\n\t\t\t\t\t\t\t\t<\/div>\n\t\t\t\t\t\t\t\t\t<\/div>\n\t\t\t\t\t\t\t<\/div>\n\t\t\t\t<\/div>\n\t\t\t\t\t\t\t\t<\/div>\n\t\t\t\t<\/div>\n\t\t\t\t\t<\/div>\n\t\t<\/div>\n\t\t\t\t\t<\/div>\n\t\t<\/section>\n\t\t\t\t<section class=\"elementor-section elementor-top-section elementor-element elementor-element-3f03b671 elementor-section-content-middle elementor-section-boxed elementor-section-height-default elementor-section-height-default\" data-id=\"3f03b671\" data-element_type=\"section\" data-e-type=\"section\" data-settings=\"{&quot;background_background&quot;:&quot;classic&quot;}\">\n\t\t\t\t\t\t<div class=\"elementor-container elementor-column-gap-default\">\n\t\t\t\t\t<div class=\"elementor-column elementor-col-100 elementor-top-column elementor-element elementor-element-3733f353\" data-id=\"3733f353\" data-element_type=\"column\" data-e-type=\"column\" data-settings=\"{&quot;background_background&quot;:&quot;classic&quot;}\">\n\t\t\t<div class=\"elementor-widget-wrap elementor-element-populated\">\n\t\t\t\t\t\t<div class=\"elementor-element elementor-element-15468956 elementor-widget elementor-widget-heading\" data-id=\"15468956\" data-element_type=\"widget\" data-e-type=\"widget\" data-widget_type=\"heading.default\">\n\t\t\t\t<div class=\"elementor-widget-container\">\n\t\t\t\t\t<h1 class=\"elementor-heading-title elementor-size-default\">Procesi i aplikimit<\/h1>\t\t\t\t<\/div>\n\t\t\t\t<\/div>\n\t\t\t\t<div class=\"elementor-element elementor-element-5e8f1269 elementor-widget elementor-widget-text-editor\" data-id=\"5e8f1269\" data-element_type=\"widget\" data-e-type=\"widget\" data-widget_type=\"text-editor.default\">\n\t\t\t\t<div class=\"elementor-widget-container\">\n\t\t\t\t\t\t\t\t\t<p>Si t\u00eb Aplikoni<\/p>\t\t\t\t\t\t\t\t<\/div>\n\t\t\t\t<\/div>\n\t\t\t\t\t<\/div>\n\t\t<\/div>\n\t\t\t\t\t<\/div>\n\t\t<\/section>\n\t\t\t\t<section class=\"elementor-section elementor-top-section elementor-element elementor-element-16501e1a elementor-section-boxed elementor-section-height-default elementor-section-height-default\" data-id=\"16501e1a\" data-element_type=\"section\" data-e-type=\"section\">\n\t\t\t\t\t\t<div class=\"elementor-container elementor-column-gap-default\">\n\t\t\t\t\t<div class=\"elementor-column elementor-col-100 elementor-top-column elementor-element elementor-element-a8828f7\" data-id=\"a8828f7\" data-element_type=\"column\" data-e-type=\"column\">\n\t\t\t<div class=\"elementor-widget-wrap elementor-element-populated\">\n\t\t\t\t\t\t<div class=\"elementor-element elementor-element-5697264a elementor-widget elementor-widget-text-editor\" data-id=\"5697264a\" data-element_type=\"widget\" data-e-type=\"widget\" data-widget_type=\"text-editor.default\">\n\t\t\t\t<div class=\"elementor-widget-container\">\n\t\t\t\t\t\t\t\t\t<p>Procesi i aplikimit p\u00ebrmban hapat e listuar m\u00eb posht\u00eb. Ju lutemi ndjehuni t\u00eb lir\u00eb p\u00ebr t\u00eb k\u00ebrkuar ndihm\u00eb prej ekipit ton\u00eb teknik gjat\u00eb \u00e7far\u00ebdo kohe n\u00eb proces t\u00eb aplikimit:<\/p><ul><li style=\"list-style-type: none;\"><ul><li>Dor\u00ebzo form\u00ebn e kompletuar t\u00eb aplikacionit tek nj\u00eb prej Bankave tona Partnere.<\/li><li>Banka Partnere do t\u00eb p\u00ebrcjell t\u00eb gjitha dokumentet relevante tek ekspert\u00ebt teknik p\u00ebr vler\u00ebsim. Ekspert\u00ebt teknik do t\u00eb nd\u00ebrmarrin nj\u00eb vler\u00ebsim fillestar t\u00eb p\u00ebrputhshm\u00ebris\u00eb, p\u00ebrderisa Banka Partnere do t\u00eb vler\u00ebsoj statusin tuaj kreditor.<\/li><li>N\u00ebse vler\u00ebsimet teknike dhe financiare jan\u00eb pozitive, do t\u00eb ju k\u00ebrkohet t\u00eb n\u00ebnshkruani nj\u00eb \u201cLet\u00ebr t\u00eb Dakordimit\u201d<\/li><li>Ekipi yn\u00eb teknik do t\u00eb filloj t\u00eb p\u00ebrgatis Planin e Investimit (PI) s\u00eb bashku me juve dhe do t\u00eb p\u00ebrcaktoj\u00eb nevojat konkrete t\u00eb investimit q\u00eb t\u00eb arrihet p\u00ebrmbushja e Direktivave t\u00eb BE-s\u00eb. Ekipi yn\u00eb teknik do t\u00eb zhvilloj\u00eb PI dhe Orarin e Bazuar n\u00eb Aktivitete (OBA) p\u00ebr projektin tuaj, duke konfirmuar p\u00ebrputhshm\u00ebrin\u00eb e projektit tuaj, duke p\u00ebrcaktuar vler\u00ebn e grantit dhe parametrat\/kushtet p\u00ebr arritjen e p\u00ebrputhshm\u00ebris\u00eb n\u00eb fund t\u00eb projektit. Raporti i PI-s\u00eb do t\u2019i d\u00ebrgohet Bank\u00ebs Partnere t\u00eb p\u00ebrzgjedhur nga ju, e cila do t\u00eb negocioj\u00eb ofert\u00ebn kreditore s\u00eb bashku me ju.<\/li><li>Kur t\u00eb keni implementuar plot\u00ebsisht projektin tuaj, dor\u00ebzoni dokumentet vijuese tek Banka Partnere:<\/li><li>Lista e plot\u00ebsuar CVR (kjo \u00ebsht\u00eb pjes\u00eb e Planit t\u00eb Investimit)<br \/><ul class=\"unterliste\"><li>Faturat<\/li><li>D\u00ebshmi t\u00eb pagesave<\/li><li>\u00c7ertifikata e pranimit (n\u00ebse \u00ebsht\u00eb e aplikueshme)<\/li><li>K\u00ebrkesa e grantit\u201d e kompletuar<\/li><li>Konsulenti i Verifikimit t\u00eb k\u00ebtij Programi do t\u00eb shqyrtoj\u00eb implementimin e projektit sipas parametrave t\u00eb specifikuar n\u00eb PI, duke vler\u00ebsuar plot\u00ebsimin dhe p\u00ebrfundimin e projektit t\u00eb investimit dhe do t\u00eb konfirmoj p\u00ebrputhjen me planin fillestar n\u00eb Planin e Investimit tek Banka Partnere.<\/li><li><em>Banka Partnere do t\u00eb transferoj\u00eb grantin n\u00eb llogarin\u00eb tuaj bankare<\/em><\/li><\/ul><\/li><\/ul><\/li><\/ul><p><strong>\u00a0<\/strong><\/p>\t\t\t\t\t\t\t\t<\/div>\n\t\t\t\t<\/div>\n\t\t\t\t\t<\/div>\n\t\t<\/div>\n\t\t\t\t\t<\/div>\n\t\t<\/section>\n\t\t\t\t<\/div>\n\t\t","protected":false},"excerpt":{"rendered":"<p>Procesi i aplikimit Si t\u00eb Aplikoni Procesi i aplikimit p\u00ebrmban hapat e listuar m\u00eb posht\u00eb. Ju lutemi ndjehuni t\u00eb lir\u00eb p\u00ebr t\u00eb k\u00ebrkuar ndihm\u00eb prej ekipit ton\u00eb teknik gjat\u00eb \u00e7far\u00ebdo kohe n\u00eb proces t\u00eb aplikimit: Dor\u00ebzo form\u00ebn e kompletuar t\u00eb aplikacionit tek nj\u00eb prej Bankave tona Partnere. Banka Partnere do t\u00eb p\u00ebrcjell t\u00eb gjitha dokumentet [&hellip;]<\/p>\n","protected":false},"author":1,"featured_media":0,"parent":0,"menu_order":0,"comment_status":"closed","ping_status":"closed","template":"elementor_header_footer","meta":{"footnotes":""},"class_list":["post-369","page","type-page","status-publish","hentry"],"yoast_head":"<!-- This site is optimized with the Yoast SEO plugin v27.5 - https:\/\/yoast.com\/product\/yoast-seo-wordpress\/ -->\n<title>Application Process - Web-sme-csp Kosovo<\/title>\n<meta name=\"robots\" content=\"index, follow, max-snippet:-1, max-image-preview:large, max-video-preview:-1\" \/>\n<link rel=\"canonical\" href=\"https:\/\/web-sme-csp.com\/kosovo\/xk\/application-process\/\" \/>\n<meta property=\"og:locale\" content=\"en_US\" \/>\n<meta property=\"og:type\" content=\"article\" \/>\n<meta property=\"og:title\" content=\"Application Process - Web-sme-csp Kosovo\" \/>\n<meta property=\"og:description\" content=\"Procesi i aplikimit Si t\u00eb Aplikoni Procesi i aplikimit p\u00ebrmban hapat e listuar m\u00eb posht\u00eb. Ju lutemi ndjehuni t\u00eb lir\u00eb p\u00ebr t\u00eb k\u00ebrkuar ndihm\u00eb prej ekipit ton\u00eb teknik gjat\u00eb \u00e7far\u00ebdo kohe n\u00eb proces t\u00eb aplikimit: Dor\u00ebzo form\u00ebn e kompletuar t\u00eb aplikacionit tek nj\u00eb prej Bankave tona Partnere. Banka Partnere do t\u00eb p\u00ebrcjell t\u00eb gjitha dokumentet [&hellip;]\" \/>\n<meta property=\"og:url\" content=\"https:\/\/web-sme-csp.com\/kosovo\/xk\/application-process\/\" \/>\n<meta property=\"og:site_name\" content=\"Web-sme-csp Kosovo\" \/>\n<meta property=\"article:publisher\" content=\"https:\/\/www.facebook.com\/Programi-pr-Mbshtetjen-e-Konkurrueshmris-s-NVM-ve-n-Kosov-371685197017851\" \/>\n<meta property=\"article:modified_time\" content=\"2019-05-22T09:31:22+00:00\" \/>\n<meta name=\"twitter:card\" content=\"summary_large_image\" \/>\n<meta name=\"twitter:label1\" content=\"Est. reading time\" \/>\n\t<meta name=\"twitter:data1\" content=\"2 minutes\" \/>\n<script type=\"application\/ld+json\" class=\"yoast-schema-graph\">{\"@context\":\"https:\\\/\\\/schema.org\",\"@graph\":[{\"@type\":\"WebPage\",\"@id\":\"https:\\\/\\\/web-sme-csp.com\\\/kosovo\\\/xk\\\/application-process\\\/\",\"url\":\"https:\\\/\\\/web-sme-csp.com\\\/kosovo\\\/xk\\\/application-process\\\/\",\"name\":\"Application Process - Web-sme-csp Kosovo\",\"isPartOf\":{\"@id\":\"https:\\\/\\\/web-sme-csp.com\\\/kosovo\\\/en\\\/#website\"},\"datePublished\":\"2019-03-19T17:34:34+00:00\",\"dateModified\":\"2019-05-22T09:31:22+00:00\",\"breadcrumb\":{\"@id\":\"https:\\\/\\\/web-sme-csp.com\\\/kosovo\\\/xk\\\/application-process\\\/#breadcrumb\"},\"inLanguage\":\"xk-XK\",\"potentialAction\":[{\"@type\":\"ReadAction\",\"target\":[\"https:\\\/\\\/web-sme-csp.com\\\/kosovo\\\/xk\\\/application-process\\\/\"]}]},{\"@type\":\"BreadcrumbList\",\"@id\":\"https:\\\/\\\/web-sme-csp.com\\\/kosovo\\\/xk\\\/application-process\\\/#breadcrumb\",\"itemListElement\":[{\"@type\":\"ListItem\",\"position\":1,\"name\":\"Home\",\"item\":\"https:\\\/\\\/web-sme-csp.com\\\/kosovo\\\/en\\\/\"},{\"@type\":\"ListItem\",\"position\":2,\"name\":\"Application Process\"}]},{\"@type\":\"WebSite\",\"@id\":\"https:\\\/\\\/web-sme-csp.com\\\/kosovo\\\/en\\\/#website\",\"url\":\"https:\\\/\\\/web-sme-csp.com\\\/kosovo\\\/en\\\/\",\"name\":\"Web-sme-csp Kosovo\",\"description\":\"Kosovo\",\"potentialAction\":[{\"@type\":\"SearchAction\",\"target\":{\"@type\":\"EntryPoint\",\"urlTemplate\":\"https:\\\/\\\/web-sme-csp.com\\\/kosovo\\\/en\\\/?s={search_term_string}\"},\"query-input\":{\"@type\":\"PropertyValueSpecification\",\"valueRequired\":true,\"valueName\":\"search_term_string\"}}],\"inLanguage\":\"xk-XK\"}]}<\/script>\n<!-- \/ Yoast SEO plugin. -->","yoast_head_json":{"title":"Application Process - Web-sme-csp Kosovo","robots":{"index":"index","follow":"follow","max-snippet":"max-snippet:-1","max-image-preview":"max-image-preview:large","max-video-preview":"max-video-preview:-1"},"canonical":"https:\/\/web-sme-csp.com\/kosovo\/xk\/application-process\/","og_locale":"en_US","og_type":"article","og_title":"Application Process - Web-sme-csp Kosovo","og_description":"Procesi i aplikimit Si t\u00eb Aplikoni Procesi i aplikimit p\u00ebrmban hapat e listuar m\u00eb posht\u00eb. Ju lutemi ndjehuni t\u00eb lir\u00eb p\u00ebr t\u00eb k\u00ebrkuar ndihm\u00eb prej ekipit ton\u00eb teknik gjat\u00eb \u00e7far\u00ebdo kohe n\u00eb proces t\u00eb aplikimit: Dor\u00ebzo form\u00ebn e kompletuar t\u00eb aplikacionit tek nj\u00eb prej Bankave tona Partnere. Banka Partnere do t\u00eb p\u00ebrcjell t\u00eb gjitha dokumentet [&hellip;]","og_url":"https:\/\/web-sme-csp.com\/kosovo\/xk\/application-process\/","og_site_name":"Web-sme-csp Kosovo","article_publisher":"https:\/\/www.facebook.com\/Programi-pr-Mbshtetjen-e-Konkurrueshmris-s-NVM-ve-n-Kosov-371685197017851","article_modified_time":"2019-05-22T09:31:22+00:00","twitter_card":"summary_large_image","twitter_misc":{"Est. reading time":"2 minutes"},"schema":{"@context":"https:\/\/schema.org","@graph":[{"@type":"WebPage","@id":"https:\/\/web-sme-csp.com\/kosovo\/xk\/application-process\/","url":"https:\/\/web-sme-csp.com\/kosovo\/xk\/application-process\/","name":"Application Process - Web-sme-csp Kosovo","isPartOf":{"@id":"https:\/\/web-sme-csp.com\/kosovo\/en\/#website"},"datePublished":"2019-03-19T17:34:34+00:00","dateModified":"2019-05-22T09:31:22+00:00","breadcrumb":{"@id":"https:\/\/web-sme-csp.com\/kosovo\/xk\/application-process\/#breadcrumb"},"inLanguage":"xk-XK","potentialAction":[{"@type":"ReadAction","target":["https:\/\/web-sme-csp.com\/kosovo\/xk\/application-process\/"]}]},{"@type":"BreadcrumbList","@id":"https:\/\/web-sme-csp.com\/kosovo\/xk\/application-process\/#breadcrumb","itemListElement":[{"@type":"ListItem","position":1,"name":"Home","item":"https:\/\/web-sme-csp.com\/kosovo\/en\/"},{"@type":"ListItem","position":2,"name":"Application Process"}]},{"@type":"WebSite","@id":"https:\/\/web-sme-csp.com\/kosovo\/en\/#website","url":"https:\/\/web-sme-csp.com\/kosovo\/en\/","name":"Web-sme-csp Kosovo","description":"Kosovo","potentialAction":[{"@type":"SearchAction","target":{"@type":"EntryPoint","urlTemplate":"https:\/\/web-sme-csp.com\/kosovo\/en\/?s={search_term_string}"},"query-input":{"@type":"PropertyValueSpecification","valueRequired":true,"valueName":"search_term_string"}}],"inLanguage":"xk-XK"}]}},"_links":{"self":[{"href":"https:\/\/web-sme-csp.com\/kosovo\/xk\/wp-json\/wp\/v2\/pages\/369","targetHints":{"allow":["GET"]}}],"collection":[{"href":"https:\/\/web-sme-csp.com\/kosovo\/xk\/wp-json\/wp\/v2\/pages"}],"about":[{"href":"https:\/\/web-sme-csp.com\/kosovo\/xk\/wp-json\/wp\/v2\/types\/page"}],"author":[{"embeddable":true,"href":"https:\/\/web-sme-csp.com\/kosovo\/xk\/wp-json\/wp\/v2\/users\/1"}],"replies":[{"embeddable":true,"href":"https:\/\/web-sme-csp.com\/kosovo\/xk\/wp-json\/wp\/v2\/comments?post=369"}],"version-history":[{"count":7,"href":"https:\/\/web-sme-csp.com\/kosovo\/xk\/wp-json\/wp\/v2\/pages\/369\/revisions"}],"predecessor-version":[{"id":477,"href":"https:\/\/web-sme-csp.com\/kosovo\/xk\/wp-json\/wp\/v2\/pages\/369\/revisions\/477"}],"wp:attachment":[{"href":"https:\/\/web-sme-csp.com\/kosovo\/xk\/wp-json\/wp\/v2\/media?parent=369"}],"curies":[{"name":"wp","href":"https:\/\/api.w.org\/{rel}","templated":true}]}}