{"id":2,"date":"2019-03-14T19:56:30","date_gmt":"2019-03-14T19:56:30","guid":{"rendered":"https:\/\/westernbalkan.ybm.eu\/?page_id=2"},"modified":"2023-04-18T12:19:20","modified_gmt":"2023-04-18T12:19:20","slug":"home","status":"publish","type":"page","link":"https:\/\/web-sme-csp.com\/","title":{"rendered":"Home"},"content":{"rendered":"\t\t<div data-elementor-type=\"wp-post\" data-elementor-id=\"2\" class=\"elementor elementor-2\" data-elementor-post-type=\"page\">\n\t\t\t\t\t\t<section class=\"elementor-section elementor-top-section elementor-element elementor-element-54da90f6 elementor-section-full_width elementor-section-height-full elementor-section-content-middle elementor-section-height-default elementor-section-items-middle\" data-id=\"54da90f6\" data-element_type=\"section\" data-e-type=\"section\" data-settings=\"{&quot;background_background&quot;:&quot;video&quot;,&quot;background_video_link&quot;:&quot;https:\\\/\\\/web-sme-csp.com\\\/wp-content\\\/uploads\\\/2021\\\/02\\\/Pexels-Videos-1183118.mp4&quot;,&quot;background_video_start&quot;:40,&quot;background_video_end&quot;:60}\">\n\t\t\t\t\t\t\t\t<div class=\"elementor-background-video-container elementor-hidden-mobile\">\n\t\t\t\t\t\t\t\t\t\t\t\t\t<video class=\"elementor-background-video-hosted\" role=\"presentation\" autoplay muted playsinline loop><\/video>\n\t\t\t\t\t\t\t\t\t\t\t<\/div>\n\t\t\t\t\t\t\t\t\t<div class=\"elementor-background-overlay\"><\/div>\n\t\t\t\t\t\t\t<div class=\"elementor-container elementor-column-gap-default\">\n\t\t\t\t\t<div class=\"elementor-column elementor-col-100 elementor-top-column elementor-element elementor-element-328df053\" data-id=\"328df053\" data-element_type=\"column\" data-e-type=\"column\">\n\t\t\t<div class=\"elementor-widget-wrap elementor-element-populated\">\n\t\t\t\t\t\t<section class=\"elementor-section elementor-inner-section elementor-element elementor-element-367ce381 elementor-section-content-top elementor-section-boxed elementor-section-height-default elementor-section-height-default\" data-id=\"367ce381\" data-element_type=\"section\" data-e-type=\"section\" data-settings=\"{&quot;background_background&quot;:&quot;classic&quot;}\">\n\t\t\t\t\t\t<div class=\"elementor-container elementor-column-gap-default\">\n\t\t\t\t\t<div class=\"elementor-column elementor-col-50 elementor-inner-column elementor-element elementor-element-7b35827f\" data-id=\"7b35827f\" data-element_type=\"column\" data-e-type=\"column\" data-settings=\"{&quot;background_background&quot;:&quot;classic&quot;}\">\n\t\t\t<div class=\"elementor-widget-wrap elementor-element-populated\">\n\t\t\t\t\t\t<div class=\"elementor-element elementor-element-31f4b1ab elementor-widget elementor-widget-heading\" data-id=\"31f4b1ab\" data-element_type=\"widget\" data-e-type=\"widget\" data-widget_type=\"heading.default\">\n\t\t\t\t<div class=\"elementor-widget-container\">\n\t\t\t\t\t<h2 class=\"elementor-heading-title elementor-size-default\">ENTRY PAGE<\/h2>\t\t\t\t<\/div>\n\t\t\t\t<\/div>\n\t\t\t\t<div class=\"elementor-element elementor-element-11d01a9e elementor-widget elementor-widget-text-editor\" data-id=\"11d01a9e\" data-element_type=\"widget\" data-e-type=\"widget\" data-widget_type=\"text-editor.default\">\n\t\t\t\t<div class=\"elementor-widget-container\">\n\t\t\t\t\t\t\t\t\t<p>Welcome to the SME Competitiveness Support Programme. Please select your country by clicking on the country name.<\/p><p>Mir\u00eb se vini n\u00eb Programin e Mb\u00ebshtetjes s\u00eb Konkurrueshm\u00ebris\u00eb t\u00eb NVM-ve. Ju lutemi zgjidhni vendin tuaj duke klikuar emrin e shtetit.<\/p><p>Dobro do\u0161li na web stranicu Programa podr\u0161ke konkurentnosti MSP. Molimo Vas da odaberete svoju zemlju, tako \u0161to \u0107ete kliknuti na naziv zemlje.<\/p><p>\u0414\u043e\u0431\u0440\u0435 \u0434\u043e\u0458\u0434\u043e\u0432\u0442\u0435 \u043d\u0430 \u041f\u0440\u043e\u0433\u0440\u0430\u043c\u0430\u0442\u0430 \u0437\u0430 \u043f\u043e\u0434\u0434\u0440\u0448\u043a\u0430 \u043d\u0430 \u043a\u043e\u043d\u043a\u0443\u0440\u0435\u043d\u0442\u043d\u043e\u0441\u0442\u0430 \u043d\u0430 \u041c\u0421\u041f. \u0412\u0435 \u043c\u043e\u043b\u0438\u043c\u0435 \u043e\u0434\u0431\u0435\u0440\u0435\u0442\u0435 \u0458\u0430 \u0432\u0430\u0448\u0430\u0442\u0430 \u0437\u0435\u043c\u0458\u0430 \u0441\u043e \u043a\u043b\u0438\u043a \u043d\u0430 \u0438\u043c\u0435\u0442\u043e \u043d\u0430 \u0437\u0435\u043c\u0458\u0430\u0442\u0430.<\/p>\t\t\t\t\t\t\t\t<\/div>\n\t\t\t\t<\/div>\n\t\t\t\t\t<\/div>\n\t\t<\/div>\n\t\t\t\t<div class=\"elementor-column elementor-col-50 elementor-inner-column elementor-element elementor-element-5e556992\" data-id=\"5e556992\" data-element_type=\"column\" data-e-type=\"column\" data-settings=\"{&quot;background_background&quot;:&quot;classic&quot;}\">\n\t\t\t<div class=\"elementor-widget-wrap elementor-element-populated\">\n\t\t\t\t\t\t<div class=\"elementor-element elementor-element-b90a02e elementor-widget elementor-widget-heading\" data-id=\"b90a02e\" data-element_type=\"widget\" data-e-type=\"widget\" data-widget_type=\"heading.default\">\n\t\t\t\t<div class=\"elementor-widget-container\">\n\t\t\t\t\t<h2 class=\"elementor-heading-title elementor-size-default\"><a href=\"\/albania\">Albania<\/a><\/h2>\t\t\t\t<\/div>\n\t\t\t\t<\/div>\n\t\t\t\t<div class=\"elementor-element elementor-element-f94a748 elementor-widget elementor-widget-heading\" data-id=\"f94a748\" data-element_type=\"widget\" data-e-type=\"widget\" data-widget_type=\"heading.default\">\n\t\t\t\t<div class=\"elementor-widget-container\">\n\t\t\t\t\t<h2 class=\"elementor-heading-title elementor-size-default\"><a href=\"\/kosovo\">Kosovo<\/a><\/h2>\t\t\t\t<\/div>\n\t\t\t\t<\/div>\n\t\t\t\t<div class=\"elementor-element elementor-element-3a0b9d8 elementor-widget elementor-widget-heading\" data-id=\"3a0b9d8\" data-element_type=\"widget\" data-e-type=\"widget\" data-widget_type=\"heading.default\">\n\t\t\t\t<div class=\"elementor-widget-container\">\n\t\t\t\t\t<h2 class=\"elementor-heading-title elementor-size-default\"><a href=\"\/bosnia-and-herzegovina\">Bosnia and Herzegovina<\/a><\/h2>\t\t\t\t<\/div>\n\t\t\t\t<\/div>\n\t\t\t\t<div class=\"elementor-element elementor-element-feb0907 elementor-widget elementor-widget-heading\" data-id=\"feb0907\" data-element_type=\"widget\" data-e-type=\"widget\" data-widget_type=\"heading.default\">\n\t\t\t\t<div class=\"elementor-widget-container\">\n\t\t\t\t\t<h2 class=\"elementor-heading-title elementor-size-default\"><a href=\"\/republic-north-macedonia\">North Macedonia<\/a><\/h2>\t\t\t\t<\/div>\n\t\t\t\t<\/div>\n\t\t\t\t<div class=\"elementor-element elementor-element-e987962 elementor-widget elementor-widget-heading\" data-id=\"e987962\" data-element_type=\"widget\" data-e-type=\"widget\" data-widget_type=\"heading.default\">\n\t\t\t\t<div class=\"elementor-widget-container\">\n\t\t\t\t\t<h2 class=\"elementor-heading-title elementor-size-default\"><a href=\"\/serbia\">Serbia<\/a><\/h2>\t\t\t\t<\/div>\n\t\t\t\t<\/div>\n\t\t\t\t<div class=\"elementor-element elementor-element-87f4f9e elementor-widget elementor-widget-heading\" data-id=\"87f4f9e\" data-element_type=\"widget\" data-e-type=\"widget\" data-widget_type=\"heading.default\">\n\t\t\t\t<div class=\"elementor-widget-container\">\n\t\t\t\t\t<h2 class=\"elementor-heading-title elementor-size-default\"><a href=\"\/montenegro\">Montenegro<\/a><\/h2>\t\t\t\t<\/div>\n\t\t\t\t<\/div>\n\t\t\t\t\t<\/div>\n\t\t<\/div>\n\t\t\t\t\t<\/div>\n\t\t<\/section>\n\t\t\t\t\t<\/div>\n\t\t<\/div>\n\t\t\t\t\t<\/div>\n\t\t<\/section>\n\t\t\t\t<\/div>\n\t\t","protected":false},"excerpt":{"rendered":"<p>ENTRY PAGE Welcome to the SME Competitiveness Support Programme. Please select your country by clicking on the country name. Mir\u00eb se vini n\u00eb Programin e Mb\u00ebshtetjes s\u00eb Konkurrueshm\u00ebris\u00eb t\u00eb NVM-ve. Ju lutemi zgjidhni vendin tuaj duke klikuar emrin e shtetit. Dobro do\u0161li na web stranicu Programa podr\u0161ke konkurentnosti MSP. Molimo Vas da odaberete svoju zemlju, [&hellip;]<\/p>\n","protected":false},"author":1,"featured_media":0,"parent":0,"menu_order":2,"comment_status":"closed","ping_status":"closed","template":"elementor_canvas","meta":{"footnotes":""},"class_list":["post-2","page","type-page","status-publish","hentry"],"yoast_head":"<!-- This site is optimized with the Yoast SEO plugin v27.5 - https:\/\/yoast.com\/product\/yoast-seo-wordpress\/ -->\n<title>Home - web-sme-csp.com<\/title>\n<meta name=\"robots\" content=\"index, follow, max-snippet:-1, max-image-preview:large, max-video-preview:-1\" \/>\n<link rel=\"canonical\" href=\"https:\/\/web-sme-csp.com\/\" \/>\n<meta property=\"og:locale\" content=\"en_US\" \/>\n<meta property=\"og:type\" content=\"article\" \/>\n<meta property=\"og:title\" content=\"Home - web-sme-csp.com\" \/>\n<meta property=\"og:description\" content=\"ENTRY PAGE Welcome to the SME Competitiveness Support Programme. Please select your country by clicking on the country name. Mir\u00eb se vini n\u00eb Programin e Mb\u00ebshtetjes s\u00eb Konkurrueshm\u00ebris\u00eb t\u00eb NVM-ve. Ju lutemi zgjidhni vendin tuaj duke klikuar emrin e shtetit. Dobro do\u0161li na web stranicu Programa podr\u0161ke konkurentnosti MSP. Molimo Vas da odaberete svoju zemlju, [&hellip;]\" \/>\n<meta property=\"og:url\" content=\"https:\/\/web-sme-csp.com\/\" \/>\n<meta property=\"og:site_name\" content=\"web-sme-csp.com\" \/>\n<meta property=\"article:modified_time\" content=\"2023-04-18T12:19:20+00:00\" \/>\n<meta name=\"twitter:card\" content=\"summary_large_image\" \/>\n<meta name=\"twitter:label1\" content=\"Est. reading time\" \/>\n\t<meta name=\"twitter:data1\" content=\"1 minute\" \/>\n<script type=\"application\/ld+json\" class=\"yoast-schema-graph\">{\"@context\":\"https:\\\/\\\/schema.org\",\"@graph\":[{\"@type\":\"WebPage\",\"@id\":\"https:\\\/\\\/web-sme-csp.com\\\/\",\"url\":\"https:\\\/\\\/web-sme-csp.com\\\/\",\"name\":\"Home - web-sme-csp.com\",\"isPartOf\":{\"@id\":\"https:\\\/\\\/web-sme-csp.com\\\/#website\"},\"datePublished\":\"2019-03-14T19:56:30+00:00\",\"dateModified\":\"2023-04-18T12:19:20+00:00\",\"breadcrumb\":{\"@id\":\"https:\\\/\\\/web-sme-csp.com\\\/#breadcrumb\"},\"inLanguage\":\"en-US\",\"potentialAction\":[{\"@type\":\"ReadAction\",\"target\":[\"https:\\\/\\\/web-sme-csp.com\\\/\"]}]},{\"@type\":\"BreadcrumbList\",\"@id\":\"https:\\\/\\\/web-sme-csp.com\\\/#breadcrumb\",\"itemListElement\":[{\"@type\":\"ListItem\",\"position\":1,\"name\":\"Home\",\"item\":\"https:\\\/\\\/web-sme-csp.com\\\/\"},{\"@type\":\"ListItem\",\"position\":2,\"name\":\"Home\"}]},{\"@type\":\"WebSite\",\"@id\":\"https:\\\/\\\/web-sme-csp.com\\\/#website\",\"url\":\"https:\\\/\\\/web-sme-csp.com\\\/\",\"name\":\"web-sme-csp.com\",\"description\":\"Entry Page\",\"potentialAction\":[{\"@type\":\"SearchAction\",\"target\":{\"@type\":\"EntryPoint\",\"urlTemplate\":\"https:\\\/\\\/web-sme-csp.com\\\/?s={search_term_string}\"},\"query-input\":{\"@type\":\"PropertyValueSpecification\",\"valueRequired\":true,\"valueName\":\"search_term_string\"}}],\"inLanguage\":\"en-US\"}]}<\/script>\n<!-- \/ Yoast SEO plugin. -->","yoast_head_json":{"title":"Home - web-sme-csp.com","robots":{"index":"index","follow":"follow","max-snippet":"max-snippet:-1","max-image-preview":"max-image-preview:large","max-video-preview":"max-video-preview:-1"},"canonical":"https:\/\/web-sme-csp.com\/","og_locale":"en_US","og_type":"article","og_title":"Home - web-sme-csp.com","og_description":"ENTRY PAGE Welcome to the SME Competitiveness Support Programme. Please select your country by clicking on the country name. Mir\u00eb se vini n\u00eb Programin e Mb\u00ebshtetjes s\u00eb Konkurrueshm\u00ebris\u00eb t\u00eb NVM-ve. Ju lutemi zgjidhni vendin tuaj duke klikuar emrin e shtetit. Dobro do\u0161li na web stranicu Programa podr\u0161ke konkurentnosti MSP. Molimo Vas da odaberete svoju zemlju, [&hellip;]","og_url":"https:\/\/web-sme-csp.com\/","og_site_name":"web-sme-csp.com","article_modified_time":"2023-04-18T12:19:20+00:00","twitter_card":"summary_large_image","twitter_misc":{"Est. reading time":"1 minute"},"schema":{"@context":"https:\/\/schema.org","@graph":[{"@type":"WebPage","@id":"https:\/\/web-sme-csp.com\/","url":"https:\/\/web-sme-csp.com\/","name":"Home - web-sme-csp.com","isPartOf":{"@id":"https:\/\/web-sme-csp.com\/#website"},"datePublished":"2019-03-14T19:56:30+00:00","dateModified":"2023-04-18T12:19:20+00:00","breadcrumb":{"@id":"https:\/\/web-sme-csp.com\/#breadcrumb"},"inLanguage":"en-US","potentialAction":[{"@type":"ReadAction","target":["https:\/\/web-sme-csp.com\/"]}]},{"@type":"BreadcrumbList","@id":"https:\/\/web-sme-csp.com\/#breadcrumb","itemListElement":[{"@type":"ListItem","position":1,"name":"Home","item":"https:\/\/web-sme-csp.com\/"},{"@type":"ListItem","position":2,"name":"Home"}]},{"@type":"WebSite","@id":"https:\/\/web-sme-csp.com\/#website","url":"https:\/\/web-sme-csp.com\/","name":"web-sme-csp.com","description":"Entry Page","potentialAction":[{"@type":"SearchAction","target":{"@type":"EntryPoint","urlTemplate":"https:\/\/web-sme-csp.com\/?s={search_term_string}"},"query-input":{"@type":"PropertyValueSpecification","valueRequired":true,"valueName":"search_term_string"}}],"inLanguage":"en-US"}]}},"_links":{"self":[{"href":"https:\/\/web-sme-csp.com\/index.php\/wp-json\/wp\/v2\/pages\/2","targetHints":{"allow":["GET"]}}],"collection":[{"href":"https:\/\/web-sme-csp.com\/index.php\/wp-json\/wp\/v2\/pages"}],"about":[{"href":"https:\/\/web-sme-csp.com\/index.php\/wp-json\/wp\/v2\/types\/page"}],"author":[{"embeddable":true,"href":"https:\/\/web-sme-csp.com\/index.php\/wp-json\/wp\/v2\/users\/1"}],"replies":[{"embeddable":true,"href":"https:\/\/web-sme-csp.com\/index.php\/wp-json\/wp\/v2\/comments?post=2"}],"version-history":[{"count":73,"href":"https:\/\/web-sme-csp.com\/index.php\/wp-json\/wp\/v2\/pages\/2\/revisions"}],"predecessor-version":[{"id":227,"href":"https:\/\/web-sme-csp.com\/index.php\/wp-json\/wp\/v2\/pages\/2\/revisions\/227"}],"wp:attachment":[{"href":"https:\/\/web-sme-csp.com\/index.php\/wp-json\/wp\/v2\/media?parent=2"}],"curies":[{"name":"wp","href":"https:\/\/api.w.org\/{rel}","templated":true}]}}