{"id":230,"date":"2019-06-25T12:48:06","date_gmt":"2019-06-25T12:48:06","guid":{"rendered":"https:\/\/web-sme-csp.com\/bosnia-and-herzegovina\/?page_id=230"},"modified":"2019-07-03T14:55:05","modified_gmt":"2019-07-03T14:55:05","slug":"tehnoloski-selektor","status":"publish","type":"page","link":"https:\/\/web-sme-csp.com\/bosnia-and-herzegovina\/bs\/tehnoloski-selektor\/","title":{"rendered":"Tehnolo\u0161ki selektor"},"content":{"rendered":"\t\t<div data-elementor-type=\"wp-post\" data-elementor-id=\"230\" class=\"elementor elementor-230\" data-elementor-post-type=\"page\">\n\t\t\t\t\t\t<section class=\"elementor-section elementor-top-section elementor-element elementor-element-22f7122 elementor-section-full_width elementor-section-height-default elementor-section-height-default\" data-id=\"22f7122\" data-element_type=\"section\" data-e-type=\"section\" data-settings=\"{&quot;background_background&quot;:&quot;classic&quot;}\">\n\t\t\t\t\t\t<div class=\"elementor-container elementor-column-gap-no\">\n\t\t\t\t\t<div class=\"elementor-column elementor-col-100 elementor-top-column elementor-element elementor-element-196185a\" data-id=\"196185a\" data-element_type=\"column\" data-e-type=\"column\">\n\t\t\t<div class=\"elementor-widget-wrap elementor-element-populated\">\n\t\t\t\t\t\t<div class=\"elementor-element elementor-element-39d64c0 elementor-skin-carousel elementor-widget elementor-widget-media-carousel\" data-id=\"39d64c0\" data-element_type=\"widget\" data-e-type=\"widget\" data-settings=\"{&quot;space_between&quot;:{&quot;unit&quot;:&quot;px&quot;,&quot;size&quot;:0,&quot;sizes&quot;:[]},&quot;space_between_tablet&quot;:{&quot;unit&quot;:&quot;px&quot;,&quot;size&quot;:10,&quot;sizes&quot;:[]},&quot;space_between_mobile&quot;:{&quot;unit&quot;:&quot;px&quot;,&quot;size&quot;:10,&quot;sizes&quot;:[]},&quot;skin&quot;:&quot;carousel&quot;,&quot;effect&quot;:&quot;slide&quot;,&quot;speed&quot;:500,&quot;autoplay&quot;:&quot;yes&quot;,&quot;autoplay_speed&quot;:5000,&quot;loop&quot;:&quot;yes&quot;,&quot;pause_on_hover&quot;:&quot;yes&quot;,&quot;pause_on_interaction&quot;:&quot;yes&quot;}\" data-widget_type=\"media-carousel.default\">\n\t\t\t\t<div class=\"elementor-widget-container\">\n\t\t\t\t\t\t\t\t\t<div class=\"elementor-swiper\">\n\t\t\t\t\t<div class=\"elementor-main-swiper swiper\" role=\"region\" aria-roledescription=\"carousel\" aria-label=\"Slides\">\n\t\t\t\t<div class=\"swiper-wrapper\">\n\t\t\t\t\t\t\t\t\t\t\t<div class=\"swiper-slide\" role=\"group\" aria-roledescription=\"slide\">\n\t\t\t\t\t\t\t\t\t<div class=\"elementor-carousel-image\" role=\"img\" aria-label=\"124-e1552606007913.jpg\" style=\"background-image: url(&#039;https:\/\/web-sme-csp.com\/bosnia-and-herzegovina\/wp-content\/uploads\/sites\/4\/2019\/03\/124-e1552606007913.jpg&#039;)\">\n\n\t\t\t\n\t\t\t\t\t<\/div>\n\t\t\t\t\t\t\t\t<\/div>\n\t\t\t\t\t\t\t\t\t<\/div>\n\t\t\t\t\t\t\t<\/div>\n\t\t\t\t<\/div>\n\t\t\t\t\t\t\t\t<\/div>\n\t\t\t\t<\/div>\n\t\t\t\t\t<\/div>\n\t\t<\/div>\n\t\t\t\t\t<\/div>\n\t\t<\/section>\n\t\t\t\t<section class=\"elementor-section elementor-top-section elementor-element elementor-element-4395d7b elementor-section-content-middle elementor-section-boxed elementor-section-height-default elementor-section-height-default\" data-id=\"4395d7b\" data-element_type=\"section\" data-e-type=\"section\" data-settings=\"{&quot;background_background&quot;:&quot;classic&quot;}\">\n\t\t\t\t\t\t<div class=\"elementor-container elementor-column-gap-default\">\n\t\t\t\t\t<div class=\"elementor-column elementor-col-100 elementor-top-column elementor-element elementor-element-3529c5a\" data-id=\"3529c5a\" data-element_type=\"column\" data-e-type=\"column\" data-settings=\"{&quot;background_background&quot;:&quot;classic&quot;}\">\n\t\t\t<div class=\"elementor-widget-wrap elementor-element-populated\">\n\t\t\t\t\t\t<div class=\"elementor-element elementor-element-809177e elementor-widget elementor-widget-heading\" data-id=\"809177e\" data-element_type=\"widget\" data-e-type=\"widget\" data-widget_type=\"heading.default\">\n\t\t\t\t<div class=\"elementor-widget-container\">\n\t\t\t\t\t<h1 class=\"elementor-heading-title elementor-size-default\">Tehnolo\u0161ki selektor<\/h1>\t\t\t\t<\/div>\n\t\t\t\t<\/div>\n\t\t\t\t<div class=\"elementor-element elementor-element-09a5277 elementor-widget elementor-widget-text-editor\" data-id=\"09a5277\" data-element_type=\"widget\" data-e-type=\"widget\" data-widget_type=\"text-editor.default\">\n\t\t\t\t<div class=\"elementor-widget-container\">\n\t\t\t\t\t\t\t\t\tStandard Technologies\t\t\t\t\t\t\t\t<\/div>\n\t\t\t\t<\/div>\n\t\t\t\t\t<\/div>\n\t\t<\/div>\n\t\t\t\t\t<\/div>\n\t\t<\/section>\n\t\t\t\t<section class=\"elementor-section elementor-top-section elementor-element elementor-element-3e8acdf elementor-section-boxed elementor-section-height-default elementor-section-height-default\" data-id=\"3e8acdf\" data-element_type=\"section\" data-e-type=\"section\">\n\t\t\t\t\t\t<div class=\"elementor-container elementor-column-gap-default\">\n\t\t\t\t\t<div class=\"elementor-column elementor-col-100 elementor-top-column elementor-element elementor-element-58be455\" data-id=\"58be455\" data-element_type=\"column\" data-e-type=\"column\">\n\t\t\t<div class=\"elementor-widget-wrap elementor-element-populated\">\n\t\t\t\t\t\t<div class=\"elementor-element elementor-element-ef9aa11 elementor-widget elementor-widget-text-editor\" data-id=\"ef9aa11\" data-element_type=\"widget\" data-e-type=\"widget\" data-widget_type=\"text-editor.default\">\n\t\t\t\t<div class=\"elementor-widget-container\">\n\t\t\t\t\t\t\t\t\t<p>Tehnolo\u0161ki selektor je lista tehnologija i materijala visokih performansi, koje su procijenjene i prethodno odobrene kao pogodne za finansiranje u okviru Programa podr\u0161ke konkurentnosti MSP u Bosni i Hercegovini.<\/p><p>Prethodno odobrena oprema i materijali udovoljavaju prioritetnim EU direktivama i, u mnogim slu\u010dajevima, udovoljavaju ili prevazilaze minimalne zahtjeve energetske efikasnosti i prema\u0161uju trenutne tr\u017ei\u0161ne prakse, \u0161to rezultira jasnim benefitima i pobolj\u0161anjima u smislu za\u0161tite okoli\u0161a.<\/p><p>Ova lista se redovno a\u017eurira kako bi obuhvatila najnovije tehnologije, materijale te nove dobavlja\u010de.<\/p><p>Va\u0161a \u017eeljena oprema nije uklju\u010dena u Tehnolo\u0161ki selektor? Nema problema! Kontaktirajte projektne konsultante i opi\u0161ite im opremu koju \u017eelite kupiti. Na\u0161 tim stru\u010dnjaka \u0107e procijeniti tehnologiju i, ukoliko je ona pogodna, bit \u0107e uklju\u010dena u Tehnolo\u0161ki selektor.<\/p>\t\t\t\t\t\t\t\t<\/div>\n\t\t\t\t<\/div>\n\t\t\t\t<div class=\"elementor-element elementor-element-6f1959b elementor-align-center elementor-widget elementor-widget-button\" data-id=\"6f1959b\" data-element_type=\"widget\" data-e-type=\"widget\" data-widget_type=\"button.default\">\n\t\t\t\t<div class=\"elementor-widget-container\">\n\t\t\t\t\t\t\t\t\t<div class=\"elementor-button-wrapper\">\n\t\t\t\t\t<a class=\"elementor-button elementor-button-link elementor-size-xl\" href=\"https:\/\/let.web-sme-csp.com\/bih-let\/%20\">\n\t\t\t\t\t\t<span class=\"elementor-button-content-wrapper\">\n\t\t\t\t\t\t\t\t\t<span class=\"elementor-button-text\">Pristupite Tehnolo\u0161kom selektoru<\/span>\n\t\t\t\t\t<\/span>\n\t\t\t\t\t<\/a>\n\t\t\t\t<\/div>\n\t\t\t\t\t\t\t\t<\/div>\n\t\t\t\t<\/div>\n\t\t\t\t\t<\/div>\n\t\t<\/div>\n\t\t\t\t\t<\/div>\n\t\t<\/section>\n\t\t\t\t<\/div>\n\t\t","protected":false},"excerpt":{"rendered":"<p>Tehnolo\u0161ki selektor Standard Technologies Tehnolo\u0161ki selektor je lista tehnologija i materijala visokih performansi, koje su procijenjene i prethodno odobrene kao pogodne za finansiranje u okviru Programa podr\u0161ke konkurentnosti MSP u Bosni i Hercegovini. Prethodno odobrena oprema i materijali udovoljavaju prioritetnim EU direktivama i, u mnogim slu\u010dajevima, udovoljavaju ili prevazilaze minimalne zahtjeve energetske efikasnosti i prema\u0161uju [&hellip;]<\/p>\n","protected":false},"author":1,"featured_media":0,"parent":0,"menu_order":0,"comment_status":"closed","ping_status":"closed","template":"elementor_header_footer","meta":{"footnotes":""},"class_list":["post-230","page","type-page","status-publish","hentry"],"yoast_head":"<!-- This site is optimized with the Yoast SEO plugin v27.5 - https:\/\/yoast.com\/product\/yoast-seo-wordpress\/ -->\n<title>Tehnolo\u0161ki selektor - web-sme-csp.com Bosnia_and_Herzegovina<\/title>\n<meta name=\"robots\" content=\"index, follow, max-snippet:-1, max-image-preview:large, max-video-preview:-1\" \/>\n<link rel=\"canonical\" href=\"https:\/\/web-sme-csp.com\/bosnia-and-herzegovina\/tehnoloski-selektor\/?lang=bs\" \/>\n<meta property=\"og:locale\" content=\"bs_BA\" \/>\n<meta property=\"og:type\" content=\"article\" \/>\n<meta property=\"og:title\" content=\"Tehnolo\u0161ki selektor - web-sme-csp.com Bosnia_and_Herzegovina\" \/>\n<meta property=\"og:description\" content=\"Tehnolo\u0161ki selektor Standard Technologies Tehnolo\u0161ki selektor je lista tehnologija i materijala visokih performansi, koje su procijenjene i prethodno odobrene kao pogodne za finansiranje u okviru Programa podr\u0161ke konkurentnosti MSP u Bosni i Hercegovini. Prethodno odobrena oprema i materijali udovoljavaju prioritetnim EU direktivama i, u mnogim slu\u010dajevima, udovoljavaju ili prevazilaze minimalne zahtjeve energetske efikasnosti i prema\u0161uju [&hellip;]\" \/>\n<meta property=\"og:url\" content=\"https:\/\/web-sme-csp.com\/bosnia-and-herzegovina\/tehnoloski-selektor\/?lang=bs\" \/>\n<meta property=\"og:site_name\" content=\"web-sme-csp.com Bosnia_and_Herzegovina\" \/>\n<meta property=\"article:publisher\" content=\"https:\/\/www.facebook.com\/PodrzavamoMSPuBiH\/\" \/>\n<meta property=\"article:modified_time\" content=\"2019-07-03T14:55:05+00:00\" \/>\n<meta name=\"twitter:card\" content=\"summary_large_image\" \/>\n<meta name=\"twitter:label1\" content=\"Est. reading time\" \/>\n\t<meta name=\"twitter:data1\" content=\"1 minuta\" \/>\n<script type=\"application\/ld+json\" class=\"yoast-schema-graph\">{\"@context\":\"https:\\\/\\\/schema.org\",\"@graph\":[{\"@type\":\"WebPage\",\"@id\":\"https:\\\/\\\/web-sme-csp.com\\\/bosnia-and-herzegovina\\\/tehnoloski-selektor\\\/?lang=bs\",\"url\":\"https:\\\/\\\/web-sme-csp.com\\\/bosnia-and-herzegovina\\\/tehnoloski-selektor\\\/?lang=bs\",\"name\":\"Tehnolo\u0161ki selektor - web-sme-csp.com Bosnia_and_Herzegovina\",\"isPartOf\":{\"@id\":\"https:\\\/\\\/web-sme-csp.com\\\/bosnia-and-herzegovina\\\/#website\"},\"datePublished\":\"2019-06-25T12:48:06+00:00\",\"dateModified\":\"2019-07-03T14:55:05+00:00\",\"breadcrumb\":{\"@id\":\"https:\\\/\\\/web-sme-csp.com\\\/bosnia-and-herzegovina\\\/tehnoloski-selektor\\\/?lang=bs#breadcrumb\"},\"inLanguage\":\"bs-BA\",\"potentialAction\":[{\"@type\":\"ReadAction\",\"target\":[\"https:\\\/\\\/web-sme-csp.com\\\/bosnia-and-herzegovina\\\/tehnoloski-selektor\\\/?lang=bs\"]}]},{\"@type\":\"BreadcrumbList\",\"@id\":\"https:\\\/\\\/web-sme-csp.com\\\/bosnia-and-herzegovina\\\/tehnoloski-selektor\\\/?lang=bs#breadcrumb\",\"itemListElement\":[{\"@type\":\"ListItem\",\"position\":1,\"name\":\"Home\",\"item\":\"https:\\\/\\\/web-sme-csp.com\\\/bosnia-and-herzegovina\\\/bs\\\/pocetna-stranica\\\/\"},{\"@type\":\"ListItem\",\"position\":2,\"name\":\"Tehnolo\u0161ki selektor\"}]},{\"@type\":\"WebSite\",\"@id\":\"https:\\\/\\\/web-sme-csp.com\\\/bosnia-and-herzegovina\\\/#website\",\"url\":\"https:\\\/\\\/web-sme-csp.com\\\/bosnia-and-herzegovina\\\/\",\"name\":\"web-sme-csp.com Bosnia_and_Herzegovina\",\"description\":\"Bosnia_and_Herzegovina\",\"publisher\":{\"@id\":\"https:\\\/\\\/web-sme-csp.com\\\/bosnia-and-herzegovina\\\/#organization\"},\"potentialAction\":[{\"@type\":\"SearchAction\",\"target\":{\"@type\":\"EntryPoint\",\"urlTemplate\":\"https:\\\/\\\/web-sme-csp.com\\\/bosnia-and-herzegovina\\\/?s={search_term_string}\"},\"query-input\":{\"@type\":\"PropertyValueSpecification\",\"valueRequired\":true,\"valueName\":\"search_term_string\"}}],\"inLanguage\":\"bs-BA\"},{\"@type\":\"Organization\",\"@id\":\"https:\\\/\\\/web-sme-csp.com\\\/bosnia-and-herzegovina\\\/#organization\",\"name\":\"web-sme-csp.com Bosnia_and_Herzegovina\",\"url\":\"https:\\\/\\\/web-sme-csp.com\\\/bosnia-and-herzegovina\\\/\",\"logo\":{\"@type\":\"ImageObject\",\"inLanguage\":\"bs-BA\",\"@id\":\"https:\\\/\\\/web-sme-csp.com\\\/bosnia-and-herzegovina\\\/#\\\/schema\\\/logo\\\/image\\\/\",\"url\":\"https:\\\/\\\/web-sme-csp.com\\\/bosnia-and-herzegovina\\\/wp-content\\\/uploads\\\/sites\\\/4\\\/2019\\\/10\\\/cropped-logo-bosnia-transparent.png\",\"contentUrl\":\"https:\\\/\\\/web-sme-csp.com\\\/bosnia-and-herzegovina\\\/wp-content\\\/uploads\\\/sites\\\/4\\\/2019\\\/10\\\/cropped-logo-bosnia-transparent.png\",\"width\":1189,\"height\":250,\"caption\":\"web-sme-csp.com Bosnia_and_Herzegovina\"},\"image\":{\"@id\":\"https:\\\/\\\/web-sme-csp.com\\\/bosnia-and-herzegovina\\\/#\\\/schema\\\/logo\\\/image\\\/\"},\"sameAs\":[\"https:\\\/\\\/www.facebook.com\\\/PodrzavamoMSPuBiH\\\/\"]}]}<\/script>\n<!-- \/ Yoast SEO plugin. -->","yoast_head_json":{"title":"Tehnolo\u0161ki selektor - web-sme-csp.com Bosnia_and_Herzegovina","robots":{"index":"index","follow":"follow","max-snippet":"max-snippet:-1","max-image-preview":"max-image-preview:large","max-video-preview":"max-video-preview:-1"},"canonical":"https:\/\/web-sme-csp.com\/bosnia-and-herzegovina\/tehnoloski-selektor\/?lang=bs","og_locale":"bs_BA","og_type":"article","og_title":"Tehnolo\u0161ki selektor - web-sme-csp.com Bosnia_and_Herzegovina","og_description":"Tehnolo\u0161ki selektor Standard Technologies Tehnolo\u0161ki selektor je lista tehnologija i materijala visokih performansi, koje su procijenjene i prethodno odobrene kao pogodne za finansiranje u okviru Programa podr\u0161ke konkurentnosti MSP u Bosni i Hercegovini. Prethodno odobrena oprema i materijali udovoljavaju prioritetnim EU direktivama i, u mnogim slu\u010dajevima, udovoljavaju ili prevazilaze minimalne zahtjeve energetske efikasnosti i prema\u0161uju [&hellip;]","og_url":"https:\/\/web-sme-csp.com\/bosnia-and-herzegovina\/tehnoloski-selektor\/?lang=bs","og_site_name":"web-sme-csp.com Bosnia_and_Herzegovina","article_publisher":"https:\/\/www.facebook.com\/PodrzavamoMSPuBiH\/","article_modified_time":"2019-07-03T14:55:05+00:00","twitter_card":"summary_large_image","twitter_misc":{"Est. reading time":"1 minuta"},"schema":{"@context":"https:\/\/schema.org","@graph":[{"@type":"WebPage","@id":"https:\/\/web-sme-csp.com\/bosnia-and-herzegovina\/tehnoloski-selektor\/?lang=bs","url":"https:\/\/web-sme-csp.com\/bosnia-and-herzegovina\/tehnoloski-selektor\/?lang=bs","name":"Tehnolo\u0161ki selektor - web-sme-csp.com Bosnia_and_Herzegovina","isPartOf":{"@id":"https:\/\/web-sme-csp.com\/bosnia-and-herzegovina\/#website"},"datePublished":"2019-06-25T12:48:06+00:00","dateModified":"2019-07-03T14:55:05+00:00","breadcrumb":{"@id":"https:\/\/web-sme-csp.com\/bosnia-and-herzegovina\/tehnoloski-selektor\/?lang=bs#breadcrumb"},"inLanguage":"bs-BA","potentialAction":[{"@type":"ReadAction","target":["https:\/\/web-sme-csp.com\/bosnia-and-herzegovina\/tehnoloski-selektor\/?lang=bs"]}]},{"@type":"BreadcrumbList","@id":"https:\/\/web-sme-csp.com\/bosnia-and-herzegovina\/tehnoloski-selektor\/?lang=bs#breadcrumb","itemListElement":[{"@type":"ListItem","position":1,"name":"Home","item":"https:\/\/web-sme-csp.com\/bosnia-and-herzegovina\/bs\/pocetna-stranica\/"},{"@type":"ListItem","position":2,"name":"Tehnolo\u0161ki selektor"}]},{"@type":"WebSite","@id":"https:\/\/web-sme-csp.com\/bosnia-and-herzegovina\/#website","url":"https:\/\/web-sme-csp.com\/bosnia-and-herzegovina\/","name":"web-sme-csp.com Bosnia_and_Herzegovina","description":"Bosnia_and_Herzegovina","publisher":{"@id":"https:\/\/web-sme-csp.com\/bosnia-and-herzegovina\/#organization"},"potentialAction":[{"@type":"SearchAction","target":{"@type":"EntryPoint","urlTemplate":"https:\/\/web-sme-csp.com\/bosnia-and-herzegovina\/?s={search_term_string}"},"query-input":{"@type":"PropertyValueSpecification","valueRequired":true,"valueName":"search_term_string"}}],"inLanguage":"bs-BA"},{"@type":"Organization","@id":"https:\/\/web-sme-csp.com\/bosnia-and-herzegovina\/#organization","name":"web-sme-csp.com Bosnia_and_Herzegovina","url":"https:\/\/web-sme-csp.com\/bosnia-and-herzegovina\/","logo":{"@type":"ImageObject","inLanguage":"bs-BA","@id":"https:\/\/web-sme-csp.com\/bosnia-and-herzegovina\/#\/schema\/logo\/image\/","url":"https:\/\/web-sme-csp.com\/bosnia-and-herzegovina\/wp-content\/uploads\/sites\/4\/2019\/10\/cropped-logo-bosnia-transparent.png","contentUrl":"https:\/\/web-sme-csp.com\/bosnia-and-herzegovina\/wp-content\/uploads\/sites\/4\/2019\/10\/cropped-logo-bosnia-transparent.png","width":1189,"height":250,"caption":"web-sme-csp.com Bosnia_and_Herzegovina"},"image":{"@id":"https:\/\/web-sme-csp.com\/bosnia-and-herzegovina\/#\/schema\/logo\/image\/"},"sameAs":["https:\/\/www.facebook.com\/PodrzavamoMSPuBiH\/"]}]}},"_links":{"self":[{"href":"https:\/\/web-sme-csp.com\/bosnia-and-herzegovina\/bs\/wp-json\/wp\/v2\/pages\/230","targetHints":{"allow":["GET"]}}],"collection":[{"href":"https:\/\/web-sme-csp.com\/bosnia-and-herzegovina\/bs\/wp-json\/wp\/v2\/pages"}],"about":[{"href":"https:\/\/web-sme-csp.com\/bosnia-and-herzegovina\/bs\/wp-json\/wp\/v2\/types\/page"}],"author":[{"embeddable":true,"href":"https:\/\/web-sme-csp.com\/bosnia-and-herzegovina\/bs\/wp-json\/wp\/v2\/users\/1"}],"replies":[{"embeddable":true,"href":"https:\/\/web-sme-csp.com\/bosnia-and-herzegovina\/bs\/wp-json\/wp\/v2\/comments?post=230"}],"version-history":[{"count":3,"href":"https:\/\/web-sme-csp.com\/bosnia-and-herzegovina\/bs\/wp-json\/wp\/v2\/pages\/230\/revisions"}],"predecessor-version":[{"id":315,"href":"https:\/\/web-sme-csp.com\/bosnia-and-herzegovina\/bs\/wp-json\/wp\/v2\/pages\/230\/revisions\/315"}],"wp:attachment":[{"href":"https:\/\/web-sme-csp.com\/bosnia-and-herzegovina\/bs\/wp-json\/wp\/v2\/media?parent=230"}],"curies":[{"name":"wp","href":"https:\/\/api.w.org\/{rel}","templated":true}]}}