{"id":297,"date":"2021-01-19T11:17:58","date_gmt":"2021-01-19T11:17:58","guid":{"rendered":"https:\/\/web-sme-csp.com\/albania\/?page_id=297"},"modified":"2021-01-19T12:45:59","modified_gmt":"2021-01-19T12:45:59","slug":"linqet","status":"publish","type":"page","link":"https:\/\/web-sme-csp.com\/albania\/sq\/linqet\/","title":{"rendered":"Linqet"},"content":{"rendered":"\t\t<div data-elementor-type=\"wp-page\" data-elementor-id=\"297\" class=\"elementor elementor-297\" data-elementor-post-type=\"page\">\n\t\t\t\t\t\t<section class=\"elementor-section elementor-top-section elementor-element elementor-element-32bf31d elementor-section-full_width elementor-section-height-default elementor-section-height-default\" data-id=\"32bf31d\" data-element_type=\"section\" data-e-type=\"section\">\n\t\t\t\t\t\t<div class=\"elementor-container elementor-column-gap-no\">\n\t\t\t\t\t<div class=\"elementor-column elementor-col-100 elementor-top-column elementor-element elementor-element-285f1ef\" data-id=\"285f1ef\" data-element_type=\"column\" data-e-type=\"column\">\n\t\t\t<div class=\"elementor-widget-wrap elementor-element-populated\">\n\t\t\t\t\t\t<div class=\"elementor-element elementor-element-1817b60 elementor-skin-carousel elementor-widget elementor-widget-media-carousel\" data-id=\"1817b60\" data-element_type=\"widget\" data-e-type=\"widget\" data-settings=\"{&quot;space_between&quot;:{&quot;unit&quot;:&quot;px&quot;,&quot;size&quot;:0,&quot;sizes&quot;:[]},&quot;skin&quot;:&quot;carousel&quot;,&quot;effect&quot;:&quot;slide&quot;,&quot;speed&quot;:500,&quot;autoplay&quot;:&quot;yes&quot;,&quot;autoplay_speed&quot;:5000,&quot;loop&quot;:&quot;yes&quot;,&quot;pause_on_hover&quot;:&quot;yes&quot;,&quot;pause_on_interaction&quot;:&quot;yes&quot;,&quot;space_between_tablet&quot;:{&quot;unit&quot;:&quot;px&quot;,&quot;size&quot;:10,&quot;sizes&quot;:[]},&quot;space_between_mobile&quot;:{&quot;unit&quot;:&quot;px&quot;,&quot;size&quot;:10,&quot;sizes&quot;:[]}}\" data-widget_type=\"media-carousel.default\">\n\t\t\t\t<div class=\"elementor-widget-container\">\n\t\t\t\t\t\t\t\t\t<div class=\"elementor-swiper\">\n\t\t\t\t\t<div class=\"elementor-main-swiper swiper\" role=\"region\" aria-roledescription=\"carousel\" aria-label=\"Slides\">\n\t\t\t\t<div class=\"swiper-wrapper\">\n\t\t\t\t\t\t\t\t\t\t\t<div class=\"swiper-slide\" role=\"group\" aria-roledescription=\"slide\">\n\t\t\t\t\t\t\t\t\t<div class=\"elementor-carousel-image\" role=\"img\" aria-label=\"\" style=\"background-image: url(&#039;https:\/\/web-sme-csp.com\/kosovo\/wp-content\/uploads\/sites\/3\/2020\/02\/395129-PCH2M7-589-e1552605691578.jpg&#039;)\">\n\n\t\t\t\n\t\t\t\t\t<\/div>\n\t\t\t\t\t\t\t\t<\/div>\n\t\t\t\t\t\t\t\t\t<\/div>\n\t\t\t\t\t\t\t<\/div>\n\t\t\t\t<\/div>\n\t\t\t\t\t\t\t\t<\/div>\n\t\t\t\t<\/div>\n\t\t\t\t\t<\/div>\n\t\t<\/div>\n\t\t\t\t\t<\/div>\n\t\t<\/section>\n\t\t\t\t<section class=\"elementor-section elementor-top-section elementor-element elementor-element-0c8c662 elementor-section-content-middle elementor-section-boxed elementor-section-height-default elementor-section-height-default\" data-id=\"0c8c662\" data-element_type=\"section\" data-e-type=\"section\" data-settings=\"{&quot;background_background&quot;:&quot;classic&quot;}\">\n\t\t\t\t\t\t<div class=\"elementor-container elementor-column-gap-default\">\n\t\t\t\t\t<div class=\"elementor-column elementor-col-100 elementor-top-column elementor-element elementor-element-568b0cb\" data-id=\"568b0cb\" data-element_type=\"column\" data-e-type=\"column\" data-settings=\"{&quot;background_background&quot;:&quot;classic&quot;}\">\n\t\t\t<div class=\"elementor-widget-wrap elementor-element-populated\">\n\t\t\t\t\t\t<div class=\"elementor-element elementor-element-4e1df42 elementor-widget elementor-widget-heading\" data-id=\"4e1df42\" data-element_type=\"widget\" data-e-type=\"widget\" data-widget_type=\"heading.default\">\n\t\t\t\t<div class=\"elementor-widget-container\">\n\t\t\t\t\t<h1 class=\"elementor-heading-title elementor-size-default\">Linqet<\/h1>\t\t\t\t<\/div>\n\t\t\t\t<\/div>\n\t\t\t\t<div class=\"elementor-element elementor-element-2d79a06 elementor-widget elementor-widget-text-editor\" data-id=\"2d79a06\" data-element_type=\"widget\" data-e-type=\"widget\" data-widget_type=\"text-editor.default\">\n\t\t\t\t<div class=\"elementor-widget-container\">\n\t\t\t\t\t\t\t\t\t<p>M\u00cbSONI M\u00cb SHUM\u00cb<\/p>\t\t\t\t\t\t\t\t<\/div>\n\t\t\t\t<\/div>\n\t\t\t\t\t<\/div>\n\t\t<\/div>\n\t\t\t\t\t<\/div>\n\t\t<\/section>\n\t\t\t\t<section class=\"elementor-section elementor-top-section elementor-element elementor-element-1c5a92f elementor-section-boxed elementor-section-height-default elementor-section-height-default\" data-id=\"1c5a92f\" data-element_type=\"section\" data-e-type=\"section\">\n\t\t\t\t\t\t<div class=\"elementor-container elementor-column-gap-default\">\n\t\t\t\t\t<div class=\"elementor-column elementor-col-25 elementor-top-column elementor-element elementor-element-6ad3207\" data-id=\"6ad3207\" data-element_type=\"column\" data-e-type=\"column\">\n\t\t\t<div class=\"elementor-widget-wrap\">\n\t\t\t\t\t\t\t<\/div>\n\t\t<\/div>\n\t\t\t\t<div class=\"elementor-column elementor-col-25 elementor-top-column elementor-element elementor-element-f069810\" data-id=\"f069810\" data-element_type=\"column\" data-e-type=\"column\">\n\t\t\t<div class=\"elementor-widget-wrap elementor-element-populated\">\n\t\t\t\t\t\t<div class=\"elementor-element elementor-element-a2c9c07 elementor-cta--valign-top elementor-cta--skin-classic elementor-animated-content elementor-bg-transform elementor-bg-transform-zoom-in elementor-widget elementor-widget-call-to-action\" data-id=\"a2c9c07\" data-element_type=\"widget\" data-e-type=\"widget\" data-widget_type=\"call-to-action.default\">\n\t\t\t\t<div class=\"elementor-widget-container\">\n\t\t\t\t\t\t\t<a class=\"elementor-cta\" href=\"https:\/\/www.ebrd.com\/work-with-us\/advice-for-small-businesses\/kosovo.html%20\">\n\t\t\t\t\t<div class=\"elementor-cta__bg-wrapper\">\n\t\t\t\t<div class=\"elementor-cta__bg elementor-bg\" style=\"background-image: url(https:\/\/web-sme-csp.com\/albania\/wp-content\/uploads\/sites\/6\/2021\/01\/link1.png);\" role=\"img\" aria-label=\"link1\"><\/div>\n\t\t\t\t<div class=\"elementor-cta__bg-overlay\"><\/div>\n\t\t\t<\/div>\n\t\t\t\t\t\t\t<div class=\"elementor-cta__content\">\n\t\t\t\t\n\t\t\t\t\t\t\t\t\t<h2 class=\"elementor-cta__title elementor-cta__content-item elementor-content-item\">\n\t\t\t\t\t\tRriteni biznesin tuaj\t\t\t\t\t<\/h2>\n\t\t\t\t\n\t\t\t\t\n\t\t\t\t\t\t\t\t\t<div class=\"elementor-cta__button-wrapper elementor-cta__content-item elementor-content-item \">\n\t\t\t\t\t<span class=\"elementor-cta__button elementor-button elementor-size-\">\n\t\t\t\t\t\tKLIKO K\u00cbTU\t\t\t\t\t<\/span>\n\t\t\t\t\t<\/div>\n\t\t\t\t\t\t\t<\/div>\n\t\t\t\t\t\t<\/a>\n\t\t\t\t\t\t<\/div>\n\t\t\t\t<\/div>\n\t\t\t\t\t<\/div>\n\t\t<\/div>\n\t\t\t\t<div class=\"elementor-column elementor-col-25 elementor-top-column elementor-element elementor-element-b981f5d elementor-hidden-desktop elementor-hidden-tablet elementor-hidden-phone\" data-id=\"b981f5d\" data-element_type=\"column\" data-e-type=\"column\">\n\t\t\t<div class=\"elementor-widget-wrap elementor-element-populated\">\n\t\t\t\t\t\t<div class=\"elementor-element elementor-element-161a3c1 elementor-cta--valign-top elementor-cta--skin-classic elementor-animated-content elementor-bg-transform elementor-bg-transform-zoom-in elementor-widget elementor-widget-call-to-action\" data-id=\"161a3c1\" data-element_type=\"widget\" data-e-type=\"widget\" data-widget_type=\"call-to-action.default\">\n\t\t\t\t<div class=\"elementor-widget-container\">\n\t\t\t\t\t\t\t<a class=\"elementor-cta\" href=\"http:\/\/www.ebrdwomeninbusiness.com\/?s=home&#038;country=KS&#038;language=sq\">\n\t\t\t\t\t<div class=\"elementor-cta__bg-wrapper\">\n\t\t\t\t<div class=\"elementor-cta__bg elementor-bg\" style=\"background-image: url(https:\/\/web-sme-csp.com\/albania\/wp-content\/uploads\/sites\/6\/2021\/01\/link2.png);\" role=\"img\" aria-label=\"link2\"><\/div>\n\t\t\t\t<div class=\"elementor-cta__bg-overlay\"><\/div>\n\t\t\t<\/div>\n\t\t\t\t\t\t\t<div class=\"elementor-cta__content\">\n\t\t\t\t\n\t\t\t\t\t\t\t\t\t<h2 class=\"elementor-cta__title elementor-cta__content-item elementor-content-item\">\n\t\t\t\t\t\tEBRD GRAT\u00cb N\u00cb BIZNES\t\t\t\t\t<\/h2>\n\t\t\t\t\n\t\t\t\t\n\t\t\t\t\t\t\t\t\t<div class=\"elementor-cta__button-wrapper elementor-cta__content-item elementor-content-item \">\n\t\t\t\t\t<span class=\"elementor-cta__button elementor-button elementor-size-\">\n\t\t\t\t\t\tKLIKO K\u00cbTU\t\t\t\t\t<\/span>\n\t\t\t\t\t<\/div>\n\t\t\t\t\t\t\t<\/div>\n\t\t\t\t\t\t<\/a>\n\t\t\t\t\t\t<\/div>\n\t\t\t\t<\/div>\n\t\t\t\t\t<\/div>\n\t\t<\/div>\n\t\t\t\t<div class=\"elementor-column elementor-col-25 elementor-top-column elementor-element elementor-element-0b7e414\" data-id=\"0b7e414\" data-element_type=\"column\" data-e-type=\"column\">\n\t\t\t<div class=\"elementor-widget-wrap\">\n\t\t\t\t\t\t\t<\/div>\n\t\t<\/div>\n\t\t\t\t\t<\/div>\n\t\t<\/section>\n\t\t\t\t<\/div>\n\t\t","protected":false},"excerpt":{"rendered":"<p>Linqet M\u00cbSONI M\u00cb SHUM\u00cb Rriteni biznesin tuaj KLIKO K\u00cbTU EBRD GRAT\u00cb N\u00cb BIZNES KLIKO K\u00cbTU<\/p>\n","protected":false},"author":1,"featured_media":0,"parent":0,"menu_order":0,"comment_status":"closed","ping_status":"closed","template":"elementor_header_footer","meta":{"footnotes":""},"class_list":["post-297","page","type-page","status-publish","hentry"],"yoast_head":"<!-- This site is optimized with the Yoast SEO plugin v27.4 - https:\/\/yoast.com\/product\/yoast-seo-wordpress\/ -->\n<title>Linqet - web-sme-csp.com Albania<\/title>\n<meta name=\"robots\" content=\"index, follow, max-snippet:-1, max-image-preview:large, max-video-preview:-1\" \/>\n<link rel=\"canonical\" href=\"https:\/\/web-sme-csp.com\/albania\/sq\/linqet\/\" \/>\n<meta property=\"og:locale\" content=\"sq_AL\" \/>\n<meta property=\"og:type\" content=\"article\" \/>\n<meta property=\"og:title\" content=\"Linqet - web-sme-csp.com Albania\" \/>\n<meta property=\"og:description\" content=\"Linqet M\u00cbSONI M\u00cb SHUM\u00cb Rriteni biznesin tuaj KLIKO K\u00cbTU EBRD GRAT\u00cb N\u00cb BIZNES KLIKO K\u00cbTU\" \/>\n<meta property=\"og:url\" content=\"https:\/\/web-sme-csp.com\/albania\/sq\/linqet\/\" \/>\n<meta property=\"og:site_name\" content=\"web-sme-csp.com Albania\" \/>\n<meta property=\"article:publisher\" content=\"https:\/\/www.facebook.com\/NVMShqiperi\" \/>\n<meta property=\"article:modified_time\" content=\"2021-01-19T12:45:59+00:00\" \/>\n<meta name=\"twitter:card\" content=\"summary_large_image\" \/>\n<script type=\"application\/ld+json\" class=\"yoast-schema-graph\">{\"@context\":\"https:\\\/\\\/schema.org\",\"@graph\":[{\"@type\":\"WebPage\",\"@id\":\"https:\\\/\\\/web-sme-csp.com\\\/albania\\\/sq\\\/linqet\\\/\",\"url\":\"https:\\\/\\\/web-sme-csp.com\\\/albania\\\/sq\\\/linqet\\\/\",\"name\":\"Linqet - web-sme-csp.com Albania\",\"isPartOf\":{\"@id\":\"https:\\\/\\\/web-sme-csp.com\\\/albania\\\/#website\"},\"datePublished\":\"2021-01-19T11:17:58+00:00\",\"dateModified\":\"2021-01-19T12:45:59+00:00\",\"breadcrumb\":{\"@id\":\"https:\\\/\\\/web-sme-csp.com\\\/albania\\\/sq\\\/linqet\\\/#breadcrumb\"},\"inLanguage\":\"sq-AL\",\"potentialAction\":[{\"@type\":\"ReadAction\",\"target\":[\"https:\\\/\\\/web-sme-csp.com\\\/albania\\\/sq\\\/linqet\\\/\"]}]},{\"@type\":\"BreadcrumbList\",\"@id\":\"https:\\\/\\\/web-sme-csp.com\\\/albania\\\/sq\\\/linqet\\\/#breadcrumb\",\"itemListElement\":[{\"@type\":\"ListItem\",\"position\":1,\"name\":\"Home\",\"item\":\"https:\\\/\\\/web-sme-csp.com\\\/albania\\\/sq\\\/faqja-kryesore\\\/\"},{\"@type\":\"ListItem\",\"position\":2,\"name\":\"Linqet\"}]},{\"@type\":\"WebSite\",\"@id\":\"https:\\\/\\\/web-sme-csp.com\\\/albania\\\/#website\",\"url\":\"https:\\\/\\\/web-sme-csp.com\\\/albania\\\/\",\"name\":\"web-sme-csp.com Albania\",\"description\":\"Albania\",\"publisher\":{\"@id\":\"https:\\\/\\\/web-sme-csp.com\\\/albania\\\/#organization\"},\"potentialAction\":[{\"@type\":\"SearchAction\",\"target\":{\"@type\":\"EntryPoint\",\"urlTemplate\":\"https:\\\/\\\/web-sme-csp.com\\\/albania\\\/?s={search_term_string}\"},\"query-input\":{\"@type\":\"PropertyValueSpecification\",\"valueRequired\":true,\"valueName\":\"search_term_string\"}}],\"inLanguage\":\"sq-AL\"},{\"@type\":\"Organization\",\"@id\":\"https:\\\/\\\/web-sme-csp.com\\\/albania\\\/#organization\",\"name\":\"web-sme-csp.com Albania\",\"url\":\"https:\\\/\\\/web-sme-csp.com\\\/albania\\\/\",\"logo\":{\"@type\":\"ImageObject\",\"inLanguage\":\"sq-AL\",\"@id\":\"https:\\\/\\\/web-sme-csp.com\\\/albania\\\/#\\\/schema\\\/logo\\\/image\\\/\",\"url\":\"https:\\\/\\\/web-sme-csp.com\\\/albania\\\/wp-content\\\/uploads\\\/sites\\\/6\\\/2022\\\/11\\\/logo-en.png\",\"contentUrl\":\"https:\\\/\\\/web-sme-csp.com\\\/albania\\\/wp-content\\\/uploads\\\/sites\\\/6\\\/2022\\\/11\\\/logo-en.png\",\"width\":1280,\"height\":320,\"caption\":\"web-sme-csp.com Albania\"},\"image\":{\"@id\":\"https:\\\/\\\/web-sme-csp.com\\\/albania\\\/#\\\/schema\\\/logo\\\/image\\\/\"},\"sameAs\":[\"https:\\\/\\\/www.facebook.com\\\/NVMShqiperi\"]}]}<\/script>\n<!-- \/ Yoast SEO plugin. -->","yoast_head_json":{"title":"Linqet - web-sme-csp.com Albania","robots":{"index":"index","follow":"follow","max-snippet":"max-snippet:-1","max-image-preview":"max-image-preview:large","max-video-preview":"max-video-preview:-1"},"canonical":"https:\/\/web-sme-csp.com\/albania\/sq\/linqet\/","og_locale":"sq_AL","og_type":"article","og_title":"Linqet - web-sme-csp.com Albania","og_description":"Linqet M\u00cbSONI M\u00cb SHUM\u00cb Rriteni biznesin tuaj KLIKO K\u00cbTU EBRD GRAT\u00cb N\u00cb BIZNES KLIKO K\u00cbTU","og_url":"https:\/\/web-sme-csp.com\/albania\/sq\/linqet\/","og_site_name":"web-sme-csp.com Albania","article_publisher":"https:\/\/www.facebook.com\/NVMShqiperi","article_modified_time":"2021-01-19T12:45:59+00:00","twitter_card":"summary_large_image","schema":{"@context":"https:\/\/schema.org","@graph":[{"@type":"WebPage","@id":"https:\/\/web-sme-csp.com\/albania\/sq\/linqet\/","url":"https:\/\/web-sme-csp.com\/albania\/sq\/linqet\/","name":"Linqet - web-sme-csp.com Albania","isPartOf":{"@id":"https:\/\/web-sme-csp.com\/albania\/#website"},"datePublished":"2021-01-19T11:17:58+00:00","dateModified":"2021-01-19T12:45:59+00:00","breadcrumb":{"@id":"https:\/\/web-sme-csp.com\/albania\/sq\/linqet\/#breadcrumb"},"inLanguage":"sq-AL","potentialAction":[{"@type":"ReadAction","target":["https:\/\/web-sme-csp.com\/albania\/sq\/linqet\/"]}]},{"@type":"BreadcrumbList","@id":"https:\/\/web-sme-csp.com\/albania\/sq\/linqet\/#breadcrumb","itemListElement":[{"@type":"ListItem","position":1,"name":"Home","item":"https:\/\/web-sme-csp.com\/albania\/sq\/faqja-kryesore\/"},{"@type":"ListItem","position":2,"name":"Linqet"}]},{"@type":"WebSite","@id":"https:\/\/web-sme-csp.com\/albania\/#website","url":"https:\/\/web-sme-csp.com\/albania\/","name":"web-sme-csp.com Albania","description":"Albania","publisher":{"@id":"https:\/\/web-sme-csp.com\/albania\/#organization"},"potentialAction":[{"@type":"SearchAction","target":{"@type":"EntryPoint","urlTemplate":"https:\/\/web-sme-csp.com\/albania\/?s={search_term_string}"},"query-input":{"@type":"PropertyValueSpecification","valueRequired":true,"valueName":"search_term_string"}}],"inLanguage":"sq-AL"},{"@type":"Organization","@id":"https:\/\/web-sme-csp.com\/albania\/#organization","name":"web-sme-csp.com Albania","url":"https:\/\/web-sme-csp.com\/albania\/","logo":{"@type":"ImageObject","inLanguage":"sq-AL","@id":"https:\/\/web-sme-csp.com\/albania\/#\/schema\/logo\/image\/","url":"https:\/\/web-sme-csp.com\/albania\/wp-content\/uploads\/sites\/6\/2022\/11\/logo-en.png","contentUrl":"https:\/\/web-sme-csp.com\/albania\/wp-content\/uploads\/sites\/6\/2022\/11\/logo-en.png","width":1280,"height":320,"caption":"web-sme-csp.com Albania"},"image":{"@id":"https:\/\/web-sme-csp.com\/albania\/#\/schema\/logo\/image\/"},"sameAs":["https:\/\/www.facebook.com\/NVMShqiperi"]}]}},"_links":{"self":[{"href":"https:\/\/web-sme-csp.com\/albania\/sq\/wp-json\/wp\/v2\/pages\/297","targetHints":{"allow":["GET"]}}],"collection":[{"href":"https:\/\/web-sme-csp.com\/albania\/sq\/wp-json\/wp\/v2\/pages"}],"about":[{"href":"https:\/\/web-sme-csp.com\/albania\/sq\/wp-json\/wp\/v2\/types\/page"}],"author":[{"embeddable":true,"href":"https:\/\/web-sme-csp.com\/albania\/sq\/wp-json\/wp\/v2\/users\/1"}],"replies":[{"embeddable":true,"href":"https:\/\/web-sme-csp.com\/albania\/sq\/wp-json\/wp\/v2\/comments?post=297"}],"version-history":[{"count":7,"href":"https:\/\/web-sme-csp.com\/albania\/sq\/wp-json\/wp\/v2\/pages\/297\/revisions"}],"predecessor-version":[{"id":342,"href":"https:\/\/web-sme-csp.com\/albania\/sq\/wp-json\/wp\/v2\/pages\/297\/revisions\/342"}],"wp:attachment":[{"href":"https:\/\/web-sme-csp.com\/albania\/sq\/wp-json\/wp\/v2\/media?parent=297"}],"curies":[{"name":"wp","href":"https:\/\/api.w.org\/{rel}","templated":true}]}}