{"id":235,"date":"2021-01-19T10:49:49","date_gmt":"2021-01-19T10:49:49","guid":{"rendered":"https:\/\/web-sme-csp.com\/albania\/?page_id=235"},"modified":"2023-03-09T14:13:11","modified_gmt":"2023-03-09T14:13:11","slug":"rezultatet","status":"publish","type":"page","link":"https:\/\/web-sme-csp.com\/albania\/sq\/rezultatet\/","title":{"rendered":"REZULTATET"},"content":{"rendered":"\t\t<div data-elementor-type=\"wp-page\" data-elementor-id=\"235\" class=\"elementor elementor-235\" data-elementor-post-type=\"page\">\n\t\t\t\t\t\t<section class=\"elementor-section elementor-top-section elementor-element elementor-element-4d60dcf elementor-section-height-min-height elementor-section-boxed elementor-section-height-default elementor-section-items-middle\" data-id=\"4d60dcf\" data-element_type=\"section\" data-e-type=\"section\" data-settings=\"{&quot;background_background&quot;:&quot;classic&quot;}\">\n\t\t\t\t\t\t<div class=\"elementor-container elementor-column-gap-default\">\n\t\t\t\t\t<div class=\"elementor-column elementor-col-100 elementor-top-column elementor-element elementor-element-f6702e9\" data-id=\"f6702e9\" data-element_type=\"column\" data-e-type=\"column\">\n\t\t\t<div class=\"elementor-widget-wrap\">\n\t\t\t\t\t\t\t<\/div>\n\t\t<\/div>\n\t\t\t\t\t<\/div>\n\t\t<\/section>\n\t\t\t\t<section class=\"elementor-section elementor-top-section elementor-element elementor-element-946c25c elementor-section-content-middle elementor-section-boxed elementor-section-height-default elementor-section-height-default\" data-id=\"946c25c\" data-element_type=\"section\" data-e-type=\"section\" data-settings=\"{&quot;background_background&quot;:&quot;classic&quot;}\">\n\t\t\t\t\t\t<div class=\"elementor-container elementor-column-gap-default\">\n\t\t\t\t\t<div class=\"elementor-column elementor-col-100 elementor-top-column elementor-element elementor-element-60eeb0e\" data-id=\"60eeb0e\" data-element_type=\"column\" data-e-type=\"column\" data-settings=\"{&quot;background_background&quot;:&quot;classic&quot;}\">\n\t\t\t<div class=\"elementor-widget-wrap elementor-element-populated\">\n\t\t\t\t\t\t<div class=\"elementor-element elementor-element-73dacb0 elementor-widget elementor-widget-heading\" data-id=\"73dacb0\" data-element_type=\"widget\" data-e-type=\"widget\" data-widget_type=\"heading.default\">\n\t\t\t\t<div class=\"elementor-widget-container\">\n\t\t\t\t\t<h1 class=\"elementor-heading-title elementor-size-default\">REZULTATET<\/h1>\t\t\t\t<\/div>\n\t\t\t\t<\/div>\n\t\t\t\t\t<\/div>\n\t\t<\/div>\n\t\t\t\t\t<\/div>\n\t\t<\/section>\n\t\t\t\t<section class=\"elementor-section elementor-top-section elementor-element elementor-element-54b3fc0 elementor-section-boxed elementor-section-height-default elementor-section-height-default\" data-id=\"54b3fc0\" data-element_type=\"section\" data-e-type=\"section\">\n\t\t\t\t\t\t<div class=\"elementor-container elementor-column-gap-default\">\n\t\t\t\t\t<div class=\"elementor-column elementor-col-100 elementor-top-column elementor-element elementor-element-290d7cb\" data-id=\"290d7cb\" data-element_type=\"column\" data-e-type=\"column\">\n\t\t\t<div class=\"elementor-widget-wrap elementor-element-populated\">\n\t\t\t\t\t\t<div class=\"elementor-element elementor-element-9b59edc elementor-widget elementor-widget-text-editor\" data-id=\"9b59edc\" data-element_type=\"widget\" data-e-type=\"widget\" data-widget_type=\"text-editor.default\">\n\t\t\t\t<div class=\"elementor-widget-container\">\n\t\t\t\t\t\t\t\t\t<p>Programi p\u00ebr Mb\u00ebshtetjen e Konkurrueshm\u00ebris\u00eb s\u00eb NVM-ve n\u00eb Shqip\u00ebri ka financuar 4 projekte deri tani, me nj\u00eb total prej \u20ac2,09 milion\u00eb.<br \/><br \/>Grafiku m\u00eb posht\u00eb tregon ndarjen e projekteve t\u00eb financuara sipas sektorit t\u00eb industris\u00eb.<br \/><br \/>Situata deri m\u00eb:\u00a031.01.2023<\/p>\t\t\t\t\t\t\t\t<\/div>\n\t\t\t\t<\/div>\n\t\t\t\t\t<\/div>\n\t\t<\/div>\n\t\t\t\t\t<\/div>\n\t\t<\/section>\n\t\t\t\t<section class=\"elementor-section elementor-top-section elementor-element elementor-element-bfd6e35 elementor-section-boxed elementor-section-height-default elementor-section-height-default\" data-id=\"bfd6e35\" data-element_type=\"section\" data-e-type=\"section\">\n\t\t\t\t\t\t<div class=\"elementor-container elementor-column-gap-default\">\n\t\t\t\t\t<div class=\"elementor-column elementor-col-50 elementor-top-column elementor-element elementor-element-e4c389a\" data-id=\"e4c389a\" data-element_type=\"column\" data-e-type=\"column\">\n\t\t\t<div class=\"elementor-widget-wrap elementor-element-populated\">\n\t\t\t\t\t\t<div class=\"elementor-element elementor-element-e19ed37 elementor-widget elementor-widget-image\" data-id=\"e19ed37\" data-element_type=\"widget\" data-e-type=\"widget\" data-widget_type=\"image.default\">\n\t\t\t\t<div class=\"elementor-widget-container\">\n\t\t\t\t\t\t\t\t\t\t\t\t\t\t\t<img fetchpriority=\"high\" decoding=\"async\" width=\"720\" height=\"405\" src=\"https:\/\/web-sme-csp.com\/albania\/wp-content\/uploads\/sites\/6\/2023\/03\/Slide2.jpeg\" class=\"attachment-full size-full wp-image-715\" alt=\"\" srcset=\"https:\/\/web-sme-csp.com\/albania\/wp-content\/uploads\/sites\/6\/2023\/03\/Slide2.jpeg 720w, https:\/\/web-sme-csp.com\/albania\/wp-content\/uploads\/sites\/6\/2023\/03\/Slide2-300x169.jpeg 300w\" sizes=\"(max-width: 720px) 100vw, 720px\" \/>\t\t\t\t\t\t\t\t\t\t\t\t\t\t\t<\/div>\n\t\t\t\t<\/div>\n\t\t\t\t\t<\/div>\n\t\t<\/div>\n\t\t\t\t<div class=\"elementor-column elementor-col-50 elementor-top-column elementor-element elementor-element-156efe2\" data-id=\"156efe2\" data-element_type=\"column\" data-e-type=\"column\">\n\t\t\t<div class=\"elementor-widget-wrap elementor-element-populated\">\n\t\t\t\t\t\t<div class=\"elementor-element elementor-element-ae6f30b elementor-widget elementor-widget-image\" data-id=\"ae6f30b\" data-element_type=\"widget\" data-e-type=\"widget\" data-widget_type=\"image.default\">\n\t\t\t\t<div class=\"elementor-widget-container\">\n\t\t\t\t\t\t\t\t\t\t\t\t\t\t\t<img decoding=\"async\" width=\"720\" height=\"405\" src=\"https:\/\/web-sme-csp.com\/albania\/wp-content\/uploads\/sites\/6\/2023\/03\/Slide4.jpeg\" class=\"attachment-large size-large wp-image-717\" alt=\"\" srcset=\"https:\/\/web-sme-csp.com\/albania\/wp-content\/uploads\/sites\/6\/2023\/03\/Slide4.jpeg 720w, https:\/\/web-sme-csp.com\/albania\/wp-content\/uploads\/sites\/6\/2023\/03\/Slide4-300x169.jpeg 300w\" sizes=\"(max-width: 720px) 100vw, 720px\" \/>\t\t\t\t\t\t\t\t\t\t\t\t\t\t\t<\/div>\n\t\t\t\t<\/div>\n\t\t\t\t\t<\/div>\n\t\t<\/div>\n\t\t\t\t\t<\/div>\n\t\t<\/section>\n\t\t\t\t<section class=\"elementor-section elementor-top-section elementor-element elementor-element-280f3f2 elementor-section-boxed elementor-section-height-default elementor-section-height-default\" data-id=\"280f3f2\" data-element_type=\"section\" data-e-type=\"section\">\n\t\t\t\t\t\t<div class=\"elementor-container elementor-column-gap-default\">\n\t\t\t\t\t<div class=\"elementor-column elementor-col-100 elementor-top-column elementor-element elementor-element-76c37e9\" data-id=\"76c37e9\" data-element_type=\"column\" data-e-type=\"column\">\n\t\t\t<div class=\"elementor-widget-wrap elementor-element-populated\">\n\t\t\t\t\t\t<div class=\"elementor-element elementor-element-0235beb elementor-widget elementor-widget-heading\" data-id=\"0235beb\" data-element_type=\"widget\" data-e-type=\"widget\" data-widget_type=\"heading.default\">\n\t\t\t\t<div class=\"elementor-widget-container\">\n\t\t\t\t\t<h2 class=\"elementor-heading-title elementor-size-default\">Vendndodhja e projekteve sipas rajoneve<\/h2>\t\t\t\t<\/div>\n\t\t\t\t<\/div>\n\t\t\t\t\t<\/div>\n\t\t<\/div>\n\t\t\t\t\t<\/div>\n\t\t<\/section>\n\t\t\t\t<section class=\"elementor-section elementor-top-section elementor-element elementor-element-ffcb95e elementor-section-boxed elementor-section-height-default elementor-section-height-default\" data-id=\"ffcb95e\" data-element_type=\"section\" data-e-type=\"section\">\n\t\t\t\t\t\t<div class=\"elementor-container elementor-column-gap-default\">\n\t\t\t\t\t<div class=\"elementor-column elementor-col-100 elementor-top-column elementor-element elementor-element-1f5cf1d\" data-id=\"1f5cf1d\" data-element_type=\"column\" data-e-type=\"column\">\n\t\t\t<div class=\"elementor-widget-wrap elementor-element-populated\">\n\t\t\t\t\t\t<div class=\"elementor-element elementor-element-c511a64 elementor-widget elementor-widget-shortcode\" data-id=\"c511a64\" data-element_type=\"widget\" data-e-type=\"widget\" data-widget_type=\"shortcode.default\">\n\t\t\t\t<div class=\"elementor-widget-container\">\n\t\t\t\t\t\t\t<div class=\"elementor-shortcode\"><div class=\"wpgmp_map_container wpgmp-map-provider-google wpgmp-map-1\" rel=\"map1\" data-plugin-version=\"4.9.2\"><div class=\"wpgmp_map_parent\"><div class=\"wpgmp_map \" style=\"width:100%;height:400px\" id=\"map1\" data-map-id=\"1\"><\/div><\/div><\/div><script>jQuery(document).ready(function($){ window.wpgmp = window.wpgmp || {}; window.wpgmp.mapdata1 = \"eyJhdXRvc29ydCI6dHJ1ZSwibWFwX29wdGlvbnMiOnsiY2VudGVyX2xhdCI6IjQxLjMyNzU0NTkiLCJjZW50ZXJfbG5nIjoiMTkuODE4Njk4MiIsInpvb20iOjcsIm1hcF90eXBlX2lkIjoiUk9BRE1BUCIsImNlbnRlcl9ieV9uZWFyZXN0IjpmYWxzZSwiZml0X2JvdW5kcyI6ZmFsc2UsInNob3dfY2VudGVyX2NpcmNsZSI6ZmFsc2UsInNob3dfY2VudGVyX21hcmtlciI6ZmFsc2UsImNlbnRlcl9tYXJrZXJfaWNvbiI6Imh0dHBzOlwvXC93ZWItc21lLWNzcC5jb21cL2FsYmFuaWFcL3dwLWNvbnRlbnRcL3BsdWdpbnNcL3dwLWdvb2dsZS1tYXAtcGx1Z2luXC9hc3NldHNcL2ltYWdlc1wvXC9kZWZhdWx0X21hcmtlci5wbmciLCJkcmFnZ2FibGUiOnRydWUsIm1hcmtlcl9kZWZhdWx0X2ljb24iOiJodHRwczpcL1wvd2ViLXNtZS1jc3AuY29tXC9hbGJhbmlhXC93cC1jb250ZW50XC9wbHVnaW5zXC93cC1nb29nbGUtbWFwLXBsdWdpblwvYXNzZXRzXC9pbWFnZXNcL1wvZGVmYXVsdF9tYXJrZXIucG5nIiwiaW5mb3dpbmRvd19za2luIjp7Im5hbWUiOiJkZWZhdWx0IiwidHlwZSI6ImluZm93aW5kb3cifSwiaW5mb3dpbmRvd19kcm9wX2FuaW1hdGlvbiI6ZmFsc2UsImNsb3NlX2luZm93aW5kb3dfb25fbWFwX2NsaWNrIjpmYWxzZSwiZGVmYXVsdF9pbmZvd2luZG93X29wZW4iOmZhbHNlLCJpbmZvd2luZG93X29wZW5fZXZlbnQiOiJjbGljayIsImxpc3RpbmdfaW5mb3dpbmRvd19vcGVuX2V2ZW50IjoiY2xpY2siLCJpc19tb2JpbGUiOmZhbHNlLCJpbmZvd2luZG93X2ZpbHRlcl9vbmx5IjpmYWxzZSwiaW5mb3dpbmRvd19jbGlja19jaGFuZ2VfY2VudGVyIjpmYWxzZSwiZnVsbF9zY3JlZW5fY29udHJvbCI6dHJ1ZSwiY2FtZXJhX2NvbnRyb2wiOmZhbHNlLCJzZWFyY2hfY29udHJvbCI6dHJ1ZSwiem9vbV9jb250cm9sIjp0cnVlLCJtYXBfdHlwZV9jb250cm9sIjp0cnVlLCJzdHJlZXRfdmlld19jb250cm9sIjp0cnVlLCJsb2NhdGVtZV9jb250cm9sIjpmYWxzZSwibW9iaWxlX3NwZWNpZmljIjpmYWxzZSwiem9vbV9tb2JpbGUiOjUsImRyYWdnYWJsZV9tb2JpbGUiOnRydWUsInNjcm9sbF93aGVlbF9tb2JpbGUiOnRydWUsImZ1bGxfc2NyZWVuX2NvbnRyb2xfcG9zaXRpb24iOiJUT1BfTEVGVCIsInNlYXJjaF9jb250cm9sX3Bvc2l0aW9uIjoiVE9QX0xFRlQiLCJ6b29tX2NvbnRyb2xfcG9zaXRpb24iOiJUT1BfTEVGVCIsIm1hcF90eXBlX2NvbnRyb2xfcG9zaXRpb24iOiJUT1BfTEVGVCIsIm1hcF90eXBlX2NvbnRyb2xfc3R5bGUiOiJIT1JJWk9OVEFMX0JBUiIsInN0cmVldF92aWV3X2NvbnRyb2xfcG9zaXRpb24iOiJUT1BfTEVGVCIsIm1hcF9pbmZvd2luZG93X2N1c3RvbWlzYXRpb25zIjpmYWxzZSwiaW5mb3dpbmRvd193aWR0aCI6IjEwMCUiLCJzaG93X2luZm93aW5kb3dfaGVhZGVyIjpmYWxzZSwiem9vbV9sZXZlbF9hZnRlcl9zZWFyY2giOjEwLCJkb3VibGVjbGlja3pvb20iOmZhbHNlLCJjdXJyZW50X3Bvc3Rfb25seSI6ZmFsc2UsImFkdmFuY2VfdGVtcGxhdGUiOmZhbHNlLCJtYXBfdGlsZV91cmwiOiJodHRwczpcL1wve3N9LnRpbGUub3BlbnN0cmVldG1hcC5vcmdcL3t6fVwve3h9XC97eX0ucG5nIiwib3BlbnN0cmVldF9zdHlsZXMiOnsiT3BlblN0cmVldE1hcC5NYXBuaWsiOiJodHRwczpcL1wve3N9LnRpbGUub3BlbnN0cmVldG1hcC5vcmdcL3t6fVwve3h9XC97eX0ucG5nIiwiT3BlblN0cmVldE1hcC5ERSI6Imh0dHBzOlwvXC97c30udGlsZS5vcGVuc3RyZWV0bWFwLmRlXC90aWxlc1wvb3NtZGVcL3t6fVwve3h9XC97eX0ucG5nIiwiT3BlblN0cmVldE1hcC5DSCI6Imh0dHBzOlwvXC90aWxlLm9zbS5jaFwvc3dpdHplcmxhbmRcL3t6fVwve3h9XC97eX0ucG5nIiwiT3BlblN0cmVldE1hcC5GcmFuY2UiOiJodHRwczpcL1wve3N9LnRpbGUub3BlbnN0cmVldG1hcC5mclwvb3NtZnJcL3t6fVwve3h9XC97eX0ucG5nIiwiT3BlblN0cmVldE1hcC5IT1QiOiJodHRwczpcL1wve3N9LnRpbGUub3BlbnN0cmVldG1hcC5mclwvaG90XC97en1cL3t4fVwve3l9LnBuZyIsIk9wZW5TdHJlZXRNYXAuQlpIIjoiaHR0cHM6XC9cL3RpbGUub3BlbnN0cmVldG1hcC5iemhcL2JyXC97en1cL3t4fVwve3l9LnBuZyIsIk9wZW5Ub3BvTWFwIjoiaHR0cHM6XC9cL3tzfS50aWxlLm9wZW50b3BvbWFwLm9yZ1wve3p9XC97eH1cL3t5fS5wbmciLCJUaHVuZGVyZm9yZXN0Lk9wZW5DeWNsZU1hcCI6Imh0dHBzOlwvXC9kZXYue3N9LnRpbGUub3BlbnN0cmVldG1hcC5mclwvY3ljbG9zbVwve3p9XC97eH1cL3t5fS5wbmciLCJPcGVuTWFwU3VyZmVyLlJvYWRzIjoiaHR0cHM6XC9cL21hcHMuaGVpZ2l0Lm9yZ1wvb3Blbm1hcHN1cmZlclwvdGlsZXNcL3JvYWRzXC93ZWJtZXJjYXRvclwve3p9XC97eH1cL3t5fS5wbmcifSwib3BlbnN0cmVldF9zdHlsZXNfbWFya3VwIjoiPHNlbGVjdCBjbGFzcz1cIndwb21wX21hcF90eXBlXCI+PG9wdGlvbiB2YWx1ZT1cIk9wZW5TdHJlZXRNYXAuTWFwbmlrXCI+T3BlblN0cmVldE1hcC5NYXBuaWs8XC9vcHRpb24+PG9wdGlvbiB2YWx1ZT1cIk9wZW5TdHJlZXRNYXAuREVcIj5PcGVuU3RyZWV0TWFwLkRFPFwvb3B0aW9uPjxvcHRpb24gdmFsdWU9XCJPcGVuU3RyZWV0TWFwLkNIXCI+T3BlblN0cmVldE1hcC5DSDxcL29wdGlvbj48b3B0aW9uIHZhbHVlPVwiT3BlblN0cmVldE1hcC5GcmFuY2VcIj5PcGVuU3RyZWV0TWFwLkZyYW5jZTxcL29wdGlvbj48b3B0aW9uIHZhbHVlPVwiT3BlblN0cmVldE1hcC5IT1RcIj5PcGVuU3RyZWV0TWFwLkhPVDxcL29wdGlvbj48b3B0aW9uIHZhbHVlPVwiT3BlblN0cmVldE1hcC5CWkhcIj5PcGVuU3RyZWV0TWFwLkJaSDxcL29wdGlvbj48b3B0aW9uIHZhbHVlPVwiT3BlblRvcG9NYXBcIj5PcGVuVG9wb01hcDxcL29wdGlvbj48b3B0aW9uIHZhbHVlPVwiVGh1bmRlcmZvcmVzdC5PcGVuQ3ljbGVNYXBcIj5UaHVuZGVyZm9yZXN0Lk9wZW5DeWNsZU1hcDxcL29wdGlvbj48b3B0aW9uIHZhbHVlPVwiT3Blbk1hcFN1cmZlci5Sb2Fkc1wiPk9wZW5NYXBTdXJmZXIuUm9hZHM8XC9vcHRpb24+PFwvc2VsZWN0PiIsIm1hcF9ib3hfc3R5bGVzX21hcmt1cCI6IjxzZWxlY3QgY2xhc3M9XCJ3cG9tcF9tYXBib3hfdHlwZVwiPjxvcHRpb24gdmFsdWU9XCJzdHJlZXRzLXYxMVwiPlN0cmVldHM8XC9vcHRpb24+PG9wdGlvbiB2YWx1ZT1cImxpZ2h0LXYxMFwiPkxpZ2h0PFwvb3B0aW9uPjxvcHRpb24gdmFsdWU9XCJkYXJrLXYxMFwiPkRhcms8XC9vcHRpb24+PG9wdGlvbiB2YWx1ZT1cIm91dGRvb3JzLXYxMVwiPk91dGRvb3JzPFwvb3B0aW9uPjxvcHRpb24gdmFsdWU9XCJzYXRlbGxpdGUtdjlcIj5TYXRlbGxpdGU8XC9vcHRpb24+PFwvc2VsZWN0PiIsImJvdW5kX21hcF9hZnRlcl9maWx0ZXIiOmZhbHNlLCJkaXNwbGF5X3Jlc2V0X2J1dHRvbiI6ZmFsc2UsIm1hcF9yZXNldF9idXR0b25fdGV4dCI6IlJlc2V0Iiwid2lkdGgiOiIxMDAlIiwiaGVpZ2h0IjoiNDAwIiwidGlsZXNfcHJvdmlkZXIiOiJvcGVuc3RyZWV0In0sInBsYWNlcyI6W3siaWQiOiIxIiwidGl0bGUiOiJUaXJhbmUiLCJhZGRyZXNzIjoiVGlyYW5hLCBBbGJhbmlhIiwic291cmNlIjoibWFudWFsIiwiY29udGVudCI6IlRpcmFuZSBQcm9qZWN0czozIFZhbHVlOiAxLjI5My4zMjkgXHUyMGFjIiwibG9jYXRpb24iOnsiaWNvbiI6Imh0dHBzOlwvXC93ZWItc21lLWNzcC5jb21cL2FsYmFuaWFcL3dwLWNvbnRlbnRcL3BsdWdpbnNcL3dwLWdvb2dsZS1tYXAtcGx1Z2luXC9hc3NldHNcL2ltYWdlc1wvXC9kZWZhdWx0X21hcmtlci5wbmciLCJsYXQiOiI0MS4zMjc1NDU5IiwibG5nIjoiMTkuODE4Njk4MiIsImNpdHkiOiJUaXJhbmEiLCJzdGF0ZSI6IlRpcmFuYSBDb3VudHkiLCJjb3VudHJ5IjoiQWxiYW5pYSIsIm9uY2xpY2tfYWN0aW9uIjoibWFya2VyIiwibWFya2VyX2ltYWdlIjoiPGRpdiBjbGFzcz0nZmMtZmVhdHVyZS1pbWcnPjxpbWcgbG9hZGluZz0nbGF6eScgZGVjb2Rpbmc9J2FzeW5jJyBhbHQ9J1RpcmFuZScgc3JjPSdodHRwczpcL1wvd2ViLXNtZS1jc3AuY29tXC9hbGJhbmlhXC93cC1jb250ZW50XC9wbHVnaW5zXC93cC1nb29nbGUtbWFwLXBsdWdpblwvYXNzZXRzXC9pbWFnZXNcL3NhbXBsZS5qcGcnIGNsYXNzPSd3cGdtcF9tYXJrZXJfaW1hZ2UgZmMtaXRlbS1mZWF0dXJlZF9pbWFnZSBmYy1pdGVtLWxhcmdlJyBcLz48XC9kaXY+Iiwib3Blbl9uZXdfdGFiIjoieWVzIiwiYW5pbWF0aW9uIjoiQk9VTkNFIiwiaW5mb3dpbmRvd19kaXNhYmxlIjp0cnVlLCJ6b29tIjo1LCJleHRyYV9maWVsZHMiOnsibGlzdG9yZGVyIjowfX0sImNhdGVnb3JpZXMiOlt7Im5hbWUiOiJVbmNhdGVnb3JpZXMiLCJ0eXBlIjoiY2F0ZWdvcnkifV19LHsiaWQiOiIyIiwidGl0bGUiOiJFbHNiYXNhbiIsImFkZHJlc3MiOiJFbGJhc2FuLCBBbGJhbmlhIiwic291cmNlIjoibWFudWFsIiwiY29udGVudCI6IkVsc2Jhc2FuIFByb2plY3RzOjEgVmFsdWU6IDc5My44MDAgXHUyMGFjIiwibG9jYXRpb24iOnsiaWNvbiI6Imh0dHBzOlwvXC93ZWItc21lLWNzcC5jb21cL2FsYmFuaWFcL3dwLWNvbnRlbnRcL3BsdWdpbnNcL3dwLWdvb2dsZS1tYXAtcGx1Z2luXC9hc3NldHNcL2ltYWdlc1wvXC9kZWZhdWx0X21hcmtlci5wbmciLCJsYXQiOiI0MS4xMTAyMyIsImxuZyI6IjIwLjA4NjY1NTQiLCJjaXR5IjoiRWxiYXNhbiIsInN0YXRlIjoiRWxiYXNhbiBDb3VudHkiLCJjb3VudHJ5IjoiQWxiYW5pYSIsIm9uY2xpY2tfYWN0aW9uIjoibWFya2VyIiwibWFya2VyX2ltYWdlIjoiPGRpdiBjbGFzcz0nZmMtZmVhdHVyZS1pbWcnPjxpbWcgbG9hZGluZz0nbGF6eScgZGVjb2Rpbmc9J2FzeW5jJyBhbHQ9J0Vsc2Jhc2FuJyBzcmM9J2h0dHBzOlwvXC93ZWItc21lLWNzcC5jb21cL2FsYmFuaWFcL3dwLWNvbnRlbnRcL3BsdWdpbnNcL3dwLWdvb2dsZS1tYXAtcGx1Z2luXC9hc3NldHNcL2ltYWdlc1wvc2FtcGxlLmpwZycgY2xhc3M9J3dwZ21wX21hcmtlcl9pbWFnZSBmYy1pdGVtLWZlYXR1cmVkX2ltYWdlIGZjLWl0ZW0tbGFyZ2UnIFwvPjxcL2Rpdj4iLCJvcGVuX25ld190YWIiOiJ5ZXMiLCJhbmltYXRpb24iOiJCT1VOQ0UiLCJpbmZvd2luZG93X2Rpc2FibGUiOnRydWUsInpvb20iOjUsImV4dHJhX2ZpZWxkcyI6eyJsaXN0b3JkZXIiOjB9fSwiY2F0ZWdvcmllcyI6W3sibmFtZSI6IlVuY2F0ZWdvcmllcyIsInR5cGUiOiJjYXRlZ29yeSJ9XX1dLCJtYXBfcHJvcGVydHkiOnsibWFwX2lkIjoiMSJ9LCJzaGFwZXMiOnsiZHJhd2luZ19lZGl0YWJsZSI6ZmFsc2V9LCJmaWx0ZXJzIjp7ImZpbHRlcnNfY29udGFpbmVyIjoiW2RhdGEtY29udGFpbmVyPVwid3BnbXAtZmlsdGVycy1jb250YWluZXJcIl0ifSwiZ2xvYmFsX3NldHRpbmdzIjpmYWxzZSwicHJvdmlkZXIiOiJnb29nbGUiLCJhcGlLZXkiOiIifQ==\"; });<\/script><\/div>\n\t\t\t\t\t\t<\/div>\n\t\t\t\t<\/div>\n\t\t\t\t\t<\/div>\n\t\t<\/div>\n\t\t\t\t\t<\/div>\n\t\t<\/section>\n\t\t\t\t<\/div>\n\t\t","protected":false},"excerpt":{"rendered":"<p>REZULTATET Programi p\u00ebr Mb\u00ebshtetjen e Konkurrueshm\u00ebris\u00eb s\u00eb NVM-ve n\u00eb Shqip\u00ebri ka financuar 4 projekte deri tani, me nj\u00eb total prej \u20ac2,09 milion\u00eb. Grafiku m\u00eb posht\u00eb tregon ndarjen e projekteve t\u00eb financuara sipas sektorit t\u00eb industris\u00eb. Situata deri m\u00eb:\u00a031.01.2023 Vendndodhja e projekteve sipas rajoneve<\/p>\n","protected":false},"author":1,"featured_media":0,"parent":0,"menu_order":0,"comment_status":"closed","ping_status":"closed","template":"elementor_header_footer","meta":{"footnotes":""},"class_list":["post-235","page","type-page","status-publish","hentry"],"yoast_head":"<!-- This site is optimized with the Yoast SEO plugin v27.4 - https:\/\/yoast.com\/product\/yoast-seo-wordpress\/ -->\n<title>REZULTATET - web-sme-csp.com Albania<\/title>\n<meta name=\"robots\" content=\"index, follow, max-snippet:-1, max-image-preview:large, max-video-preview:-1\" \/>\n<link rel=\"canonical\" href=\"https:\/\/web-sme-csp.com\/albania\/sq\/rezultatet\/\" \/>\n<meta property=\"og:locale\" content=\"sq_AL\" \/>\n<meta property=\"og:type\" content=\"article\" \/>\n<meta property=\"og:title\" content=\"REZULTATET - web-sme-csp.com Albania\" \/>\n<meta property=\"og:description\" content=\"REZULTATET Programi p\u00ebr Mb\u00ebshtetjen e Konkurrueshm\u00ebris\u00eb s\u00eb NVM-ve n\u00eb Shqip\u00ebri ka financuar 4 projekte deri tani, me nj\u00eb total prej \u20ac2,09 milion\u00eb. Grafiku m\u00eb posht\u00eb tregon ndarjen e projekteve t\u00eb financuara sipas sektorit t\u00eb industris\u00eb. Situata deri m\u00eb:\u00a031.01.2023 Vendndodhja e projekteve sipas rajoneve\" \/>\n<meta property=\"og:url\" content=\"https:\/\/web-sme-csp.com\/albania\/sq\/rezultatet\/\" \/>\n<meta property=\"og:site_name\" content=\"web-sme-csp.com Albania\" \/>\n<meta property=\"article:publisher\" content=\"https:\/\/www.facebook.com\/NVMShqiperi\" \/>\n<meta property=\"article:modified_time\" content=\"2023-03-09T14:13:11+00:00\" \/>\n<meta property=\"og:image\" content=\"https:\/\/web-sme-csp.com\/albania\/wp-content\/uploads\/sites\/6\/2023\/03\/Slide2.jpeg\" \/>\n<meta name=\"twitter:card\" content=\"summary_large_image\" \/>\n<meta name=\"twitter:label1\" content=\"Est. reading time\" \/>\n\t<meta name=\"twitter:data1\" content=\"10 minutes\" \/>\n<script type=\"application\/ld+json\" class=\"yoast-schema-graph\">{\"@context\":\"https:\\\/\\\/schema.org\",\"@graph\":[{\"@type\":\"WebPage\",\"@id\":\"https:\\\/\\\/web-sme-csp.com\\\/albania\\\/sq\\\/rezultatet\\\/\",\"url\":\"https:\\\/\\\/web-sme-csp.com\\\/albania\\\/sq\\\/rezultatet\\\/\",\"name\":\"REZULTATET - web-sme-csp.com Albania\",\"isPartOf\":{\"@id\":\"https:\\\/\\\/web-sme-csp.com\\\/albania\\\/#website\"},\"primaryImageOfPage\":{\"@id\":\"https:\\\/\\\/web-sme-csp.com\\\/albania\\\/sq\\\/rezultatet\\\/#primaryimage\"},\"image\":{\"@id\":\"https:\\\/\\\/web-sme-csp.com\\\/albania\\\/sq\\\/rezultatet\\\/#primaryimage\"},\"thumbnailUrl\":\"https:\\\/\\\/web-sme-csp.com\\\/albania\\\/wp-content\\\/uploads\\\/sites\\\/6\\\/2023\\\/03\\\/Slide2.jpeg\",\"datePublished\":\"2021-01-19T10:49:49+00:00\",\"dateModified\":\"2023-03-09T14:13:11+00:00\",\"breadcrumb\":{\"@id\":\"https:\\\/\\\/web-sme-csp.com\\\/albania\\\/sq\\\/rezultatet\\\/#breadcrumb\"},\"inLanguage\":\"sq-AL\",\"potentialAction\":[{\"@type\":\"ReadAction\",\"target\":[\"https:\\\/\\\/web-sme-csp.com\\\/albania\\\/sq\\\/rezultatet\\\/\"]}]},{\"@type\":\"ImageObject\",\"inLanguage\":\"sq-AL\",\"@id\":\"https:\\\/\\\/web-sme-csp.com\\\/albania\\\/sq\\\/rezultatet\\\/#primaryimage\",\"url\":\"https:\\\/\\\/web-sme-csp.com\\\/albania\\\/wp-content\\\/uploads\\\/sites\\\/6\\\/2023\\\/03\\\/Slide2.jpeg\",\"contentUrl\":\"https:\\\/\\\/web-sme-csp.com\\\/albania\\\/wp-content\\\/uploads\\\/sites\\\/6\\\/2023\\\/03\\\/Slide2.jpeg\"},{\"@type\":\"BreadcrumbList\",\"@id\":\"https:\\\/\\\/web-sme-csp.com\\\/albania\\\/sq\\\/rezultatet\\\/#breadcrumb\",\"itemListElement\":[{\"@type\":\"ListItem\",\"position\":1,\"name\":\"Home\",\"item\":\"https:\\\/\\\/web-sme-csp.com\\\/albania\\\/sq\\\/faqja-kryesore\\\/\"},{\"@type\":\"ListItem\",\"position\":2,\"name\":\"REZULTATET\"}]},{\"@type\":\"WebSite\",\"@id\":\"https:\\\/\\\/web-sme-csp.com\\\/albania\\\/#website\",\"url\":\"https:\\\/\\\/web-sme-csp.com\\\/albania\\\/\",\"name\":\"web-sme-csp.com Albania\",\"description\":\"Albania\",\"publisher\":{\"@id\":\"https:\\\/\\\/web-sme-csp.com\\\/albania\\\/#organization\"},\"potentialAction\":[{\"@type\":\"SearchAction\",\"target\":{\"@type\":\"EntryPoint\",\"urlTemplate\":\"https:\\\/\\\/web-sme-csp.com\\\/albania\\\/?s={search_term_string}\"},\"query-input\":{\"@type\":\"PropertyValueSpecification\",\"valueRequired\":true,\"valueName\":\"search_term_string\"}}],\"inLanguage\":\"sq-AL\"},{\"@type\":\"Organization\",\"@id\":\"https:\\\/\\\/web-sme-csp.com\\\/albania\\\/#organization\",\"name\":\"web-sme-csp.com Albania\",\"url\":\"https:\\\/\\\/web-sme-csp.com\\\/albania\\\/\",\"logo\":{\"@type\":\"ImageObject\",\"inLanguage\":\"sq-AL\",\"@id\":\"https:\\\/\\\/web-sme-csp.com\\\/albania\\\/#\\\/schema\\\/logo\\\/image\\\/\",\"url\":\"https:\\\/\\\/web-sme-csp.com\\\/albania\\\/wp-content\\\/uploads\\\/sites\\\/6\\\/2022\\\/11\\\/logo-en.png\",\"contentUrl\":\"https:\\\/\\\/web-sme-csp.com\\\/albania\\\/wp-content\\\/uploads\\\/sites\\\/6\\\/2022\\\/11\\\/logo-en.png\",\"width\":1280,\"height\":320,\"caption\":\"web-sme-csp.com Albania\"},\"image\":{\"@id\":\"https:\\\/\\\/web-sme-csp.com\\\/albania\\\/#\\\/schema\\\/logo\\\/image\\\/\"},\"sameAs\":[\"https:\\\/\\\/www.facebook.com\\\/NVMShqiperi\"]}]}<\/script>\n<!-- \/ Yoast SEO plugin. -->","yoast_head_json":{"title":"REZULTATET - web-sme-csp.com Albania","robots":{"index":"index","follow":"follow","max-snippet":"max-snippet:-1","max-image-preview":"max-image-preview:large","max-video-preview":"max-video-preview:-1"},"canonical":"https:\/\/web-sme-csp.com\/albania\/sq\/rezultatet\/","og_locale":"sq_AL","og_type":"article","og_title":"REZULTATET - web-sme-csp.com Albania","og_description":"REZULTATET Programi p\u00ebr Mb\u00ebshtetjen e Konkurrueshm\u00ebris\u00eb s\u00eb NVM-ve n\u00eb Shqip\u00ebri ka financuar 4 projekte deri tani, me nj\u00eb total prej \u20ac2,09 milion\u00eb. Grafiku m\u00eb posht\u00eb tregon ndarjen e projekteve t\u00eb financuara sipas sektorit t\u00eb industris\u00eb. Situata deri m\u00eb:\u00a031.01.2023 Vendndodhja e projekteve sipas rajoneve","og_url":"https:\/\/web-sme-csp.com\/albania\/sq\/rezultatet\/","og_site_name":"web-sme-csp.com Albania","article_publisher":"https:\/\/www.facebook.com\/NVMShqiperi","article_modified_time":"2023-03-09T14:13:11+00:00","og_image":[{"url":"https:\/\/web-sme-csp.com\/albania\/wp-content\/uploads\/sites\/6\/2023\/03\/Slide2.jpeg","type":"","width":"","height":""}],"twitter_card":"summary_large_image","twitter_misc":{"Est. reading time":"10 minutes"},"schema":{"@context":"https:\/\/schema.org","@graph":[{"@type":"WebPage","@id":"https:\/\/web-sme-csp.com\/albania\/sq\/rezultatet\/","url":"https:\/\/web-sme-csp.com\/albania\/sq\/rezultatet\/","name":"REZULTATET - web-sme-csp.com Albania","isPartOf":{"@id":"https:\/\/web-sme-csp.com\/albania\/#website"},"primaryImageOfPage":{"@id":"https:\/\/web-sme-csp.com\/albania\/sq\/rezultatet\/#primaryimage"},"image":{"@id":"https:\/\/web-sme-csp.com\/albania\/sq\/rezultatet\/#primaryimage"},"thumbnailUrl":"https:\/\/web-sme-csp.com\/albania\/wp-content\/uploads\/sites\/6\/2023\/03\/Slide2.jpeg","datePublished":"2021-01-19T10:49:49+00:00","dateModified":"2023-03-09T14:13:11+00:00","breadcrumb":{"@id":"https:\/\/web-sme-csp.com\/albania\/sq\/rezultatet\/#breadcrumb"},"inLanguage":"sq-AL","potentialAction":[{"@type":"ReadAction","target":["https:\/\/web-sme-csp.com\/albania\/sq\/rezultatet\/"]}]},{"@type":"ImageObject","inLanguage":"sq-AL","@id":"https:\/\/web-sme-csp.com\/albania\/sq\/rezultatet\/#primaryimage","url":"https:\/\/web-sme-csp.com\/albania\/wp-content\/uploads\/sites\/6\/2023\/03\/Slide2.jpeg","contentUrl":"https:\/\/web-sme-csp.com\/albania\/wp-content\/uploads\/sites\/6\/2023\/03\/Slide2.jpeg"},{"@type":"BreadcrumbList","@id":"https:\/\/web-sme-csp.com\/albania\/sq\/rezultatet\/#breadcrumb","itemListElement":[{"@type":"ListItem","position":1,"name":"Home","item":"https:\/\/web-sme-csp.com\/albania\/sq\/faqja-kryesore\/"},{"@type":"ListItem","position":2,"name":"REZULTATET"}]},{"@type":"WebSite","@id":"https:\/\/web-sme-csp.com\/albania\/#website","url":"https:\/\/web-sme-csp.com\/albania\/","name":"web-sme-csp.com Albania","description":"Albania","publisher":{"@id":"https:\/\/web-sme-csp.com\/albania\/#organization"},"potentialAction":[{"@type":"SearchAction","target":{"@type":"EntryPoint","urlTemplate":"https:\/\/web-sme-csp.com\/albania\/?s={search_term_string}"},"query-input":{"@type":"PropertyValueSpecification","valueRequired":true,"valueName":"search_term_string"}}],"inLanguage":"sq-AL"},{"@type":"Organization","@id":"https:\/\/web-sme-csp.com\/albania\/#organization","name":"web-sme-csp.com Albania","url":"https:\/\/web-sme-csp.com\/albania\/","logo":{"@type":"ImageObject","inLanguage":"sq-AL","@id":"https:\/\/web-sme-csp.com\/albania\/#\/schema\/logo\/image\/","url":"https:\/\/web-sme-csp.com\/albania\/wp-content\/uploads\/sites\/6\/2022\/11\/logo-en.png","contentUrl":"https:\/\/web-sme-csp.com\/albania\/wp-content\/uploads\/sites\/6\/2022\/11\/logo-en.png","width":1280,"height":320,"caption":"web-sme-csp.com Albania"},"image":{"@id":"https:\/\/web-sme-csp.com\/albania\/#\/schema\/logo\/image\/"},"sameAs":["https:\/\/www.facebook.com\/NVMShqiperi"]}]}},"_links":{"self":[{"href":"https:\/\/web-sme-csp.com\/albania\/sq\/wp-json\/wp\/v2\/pages\/235","targetHints":{"allow":["GET"]}}],"collection":[{"href":"https:\/\/web-sme-csp.com\/albania\/sq\/wp-json\/wp\/v2\/pages"}],"about":[{"href":"https:\/\/web-sme-csp.com\/albania\/sq\/wp-json\/wp\/v2\/types\/page"}],"author":[{"embeddable":true,"href":"https:\/\/web-sme-csp.com\/albania\/sq\/wp-json\/wp\/v2\/users\/1"}],"replies":[{"embeddable":true,"href":"https:\/\/web-sme-csp.com\/albania\/sq\/wp-json\/wp\/v2\/comments?post=235"}],"version-history":[{"count":25,"href":"https:\/\/web-sme-csp.com\/albania\/sq\/wp-json\/wp\/v2\/pages\/235\/revisions"}],"predecessor-version":[{"id":721,"href":"https:\/\/web-sme-csp.com\/albania\/sq\/wp-json\/wp\/v2\/pages\/235\/revisions\/721"}],"wp:attachment":[{"href":"https:\/\/web-sme-csp.com\/albania\/sq\/wp-json\/wp\/v2\/media?parent=235"}],"curies":[{"name":"wp","href":"https:\/\/api.w.org\/{rel}","templated":true}]}}