{"id":217,"date":"2021-01-19T10:46:27","date_gmt":"2021-01-19T10:46:27","guid":{"rendered":"https:\/\/web-sme-csp.com\/albania\/?page_id=217"},"modified":"2022-11-23T09:42:14","modified_gmt":"2022-11-23T09:42:14","slug":"bankat-partnere","status":"publish","type":"page","link":"https:\/\/web-sme-csp.com\/albania\/sq\/bankat-partnere\/","title":{"rendered":"BANKAT PARTNERE"},"content":{"rendered":"\t\t<div data-elementor-type=\"wp-page\" data-elementor-id=\"217\" class=\"elementor elementor-217\" data-elementor-post-type=\"page\">\n\t\t\t\t\t\t<section class=\"elementor-section elementor-top-section elementor-element elementor-element-e5fc676 elementor-section-full_width elementor-section-height-default elementor-section-height-default\" data-id=\"e5fc676\" data-element_type=\"section\" data-e-type=\"section\">\n\t\t\t\t\t\t<div class=\"elementor-container elementor-column-gap-no\">\n\t\t\t\t\t<div class=\"elementor-column elementor-col-100 elementor-top-column elementor-element elementor-element-c28ffed\" data-id=\"c28ffed\" data-element_type=\"column\" data-e-type=\"column\">\n\t\t\t<div class=\"elementor-widget-wrap elementor-element-populated\">\n\t\t\t\t\t\t<div class=\"elementor-element elementor-element-9444e56 elementor-skin-carousel elementor-widget elementor-widget-media-carousel\" data-id=\"9444e56\" data-element_type=\"widget\" data-e-type=\"widget\" data-settings=\"{&quot;space_between&quot;:{&quot;unit&quot;:&quot;px&quot;,&quot;size&quot;:0,&quot;sizes&quot;:[]},&quot;skin&quot;:&quot;carousel&quot;,&quot;effect&quot;:&quot;slide&quot;,&quot;speed&quot;:500,&quot;autoplay&quot;:&quot;yes&quot;,&quot;autoplay_speed&quot;:5000,&quot;loop&quot;:&quot;yes&quot;,&quot;pause_on_hover&quot;:&quot;yes&quot;,&quot;pause_on_interaction&quot;:&quot;yes&quot;,&quot;space_between_tablet&quot;:{&quot;unit&quot;:&quot;px&quot;,&quot;size&quot;:10,&quot;sizes&quot;:[]},&quot;space_between_mobile&quot;:{&quot;unit&quot;:&quot;px&quot;,&quot;size&quot;:10,&quot;sizes&quot;:[]}}\" data-widget_type=\"media-carousel.default\">\n\t\t\t\t<div class=\"elementor-widget-container\">\n\t\t\t\t\t\t\t\t\t<div class=\"elementor-swiper\">\n\t\t\t\t\t<div class=\"elementor-main-swiper swiper\" role=\"region\" aria-roledescription=\"carousel\" aria-label=\"Slides\">\n\t\t\t\t<div class=\"swiper-wrapper\">\n\t\t\t\t\t\t\t\t\t\t\t<div class=\"swiper-slide\" role=\"group\" aria-roledescription=\"slide\">\n\t\t\t\t\t\t\t\t\t<div class=\"elementor-carousel-image\" role=\"img\" aria-label=\"\" style=\"background-image: url(&#039;https:\/\/westernbalkan.ybm.eu\/kosovo\/wp-content\/uploads\/sites\/3\/2019\/03\/395129-PCH2M7-589-e1552605691578.jpg&#039;)\">\n\n\t\t\t\n\t\t\t\t\t<\/div>\n\t\t\t\t\t\t\t\t<\/div>\n\t\t\t\t\t\t\t\t\t<\/div>\n\t\t\t\t\t\t\t<\/div>\n\t\t\t\t<\/div>\n\t\t\t\t\t\t\t\t<\/div>\n\t\t\t\t<\/div>\n\t\t\t\t\t<\/div>\n\t\t<\/div>\n\t\t\t\t\t<\/div>\n\t\t<\/section>\n\t\t\t\t<section class=\"elementor-section elementor-top-section elementor-element elementor-element-50d8b31 elementor-section-content-middle elementor-section-boxed elementor-section-height-default elementor-section-height-default\" data-id=\"50d8b31\" data-element_type=\"section\" data-e-type=\"section\" data-settings=\"{&quot;background_background&quot;:&quot;classic&quot;}\">\n\t\t\t\t\t\t<div class=\"elementor-container elementor-column-gap-default\">\n\t\t\t\t\t<div class=\"elementor-column elementor-col-100 elementor-top-column elementor-element elementor-element-3541245\" data-id=\"3541245\" data-element_type=\"column\" data-e-type=\"column\" data-settings=\"{&quot;background_background&quot;:&quot;classic&quot;}\">\n\t\t\t<div class=\"elementor-widget-wrap elementor-element-populated\">\n\t\t\t\t\t\t<div class=\"elementor-element elementor-element-2888429 elementor-widget elementor-widget-heading\" data-id=\"2888429\" data-element_type=\"widget\" data-e-type=\"widget\" data-widget_type=\"heading.default\">\n\t\t\t\t<div class=\"elementor-widget-container\">\n\t\t\t\t\t<h1 class=\"elementor-heading-title elementor-size-default\">BANKAT PARTNERE<\/h1>\t\t\t\t<\/div>\n\t\t\t\t<\/div>\n\t\t\t\t<div class=\"elementor-element elementor-element-dc58d98 elementor-widget elementor-widget-text-editor\" data-id=\"dc58d98\" data-element_type=\"widget\" data-e-type=\"widget\" data-widget_type=\"text-editor.default\">\n\t\t\t\t<div class=\"elementor-widget-container\">\n\t\t\t\t\t\t\t\t\t<p style=\"text-align: center; background: white; margin: 0in 0in .25in 0in;\" align=\"center\"><span style=\"font-size: 15.0pt; font-family: 'Arial',sans-serif; color: black; text-transform: uppercase; letter-spacing: 7.5pt;\">BANKAT TONA PARTNERE\u00a0<\/span><\/p>\t\t\t\t\t\t\t\t<\/div>\n\t\t\t\t<\/div>\n\t\t\t\t\t<\/div>\n\t\t<\/div>\n\t\t\t\t\t<\/div>\n\t\t<\/section>\n\t\t\t\t<section class=\"elementor-section elementor-top-section elementor-element elementor-element-98155a3 elementor-section-boxed elementor-section-height-default elementor-section-height-default\" data-id=\"98155a3\" data-element_type=\"section\" data-e-type=\"section\">\n\t\t\t\t\t\t<div class=\"elementor-container elementor-column-gap-default\">\n\t\t\t\t\t<div class=\"elementor-column elementor-col-100 elementor-top-column elementor-element elementor-element-7109f16\" data-id=\"7109f16\" data-element_type=\"column\" data-e-type=\"column\">\n\t\t\t<div class=\"elementor-widget-wrap elementor-element-populated\">\n\t\t\t\t\t\t<div class=\"elementor-element elementor-element-7218993 elementor-widget elementor-widget-text-editor\" data-id=\"7218993\" data-element_type=\"widget\" data-e-type=\"widget\" data-widget_type=\"text-editor.default\">\n\t\t\t\t<div class=\"elementor-widget-container\">\n\t\t\t\t\t\t\t\t\t<p>P\u00ebr ta thjesht\u00ebsuar procesin, t\u00eb gjith\u00eb mekanizmat financiare jan\u00eb drejtuar n\u00ebp\u00ebrmjet Bankave Partnere lokale, t\u00eb cilat marrin mb\u00ebshtetje t\u00eb vazhdueshme nga Konsulent\u00ebt e Programit.<\/p><p>Kushtet e kreditimit vendosen nga Bankat Partnere dhe vendimi p\u00ebrfundimtar p\u00ebr financimin e nj\u00eb kompanie aplikuese b\u00ebhet vet\u00ebm nga Bankat Partnere. BERZH, BE dhe Konsulent\u00ebt e Projektit nuk kan\u00eb asnj\u00eb ndikim n\u00eb k\u00ebt\u00eb vendim.<\/p><p>Konsulenti i Projektit \u00ebsht\u00eb p\u00ebrgjegj\u00ebs p\u00ebr vler\u00ebsimin teknik t\u00eb projekteve t\u00eb investimit dhe, s\u00eb bashku me Konsulentin e Verifikimit, p\u00ebr t\u00eb vendosur dhe t\u00eb shqyrtuar vlerat e grantit. Bankat Partnere do t\u2019u paguajn\u00eb grantet pronar\u00ebve t\u00eb projekteve t\u00eb kompletuara dhe verifikuara me sukses.\u00a0 Megjithat\u00eb, Bankat nuk kan\u00eb ndikim n\u00eb nivelin e granteve q\u00eb jepen.<\/p><p>Aktualisht, bankat partnere n\u00eb Shqip\u00ebri q\u00eb marrin pjes\u00eb n\u00eb Programin p\u00ebr Mb\u00ebshtetjen e Konkurrueshm\u00ebris\u00eb s\u00eb NVM-ve n\u00eb Shqip\u00ebri jan\u00eb:<\/p>\t\t\t\t\t\t\t\t<\/div>\n\t\t\t\t<\/div>\n\t\t\t\t\t<\/div>\n\t\t<\/div>\n\t\t\t\t\t<\/div>\n\t\t<\/section>\n\t\t\t\t<section class=\"elementor-section elementor-top-section elementor-element elementor-element-f89c2b5 elementor-section-boxed elementor-section-height-default elementor-section-height-default\" data-id=\"f89c2b5\" data-element_type=\"section\" data-e-type=\"section\">\n\t\t\t\t\t\t<div class=\"elementor-container elementor-column-gap-default\">\n\t\t\t\t\t<div class=\"elementor-column elementor-col-50 elementor-top-column elementor-element elementor-element-e8b9305\" data-id=\"e8b9305\" data-element_type=\"column\" data-e-type=\"column\">\n\t\t\t<div class=\"elementor-widget-wrap elementor-element-populated\">\n\t\t\t\t\t\t<div class=\"elementor-element elementor-element-3373def elementor-widget elementor-widget-image\" data-id=\"3373def\" data-element_type=\"widget\" data-e-type=\"widget\" data-widget_type=\"image.default\">\n\t\t\t\t<div class=\"elementor-widget-container\">\n\t\t\t\t\t\t\t\t\t\t\t\t\t\t\t<img decoding=\"async\" width=\"319\" height=\"68\" src=\"https:\/\/web-sme-csp.com\/albania\/wp-content\/uploads\/sites\/6\/2021\/02\/ortp.png\" class=\"attachment-large size-large wp-image-404\" alt=\"\" srcset=\"https:\/\/web-sme-csp.com\/albania\/wp-content\/uploads\/sites\/6\/2021\/02\/ortp.png 319w, https:\/\/web-sme-csp.com\/albania\/wp-content\/uploads\/sites\/6\/2021\/02\/ortp-300x64.png 300w\" sizes=\"(max-width: 319px) 100vw, 319px\" \/>\t\t\t\t\t\t\t\t\t\t\t\t\t\t\t<\/div>\n\t\t\t\t<\/div>\n\t\t\t\t\t<\/div>\n\t\t<\/div>\n\t\t\t\t<div class=\"elementor-column elementor-col-50 elementor-top-column elementor-element elementor-element-80d9a52\" data-id=\"80d9a52\" data-element_type=\"column\" data-e-type=\"column\">\n\t\t\t<div class=\"elementor-widget-wrap elementor-element-populated\">\n\t\t\t\t\t\t<div class=\"elementor-element elementor-element-ceaa914 elementor-widget elementor-widget-text-editor\" data-id=\"ceaa914\" data-element_type=\"widget\" data-e-type=\"widget\" data-widget_type=\"text-editor.default\">\n\t\t\t\t<div class=\"elementor-widget-container\">\n\t\t\t\t\t\t\t\t\t<p>Grupi OTP \u00ebsht\u00eb nj\u00eb nga grupet bankare lider n\u00eb Evrop\u00ebn Qendrore dhe Lindore.<\/p><p>Ju sh\u00ebrben m\u00eb shum\u00eb se 19 milion\u00eb klient\u00ebve n\u00eb 12 shtete me nj\u00eb gam\u00eb t\u00eb gjer\u00eb produktesh financiare. Suksesi i tij unikat n\u00eb Evrop\u00eb i dedikohet po ashtu zyrave qendrore n\u00eb rajon dhe histories 70 vje\u00e7are: Grupi OTP kupton nevojat e konsumator\u00ebve, \u00ebsht\u00eb i hapur p\u00ebr inovacion dhe zhvillimi i tij p\u00ebrcaktohet nga operacione t\u00eb parashikueshme dhe stabile.\u00a0 \u00a0E themeluar q\u00eb prej vitit 1949, kompania \u00ebsht\u00eb zhvilluar p\u00ebr t\u00eb qen\u00eb sot nj\u00eb grup bankar ofrues i sh\u00ebrbimeve financiare universale.<\/p><p>Grupi OTP hyri n\u00eb tregun bankar shqiptar zyrtarisht n\u00eb vitin 2019 p\u00ebrmes nj\u00eb lajm\u00ebrimi zyrtar me date 2 gusht 2018 nga Soci\u00e9t\u00e9 G\u00e9n\u00e9ral i cili lajm\u00ebroi shitjen e aksioneve t\u00eb\u00a0 tij nga Soci\u00e9t\u00e9 G\u00e9n\u00e9ral Albania ndaj OTP Bank Albania.<\/p><p>OTP Bank Albania ka nj\u00eb rrjet deg\u00ebsh t\u00eb pozicionuar strategjikisht dhe nj\u00eb rrjet bankomatesh t\u00eb vendosur strategjikisht n\u00eb t\u00eb gjith\u00eb Shqip\u00ebrin\u00eb. Rritja dhe zgjerimi i rrjetit t\u00eb deg\u00ebve ka ardhur paralelisht me rritjen e numrit t\u00eb klient\u00ebve.<\/p><p>\u00a0<\/p>\t\t\t\t\t\t\t\t<\/div>\n\t\t\t\t<\/div>\n\t\t\t\t\t<\/div>\n\t\t<\/div>\n\t\t\t\t\t<\/div>\n\t\t<\/section>\n\t\t\t\t<section class=\"elementor-section elementor-top-section elementor-element elementor-element-209989d elementor-section-boxed elementor-section-height-default elementor-section-height-default\" data-id=\"209989d\" data-element_type=\"section\" data-e-type=\"section\">\n\t\t\t\t\t\t<div class=\"elementor-container elementor-column-gap-default\">\n\t\t\t\t\t<div class=\"elementor-column elementor-col-50 elementor-top-column elementor-element elementor-element-d24b83d\" data-id=\"d24b83d\" data-element_type=\"column\" data-e-type=\"column\">\n\t\t\t<div class=\"elementor-widget-wrap elementor-element-populated\">\n\t\t\t\t\t\t<div class=\"elementor-element elementor-element-4b0716f elementor-widget elementor-widget-image\" data-id=\"4b0716f\" data-element_type=\"widget\" data-e-type=\"widget\" data-widget_type=\"image.default\">\n\t\t\t\t<div class=\"elementor-widget-container\">\n\t\t\t\t\t\t\t\t\t\t\t\t\t\t\t\t<a href=\"https:\/\/www.procreditbank.com.al\/shq\/faqja-kryesore\/\">\n\t\t\t\t\t\t\t<img fetchpriority=\"high\" decoding=\"async\" width=\"800\" height=\"566\" src=\"https:\/\/web-sme-csp.com\/albania\/wp-content\/uploads\/sites\/6\/2022\/11\/logo_pcb_horiz_4c-1024x724.png\" class=\"attachment-large size-large wp-image-448\" alt=\"\" srcset=\"https:\/\/web-sme-csp.com\/albania\/wp-content\/uploads\/sites\/6\/2022\/11\/logo_pcb_horiz_4c-1024x724.png 1024w, https:\/\/web-sme-csp.com\/albania\/wp-content\/uploads\/sites\/6\/2022\/11\/logo_pcb_horiz_4c-300x212.png 300w, https:\/\/web-sme-csp.com\/albania\/wp-content\/uploads\/sites\/6\/2022\/11\/logo_pcb_horiz_4c-768x543.png 768w, https:\/\/web-sme-csp.com\/albania\/wp-content\/uploads\/sites\/6\/2022\/11\/logo_pcb_horiz_4c.png 1169w\" sizes=\"(max-width: 800px) 100vw, 800px\" \/>\t\t\t\t\t\t\t\t<\/a>\n\t\t\t\t\t\t\t\t\t\t\t\t\t\t\t<\/div>\n\t\t\t\t<\/div>\n\t\t\t\t\t<\/div>\n\t\t<\/div>\n\t\t\t\t<div class=\"elementor-column elementor-col-50 elementor-top-column elementor-element elementor-element-02782ac\" data-id=\"02782ac\" data-element_type=\"column\" data-e-type=\"column\">\n\t\t\t<div class=\"elementor-widget-wrap elementor-element-populated\">\n\t\t\t\t\t\t<div class=\"elementor-element elementor-element-18e0a8a elementor-widget elementor-widget-text-editor\" data-id=\"18e0a8a\" data-element_type=\"widget\" data-e-type=\"widget\" data-widget_type=\"text-editor.default\">\n\t\t\t\t<div class=\"elementor-widget-container\">\n\t\t\t\t\t\t\t\t\t<p>ProCredit Bank \u00ebsht\u00eb pjes\u00eb e Grupit ProCredit, me seli n\u00eb Frankfurt, Gjermani. Ne jemi\u00a0nj\u00eb bank\u00eb tregtare e orientuar drejt zhvillimit, q\u00eb ofrojm\u00eb sh\u00ebrbim cil\u00ebsor p\u00ebr bizneset e vogla dhe te mesme si dhe p\u00ebr ata individ\u00eb q\u00eb kan\u00eb kapacitetin p\u00ebr t\u00eb kursyer dhe q\u00eb preferojn\u00eb t\u00eb sh\u00ebrbehen p\u00ebrmes kanaleve elektronike bankare. N\u00eb veprimet tona, ne i p\u00ebrmbahemi nj\u00eb numri t\u00eb caktuar parimesh baz\u00eb: ne vler\u00ebsojm\u00eb transparenc\u00ebn n\u00eb komunikimin me klient\u00ebt, nuk promovojm\u00eb kredin\u00eb konsumatore, p\u00ebrpiqemi t\u00eb minimizojm\u00eb ndikimin ton\u00eb negativ n\u00eb mjedis dhe ofrojm\u00eb sh\u00ebrbime financiare t\u00eb p\u00ebrshtatshme me situat\u00ebn e klient\u00ebve tan\u00eb si dhe t\u00eb bazuara n\u00eb nj\u00eb analize t\u00eb p\u00ebrgjegjshme financiare.<\/p><p>Fokusi yn\u00eb \u00ebsht\u00eb ofrimi i sh\u00ebrbimit cil\u00ebsor p\u00ebr sip\u00ebrmarrjet e vogla dhe t\u00eb mesme, sepse jemi t\u00eb bindur q\u00eb k\u00ebto biznese krijojn\u00eb numrin m\u00eb t\u00eb madh t\u00eb vendeve t\u00eb pun\u00ebs dhe u japin nj\u00eb kontribut thelb\u00ebsor ekonomive n\u00eb t\u00eb cilat operojn\u00eb. Ne promovojm\u00eb kultur\u00ebn e kursimit dhe p\u00ebrgjegj\u00ebsin\u00eb financiare, duke ofruar sh\u00ebrbime t\u00eb thjeshta depozituese p\u00ebr klient\u00ebt tan\u00eb, sh\u00ebrbime online dhe duke investuar burime t\u00eb konsiderueshme n\u00eb edukimin financiar, si p\u00ebr klient\u00eb biznesi ashtu edhe individ\u00eb privat\u00eb.<\/p><p>Aksionaret tan\u00eb presin nj\u00eb fitim t\u00eb q\u00ebndruesh\u00ebm nga investimi, por nuk jan\u00eb t\u00eb interesuar vet\u00ebm p\u00ebr maksimizimin afatshkurt\u00ebr t\u00eb fitimit. Ne investojm\u00eb n\u00eb m\u00ebnyr\u00eb t\u00eb vazhdueshme n\u00eb trajnimin e punonj\u00ebsve tan\u00eb, p\u00ebr t\u00eb krijuar nj\u00eb mjedis pune t\u00eb k\u00ebnaqsh\u00ebm dhe efikas, si edhe p\u00ebr t\u00eb siguruar sh\u00ebrbim profesional dhe t\u00eb p\u00ebrshtatsh\u00ebm p\u00ebr klient\u00ebt tan\u00eb.<\/p>\t\t\t\t\t\t\t\t<\/div>\n\t\t\t\t<\/div>\n\t\t\t\t\t<\/div>\n\t\t<\/div>\n\t\t\t\t\t<\/div>\n\t\t<\/section>\n\t\t\t\t<\/div>\n\t\t","protected":false},"excerpt":{"rendered":"<p>BANKAT PARTNERE BANKAT TONA PARTNERE\u00a0 P\u00ebr ta thjesht\u00ebsuar procesin, t\u00eb gjith\u00eb mekanizmat financiare jan\u00eb drejtuar n\u00ebp\u00ebrmjet Bankave Partnere lokale, t\u00eb cilat marrin mb\u00ebshtetje t\u00eb vazhdueshme nga Konsulent\u00ebt e Programit. Kushtet e kreditimit vendosen nga Bankat Partnere dhe vendimi p\u00ebrfundimtar p\u00ebr financimin e nj\u00eb kompanie aplikuese b\u00ebhet vet\u00ebm nga Bankat Partnere. BERZH, BE dhe Konsulent\u00ebt e [&hellip;]<\/p>\n","protected":false},"author":1,"featured_media":0,"parent":0,"menu_order":0,"comment_status":"closed","ping_status":"closed","template":"elementor_header_footer","meta":{"footnotes":""},"class_list":["post-217","page","type-page","status-publish","hentry"],"yoast_head":"<!-- This site is optimized with the Yoast SEO plugin v27.6 - https:\/\/yoast.com\/product\/yoast-seo-wordpress\/ -->\n<title>BANKAT PARTNERE - web-sme-csp.com Albania<\/title>\n<meta name=\"robots\" content=\"index, follow, max-snippet:-1, max-image-preview:large, max-video-preview:-1\" \/>\n<link rel=\"canonical\" href=\"https:\/\/web-sme-csp.com\/albania\/sq\/bankat-partnere\/\" \/>\n<meta property=\"og:locale\" content=\"sq_AL\" \/>\n<meta property=\"og:type\" content=\"article\" \/>\n<meta property=\"og:title\" content=\"BANKAT PARTNERE - web-sme-csp.com Albania\" \/>\n<meta property=\"og:description\" content=\"BANKAT PARTNERE BANKAT TONA PARTNERE\u00a0 P\u00ebr ta thjesht\u00ebsuar procesin, t\u00eb gjith\u00eb mekanizmat financiare jan\u00eb drejtuar n\u00ebp\u00ebrmjet Bankave Partnere lokale, t\u00eb cilat marrin mb\u00ebshtetje t\u00eb vazhdueshme nga Konsulent\u00ebt e Programit. Kushtet e kreditimit vendosen nga Bankat Partnere dhe vendimi p\u00ebrfundimtar p\u00ebr financimin e nj\u00eb kompanie aplikuese b\u00ebhet vet\u00ebm nga Bankat Partnere. BERZH, BE dhe Konsulent\u00ebt e [&hellip;]\" \/>\n<meta property=\"og:url\" content=\"https:\/\/web-sme-csp.com\/albania\/sq\/bankat-partnere\/\" \/>\n<meta property=\"og:site_name\" content=\"web-sme-csp.com Albania\" \/>\n<meta property=\"article:publisher\" content=\"https:\/\/www.facebook.com\/NVMShqiperi\" \/>\n<meta property=\"article:modified_time\" content=\"2022-11-23T09:42:14+00:00\" \/>\n<meta property=\"og:image\" content=\"https:\/\/web-sme-csp.com\/albania\/wp-content\/uploads\/sites\/6\/2021\/02\/ortp.png\" \/>\n<meta name=\"twitter:card\" content=\"summary_large_image\" \/>\n<meta name=\"twitter:label1\" content=\"Est. reading time\" \/>\n\t<meta name=\"twitter:data1\" content=\"3 minutes\" \/>\n<script type=\"application\/ld+json\" class=\"yoast-schema-graph\">{\"@context\":\"https:\\\/\\\/schema.org\",\"@graph\":[{\"@type\":\"WebPage\",\"@id\":\"https:\\\/\\\/web-sme-csp.com\\\/albania\\\/sq\\\/bankat-partnere\\\/\",\"url\":\"https:\\\/\\\/web-sme-csp.com\\\/albania\\\/sq\\\/bankat-partnere\\\/\",\"name\":\"BANKAT PARTNERE - web-sme-csp.com Albania\",\"isPartOf\":{\"@id\":\"https:\\\/\\\/web-sme-csp.com\\\/albania\\\/#website\"},\"primaryImageOfPage\":{\"@id\":\"https:\\\/\\\/web-sme-csp.com\\\/albania\\\/sq\\\/bankat-partnere\\\/#primaryimage\"},\"image\":{\"@id\":\"https:\\\/\\\/web-sme-csp.com\\\/albania\\\/sq\\\/bankat-partnere\\\/#primaryimage\"},\"thumbnailUrl\":\"https:\\\/\\\/web-sme-csp.com\\\/albania\\\/wp-content\\\/uploads\\\/sites\\\/6\\\/2021\\\/02\\\/ortp.png\",\"datePublished\":\"2021-01-19T10:46:27+00:00\",\"dateModified\":\"2022-11-23T09:42:14+00:00\",\"breadcrumb\":{\"@id\":\"https:\\\/\\\/web-sme-csp.com\\\/albania\\\/sq\\\/bankat-partnere\\\/#breadcrumb\"},\"inLanguage\":\"sq-AL\",\"potentialAction\":[{\"@type\":\"ReadAction\",\"target\":[\"https:\\\/\\\/web-sme-csp.com\\\/albania\\\/sq\\\/bankat-partnere\\\/\"]}]},{\"@type\":\"ImageObject\",\"inLanguage\":\"sq-AL\",\"@id\":\"https:\\\/\\\/web-sme-csp.com\\\/albania\\\/sq\\\/bankat-partnere\\\/#primaryimage\",\"url\":\"https:\\\/\\\/web-sme-csp.com\\\/albania\\\/wp-content\\\/uploads\\\/sites\\\/6\\\/2021\\\/02\\\/ortp.png\",\"contentUrl\":\"https:\\\/\\\/web-sme-csp.com\\\/albania\\\/wp-content\\\/uploads\\\/sites\\\/6\\\/2021\\\/02\\\/ortp.png\"},{\"@type\":\"BreadcrumbList\",\"@id\":\"https:\\\/\\\/web-sme-csp.com\\\/albania\\\/sq\\\/bankat-partnere\\\/#breadcrumb\",\"itemListElement\":[{\"@type\":\"ListItem\",\"position\":1,\"name\":\"Home\",\"item\":\"https:\\\/\\\/web-sme-csp.com\\\/albania\\\/sq\\\/faqja-kryesore\\\/\"},{\"@type\":\"ListItem\",\"position\":2,\"name\":\"BANKAT PARTNERE\"}]},{\"@type\":\"WebSite\",\"@id\":\"https:\\\/\\\/web-sme-csp.com\\\/albania\\\/#website\",\"url\":\"https:\\\/\\\/web-sme-csp.com\\\/albania\\\/\",\"name\":\"web-sme-csp.com Albania\",\"description\":\"Albania\",\"publisher\":{\"@id\":\"https:\\\/\\\/web-sme-csp.com\\\/albania\\\/#organization\"},\"potentialAction\":[{\"@type\":\"SearchAction\",\"target\":{\"@type\":\"EntryPoint\",\"urlTemplate\":\"https:\\\/\\\/web-sme-csp.com\\\/albania\\\/?s={search_term_string}\"},\"query-input\":{\"@type\":\"PropertyValueSpecification\",\"valueRequired\":true,\"valueName\":\"search_term_string\"}}],\"inLanguage\":\"sq-AL\"},{\"@type\":\"Organization\",\"@id\":\"https:\\\/\\\/web-sme-csp.com\\\/albania\\\/#organization\",\"name\":\"web-sme-csp.com Albania\",\"url\":\"https:\\\/\\\/web-sme-csp.com\\\/albania\\\/\",\"logo\":{\"@type\":\"ImageObject\",\"inLanguage\":\"sq-AL\",\"@id\":\"https:\\\/\\\/web-sme-csp.com\\\/albania\\\/#\\\/schema\\\/logo\\\/image\\\/\",\"url\":\"https:\\\/\\\/web-sme-csp.com\\\/albania\\\/wp-content\\\/uploads\\\/sites\\\/6\\\/2022\\\/11\\\/logo-en.png\",\"contentUrl\":\"https:\\\/\\\/web-sme-csp.com\\\/albania\\\/wp-content\\\/uploads\\\/sites\\\/6\\\/2022\\\/11\\\/logo-en.png\",\"width\":1280,\"height\":320,\"caption\":\"web-sme-csp.com Albania\"},\"image\":{\"@id\":\"https:\\\/\\\/web-sme-csp.com\\\/albania\\\/#\\\/schema\\\/logo\\\/image\\\/\"},\"sameAs\":[\"https:\\\/\\\/www.facebook.com\\\/NVMShqiperi\"]}]}<\/script>\n<!-- \/ Yoast SEO plugin. -->","yoast_head_json":{"title":"BANKAT PARTNERE - web-sme-csp.com Albania","robots":{"index":"index","follow":"follow","max-snippet":"max-snippet:-1","max-image-preview":"max-image-preview:large","max-video-preview":"max-video-preview:-1"},"canonical":"https:\/\/web-sme-csp.com\/albania\/sq\/bankat-partnere\/","og_locale":"sq_AL","og_type":"article","og_title":"BANKAT PARTNERE - web-sme-csp.com Albania","og_description":"BANKAT PARTNERE BANKAT TONA PARTNERE\u00a0 P\u00ebr ta thjesht\u00ebsuar procesin, t\u00eb gjith\u00eb mekanizmat financiare jan\u00eb drejtuar n\u00ebp\u00ebrmjet Bankave Partnere lokale, t\u00eb cilat marrin mb\u00ebshtetje t\u00eb vazhdueshme nga Konsulent\u00ebt e Programit. Kushtet e kreditimit vendosen nga Bankat Partnere dhe vendimi p\u00ebrfundimtar p\u00ebr financimin e nj\u00eb kompanie aplikuese b\u00ebhet vet\u00ebm nga Bankat Partnere. BERZH, BE dhe Konsulent\u00ebt e [&hellip;]","og_url":"https:\/\/web-sme-csp.com\/albania\/sq\/bankat-partnere\/","og_site_name":"web-sme-csp.com Albania","article_publisher":"https:\/\/www.facebook.com\/NVMShqiperi","article_modified_time":"2022-11-23T09:42:14+00:00","og_image":[{"url":"https:\/\/web-sme-csp.com\/albania\/wp-content\/uploads\/sites\/6\/2021\/02\/ortp.png","type":"","width":"","height":""}],"twitter_card":"summary_large_image","twitter_misc":{"Est. reading time":"3 minutes"},"schema":{"@context":"https:\/\/schema.org","@graph":[{"@type":"WebPage","@id":"https:\/\/web-sme-csp.com\/albania\/sq\/bankat-partnere\/","url":"https:\/\/web-sme-csp.com\/albania\/sq\/bankat-partnere\/","name":"BANKAT PARTNERE - web-sme-csp.com Albania","isPartOf":{"@id":"https:\/\/web-sme-csp.com\/albania\/#website"},"primaryImageOfPage":{"@id":"https:\/\/web-sme-csp.com\/albania\/sq\/bankat-partnere\/#primaryimage"},"image":{"@id":"https:\/\/web-sme-csp.com\/albania\/sq\/bankat-partnere\/#primaryimage"},"thumbnailUrl":"https:\/\/web-sme-csp.com\/albania\/wp-content\/uploads\/sites\/6\/2021\/02\/ortp.png","datePublished":"2021-01-19T10:46:27+00:00","dateModified":"2022-11-23T09:42:14+00:00","breadcrumb":{"@id":"https:\/\/web-sme-csp.com\/albania\/sq\/bankat-partnere\/#breadcrumb"},"inLanguage":"sq-AL","potentialAction":[{"@type":"ReadAction","target":["https:\/\/web-sme-csp.com\/albania\/sq\/bankat-partnere\/"]}]},{"@type":"ImageObject","inLanguage":"sq-AL","@id":"https:\/\/web-sme-csp.com\/albania\/sq\/bankat-partnere\/#primaryimage","url":"https:\/\/web-sme-csp.com\/albania\/wp-content\/uploads\/sites\/6\/2021\/02\/ortp.png","contentUrl":"https:\/\/web-sme-csp.com\/albania\/wp-content\/uploads\/sites\/6\/2021\/02\/ortp.png"},{"@type":"BreadcrumbList","@id":"https:\/\/web-sme-csp.com\/albania\/sq\/bankat-partnere\/#breadcrumb","itemListElement":[{"@type":"ListItem","position":1,"name":"Home","item":"https:\/\/web-sme-csp.com\/albania\/sq\/faqja-kryesore\/"},{"@type":"ListItem","position":2,"name":"BANKAT PARTNERE"}]},{"@type":"WebSite","@id":"https:\/\/web-sme-csp.com\/albania\/#website","url":"https:\/\/web-sme-csp.com\/albania\/","name":"web-sme-csp.com Albania","description":"Albania","publisher":{"@id":"https:\/\/web-sme-csp.com\/albania\/#organization"},"potentialAction":[{"@type":"SearchAction","target":{"@type":"EntryPoint","urlTemplate":"https:\/\/web-sme-csp.com\/albania\/?s={search_term_string}"},"query-input":{"@type":"PropertyValueSpecification","valueRequired":true,"valueName":"search_term_string"}}],"inLanguage":"sq-AL"},{"@type":"Organization","@id":"https:\/\/web-sme-csp.com\/albania\/#organization","name":"web-sme-csp.com Albania","url":"https:\/\/web-sme-csp.com\/albania\/","logo":{"@type":"ImageObject","inLanguage":"sq-AL","@id":"https:\/\/web-sme-csp.com\/albania\/#\/schema\/logo\/image\/","url":"https:\/\/web-sme-csp.com\/albania\/wp-content\/uploads\/sites\/6\/2022\/11\/logo-en.png","contentUrl":"https:\/\/web-sme-csp.com\/albania\/wp-content\/uploads\/sites\/6\/2022\/11\/logo-en.png","width":1280,"height":320,"caption":"web-sme-csp.com Albania"},"image":{"@id":"https:\/\/web-sme-csp.com\/albania\/#\/schema\/logo\/image\/"},"sameAs":["https:\/\/www.facebook.com\/NVMShqiperi"]}]}},"_links":{"self":[{"href":"https:\/\/web-sme-csp.com\/albania\/sq\/wp-json\/wp\/v2\/pages\/217","targetHints":{"allow":["GET"]}}],"collection":[{"href":"https:\/\/web-sme-csp.com\/albania\/sq\/wp-json\/wp\/v2\/pages"}],"about":[{"href":"https:\/\/web-sme-csp.com\/albania\/sq\/wp-json\/wp\/v2\/types\/page"}],"author":[{"embeddable":true,"href":"https:\/\/web-sme-csp.com\/albania\/sq\/wp-json\/wp\/v2\/users\/1"}],"replies":[{"embeddable":true,"href":"https:\/\/web-sme-csp.com\/albania\/sq\/wp-json\/wp\/v2\/comments?post=217"}],"version-history":[{"count":13,"href":"https:\/\/web-sme-csp.com\/albania\/sq\/wp-json\/wp\/v2\/pages\/217\/revisions"}],"predecessor-version":[{"id":454,"href":"https:\/\/web-sme-csp.com\/albania\/sq\/wp-json\/wp\/v2\/pages\/217\/revisions\/454"}],"wp:attachment":[{"href":"https:\/\/web-sme-csp.com\/albania\/sq\/wp-json\/wp\/v2\/media?parent=217"}],"curies":[{"name":"wp","href":"https:\/\/api.w.org\/{rel}","templated":true}]}}