{"id":207,"date":"2021-01-19T10:42:04","date_gmt":"2021-01-19T10:42:04","guid":{"rendered":"https:\/\/web-sme-csp.com\/albania\/?page_id=207"},"modified":"2021-01-19T10:42:54","modified_gmt":"2021-01-19T10:42:54","slug":"selektori-i-teknologjise","status":"publish","type":"page","link":"https:\/\/web-sme-csp.com\/albania\/sq\/selektori-i-teknologjise\/","title":{"rendered":"SELEKTORI I TEKNOLOGJIS\u00cb"},"content":{"rendered":"\t\t<div data-elementor-type=\"wp-page\" data-elementor-id=\"207\" class=\"elementor elementor-207\" data-elementor-post-type=\"page\">\n\t\t\t\t\t\t<section class=\"elementor-section elementor-top-section elementor-element elementor-element-09edab7 elementor-section-full_width elementor-section-height-default elementor-section-height-default\" data-id=\"09edab7\" data-element_type=\"section\" data-e-type=\"section\" data-settings=\"{&quot;background_background&quot;:&quot;classic&quot;}\">\n\t\t\t\t\t\t<div class=\"elementor-container elementor-column-gap-no\">\n\t\t\t\t\t<div class=\"elementor-column elementor-col-100 elementor-top-column elementor-element elementor-element-85e5eac\" data-id=\"85e5eac\" data-element_type=\"column\" data-e-type=\"column\">\n\t\t\t<div class=\"elementor-widget-wrap elementor-element-populated\">\n\t\t\t\t\t\t<div class=\"elementor-element elementor-element-f93f50e elementor-skin-carousel elementor-widget elementor-widget-media-carousel\" data-id=\"f93f50e\" data-element_type=\"widget\" data-e-type=\"widget\" data-settings=\"{&quot;space_between&quot;:{&quot;unit&quot;:&quot;px&quot;,&quot;size&quot;:0,&quot;sizes&quot;:[]},&quot;skin&quot;:&quot;carousel&quot;,&quot;effect&quot;:&quot;slide&quot;,&quot;speed&quot;:500,&quot;autoplay&quot;:&quot;yes&quot;,&quot;autoplay_speed&quot;:5000,&quot;loop&quot;:&quot;yes&quot;,&quot;pause_on_hover&quot;:&quot;yes&quot;,&quot;pause_on_interaction&quot;:&quot;yes&quot;,&quot;space_between_tablet&quot;:{&quot;unit&quot;:&quot;px&quot;,&quot;size&quot;:10,&quot;sizes&quot;:[]},&quot;space_between_mobile&quot;:{&quot;unit&quot;:&quot;px&quot;,&quot;size&quot;:10,&quot;sizes&quot;:[]}}\" data-widget_type=\"media-carousel.default\">\n\t\t\t\t<div class=\"elementor-widget-container\">\n\t\t\t\t\t\t\t\t\t<div class=\"elementor-swiper\">\n\t\t\t\t\t<div class=\"elementor-main-swiper swiper\" role=\"region\" aria-roledescription=\"carousel\" aria-label=\"Slides\">\n\t\t\t\t<div class=\"swiper-wrapper\">\n\t\t\t\t\t\t\t\t\t\t\t<div class=\"swiper-slide\" role=\"group\" aria-roledescription=\"slide\">\n\t\t\t\t\t\t\t\t\t<div class=\"elementor-carousel-image\" role=\"img\" aria-label=\"\" style=\"background-image: url(&#039;https:\/\/westernbalkan.ybm.eu\/kosovo\/wp-content\/uploads\/sites\/3\/2019\/03\/124-e1552606007913.jpg&#039;)\">\n\n\t\t\t\n\t\t\t\t\t<\/div>\n\t\t\t\t\t\t\t\t<\/div>\n\t\t\t\t\t\t\t\t\t<\/div>\n\t\t\t\t\t\t\t<\/div>\n\t\t\t\t<\/div>\n\t\t\t\t\t\t\t\t<\/div>\n\t\t\t\t<\/div>\n\t\t\t\t\t<\/div>\n\t\t<\/div>\n\t\t\t\t\t<\/div>\n\t\t<\/section>\n\t\t\t\t<section class=\"elementor-section elementor-top-section elementor-element elementor-element-86bd0f7 elementor-section-content-middle elementor-section-boxed elementor-section-height-default elementor-section-height-default\" data-id=\"86bd0f7\" data-element_type=\"section\" data-e-type=\"section\" data-settings=\"{&quot;background_background&quot;:&quot;classic&quot;}\">\n\t\t\t\t\t\t<div class=\"elementor-container elementor-column-gap-default\">\n\t\t\t\t\t<div class=\"elementor-column elementor-col-100 elementor-top-column elementor-element elementor-element-fc05457\" data-id=\"fc05457\" data-element_type=\"column\" data-e-type=\"column\" data-settings=\"{&quot;background_background&quot;:&quot;classic&quot;}\">\n\t\t\t<div class=\"elementor-widget-wrap elementor-element-populated\">\n\t\t\t\t\t\t<div class=\"elementor-element elementor-element-97a8afd elementor-widget elementor-widget-heading\" data-id=\"97a8afd\" data-element_type=\"widget\" data-e-type=\"widget\" data-widget_type=\"heading.default\">\n\t\t\t\t<div class=\"elementor-widget-container\">\n\t\t\t\t\t<h1 class=\"elementor-heading-title elementor-size-default\">SELEKTORI I TEKNOLOGJIS\u00cb<\/h1>\t\t\t\t<\/div>\n\t\t\t\t<\/div>\n\t\t\t\t<div class=\"elementor-element elementor-element-ed72e30 elementor-widget elementor-widget-text-editor\" data-id=\"ed72e30\" data-element_type=\"widget\" data-e-type=\"widget\" data-widget_type=\"text-editor.default\">\n\t\t\t\t<div class=\"elementor-widget-container\">\n\t\t\t\t\t\t\t\t\t<p style=\"text-align: center; background: white; margin: 0in 0in .25in 0in;\" align=\"center\"><span style=\"font-size: 15.0pt; font-family: 'Arial',sans-serif; color: black; text-transform: uppercase; letter-spacing: 7.5pt;\">QASJA STANDARDE<\/span><\/p>\t\t\t\t\t\t\t\t<\/div>\n\t\t\t\t<\/div>\n\t\t\t\t\t<\/div>\n\t\t<\/div>\n\t\t\t\t\t<\/div>\n\t\t<\/section>\n\t\t\t\t<section class=\"elementor-section elementor-top-section elementor-element elementor-element-71c316b elementor-section-boxed elementor-section-height-default elementor-section-height-default\" data-id=\"71c316b\" data-element_type=\"section\" data-e-type=\"section\">\n\t\t\t\t\t\t<div class=\"elementor-container elementor-column-gap-default\">\n\t\t\t\t\t<div class=\"elementor-column elementor-col-100 elementor-top-column elementor-element elementor-element-d6551cc\" data-id=\"d6551cc\" data-element_type=\"column\" data-e-type=\"column\">\n\t\t\t<div class=\"elementor-widget-wrap elementor-element-populated\">\n\t\t\t\t\t\t<div class=\"elementor-element elementor-element-6ee2a99 elementor-widget elementor-widget-text-editor\" data-id=\"6ee2a99\" data-element_type=\"widget\" data-e-type=\"widget\" data-widget_type=\"text-editor.default\">\n\t\t\t\t<div class=\"elementor-widget-container\">\n\t\t\t\t\t\t\t\t\t<p>Selektori i Teknologjis\u00eb \u00ebsht\u00eb nj\u00eb list\u00eb e teknologjive dhe materialeve me performanc\u00eb t\u00eb lart\u00eb q\u00eb jan\u00eb vler\u00ebsuar dhe para-miratuar si t\u00eb pranueshme p\u00ebr financim n\u00eb kuad\u00ebr t\u00eb Programit p\u00ebr Mb\u00ebshtetjen e Konkurrueshm\u00ebris\u00eb s\u00eb NVM-ve n\u00eb Shqip\u00ebri.<\/p><p>Pajisjet dhe materialet e para-miratuara p\u00ebrmbushin Direktivat Prioritare t\u00eb BE-s\u00eb dhe n\u00eb shum\u00eb raste p\u00ebrmbushin ose tejkalojn\u00eb k\u00ebrkesat minimale t\u00eb performanc\u00ebs s\u00eb energjis\u00eb dhe performojn\u00eb m\u00eb shum\u00eb se praktikat aktuale t\u00eb tregut q\u00eb rezultojn\u00eb me p\u00ebrfitime t\u00eb qarta dhe p\u00ebrmir\u00ebsime mjedisore.<\/p><p>Lista p\u00ebrdit\u00ebsohet rregullisht p\u00ebr t\u00eb p\u00ebrfshir\u00eb teknologjit\u00eb, materialet dhe furnizues t\u00eb ri.<\/p><p>Pajisjet tuaja t\u00eb preferuara nuk jan\u00eb t\u00eb p\u00ebrfshira n\u00eb Selektorin e Teknologjis\u00eb? Nuk ka problem! Kontaktoni Konsulent\u00ebt e Projektit me detajet e pajisjeve q\u00eb d\u00ebshironi t\u2019i blini. Ekipi yn\u00eb i ekspert\u00ebve do t\u00eb vler\u00ebsoj\u00eb teknologjin\u00eb dhe, n\u00ebse i p\u00ebrmbush kriteret, do t\u00eb p\u00ebrfshihet n\u00eb Selektorin e Teknologjis\u00eb.<\/p>\t\t\t\t\t\t\t\t<\/div>\n\t\t\t\t<\/div>\n\t\t\t\t<div class=\"elementor-element elementor-element-ec68f0a elementor-align-center elementor-widget elementor-widget-button\" data-id=\"ec68f0a\" data-element_type=\"widget\" data-e-type=\"widget\" data-widget_type=\"button.default\">\n\t\t\t\t<div class=\"elementor-widget-container\">\n\t\t\t\t\t\t\t\t\t<div class=\"elementor-button-wrapper\">\n\t\t\t\t\t<a class=\"elementor-button elementor-button-link elementor-size-xl\" href=\"https:\/\/let.web-sme-csp.com\/\">\n\t\t\t\t\t\t<span class=\"elementor-button-content-wrapper\">\n\t\t\t\t\t\t\t\t\t<span class=\"elementor-button-text\">Hyni n\u00eb Selektorin e Teknologjis\u00eb<\/span>\n\t\t\t\t\t<\/span>\n\t\t\t\t\t<\/a>\n\t\t\t\t<\/div>\n\t\t\t\t\t\t\t\t<\/div>\n\t\t\t\t<\/div>\n\t\t\t\t\t<\/div>\n\t\t<\/div>\n\t\t\t\t\t<\/div>\n\t\t<\/section>\n\t\t\t\t<\/div>\n\t\t","protected":false},"excerpt":{"rendered":"<p>SELEKTORI I TEKNOLOGJIS\u00cb QASJA STANDARDE Selektori i Teknologjis\u00eb \u00ebsht\u00eb nj\u00eb list\u00eb e teknologjive dhe materialeve me performanc\u00eb t\u00eb lart\u00eb q\u00eb jan\u00eb vler\u00ebsuar dhe para-miratuar si t\u00eb pranueshme p\u00ebr financim n\u00eb kuad\u00ebr t\u00eb Programit p\u00ebr Mb\u00ebshtetjen e Konkurrueshm\u00ebris\u00eb s\u00eb NVM-ve n\u00eb Shqip\u00ebri. Pajisjet dhe materialet e para-miratuara p\u00ebrmbushin Direktivat Prioritare t\u00eb BE-s\u00eb dhe n\u00eb shum\u00eb raste [&hellip;]<\/p>\n","protected":false},"author":1,"featured_media":0,"parent":0,"menu_order":0,"comment_status":"closed","ping_status":"closed","template":"elementor_header_footer","meta":{"footnotes":""},"class_list":["post-207","page","type-page","status-publish","hentry"],"yoast_head":"<!-- This site is optimized with the Yoast SEO plugin v27.5 - https:\/\/yoast.com\/product\/yoast-seo-wordpress\/ -->\n<title>SELEKTORI I TEKNOLOGJIS\u00cb - web-sme-csp.com Albania<\/title>\n<meta name=\"robots\" content=\"index, follow, max-snippet:-1, max-image-preview:large, max-video-preview:-1\" \/>\n<link rel=\"canonical\" href=\"https:\/\/web-sme-csp.com\/albania\/sq\/selektori-i-teknologjise\/\" \/>\n<meta property=\"og:locale\" content=\"sq_AL\" \/>\n<meta property=\"og:type\" content=\"article\" \/>\n<meta property=\"og:title\" content=\"SELEKTORI I TEKNOLOGJIS\u00cb - web-sme-csp.com Albania\" \/>\n<meta property=\"og:description\" content=\"SELEKTORI I TEKNOLOGJIS\u00cb QASJA STANDARDE Selektori i Teknologjis\u00eb \u00ebsht\u00eb nj\u00eb list\u00eb e teknologjive dhe materialeve me performanc\u00eb t\u00eb lart\u00eb q\u00eb jan\u00eb vler\u00ebsuar dhe para-miratuar si t\u00eb pranueshme p\u00ebr financim n\u00eb kuad\u00ebr t\u00eb Programit p\u00ebr Mb\u00ebshtetjen e Konkurrueshm\u00ebris\u00eb s\u00eb NVM-ve n\u00eb Shqip\u00ebri. Pajisjet dhe materialet e para-miratuara p\u00ebrmbushin Direktivat Prioritare t\u00eb BE-s\u00eb dhe n\u00eb shum\u00eb raste [&hellip;]\" \/>\n<meta property=\"og:url\" content=\"https:\/\/web-sme-csp.com\/albania\/sq\/selektori-i-teknologjise\/\" \/>\n<meta property=\"og:site_name\" content=\"web-sme-csp.com Albania\" \/>\n<meta property=\"article:publisher\" content=\"https:\/\/www.facebook.com\/NVMShqiperi\" \/>\n<meta property=\"article:modified_time\" content=\"2021-01-19T10:42:54+00:00\" \/>\n<meta name=\"twitter:card\" content=\"summary_large_image\" \/>\n<meta name=\"twitter:label1\" content=\"Est. reading time\" \/>\n\t<meta name=\"twitter:data1\" content=\"1 minute\" \/>\n<script type=\"application\/ld+json\" class=\"yoast-schema-graph\">{\"@context\":\"https:\\\/\\\/schema.org\",\"@graph\":[{\"@type\":\"WebPage\",\"@id\":\"https:\\\/\\\/web-sme-csp.com\\\/albania\\\/sq\\\/selektori-i-teknologjise\\\/\",\"url\":\"https:\\\/\\\/web-sme-csp.com\\\/albania\\\/sq\\\/selektori-i-teknologjise\\\/\",\"name\":\"SELEKTORI I TEKNOLOGJIS\u00cb - web-sme-csp.com Albania\",\"isPartOf\":{\"@id\":\"https:\\\/\\\/web-sme-csp.com\\\/albania\\\/#website\"},\"datePublished\":\"2021-01-19T10:42:04+00:00\",\"dateModified\":\"2021-01-19T10:42:54+00:00\",\"breadcrumb\":{\"@id\":\"https:\\\/\\\/web-sme-csp.com\\\/albania\\\/sq\\\/selektori-i-teknologjise\\\/#breadcrumb\"},\"inLanguage\":\"sq-AL\",\"potentialAction\":[{\"@type\":\"ReadAction\",\"target\":[\"https:\\\/\\\/web-sme-csp.com\\\/albania\\\/sq\\\/selektori-i-teknologjise\\\/\"]}]},{\"@type\":\"BreadcrumbList\",\"@id\":\"https:\\\/\\\/web-sme-csp.com\\\/albania\\\/sq\\\/selektori-i-teknologjise\\\/#breadcrumb\",\"itemListElement\":[{\"@type\":\"ListItem\",\"position\":1,\"name\":\"Home\",\"item\":\"https:\\\/\\\/web-sme-csp.com\\\/albania\\\/sq\\\/faqja-kryesore\\\/\"},{\"@type\":\"ListItem\",\"position\":2,\"name\":\"SELEKTORI I TEKNOLOGJIS\u00cb\"}]},{\"@type\":\"WebSite\",\"@id\":\"https:\\\/\\\/web-sme-csp.com\\\/albania\\\/#website\",\"url\":\"https:\\\/\\\/web-sme-csp.com\\\/albania\\\/\",\"name\":\"web-sme-csp.com Albania\",\"description\":\"Albania\",\"publisher\":{\"@id\":\"https:\\\/\\\/web-sme-csp.com\\\/albania\\\/#organization\"},\"potentialAction\":[{\"@type\":\"SearchAction\",\"target\":{\"@type\":\"EntryPoint\",\"urlTemplate\":\"https:\\\/\\\/web-sme-csp.com\\\/albania\\\/?s={search_term_string}\"},\"query-input\":{\"@type\":\"PropertyValueSpecification\",\"valueRequired\":true,\"valueName\":\"search_term_string\"}}],\"inLanguage\":\"sq-AL\"},{\"@type\":\"Organization\",\"@id\":\"https:\\\/\\\/web-sme-csp.com\\\/albania\\\/#organization\",\"name\":\"web-sme-csp.com Albania\",\"url\":\"https:\\\/\\\/web-sme-csp.com\\\/albania\\\/\",\"logo\":{\"@type\":\"ImageObject\",\"inLanguage\":\"sq-AL\",\"@id\":\"https:\\\/\\\/web-sme-csp.com\\\/albania\\\/#\\\/schema\\\/logo\\\/image\\\/\",\"url\":\"https:\\\/\\\/web-sme-csp.com\\\/albania\\\/wp-content\\\/uploads\\\/sites\\\/6\\\/2022\\\/11\\\/logo-en.png\",\"contentUrl\":\"https:\\\/\\\/web-sme-csp.com\\\/albania\\\/wp-content\\\/uploads\\\/sites\\\/6\\\/2022\\\/11\\\/logo-en.png\",\"width\":1280,\"height\":320,\"caption\":\"web-sme-csp.com Albania\"},\"image\":{\"@id\":\"https:\\\/\\\/web-sme-csp.com\\\/albania\\\/#\\\/schema\\\/logo\\\/image\\\/\"},\"sameAs\":[\"https:\\\/\\\/www.facebook.com\\\/NVMShqiperi\"]}]}<\/script>\n<!-- \/ Yoast SEO plugin. -->","yoast_head_json":{"title":"SELEKTORI I TEKNOLOGJIS\u00cb - web-sme-csp.com Albania","robots":{"index":"index","follow":"follow","max-snippet":"max-snippet:-1","max-image-preview":"max-image-preview:large","max-video-preview":"max-video-preview:-1"},"canonical":"https:\/\/web-sme-csp.com\/albania\/sq\/selektori-i-teknologjise\/","og_locale":"sq_AL","og_type":"article","og_title":"SELEKTORI I TEKNOLOGJIS\u00cb - web-sme-csp.com Albania","og_description":"SELEKTORI I TEKNOLOGJIS\u00cb QASJA STANDARDE Selektori i Teknologjis\u00eb \u00ebsht\u00eb nj\u00eb list\u00eb e teknologjive dhe materialeve me performanc\u00eb t\u00eb lart\u00eb q\u00eb jan\u00eb vler\u00ebsuar dhe para-miratuar si t\u00eb pranueshme p\u00ebr financim n\u00eb kuad\u00ebr t\u00eb Programit p\u00ebr Mb\u00ebshtetjen e Konkurrueshm\u00ebris\u00eb s\u00eb NVM-ve n\u00eb Shqip\u00ebri. Pajisjet dhe materialet e para-miratuara p\u00ebrmbushin Direktivat Prioritare t\u00eb BE-s\u00eb dhe n\u00eb shum\u00eb raste [&hellip;]","og_url":"https:\/\/web-sme-csp.com\/albania\/sq\/selektori-i-teknologjise\/","og_site_name":"web-sme-csp.com Albania","article_publisher":"https:\/\/www.facebook.com\/NVMShqiperi","article_modified_time":"2021-01-19T10:42:54+00:00","twitter_card":"summary_large_image","twitter_misc":{"Est. reading time":"1 minute"},"schema":{"@context":"https:\/\/schema.org","@graph":[{"@type":"WebPage","@id":"https:\/\/web-sme-csp.com\/albania\/sq\/selektori-i-teknologjise\/","url":"https:\/\/web-sme-csp.com\/albania\/sq\/selektori-i-teknologjise\/","name":"SELEKTORI I TEKNOLOGJIS\u00cb - web-sme-csp.com Albania","isPartOf":{"@id":"https:\/\/web-sme-csp.com\/albania\/#website"},"datePublished":"2021-01-19T10:42:04+00:00","dateModified":"2021-01-19T10:42:54+00:00","breadcrumb":{"@id":"https:\/\/web-sme-csp.com\/albania\/sq\/selektori-i-teknologjise\/#breadcrumb"},"inLanguage":"sq-AL","potentialAction":[{"@type":"ReadAction","target":["https:\/\/web-sme-csp.com\/albania\/sq\/selektori-i-teknologjise\/"]}]},{"@type":"BreadcrumbList","@id":"https:\/\/web-sme-csp.com\/albania\/sq\/selektori-i-teknologjise\/#breadcrumb","itemListElement":[{"@type":"ListItem","position":1,"name":"Home","item":"https:\/\/web-sme-csp.com\/albania\/sq\/faqja-kryesore\/"},{"@type":"ListItem","position":2,"name":"SELEKTORI I TEKNOLOGJIS\u00cb"}]},{"@type":"WebSite","@id":"https:\/\/web-sme-csp.com\/albania\/#website","url":"https:\/\/web-sme-csp.com\/albania\/","name":"web-sme-csp.com Albania","description":"Albania","publisher":{"@id":"https:\/\/web-sme-csp.com\/albania\/#organization"},"potentialAction":[{"@type":"SearchAction","target":{"@type":"EntryPoint","urlTemplate":"https:\/\/web-sme-csp.com\/albania\/?s={search_term_string}"},"query-input":{"@type":"PropertyValueSpecification","valueRequired":true,"valueName":"search_term_string"}}],"inLanguage":"sq-AL"},{"@type":"Organization","@id":"https:\/\/web-sme-csp.com\/albania\/#organization","name":"web-sme-csp.com Albania","url":"https:\/\/web-sme-csp.com\/albania\/","logo":{"@type":"ImageObject","inLanguage":"sq-AL","@id":"https:\/\/web-sme-csp.com\/albania\/#\/schema\/logo\/image\/","url":"https:\/\/web-sme-csp.com\/albania\/wp-content\/uploads\/sites\/6\/2022\/11\/logo-en.png","contentUrl":"https:\/\/web-sme-csp.com\/albania\/wp-content\/uploads\/sites\/6\/2022\/11\/logo-en.png","width":1280,"height":320,"caption":"web-sme-csp.com Albania"},"image":{"@id":"https:\/\/web-sme-csp.com\/albania\/#\/schema\/logo\/image\/"},"sameAs":["https:\/\/www.facebook.com\/NVMShqiperi"]}]}},"_links":{"self":[{"href":"https:\/\/web-sme-csp.com\/albania\/sq\/wp-json\/wp\/v2\/pages\/207","targetHints":{"allow":["GET"]}}],"collection":[{"href":"https:\/\/web-sme-csp.com\/albania\/sq\/wp-json\/wp\/v2\/pages"}],"about":[{"href":"https:\/\/web-sme-csp.com\/albania\/sq\/wp-json\/wp\/v2\/types\/page"}],"author":[{"embeddable":true,"href":"https:\/\/web-sme-csp.com\/albania\/sq\/wp-json\/wp\/v2\/users\/1"}],"replies":[{"embeddable":true,"href":"https:\/\/web-sme-csp.com\/albania\/sq\/wp-json\/wp\/v2\/comments?post=207"}],"version-history":[{"count":4,"href":"https:\/\/web-sme-csp.com\/albania\/sq\/wp-json\/wp\/v2\/pages\/207\/revisions"}],"predecessor-version":[{"id":211,"href":"https:\/\/web-sme-csp.com\/albania\/sq\/wp-json\/wp\/v2\/pages\/207\/revisions\/211"}],"wp:attachment":[{"href":"https:\/\/web-sme-csp.com\/albania\/sq\/wp-json\/wp\/v2\/media?parent=207"}],"curies":[{"name":"wp","href":"https:\/\/api.w.org\/{rel}","templated":true}]}}