{"id":188,"date":"2021-01-19T10:21:39","date_gmt":"2021-01-19T10:21:39","guid":{"rendered":"https:\/\/web-sme-csp.com\/albania\/?page_id=188"},"modified":"2021-01-19T10:23:16","modified_gmt":"2021-01-19T10:23:16","slug":"procesi-i-aplikimit","status":"publish","type":"page","link":"https:\/\/web-sme-csp.com\/albania\/sq\/procesi-i-aplikimit\/","title":{"rendered":"Procesi i aplikimit"},"content":{"rendered":"\t\t<div data-elementor-type=\"wp-page\" data-elementor-id=\"188\" class=\"elementor elementor-188\" data-elementor-post-type=\"page\">\n\t\t\t\t\t\t<section class=\"elementor-section elementor-top-section elementor-element elementor-element-1483279 elementor-section-full_width elementor-section-height-default elementor-section-height-default\" data-id=\"1483279\" data-element_type=\"section\" data-e-type=\"section\">\n\t\t\t\t\t\t<div class=\"elementor-container elementor-column-gap-no\">\n\t\t\t\t\t<div class=\"elementor-column elementor-col-100 elementor-top-column elementor-element elementor-element-cf14e84\" data-id=\"cf14e84\" data-element_type=\"column\" data-e-type=\"column\">\n\t\t\t<div class=\"elementor-widget-wrap elementor-element-populated\">\n\t\t\t\t\t\t<div class=\"elementor-element elementor-element-f4400e5 elementor-skin-carousel elementor-widget elementor-widget-media-carousel\" data-id=\"f4400e5\" data-element_type=\"widget\" data-e-type=\"widget\" data-settings=\"{&quot;space_between&quot;:{&quot;unit&quot;:&quot;px&quot;,&quot;size&quot;:0,&quot;sizes&quot;:[]},&quot;skin&quot;:&quot;carousel&quot;,&quot;effect&quot;:&quot;slide&quot;,&quot;speed&quot;:500,&quot;autoplay&quot;:&quot;yes&quot;,&quot;autoplay_speed&quot;:5000,&quot;loop&quot;:&quot;yes&quot;,&quot;pause_on_hover&quot;:&quot;yes&quot;,&quot;pause_on_interaction&quot;:&quot;yes&quot;,&quot;space_between_tablet&quot;:{&quot;unit&quot;:&quot;px&quot;,&quot;size&quot;:10,&quot;sizes&quot;:[]},&quot;space_between_mobile&quot;:{&quot;unit&quot;:&quot;px&quot;,&quot;size&quot;:10,&quot;sizes&quot;:[]}}\" data-widget_type=\"media-carousel.default\">\n\t\t\t\t<div class=\"elementor-widget-container\">\n\t\t\t\t\t\t\t\t\t<div class=\"elementor-swiper\">\n\t\t\t\t\t<div class=\"elementor-main-swiper swiper\" role=\"region\" aria-roledescription=\"carousel\" aria-label=\"Slides\">\n\t\t\t\t<div class=\"swiper-wrapper\">\n\t\t\t\t\t\t\t\t\t\t\t<div class=\"swiper-slide\" role=\"group\" aria-roledescription=\"slide\">\n\t\t\t\t\t\t\t\t\t<div class=\"elementor-carousel-image\" role=\"img\" aria-label=\"\" style=\"background-image: url(&#039;https:\/\/westernbalkan.ybm.eu\/kosovo\/wp-content\/uploads\/sites\/3\/2019\/03\/395129-PCH2M7-589-e1552605691578.jpg&#039;)\">\n\n\t\t\t\n\t\t\t\t\t<\/div>\n\t\t\t\t\t\t\t\t<\/div>\n\t\t\t\t\t\t\t\t\t<\/div>\n\t\t\t\t\t\t\t<\/div>\n\t\t\t\t<\/div>\n\t\t\t\t\t\t\t\t<\/div>\n\t\t\t\t<\/div>\n\t\t\t\t\t<\/div>\n\t\t<\/div>\n\t\t\t\t\t<\/div>\n\t\t<\/section>\n\t\t\t\t<section class=\"elementor-section elementor-top-section elementor-element elementor-element-ec7a077 elementor-section-content-middle elementor-section-boxed elementor-section-height-default elementor-section-height-default\" data-id=\"ec7a077\" data-element_type=\"section\" data-e-type=\"section\" data-settings=\"{&quot;background_background&quot;:&quot;classic&quot;}\">\n\t\t\t\t\t\t<div class=\"elementor-container elementor-column-gap-default\">\n\t\t\t\t\t<div class=\"elementor-column elementor-col-100 elementor-top-column elementor-element elementor-element-ecf4e94\" data-id=\"ecf4e94\" data-element_type=\"column\" data-e-type=\"column\" data-settings=\"{&quot;background_background&quot;:&quot;classic&quot;}\">\n\t\t\t<div class=\"elementor-widget-wrap elementor-element-populated\">\n\t\t\t\t\t\t<div class=\"elementor-element elementor-element-9edb4b3 elementor-widget elementor-widget-heading\" data-id=\"9edb4b3\" data-element_type=\"widget\" data-e-type=\"widget\" data-widget_type=\"heading.default\">\n\t\t\t\t<div class=\"elementor-widget-container\">\n\t\t\t\t\t<h1 class=\"elementor-heading-title elementor-size-default\">Procesi i aplikimit<\/h1>\t\t\t\t<\/div>\n\t\t\t\t<\/div>\n\t\t\t\t<div class=\"elementor-element elementor-element-e695532 elementor-widget elementor-widget-text-editor\" data-id=\"e695532\" data-element_type=\"widget\" data-e-type=\"widget\" data-widget_type=\"text-editor.default\">\n\t\t\t\t<div class=\"elementor-widget-container\">\n\t\t\t\t\t\t\t\t\t<p style=\"text-align: center; background: white; margin: 0in 0in .25in 0in;\" align=\"center\"><span style=\"font-size: 15.0pt; font-family: 'Arial',sans-serif; color: black; text-transform: uppercase; letter-spacing: 7.5pt;\">SIT\u00cb APLIKONI<\/span><\/p>\t\t\t\t\t\t\t\t<\/div>\n\t\t\t\t<\/div>\n\t\t\t\t\t<\/div>\n\t\t<\/div>\n\t\t\t\t\t<\/div>\n\t\t<\/section>\n\t\t\t\t<section class=\"elementor-section elementor-top-section elementor-element elementor-element-9eca41a elementor-section-boxed elementor-section-height-default elementor-section-height-default\" data-id=\"9eca41a\" data-element_type=\"section\" data-e-type=\"section\">\n\t\t\t\t\t\t<div class=\"elementor-container elementor-column-gap-default\">\n\t\t\t\t\t<div class=\"elementor-column elementor-col-100 elementor-top-column elementor-element elementor-element-d930f5d\" data-id=\"d930f5d\" data-element_type=\"column\" data-e-type=\"column\">\n\t\t\t<div class=\"elementor-widget-wrap elementor-element-populated\">\n\t\t\t\t\t\t<div class=\"elementor-element elementor-element-23d47ec elementor-widget elementor-widget-text-editor\" data-id=\"23d47ec\" data-element_type=\"widget\" data-e-type=\"widget\" data-widget_type=\"text-editor.default\">\n\t\t\t\t<div class=\"elementor-widget-container\">\n\t\t\t\t\t\t\t\t\t<p>Procesi i aplikimit p\u00ebrmban hapat e listuar m\u00eb posht\u00eb. Ju lutemi ndjehuni t\u00eb lir\u00eb p\u00ebr t\u00eb k\u00ebrkuar ndihm\u00eb prej ekipit ton\u00eb teknik gjat\u00eb \u00e7far\u00ebdo kohe n\u00eb proces t\u00eb aplikimit:<\/p><ul><li style=\"list-style-type: none;\"><ul><li>Dor\u00ebzo form\u00ebn e kompletuar t\u00eb aplikacionit tek nj\u00eb prej Bankave tona Partnere.<\/li><li>Banka Partnere do t\u00eb p\u00ebrcjell t\u00eb gjitha dokumentet relevante tek ekspert\u00ebt teknik p\u00ebr vler\u00ebsim. Ekspert\u00ebt teknik do t\u00eb nd\u00ebrmarrin nj\u00eb vler\u00ebsim fillestar t\u00eb p\u00ebrputhshm\u00ebris\u00eb, p\u00ebrderisa Banka Partnere do t\u00eb vler\u00ebsoj statusin tuaj kreditor.<\/li><li>N\u00ebse vler\u00ebsimet teknike dhe financiare jan\u00eb pozitive, do t\u00eb ju k\u00ebrkohet t\u00eb n\u00ebnshkruani nj\u00eb \u201cLet\u00ebr t\u00eb Dakordimit\u201d<\/li><li>Ekipi yn\u00eb teknik do t\u00eb filloj t\u00eb p\u00ebrgatis Planin e Investimit (PI) s\u00eb bashku me juve dhe do t\u00eb p\u00ebrcaktoj\u00eb nevojat konkrete t\u00eb investimit q\u00eb t\u00eb arrihet p\u00ebrmbushja e Direktivave t\u00eb BE-s\u00eb. Ekipi yn\u00eb teknik do t\u00eb zhvilloj\u00eb PI dhe Orarin e Bazuar n\u00eb Aktivitete (OBA) p\u00ebr projektin tuaj, duke konfirmuar p\u00ebrputhshm\u00ebrin\u00eb e projektit tuaj, duke p\u00ebrcaktuar vler\u00ebn e grantit dhe parametrat\/kushtet p\u00ebr arritjen e p\u00ebrputhshm\u00ebris\u00eb n\u00eb fund t\u00eb projektit. Raporti i PI-s\u00eb do t\u2019i d\u00ebrgohet Bank\u00ebs Partnere t\u00eb p\u00ebrzgjedhur nga ju, e cila do t\u00eb negocioj\u00eb ofert\u00ebn kreditore s\u00eb bashku me ju.<\/li><li>Kur t\u00eb keni implementuar plot\u00ebsisht projektin tuaj, dor\u00ebzoni dokumentet vijuese tek Banka Partnere:<\/li><li>Lista e plot\u00ebsuar CVR (kjo \u00ebsht\u00eb pjes\u00eb e Planit t\u00eb Investimit)<ul><li>Faturat<\/li><li>D\u00ebshmi t\u00eb pagesave<\/li><li>\u00c7ertifikata e pranimit (n\u00ebse \u00ebsht\u00eb e aplikueshme)<\/li><li>K\u00ebrkesa e grantit\u201d e kompletuar<\/li><li>Konsulenti i Verifikimit t\u00eb k\u00ebtij Programi do t\u00eb shqyrtoj\u00eb implementimin e projektit sipas parametrave t\u00eb specifikuar n\u00eb PI, duke vler\u00ebsuar plot\u00ebsimin dhe p\u00ebrfundimin e projektit t\u00eb investimit dhe do t\u00eb konfirmoj p\u00ebrputhjen me planin fillestar n\u00eb Planin e Investimit tek Banka Partnere.<\/li><li>Banka Partnere do t\u00eb transferoj\u00eb grantin n\u00eb llogarin\u00eb tuaj bankare<\/li><\/ul><\/li><\/ul><\/li><\/ul>\t\t\t\t\t\t\t\t<\/div>\n\t\t\t\t<\/div>\n\t\t\t\t\t<\/div>\n\t\t<\/div>\n\t\t\t\t\t<\/div>\n\t\t<\/section>\n\t\t\t\t<\/div>\n\t\t","protected":false},"excerpt":{"rendered":"<p>Procesi i aplikimit SIT\u00cb APLIKONI Procesi i aplikimit p\u00ebrmban hapat e listuar m\u00eb posht\u00eb. Ju lutemi ndjehuni t\u00eb lir\u00eb p\u00ebr t\u00eb k\u00ebrkuar ndihm\u00eb prej ekipit ton\u00eb teknik gjat\u00eb \u00e7far\u00ebdo kohe n\u00eb proces t\u00eb aplikimit: Dor\u00ebzo form\u00ebn e kompletuar t\u00eb aplikacionit tek nj\u00eb prej Bankave tona Partnere. Banka Partnere do t\u00eb p\u00ebrcjell t\u00eb gjitha dokumentet relevante [&hellip;]<\/p>\n","protected":false},"author":1,"featured_media":0,"parent":0,"menu_order":0,"comment_status":"closed","ping_status":"closed","template":"elementor_header_footer","meta":{"footnotes":""},"class_list":["post-188","page","type-page","status-publish","hentry"],"yoast_head":"<!-- This site is optimized with the Yoast SEO plugin v27.5 - https:\/\/yoast.com\/product\/yoast-seo-wordpress\/ -->\n<title>Procesi i aplikimit - web-sme-csp.com Albania<\/title>\n<meta name=\"robots\" content=\"index, follow, max-snippet:-1, max-image-preview:large, max-video-preview:-1\" \/>\n<link rel=\"canonical\" href=\"https:\/\/web-sme-csp.com\/albania\/sq\/procesi-i-aplikimit\/\" \/>\n<meta property=\"og:locale\" content=\"sq_AL\" \/>\n<meta property=\"og:type\" content=\"article\" \/>\n<meta property=\"og:title\" content=\"Procesi i aplikimit - web-sme-csp.com Albania\" \/>\n<meta property=\"og:description\" content=\"Procesi i aplikimit SIT\u00cb APLIKONI Procesi i aplikimit p\u00ebrmban hapat e listuar m\u00eb posht\u00eb. Ju lutemi ndjehuni t\u00eb lir\u00eb p\u00ebr t\u00eb k\u00ebrkuar ndihm\u00eb prej ekipit ton\u00eb teknik gjat\u00eb \u00e7far\u00ebdo kohe n\u00eb proces t\u00eb aplikimit: Dor\u00ebzo form\u00ebn e kompletuar t\u00eb aplikacionit tek nj\u00eb prej Bankave tona Partnere. Banka Partnere do t\u00eb p\u00ebrcjell t\u00eb gjitha dokumentet relevante [&hellip;]\" \/>\n<meta property=\"og:url\" content=\"https:\/\/web-sme-csp.com\/albania\/sq\/procesi-i-aplikimit\/\" \/>\n<meta property=\"og:site_name\" content=\"web-sme-csp.com Albania\" \/>\n<meta property=\"article:publisher\" content=\"https:\/\/www.facebook.com\/NVMShqiperi\" \/>\n<meta property=\"article:modified_time\" content=\"2021-01-19T10:23:16+00:00\" \/>\n<meta name=\"twitter:card\" content=\"summary_large_image\" \/>\n<meta name=\"twitter:label1\" content=\"Est. reading time\" \/>\n\t<meta name=\"twitter:data1\" content=\"2 minutes\" \/>\n<script type=\"application\/ld+json\" class=\"yoast-schema-graph\">{\"@context\":\"https:\\\/\\\/schema.org\",\"@graph\":[{\"@type\":\"WebPage\",\"@id\":\"https:\\\/\\\/web-sme-csp.com\\\/albania\\\/sq\\\/procesi-i-aplikimit\\\/\",\"url\":\"https:\\\/\\\/web-sme-csp.com\\\/albania\\\/sq\\\/procesi-i-aplikimit\\\/\",\"name\":\"Procesi i aplikimit - web-sme-csp.com Albania\",\"isPartOf\":{\"@id\":\"https:\\\/\\\/web-sme-csp.com\\\/albania\\\/#website\"},\"datePublished\":\"2021-01-19T10:21:39+00:00\",\"dateModified\":\"2021-01-19T10:23:16+00:00\",\"breadcrumb\":{\"@id\":\"https:\\\/\\\/web-sme-csp.com\\\/albania\\\/sq\\\/procesi-i-aplikimit\\\/#breadcrumb\"},\"inLanguage\":\"sq-AL\",\"potentialAction\":[{\"@type\":\"ReadAction\",\"target\":[\"https:\\\/\\\/web-sme-csp.com\\\/albania\\\/sq\\\/procesi-i-aplikimit\\\/\"]}]},{\"@type\":\"BreadcrumbList\",\"@id\":\"https:\\\/\\\/web-sme-csp.com\\\/albania\\\/sq\\\/procesi-i-aplikimit\\\/#breadcrumb\",\"itemListElement\":[{\"@type\":\"ListItem\",\"position\":1,\"name\":\"Home\",\"item\":\"https:\\\/\\\/web-sme-csp.com\\\/albania\\\/sq\\\/faqja-kryesore\\\/\"},{\"@type\":\"ListItem\",\"position\":2,\"name\":\"Procesi i aplikimit\"}]},{\"@type\":\"WebSite\",\"@id\":\"https:\\\/\\\/web-sme-csp.com\\\/albania\\\/#website\",\"url\":\"https:\\\/\\\/web-sme-csp.com\\\/albania\\\/\",\"name\":\"web-sme-csp.com Albania\",\"description\":\"Albania\",\"publisher\":{\"@id\":\"https:\\\/\\\/web-sme-csp.com\\\/albania\\\/#organization\"},\"potentialAction\":[{\"@type\":\"SearchAction\",\"target\":{\"@type\":\"EntryPoint\",\"urlTemplate\":\"https:\\\/\\\/web-sme-csp.com\\\/albania\\\/?s={search_term_string}\"},\"query-input\":{\"@type\":\"PropertyValueSpecification\",\"valueRequired\":true,\"valueName\":\"search_term_string\"}}],\"inLanguage\":\"sq-AL\"},{\"@type\":\"Organization\",\"@id\":\"https:\\\/\\\/web-sme-csp.com\\\/albania\\\/#organization\",\"name\":\"web-sme-csp.com Albania\",\"url\":\"https:\\\/\\\/web-sme-csp.com\\\/albania\\\/\",\"logo\":{\"@type\":\"ImageObject\",\"inLanguage\":\"sq-AL\",\"@id\":\"https:\\\/\\\/web-sme-csp.com\\\/albania\\\/#\\\/schema\\\/logo\\\/image\\\/\",\"url\":\"https:\\\/\\\/web-sme-csp.com\\\/albania\\\/wp-content\\\/uploads\\\/sites\\\/6\\\/2022\\\/11\\\/logo-en.png\",\"contentUrl\":\"https:\\\/\\\/web-sme-csp.com\\\/albania\\\/wp-content\\\/uploads\\\/sites\\\/6\\\/2022\\\/11\\\/logo-en.png\",\"width\":1280,\"height\":320,\"caption\":\"web-sme-csp.com Albania\"},\"image\":{\"@id\":\"https:\\\/\\\/web-sme-csp.com\\\/albania\\\/#\\\/schema\\\/logo\\\/image\\\/\"},\"sameAs\":[\"https:\\\/\\\/www.facebook.com\\\/NVMShqiperi\"]}]}<\/script>\n<!-- \/ Yoast SEO plugin. -->","yoast_head_json":{"title":"Procesi i aplikimit - web-sme-csp.com Albania","robots":{"index":"index","follow":"follow","max-snippet":"max-snippet:-1","max-image-preview":"max-image-preview:large","max-video-preview":"max-video-preview:-1"},"canonical":"https:\/\/web-sme-csp.com\/albania\/sq\/procesi-i-aplikimit\/","og_locale":"sq_AL","og_type":"article","og_title":"Procesi i aplikimit - web-sme-csp.com Albania","og_description":"Procesi i aplikimit SIT\u00cb APLIKONI Procesi i aplikimit p\u00ebrmban hapat e listuar m\u00eb posht\u00eb. Ju lutemi ndjehuni t\u00eb lir\u00eb p\u00ebr t\u00eb k\u00ebrkuar ndihm\u00eb prej ekipit ton\u00eb teknik gjat\u00eb \u00e7far\u00ebdo kohe n\u00eb proces t\u00eb aplikimit: Dor\u00ebzo form\u00ebn e kompletuar t\u00eb aplikacionit tek nj\u00eb prej Bankave tona Partnere. Banka Partnere do t\u00eb p\u00ebrcjell t\u00eb gjitha dokumentet relevante [&hellip;]","og_url":"https:\/\/web-sme-csp.com\/albania\/sq\/procesi-i-aplikimit\/","og_site_name":"web-sme-csp.com Albania","article_publisher":"https:\/\/www.facebook.com\/NVMShqiperi","article_modified_time":"2021-01-19T10:23:16+00:00","twitter_card":"summary_large_image","twitter_misc":{"Est. reading time":"2 minutes"},"schema":{"@context":"https:\/\/schema.org","@graph":[{"@type":"WebPage","@id":"https:\/\/web-sme-csp.com\/albania\/sq\/procesi-i-aplikimit\/","url":"https:\/\/web-sme-csp.com\/albania\/sq\/procesi-i-aplikimit\/","name":"Procesi i aplikimit - web-sme-csp.com Albania","isPartOf":{"@id":"https:\/\/web-sme-csp.com\/albania\/#website"},"datePublished":"2021-01-19T10:21:39+00:00","dateModified":"2021-01-19T10:23:16+00:00","breadcrumb":{"@id":"https:\/\/web-sme-csp.com\/albania\/sq\/procesi-i-aplikimit\/#breadcrumb"},"inLanguage":"sq-AL","potentialAction":[{"@type":"ReadAction","target":["https:\/\/web-sme-csp.com\/albania\/sq\/procesi-i-aplikimit\/"]}]},{"@type":"BreadcrumbList","@id":"https:\/\/web-sme-csp.com\/albania\/sq\/procesi-i-aplikimit\/#breadcrumb","itemListElement":[{"@type":"ListItem","position":1,"name":"Home","item":"https:\/\/web-sme-csp.com\/albania\/sq\/faqja-kryesore\/"},{"@type":"ListItem","position":2,"name":"Procesi i aplikimit"}]},{"@type":"WebSite","@id":"https:\/\/web-sme-csp.com\/albania\/#website","url":"https:\/\/web-sme-csp.com\/albania\/","name":"web-sme-csp.com Albania","description":"Albania","publisher":{"@id":"https:\/\/web-sme-csp.com\/albania\/#organization"},"potentialAction":[{"@type":"SearchAction","target":{"@type":"EntryPoint","urlTemplate":"https:\/\/web-sme-csp.com\/albania\/?s={search_term_string}"},"query-input":{"@type":"PropertyValueSpecification","valueRequired":true,"valueName":"search_term_string"}}],"inLanguage":"sq-AL"},{"@type":"Organization","@id":"https:\/\/web-sme-csp.com\/albania\/#organization","name":"web-sme-csp.com Albania","url":"https:\/\/web-sme-csp.com\/albania\/","logo":{"@type":"ImageObject","inLanguage":"sq-AL","@id":"https:\/\/web-sme-csp.com\/albania\/#\/schema\/logo\/image\/","url":"https:\/\/web-sme-csp.com\/albania\/wp-content\/uploads\/sites\/6\/2022\/11\/logo-en.png","contentUrl":"https:\/\/web-sme-csp.com\/albania\/wp-content\/uploads\/sites\/6\/2022\/11\/logo-en.png","width":1280,"height":320,"caption":"web-sme-csp.com Albania"},"image":{"@id":"https:\/\/web-sme-csp.com\/albania\/#\/schema\/logo\/image\/"},"sameAs":["https:\/\/www.facebook.com\/NVMShqiperi"]}]}},"_links":{"self":[{"href":"https:\/\/web-sme-csp.com\/albania\/sq\/wp-json\/wp\/v2\/pages\/188","targetHints":{"allow":["GET"]}}],"collection":[{"href":"https:\/\/web-sme-csp.com\/albania\/sq\/wp-json\/wp\/v2\/pages"}],"about":[{"href":"https:\/\/web-sme-csp.com\/albania\/sq\/wp-json\/wp\/v2\/types\/page"}],"author":[{"embeddable":true,"href":"https:\/\/web-sme-csp.com\/albania\/sq\/wp-json\/wp\/v2\/users\/1"}],"replies":[{"embeddable":true,"href":"https:\/\/web-sme-csp.com\/albania\/sq\/wp-json\/wp\/v2\/comments?post=188"}],"version-history":[{"count":6,"href":"https:\/\/web-sme-csp.com\/albania\/sq\/wp-json\/wp\/v2\/pages\/188\/revisions"}],"predecessor-version":[{"id":194,"href":"https:\/\/web-sme-csp.com\/albania\/sq\/wp-json\/wp\/v2\/pages\/188\/revisions\/194"}],"wp:attachment":[{"href":"https:\/\/web-sme-csp.com\/albania\/sq\/wp-json\/wp\/v2\/media?parent=188"}],"curies":[{"name":"wp","href":"https:\/\/api.w.org\/{rel}","templated":true}]}}